{"id":351,"date":"2024-03-26T20:31:58","date_gmt":"2024-03-26T20:31:58","guid":{"rendered":"https:\/\/bertolinidirect.com\/?post_type=product&#038;p=351"},"modified":"2024-10-30T17:34:15","modified_gmt":"2024-10-30T17:34:15","slug":"l-brackets","status":"publish","type":"product","link":"https:\/\/bertolinidirect.com\/pt\/products\/accessories\/l-brackets","title":{"rendered":"Suportes L"},"content":{"rendered":"<p>Os suportes em L s\u00e3o projetados para estabilizar cadeiras aparafusando as pernas no ch\u00e3o, para que a cadeira n\u00e3o se mova. Eles v\u00eam como um conjunto de dois suportes com parafusos auto-roscantes. Um parafuso vai para a cadeira e o outro para o ch\u00e3o.<\/p>\n<p>Este acess\u00f3rio foi projetado para ser instalado por um empreiteiro licenciado com experi\u00eancia na fixa\u00e7\u00e3o de m\u00f3veis em superf\u00edcies de piso. Bertolini n\u00e3o assume nenhuma responsabilidade pela instala\u00e7\u00e3o.<\/p>\n<p><em>Nota: Este acess\u00f3rio foi desenvolvido para funcionar com cadeiras fabricadas pela Bertolini. N\u00e3o podemos garantir que funcionar\u00e1 com cadeiras de outros fabricantes. O uso com cadeiras n\u00e3o especificadas \u00e9 feito por conta e risco do comprador. Os clientes com cadeiras Bertolini existentes devem ligar para o atendimento ao cliente para confirmar se elas cabem. <\/em><\/p>","protected":false},"excerpt":{"rendered":"<p>L-Brackets are designed\u202fto stabilize chairs\u202fby\u202fscrewing the legs into the\u202ffloor,\u202fso the chair doesn\u2019t move.\u202fThey come as a set of two brackets\u202fwith\u202fself-tapping screws. One screw goes into the chair and the other goes into the floor. This accessory is designed to be installed by a licensed contractor\u202fwho is\u202fskilled in anchoring furnishing to flooring surfaces. Bertolini assumes no [&hellip;]<\/p>\n","protected":false},"featured_media":352,"template":"","meta":{"_acf_changed":false},"product_brand":[],"product_cat":[52],"product_tag":[],"class_list":{"0":"post-351","1":"product","2":"type-product","3":"status-publish","4":"has-post-thumbnail","6":"product_cat-accessories","8":"first","9":"instock","10":"shipping-taxable","11":"purchasable","12":"product-type-simple"},"acf":[],"yoast_head":"<!-- This site is optimized with the Yoast SEO Premium plugin v24.2 (Yoast SEO v27.4) - https:\/\/yoast.com\/product\/yoast-seo-premium-wordpress\/ -->\n<title>Chair L-Brackets | Bertolini Church Chair Accessories<\/title>\n<meta name=\"description\" content=\"L-Brackets are designed to stabilize chairs by screwing the legs into the floor so the chair doesn\u201a\u00c4\u00f4t move. They come as a set of two brackets to install.\" \/>\n<meta name=\"robots\" content=\"index, follow, max-snippet:-1, max-image-preview:large, max-video-preview:-1\" \/>\n<link rel=\"canonical\" href=\"https:\/\/bertolinidirect.com\/pt\/products\/accessories\/l-brackets\/\" \/>\n<meta property=\"og:locale\" content=\"pt_BR\" \/>\n<meta property=\"og:type\" content=\"article\" \/>\n<meta property=\"og:title\" content=\"L-Brackets\" \/>\n<meta property=\"og:description\" content=\"L-Brackets are designed to stabilize chairs by screwing the legs into the floor so the chair doesn\u201a\u00c4\u00f4t move. They come as a set of two brackets to install.\" \/>\n<meta property=\"og:url\" content=\"https:\/\/bertolinidirect.com\/pt\/products\/accessories\/l-brackets\/\" \/>\n<meta property=\"og:site_name\" content=\"Bertolini Direct\" \/>\n<meta property=\"article:modified_time\" content=\"2024-10-30T17:34:15+00:00\" \/>\n<meta property=\"og:image\" content=\"https:\/\/bertolinidirect.com\/wp-content\/uploads\/2024\/03\/L-Bracket.jpg\" \/>\n\t<meta property=\"og:image:width\" content=\"680\" \/>\n\t<meta property=\"og:image:height\" content=\"680\" \/>\n\t<meta property=\"og:image:type\" content=\"image\/jpeg\" \/>\n<meta name=\"twitter:card\" content=\"summary_large_image\" \/>\n<script type=\"application\/ld+json\" class=\"yoast-schema-graph\">{\"@context\":\"https:\\\/\\\/schema.org\",\"@graph\":[{\"@type\":\"WebPage\",\"@id\":\"https:\\\/\\\/bertolinidirect.com\\\/pt\\\/products\\\/accessories\\\/l-brackets\",\"url\":\"https:\\\/\\\/bertolinidirect.com\\\/pt\\\/products\\\/accessories\\\/l-brackets\",\"name\":\"Chair L-Brackets | Bertolini Church Chair Accessories\",\"isPartOf\":{\"@id\":\"https:\\\/\\\/bertolinidirect.com\\\/pt\\\/#website\"},\"primaryImageOfPage\":{\"@id\":\"https:\\\/\\\/bertolinidirect.com\\\/pt\\\/products\\\/accessories\\\/l-brackets#primaryimage\"},\"image\":{\"@id\":\"https:\\\/\\\/bertolinidirect.com\\\/pt\\\/products\\\/accessories\\\/l-brackets#primaryimage\"},\"thumbnailUrl\":\"https:\\\/\\\/bertolinidirect.com\\\/wp-content\\\/uploads\\\/2024\\\/03\\\/L-Bracket.jpg\",\"datePublished\":\"2024-03-26T20:31:58+00:00\",\"dateModified\":\"2024-10-30T17:34:15+00:00\",\"description\":\"L-Brackets are designed to stabilize chairs by screwing the legs into the floor so the chair doesn\u201a\u00c4\u00f4t move. They come as a set of two brackets to install.\",\"breadcrumb\":{\"@id\":\"https:\\\/\\\/bertolinidirect.com\\\/pt\\\/products\\\/accessories\\\/l-brackets#breadcrumb\"},\"inLanguage\":\"pt-BR\",\"potentialAction\":[{\"@type\":\"ReadAction\",\"target\":[\"https:\\\/\\\/bertolinidirect.com\\\/pt\\\/products\\\/accessories\\\/l-brackets\"]}]},{\"@type\":\"ImageObject\",\"inLanguage\":\"pt-BR\",\"@id\":\"https:\\\/\\\/bertolinidirect.com\\\/pt\\\/products\\\/accessories\\\/l-brackets#primaryimage\",\"url\":\"https:\\\/\\\/bertolinidirect.com\\\/wp-content\\\/uploads\\\/2024\\\/03\\\/L-Bracket.jpg\",\"contentUrl\":\"https:\\\/\\\/bertolinidirect.com\\\/wp-content\\\/uploads\\\/2024\\\/03\\\/L-Bracket.jpg\",\"width\":680,\"height\":680,\"caption\":\"L-Bracket\"},{\"@type\":\"BreadcrumbList\",\"@id\":\"https:\\\/\\\/bertolinidirect.com\\\/pt\\\/products\\\/accessories\\\/l-brackets#breadcrumb\",\"itemListElement\":[{\"@type\":\"ListItem\",\"position\":1,\"name\":\"Home\",\"item\":\"https:\\\/\\\/bertolinidirect.com\\\/\"},{\"@type\":\"ListItem\",\"position\":2,\"name\":\"Products\",\"item\":\"https:\\\/\\\/bertolinidirect.com\\\/products\"},{\"@type\":\"ListItem\",\"position\":3,\"name\":\"Accessories\",\"item\":\"https:\\\/\\\/bertolinidirect.com\\\/products\\\/accessories\"},{\"@type\":\"ListItem\",\"position\":4,\"name\":\"L-Brackets\"}]},{\"@type\":\"WebSite\",\"@id\":\"https:\\\/\\\/bertolinidirect.com\\\/pt\\\/#website\",\"url\":\"https:\\\/\\\/bertolinidirect.com\\\/pt\\\/\",\"name\":\"Bertolini\",\"description\":\"\",\"potentialAction\":[{\"@type\":\"SearchAction\",\"target\":{\"@type\":\"EntryPoint\",\"urlTemplate\":\"https:\\\/\\\/bertolinidirect.com\\\/pt\\\/?s={search_term_string}\"},\"query-input\":{\"@type\":\"PropertyValueSpecification\",\"valueRequired\":true,\"valueName\":\"search_term_string\"}}],\"inLanguage\":\"pt-BR\"}]}<\/script>\n<!-- \/ Yoast SEO Premium plugin. -->","yoast_head_json":{"title":"Suportes em L para cadeira | Acess\u00f3rios para cadeiras de igreja Bertolini","description":"Os suportes em L s\u00e3o projetados para estabilizar cadeiras aparafusando as pernas no ch\u00e3o para que a cadeira n\u00e3o se mova. Eles v\u00eam como um conjunto de dois suportes para instala\u00e7\u00e3o.","robots":{"index":"index","follow":"follow","max-snippet":"max-snippet:-1","max-image-preview":"max-image-preview:large","max-video-preview":"max-video-preview:-1"},"canonical":"https:\/\/bertolinidirect.com\/pt\/products\/accessories\/l-brackets\/","og_locale":"pt_BR","og_type":"article","og_title":"L-Brackets","og_description":"L-Brackets are designed to stabilize chairs by screwing the legs into the floor so the chair doesn\u201a\u00c4\u00f4t move. They come as a set of two brackets to install.","og_url":"https:\/\/bertolinidirect.com\/pt\/products\/accessories\/l-brackets\/","og_site_name":"Bertolini Direct","article_modified_time":"2024-10-30T17:34:15+00:00","og_image":[{"width":680,"height":680,"url":"https:\/\/bertolinidirect.com\/wp-content\/uploads\/2024\/03\/L-Bracket.jpg","type":"image\/jpeg"}],"twitter_card":"summary_large_image","schema":{"@context":"https:\/\/schema.org","@graph":[{"@type":"WebPage","@id":"https:\/\/bertolinidirect.com\/pt\/products\/accessories\/l-brackets","url":"https:\/\/bertolinidirect.com\/pt\/products\/accessories\/l-brackets","name":"Suportes em L para cadeira | Acess\u00f3rios para cadeiras de igreja Bertolini","isPartOf":{"@id":"https:\/\/bertolinidirect.com\/pt\/#website"},"primaryImageOfPage":{"@id":"https:\/\/bertolinidirect.com\/pt\/products\/accessories\/l-brackets#primaryimage"},"image":{"@id":"https:\/\/bertolinidirect.com\/pt\/products\/accessories\/l-brackets#primaryimage"},"thumbnailUrl":"https:\/\/bertolinidirect.com\/wp-content\/uploads\/2024\/03\/L-Bracket.jpg","datePublished":"2024-03-26T20:31:58+00:00","dateModified":"2024-10-30T17:34:15+00:00","description":"Os suportes em L s\u00e3o projetados para estabilizar cadeiras aparafusando as pernas no ch\u00e3o para que a cadeira n\u00e3o se mova. Eles v\u00eam como um conjunto de dois suportes para instala\u00e7\u00e3o.","breadcrumb":{"@id":"https:\/\/bertolinidirect.com\/pt\/products\/accessories\/l-brackets#breadcrumb"},"inLanguage":"pt-BR","potentialAction":[{"@type":"ReadAction","target":["https:\/\/bertolinidirect.com\/pt\/products\/accessories\/l-brackets"]}]},{"@type":"ImageObject","inLanguage":"pt-BR","@id":"https:\/\/bertolinidirect.com\/pt\/products\/accessories\/l-brackets#primaryimage","url":"https:\/\/bertolinidirect.com\/wp-content\/uploads\/2024\/03\/L-Bracket.jpg","contentUrl":"https:\/\/bertolinidirect.com\/wp-content\/uploads\/2024\/03\/L-Bracket.jpg","width":680,"height":680,"caption":"L-Bracket"},{"@type":"BreadcrumbList","@id":"https:\/\/bertolinidirect.com\/pt\/products\/accessories\/l-brackets#breadcrumb","itemListElement":[{"@type":"ListItem","position":1,"name":"Home","item":"https:\/\/bertolinidirect.com\/"},{"@type":"ListItem","position":2,"name":"Products","item":"https:\/\/bertolinidirect.com\/products"},{"@type":"ListItem","position":3,"name":"Accessories","item":"https:\/\/bertolinidirect.com\/products\/accessories"},{"@type":"ListItem","position":4,"name":"L-Brackets"}]},{"@type":"WebSite","@id":"https:\/\/bertolinidirect.com\/pt\/#website","url":"https:\/\/bertolinidirect.com\/pt\/","name":"Bertolini","description":"","potentialAction":[{"@type":"SearchAction","target":{"@type":"EntryPoint","urlTemplate":"https:\/\/bertolinidirect.com\/pt\/?s={search_term_string}"},"query-input":{"@type":"PropertyValueSpecification","valueRequired":true,"valueName":"search_term_string"}}],"inLanguage":"pt-BR"}]}},"_links":{"self":[{"href":"https:\/\/bertolinidirect.com\/pt\/wp-json\/wp\/v2\/product\/351","targetHints":{"allow":["GET"]}}],"collection":[{"href":"https:\/\/bertolinidirect.com\/pt\/wp-json\/wp\/v2\/product"}],"about":[{"href":"https:\/\/bertolinidirect.com\/pt\/wp-json\/wp\/v2\/types\/product"}],"wp:featuredmedia":[{"embeddable":true,"href":"https:\/\/bertolinidirect.com\/pt\/wp-json\/wp\/v2\/media\/352"}],"wp:attachment":[{"href":"https:\/\/bertolinidirect.com\/pt\/wp-json\/wp\/v2\/media?parent=351"}],"wp:term":[{"taxonomy":"product_brand","embeddable":true,"href":"https:\/\/bertolinidirect.com\/pt\/wp-json\/wp\/v2\/product_brand?post=351"},{"taxonomy":"product_cat","embeddable":true,"href":"https:\/\/bertolinidirect.com\/pt\/wp-json\/wp\/v2\/product_cat?post=351"},{"taxonomy":"product_tag","embeddable":true,"href":"https:\/\/bertolinidirect.com\/pt\/wp-json\/wp\/v2\/product_tag?post=351"}],"curies":[{"name":"wp","href":"https:\/\/api.w.org\/{rel}","templated":true}]}}