{"id":344,"date":"2024-03-26T20:15:52","date_gmt":"2024-03-26T20:15:52","guid":{"rendered":"https:\/\/bertolinidirect.com\/?post_type=product&#038;p=344"},"modified":"2026-04-30T22:44:47","modified_gmt":"2026-04-30T22:44:47","slug":"pencil-and-card-holder","status":"publish","type":"product","link":"https:\/\/bertolinidirect.com\/pt\/products\/accessories\/pencil-and-card-holder","title":{"rendered":"Bolso para l\u00e1pis e cart\u00e3o"},"content":{"rendered":"<p>Os bolsos para cadeiras de igreja da Bertolini, como este porta-l\u00e1pis e cart\u00f5es, oferecem espa\u00e7o para duas canetas\/l\u00e1pis, cart\u00f5es de visita, folhetos, um smartphone fino (Samsung, iPhones, etc.) ou outros materiais com at\u00e9 15,8 cm de largura. Este acess\u00f3rio exclusivo foi projetado para se ajustar tanto a encostos de cadeiras estofadas retos quanto curvos.<\/p>\n\n\n\n<p>Adicione o porta-l\u00e1pis e porta-cart\u00f5es a qualquer cadeira de culto Bertolini.<\/p>\n\n\n\n<h2 class=\"wp-block-heading\" id=\"h-installation-instructions\">instru\u00e7\u00f5es de instala\u00e7\u00e3o<\/h2>\n\n\n\n<p>Assista ao v\u00eddeo abaixo para obter instru\u00e7\u00f5es de instala\u00e7\u00e3o passo a passo. <a href=\"https:\/\/bertolinidirect.com\/wp-content\/uploads\/2024\/07\/Pencil-and-Card-Holder-Install-Template-4x9-1.pdf\">Baixe os modelos de instala\u00e7\u00e3o<\/a>.<\/p>\n\n\n\n<p><em>Observa\u00e7\u00e3o: Este acess\u00f3rio foi projetado para uso com cadeiras Bertolini. N\u00e3o podemos garantir a compatibilidade com cadeiras de outros fabricantes. O uso com cadeiras n\u00e3o especificadas \u00e9 de responsabilidade do comprador. Se voc\u00ea j\u00e1 possui cadeiras Bertolini, entre em contato com o servi\u00e7o de atendimento ao cliente para confirmar a compatibilidade.<\/em><\/p>\n\n\n\n<p class=\"youtube-video\"><iframe loading=\"lazy\" title=\"Reprodutor de v\u00eddeo do YouTube\" src=\"https:\/\/www.youtube.com\/embed\/Bbzk2keuHig?si=XuOL-ShfbjSfjerl\" width=\"1162\" height=\"653\" frameborder=\"0\" allowfullscreen=\"allowfullscreen\"><\/iframe><\/p>","protected":false},"excerpt":{"rendered":"<p>Bertolini\u2019s church chair pockets like this pencil and card holder provide room for two pens\/pencils, business cards, handouts, a slim smartphone (Samsung, iPhones, etc.), or other materials up to 6.25 inches wide (15.8 cm). We\u2019ve designed this unique accessory to fit both straight and contoured upholstered chair backs. Add the Pencil and Card Holder to [&hellip;]<\/p>\n","protected":false},"featured_media":343,"template":"","meta":{"_acf_changed":true},"product_brand":[],"product_cat":[52],"product_tag":[],"class_list":{"0":"post-344","1":"product","2":"type-product","3":"status-publish","4":"has-post-thumbnail","6":"product_cat-accessories","8":"first","9":"instock","10":"shipping-taxable","11":"purchasable","12":"product-type-simple"},"acf":[],"yoast_head":"<!-- This site is optimized with the Yoast SEO Premium plugin v24.2 (Yoast SEO v27.4) - https:\/\/yoast.com\/product\/yoast-seo-premium-wordpress\/ -->\n<title>Church Chair Pocket | Pencil and Card Holder | Bertolini<\/title>\n<meta name=\"description\" content=\"Upgrade church seating with a church chair pocket like this pencil and card holder. Keep connection cards, pens, and materials organized.\" \/>\n<meta name=\"robots\" content=\"index, follow, max-snippet:-1, max-image-preview:large, max-video-preview:-1\" \/>\n<link rel=\"canonical\" href=\"https:\/\/bertolinidirect.com\/pt\/products\/accessories\/pencil-and-card-holder\/\" \/>\n<meta property=\"og:locale\" content=\"pt_BR\" \/>\n<meta property=\"og:type\" content=\"article\" \/>\n<meta property=\"og:title\" content=\"Pencil and Card Pocket\" \/>\n<meta property=\"og:description\" content=\"Upgrade church seating with a church chair pocket like this pencil and card holder. Keep connection cards, pens, and materials organized.\" \/>\n<meta property=\"og:url\" content=\"https:\/\/bertolinidirect.com\/pt\/products\/accessories\/pencil-and-card-holder\/\" \/>\n<meta property=\"og:site_name\" content=\"Bertolini Direct\" \/>\n<meta property=\"article:modified_time\" content=\"2026-04-30T22:44:47+00:00\" \/>\n<meta property=\"og:image\" content=\"https:\/\/staging.bertolinidirect.com\/wp-content\/uploads\/2024\/03\/2022_Pencil-Card_Holder.jpg\" \/>\n\t<meta property=\"og:image:width\" content=\"680\" \/>\n\t<meta property=\"og:image:height\" content=\"680\" \/>\n\t<meta property=\"og:image:type\" content=\"image\/jpeg\" \/>\n<meta name=\"twitter:card\" content=\"summary_large_image\" \/>\n<script type=\"application\/ld+json\" class=\"yoast-schema-graph\">{\"@context\":\"https:\\\/\\\/schema.org\",\"@graph\":[{\"@type\":\"WebPage\",\"@id\":\"https:\\\/\\\/bertolinidirect.com\\\/pt\\\/products\\\/accessories\\\/pencil-and-card-holder\",\"url\":\"https:\\\/\\\/bertolinidirect.com\\\/pt\\\/products\\\/accessories\\\/pencil-and-card-holder\",\"name\":\"Church Chair Pocket | Pencil and Card Holder | Bertolini\",\"isPartOf\":{\"@id\":\"https:\\\/\\\/bertolinidirect.com\\\/pt\\\/#website\"},\"primaryImageOfPage\":{\"@id\":\"https:\\\/\\\/bertolinidirect.com\\\/pt\\\/products\\\/accessories\\\/pencil-and-card-holder#primaryimage\"},\"image\":{\"@id\":\"https:\\\/\\\/bertolinidirect.com\\\/pt\\\/products\\\/accessories\\\/pencil-and-card-holder#primaryimage\"},\"thumbnailUrl\":\"https:\\\/\\\/bertolinidirect.com\\\/wp-content\\\/uploads\\\/2024\\\/03\\\/2022_Pencil-Card_Holder.jpg\",\"datePublished\":\"2024-03-26T20:15:52+00:00\",\"dateModified\":\"2026-04-30T22:44:47+00:00\",\"description\":\"Upgrade church seating with a church chair pocket like this pencil and card holder. Keep connection cards, pens, and materials organized.\",\"breadcrumb\":{\"@id\":\"https:\\\/\\\/bertolinidirect.com\\\/pt\\\/products\\\/accessories\\\/pencil-and-card-holder#breadcrumb\"},\"inLanguage\":\"pt-BR\",\"potentialAction\":[{\"@type\":\"ReadAction\",\"target\":[\"https:\\\/\\\/bertolinidirect.com\\\/pt\\\/products\\\/accessories\\\/pencil-and-card-holder\"]}]},{\"@type\":\"ImageObject\",\"inLanguage\":\"pt-BR\",\"@id\":\"https:\\\/\\\/bertolinidirect.com\\\/pt\\\/products\\\/accessories\\\/pencil-and-card-holder#primaryimage\",\"url\":\"https:\\\/\\\/bertolinidirect.com\\\/wp-content\\\/uploads\\\/2024\\\/03\\\/2022_Pencil-Card_Holder.jpg\",\"contentUrl\":\"https:\\\/\\\/bertolinidirect.com\\\/wp-content\\\/uploads\\\/2024\\\/03\\\/2022_Pencil-Card_Holder.jpg\",\"width\":680,\"height\":680,\"caption\":\"Card and Cup Holder\"},{\"@type\":\"BreadcrumbList\",\"@id\":\"https:\\\/\\\/bertolinidirect.com\\\/pt\\\/products\\\/accessories\\\/pencil-and-card-holder#breadcrumb\",\"itemListElement\":[{\"@type\":\"ListItem\",\"position\":1,\"name\":\"Home\",\"item\":\"https:\\\/\\\/bertolinidirect.com\\\/\"},{\"@type\":\"ListItem\",\"position\":2,\"name\":\"Products\",\"item\":\"https:\\\/\\\/bertolinidirect.com\\\/products\"},{\"@type\":\"ListItem\",\"position\":3,\"name\":\"Accessories\",\"item\":\"https:\\\/\\\/bertolinidirect.com\\\/products\\\/accessories\"},{\"@type\":\"ListItem\",\"position\":4,\"name\":\"Pencil and Card Pocket\"}]},{\"@type\":\"WebSite\",\"@id\":\"https:\\\/\\\/bertolinidirect.com\\\/pt\\\/#website\",\"url\":\"https:\\\/\\\/bertolinidirect.com\\\/pt\\\/\",\"name\":\"Bertolini\",\"description\":\"\",\"potentialAction\":[{\"@type\":\"SearchAction\",\"target\":{\"@type\":\"EntryPoint\",\"urlTemplate\":\"https:\\\/\\\/bertolinidirect.com\\\/pt\\\/?s={search_term_string}\"},\"query-input\":{\"@type\":\"PropertyValueSpecification\",\"valueRequired\":true,\"valueName\":\"search_term_string\"}}],\"inLanguage\":\"pt-BR\"}]}<\/script>\n<!-- \/ Yoast SEO Premium plugin. -->","yoast_head_json":{"title":"Bolso para cadeira de igreja | Porta-l\u00e1pis e cart\u00f5es | Bertolini","description":"Melhore o espa\u00e7o dos assentos da igreja com um bolso para cadeira como este porta-l\u00e1pis e cart\u00f5es. Mantenha cart\u00f5es de conex\u00e3o, canetas e materiais organizados.","robots":{"index":"index","follow":"follow","max-snippet":"max-snippet:-1","max-image-preview":"max-image-preview:large","max-video-preview":"max-video-preview:-1"},"canonical":"https:\/\/bertolinidirect.com\/pt\/products\/accessories\/pencil-and-card-holder\/","og_locale":"pt_BR","og_type":"article","og_title":"Pencil and Card Pocket","og_description":"Upgrade church seating with a church chair pocket like this pencil and card holder. Keep connection cards, pens, and materials organized.","og_url":"https:\/\/bertolinidirect.com\/pt\/products\/accessories\/pencil-and-card-holder\/","og_site_name":"Bertolini Direct","article_modified_time":"2026-04-30T22:44:47+00:00","og_image":[{"width":680,"height":680,"url":"https:\/\/staging.bertolinidirect.com\/wp-content\/uploads\/2024\/03\/2022_Pencil-Card_Holder.jpg","type":"image\/jpeg"}],"twitter_card":"summary_large_image","schema":{"@context":"https:\/\/schema.org","@graph":[{"@type":"WebPage","@id":"https:\/\/bertolinidirect.com\/pt\/products\/accessories\/pencil-and-card-holder","url":"https:\/\/bertolinidirect.com\/pt\/products\/accessories\/pencil-and-card-holder","name":"Bolso para cadeira de igreja | Porta-l\u00e1pis e cart\u00f5es | Bertolini","isPartOf":{"@id":"https:\/\/bertolinidirect.com\/pt\/#website"},"primaryImageOfPage":{"@id":"https:\/\/bertolinidirect.com\/pt\/products\/accessories\/pencil-and-card-holder#primaryimage"},"image":{"@id":"https:\/\/bertolinidirect.com\/pt\/products\/accessories\/pencil-and-card-holder#primaryimage"},"thumbnailUrl":"https:\/\/bertolinidirect.com\/wp-content\/uploads\/2024\/03\/2022_Pencil-Card_Holder.jpg","datePublished":"2024-03-26T20:15:52+00:00","dateModified":"2026-04-30T22:44:47+00:00","description":"Melhore o espa\u00e7o dos assentos da igreja com um bolso para cadeira como este porta-l\u00e1pis e cart\u00f5es. Mantenha cart\u00f5es de conex\u00e3o, canetas e materiais organizados.","breadcrumb":{"@id":"https:\/\/bertolinidirect.com\/pt\/products\/accessories\/pencil-and-card-holder#breadcrumb"},"inLanguage":"pt-BR","potentialAction":[{"@type":"ReadAction","target":["https:\/\/bertolinidirect.com\/pt\/products\/accessories\/pencil-and-card-holder"]}]},{"@type":"ImageObject","inLanguage":"pt-BR","@id":"https:\/\/bertolinidirect.com\/pt\/products\/accessories\/pencil-and-card-holder#primaryimage","url":"https:\/\/bertolinidirect.com\/wp-content\/uploads\/2024\/03\/2022_Pencil-Card_Holder.jpg","contentUrl":"https:\/\/bertolinidirect.com\/wp-content\/uploads\/2024\/03\/2022_Pencil-Card_Holder.jpg","width":680,"height":680,"caption":"Card and Cup Holder"},{"@type":"BreadcrumbList","@id":"https:\/\/bertolinidirect.com\/pt\/products\/accessories\/pencil-and-card-holder#breadcrumb","itemListElement":[{"@type":"ListItem","position":1,"name":"Home","item":"https:\/\/bertolinidirect.com\/"},{"@type":"ListItem","position":2,"name":"Products","item":"https:\/\/bertolinidirect.com\/products"},{"@type":"ListItem","position":3,"name":"Accessories","item":"https:\/\/bertolinidirect.com\/products\/accessories"},{"@type":"ListItem","position":4,"name":"Pencil and Card Pocket"}]},{"@type":"WebSite","@id":"https:\/\/bertolinidirect.com\/pt\/#website","url":"https:\/\/bertolinidirect.com\/pt\/","name":"Bertolini","description":"","potentialAction":[{"@type":"SearchAction","target":{"@type":"EntryPoint","urlTemplate":"https:\/\/bertolinidirect.com\/pt\/?s={search_term_string}"},"query-input":{"@type":"PropertyValueSpecification","valueRequired":true,"valueName":"search_term_string"}}],"inLanguage":"pt-BR"}]}},"_links":{"self":[{"href":"https:\/\/bertolinidirect.com\/pt\/wp-json\/wp\/v2\/product\/344","targetHints":{"allow":["GET"]}}],"collection":[{"href":"https:\/\/bertolinidirect.com\/pt\/wp-json\/wp\/v2\/product"}],"about":[{"href":"https:\/\/bertolinidirect.com\/pt\/wp-json\/wp\/v2\/types\/product"}],"wp:featuredmedia":[{"embeddable":true,"href":"https:\/\/bertolinidirect.com\/pt\/wp-json\/wp\/v2\/media\/343"}],"wp:attachment":[{"href":"https:\/\/bertolinidirect.com\/pt\/wp-json\/wp\/v2\/media?parent=344"}],"wp:term":[{"taxonomy":"product_brand","embeddable":true,"href":"https:\/\/bertolinidirect.com\/pt\/wp-json\/wp\/v2\/product_brand?post=344"},{"taxonomy":"product_cat","embeddable":true,"href":"https:\/\/bertolinidirect.com\/pt\/wp-json\/wp\/v2\/product_cat?post=344"},{"taxonomy":"product_tag","embeddable":true,"href":"https:\/\/bertolinidirect.com\/pt\/wp-json\/wp\/v2\/product_tag?post=344"}],"curies":[{"name":"wp","href":"https:\/\/api.w.org\/{rel}","templated":true}]}}