{"id":342,"date":"2024-03-26T20:03:18","date_gmt":"2024-03-26T20:03:18","guid":{"rendered":"https:\/\/bertolinidirect.com\/?post_type=product&#038;p=342"},"modified":"2024-07-30T17:19:41","modified_gmt":"2024-07-30T17:19:41","slug":"card-and-cup-holder","status":"publish","type":"product","link":"https:\/\/bertolinidirect.com\/pt\/products\/accessories\/card-and-cup-holder","title":{"rendered":"Porta-cart\u00f5es e copos"},"content":{"rendered":"<p>Este porta-cart\u00f5es e copos adiciona funcionalidade \u00e0s cadeiras da igreja. Ele oferece espa\u00e7o para duas canetas\/l\u00e1pis, seis (6) cart\u00f5es de visita, envelopes de doa\u00e7\u00e3o, um copo de comunh\u00e3o e outros materiais de at\u00e9 22,2 cm (8,75 polegadas) de largura. A al\u00e7a rebat\u00edvel para copos de comunh\u00e3o ajudar\u00e1 a evitar que copos pl\u00e1sticos esmagados sujem seu santu\u00e1rio ou audit\u00f3rio.<\/p>\n<p>Projetamos este acess\u00f3rio exclusivo para caber em encostos de cadeiras estofados, retos e contornados. O porta-cart\u00f5es e copos pode ser adicionado a qualquer cadeira da Igreja Bertolini.<\/p>\n<h2>instru\u00e7\u00f5es de instala\u00e7\u00e3o<\/h2>\n<p>Utilize o pr\u00e1tico guia da Bertolini para instalar com sucesso o acess\u00f3rio porta-cart\u00f5es e copos. <a href=\"https:\/\/bertolinidirect.com\/wp-content\/uploads\/2024\/07\/Card-Cup_Holder_Instructions.pdf\">Baixe os modelos de instala\u00e7\u00e3o aqui<\/a>.<\/p>\n<p><em>Nota: Este acess\u00f3rio foi desenvolvido para funcionar com cadeiras fabricadas pela Bertolini. N\u00e3o podemos garantir que funcionar\u00e1 com cadeiras de outros fabricantes. O uso com cadeiras n\u00e3o especificadas \u00e9 feito por conta e risco do comprador. Os clientes com cadeiras Bertolini existentes devem ligar para o atendimento ao cliente para confirmar se o porta-cart\u00e3o e o porta-copos cabem. <\/em><\/p>","protected":false},"excerpt":{"rendered":"<p>This Card and Cup Holder adds functionality to church chairs. It provides room for two pens\/pencils, six (6) business cards, donation envelopes, a communion cup, and other materials up to 8.75 inches (22.2 cm) wide. The flip-down loop for communion cups will help prevent crushed plastic cups from littering your sanctuary or auditorium. We\u2019ve designed [&hellip;]<\/p>\n","protected":false},"featured_media":346,"template":"","meta":{"_acf_changed":false},"product_brand":[],"product_cat":[52],"product_tag":[],"class_list":{"0":"post-342","1":"product","2":"type-product","3":"status-publish","4":"has-post-thumbnail","6":"product_cat-accessories","8":"first","9":"instock","10":"shipping-taxable","11":"purchasable","12":"product-type-simple"},"acf":[],"yoast_head":"<!-- This site is optimized with the Yoast SEO Premium plugin v24.2 (Yoast SEO v27.4) - https:\/\/yoast.com\/product\/yoast-seo-premium-wordpress\/ -->\n<title>Card and Cup Holder | Bertolini Church Chair Accessories<\/title>\n<meta name=\"description\" content=\"The Card and Cup Holder is designed to hold your cards and communion cup. It fits snuggly on the back of the church chairs so it can easily stack and store.\" \/>\n<meta name=\"robots\" content=\"index, follow, max-snippet:-1, max-image-preview:large, max-video-preview:-1\" \/>\n<link rel=\"canonical\" href=\"https:\/\/bertolinidirect.com\/pt\/products\/accessories\/card-and-cup-holder\/\" \/>\n<meta property=\"og:locale\" content=\"pt_BR\" \/>\n<meta property=\"og:type\" content=\"article\" \/>\n<meta property=\"og:title\" content=\"Card and Cup Holder\" \/>\n<meta property=\"og:description\" content=\"The Card and Cup Holder is designed to hold your cards and communion cup. It fits snuggly on the back of the church chairs so it can easily stack and store.\" \/>\n<meta property=\"og:url\" content=\"https:\/\/bertolinidirect.com\/pt\/products\/accessories\/card-and-cup-holder\/\" \/>\n<meta property=\"og:site_name\" content=\"Bertolini Direct\" \/>\n<meta property=\"article:modified_time\" content=\"2024-07-30T17:19:41+00:00\" \/>\n<meta property=\"og:image\" content=\"https:\/\/bertolinidirect.com\/wp-content\/uploads\/2024\/03\/Card-Pencil-Communion-Cup-Holder-1.jpg\" \/>\n\t<meta property=\"og:image:width\" content=\"680\" \/>\n\t<meta property=\"og:image:height\" content=\"680\" \/>\n\t<meta property=\"og:image:type\" content=\"image\/jpeg\" \/>\n<meta name=\"twitter:card\" content=\"summary_large_image\" \/>\n<script type=\"application\/ld+json\" class=\"yoast-schema-graph\">{\"@context\":\"https:\\\/\\\/schema.org\",\"@graph\":[{\"@type\":\"WebPage\",\"@id\":\"https:\\\/\\\/bertolinidirect.com\\\/pt\\\/products\\\/accessories\\\/card-and-cup-holder\",\"url\":\"https:\\\/\\\/bertolinidirect.com\\\/pt\\\/products\\\/accessories\\\/card-and-cup-holder\",\"name\":\"Card and Cup Holder | Bertolini Church Chair Accessories\",\"isPartOf\":{\"@id\":\"https:\\\/\\\/bertolinidirect.com\\\/pt\\\/#website\"},\"primaryImageOfPage\":{\"@id\":\"https:\\\/\\\/bertolinidirect.com\\\/pt\\\/products\\\/accessories\\\/card-and-cup-holder#primaryimage\"},\"image\":{\"@id\":\"https:\\\/\\\/bertolinidirect.com\\\/pt\\\/products\\\/accessories\\\/card-and-cup-holder#primaryimage\"},\"thumbnailUrl\":\"https:\\\/\\\/bertolinidirect.com\\\/wp-content\\\/uploads\\\/2024\\\/03\\\/Card-Pencil-Communion-Cup-Holder-1.jpg\",\"datePublished\":\"2024-03-26T20:03:18+00:00\",\"dateModified\":\"2024-07-30T17:19:41+00:00\",\"description\":\"The Card and Cup Holder is designed to hold your cards and communion cup. It fits snuggly on the back of the church chairs so it can easily stack and store.\",\"breadcrumb\":{\"@id\":\"https:\\\/\\\/bertolinidirect.com\\\/pt\\\/products\\\/accessories\\\/card-and-cup-holder#breadcrumb\"},\"inLanguage\":\"pt-BR\",\"potentialAction\":[{\"@type\":\"ReadAction\",\"target\":[\"https:\\\/\\\/bertolinidirect.com\\\/pt\\\/products\\\/accessories\\\/card-and-cup-holder\"]}]},{\"@type\":\"ImageObject\",\"inLanguage\":\"pt-BR\",\"@id\":\"https:\\\/\\\/bertolinidirect.com\\\/pt\\\/products\\\/accessories\\\/card-and-cup-holder#primaryimage\",\"url\":\"https:\\\/\\\/bertolinidirect.com\\\/wp-content\\\/uploads\\\/2024\\\/03\\\/Card-Pencil-Communion-Cup-Holder-1.jpg\",\"contentUrl\":\"https:\\\/\\\/bertolinidirect.com\\\/wp-content\\\/uploads\\\/2024\\\/03\\\/Card-Pencil-Communion-Cup-Holder-1.jpg\",\"width\":680,\"height\":680,\"caption\":\"Card and Cup Holder\"},{\"@type\":\"BreadcrumbList\",\"@id\":\"https:\\\/\\\/bertolinidirect.com\\\/pt\\\/products\\\/accessories\\\/card-and-cup-holder#breadcrumb\",\"itemListElement\":[{\"@type\":\"ListItem\",\"position\":1,\"name\":\"Home\",\"item\":\"https:\\\/\\\/bertolinidirect.com\\\/\"},{\"@type\":\"ListItem\",\"position\":2,\"name\":\"Products\",\"item\":\"https:\\\/\\\/bertolinidirect.com\\\/products\"},{\"@type\":\"ListItem\",\"position\":3,\"name\":\"Accessories\",\"item\":\"https:\\\/\\\/bertolinidirect.com\\\/products\\\/accessories\"},{\"@type\":\"ListItem\",\"position\":4,\"name\":\"Card and Cup Holder\"}]},{\"@type\":\"WebSite\",\"@id\":\"https:\\\/\\\/bertolinidirect.com\\\/pt\\\/#website\",\"url\":\"https:\\\/\\\/bertolinidirect.com\\\/pt\\\/\",\"name\":\"Bertolini\",\"description\":\"\",\"potentialAction\":[{\"@type\":\"SearchAction\",\"target\":{\"@type\":\"EntryPoint\",\"urlTemplate\":\"https:\\\/\\\/bertolinidirect.com\\\/pt\\\/?s={search_term_string}\"},\"query-input\":{\"@type\":\"PropertyValueSpecification\",\"valueRequired\":true,\"valueName\":\"search_term_string\"}}],\"inLanguage\":\"pt-BR\"}]}<\/script>\n<!-- \/ Yoast SEO Premium plugin. -->","yoast_head_json":{"title":"Porta-cart\u00f5es e copos | Acess\u00f3rios para cadeiras de igreja Bertolini","description":"O porta-cart\u00f5es e copos foi projetado para guardar seus cart\u00f5es e copo de comunh\u00e3o. Ele cabe confortavelmente nas costas das cadeiras da igreja para que possa empilhar e armazenar facilmente.","robots":{"index":"index","follow":"follow","max-snippet":"max-snippet:-1","max-image-preview":"max-image-preview:large","max-video-preview":"max-video-preview:-1"},"canonical":"https:\/\/bertolinidirect.com\/pt\/products\/accessories\/card-and-cup-holder\/","og_locale":"pt_BR","og_type":"article","og_title":"Card and Cup Holder","og_description":"The Card and Cup Holder is designed to hold your cards and communion cup. It fits snuggly on the back of the church chairs so it can easily stack and store.","og_url":"https:\/\/bertolinidirect.com\/pt\/products\/accessories\/card-and-cup-holder\/","og_site_name":"Bertolini Direct","article_modified_time":"2024-07-30T17:19:41+00:00","og_image":[{"width":680,"height":680,"url":"https:\/\/bertolinidirect.com\/wp-content\/uploads\/2024\/03\/Card-Pencil-Communion-Cup-Holder-1.jpg","type":"image\/jpeg"}],"twitter_card":"summary_large_image","schema":{"@context":"https:\/\/schema.org","@graph":[{"@type":"WebPage","@id":"https:\/\/bertolinidirect.com\/pt\/products\/accessories\/card-and-cup-holder","url":"https:\/\/bertolinidirect.com\/pt\/products\/accessories\/card-and-cup-holder","name":"Porta-cart\u00f5es e copos | Acess\u00f3rios para cadeiras de igreja Bertolini","isPartOf":{"@id":"https:\/\/bertolinidirect.com\/pt\/#website"},"primaryImageOfPage":{"@id":"https:\/\/bertolinidirect.com\/pt\/products\/accessories\/card-and-cup-holder#primaryimage"},"image":{"@id":"https:\/\/bertolinidirect.com\/pt\/products\/accessories\/card-and-cup-holder#primaryimage"},"thumbnailUrl":"https:\/\/bertolinidirect.com\/wp-content\/uploads\/2024\/03\/Card-Pencil-Communion-Cup-Holder-1.jpg","datePublished":"2024-03-26T20:03:18+00:00","dateModified":"2024-07-30T17:19:41+00:00","description":"O porta-cart\u00f5es e copos foi projetado para guardar seus cart\u00f5es e copo de comunh\u00e3o. Ele cabe confortavelmente nas costas das cadeiras da igreja para que possa empilhar e armazenar facilmente.","breadcrumb":{"@id":"https:\/\/bertolinidirect.com\/pt\/products\/accessories\/card-and-cup-holder#breadcrumb"},"inLanguage":"pt-BR","potentialAction":[{"@type":"ReadAction","target":["https:\/\/bertolinidirect.com\/pt\/products\/accessories\/card-and-cup-holder"]}]},{"@type":"ImageObject","inLanguage":"pt-BR","@id":"https:\/\/bertolinidirect.com\/pt\/products\/accessories\/card-and-cup-holder#primaryimage","url":"https:\/\/bertolinidirect.com\/wp-content\/uploads\/2024\/03\/Card-Pencil-Communion-Cup-Holder-1.jpg","contentUrl":"https:\/\/bertolinidirect.com\/wp-content\/uploads\/2024\/03\/Card-Pencil-Communion-Cup-Holder-1.jpg","width":680,"height":680,"caption":"Card and Cup Holder"},{"@type":"BreadcrumbList","@id":"https:\/\/bertolinidirect.com\/pt\/products\/accessories\/card-and-cup-holder#breadcrumb","itemListElement":[{"@type":"ListItem","position":1,"name":"Home","item":"https:\/\/bertolinidirect.com\/"},{"@type":"ListItem","position":2,"name":"Products","item":"https:\/\/bertolinidirect.com\/products"},{"@type":"ListItem","position":3,"name":"Accessories","item":"https:\/\/bertolinidirect.com\/products\/accessories"},{"@type":"ListItem","position":4,"name":"Card and Cup Holder"}]},{"@type":"WebSite","@id":"https:\/\/bertolinidirect.com\/pt\/#website","url":"https:\/\/bertolinidirect.com\/pt\/","name":"Bertolini","description":"","potentialAction":[{"@type":"SearchAction","target":{"@type":"EntryPoint","urlTemplate":"https:\/\/bertolinidirect.com\/pt\/?s={search_term_string}"},"query-input":{"@type":"PropertyValueSpecification","valueRequired":true,"valueName":"search_term_string"}}],"inLanguage":"pt-BR"}]}},"_links":{"self":[{"href":"https:\/\/bertolinidirect.com\/pt\/wp-json\/wp\/v2\/product\/342","targetHints":{"allow":["GET"]}}],"collection":[{"href":"https:\/\/bertolinidirect.com\/pt\/wp-json\/wp\/v2\/product"}],"about":[{"href":"https:\/\/bertolinidirect.com\/pt\/wp-json\/wp\/v2\/types\/product"}],"wp:featuredmedia":[{"embeddable":true,"href":"https:\/\/bertolinidirect.com\/pt\/wp-json\/wp\/v2\/media\/346"}],"wp:attachment":[{"href":"https:\/\/bertolinidirect.com\/pt\/wp-json\/wp\/v2\/media?parent=342"}],"wp:term":[{"taxonomy":"product_brand","embeddable":true,"href":"https:\/\/bertolinidirect.com\/pt\/wp-json\/wp\/v2\/product_brand?post=342"},{"taxonomy":"product_cat","embeddable":true,"href":"https:\/\/bertolinidirect.com\/pt\/wp-json\/wp\/v2\/product_cat?post=342"},{"taxonomy":"product_tag","embeddable":true,"href":"https:\/\/bertolinidirect.com\/pt\/wp-json\/wp\/v2\/product_tag?post=342"}],"curies":[{"name":"wp","href":"https:\/\/api.w.org\/{rel}","templated":true}]}}