{"id":316,"date":"2024-03-26T18:05:08","date_gmt":"2024-03-26T18:05:08","guid":{"rendered":"https:\/\/bertolinidirect.com\/?post_type=product&#038;p=316"},"modified":"2025-11-20T17:26:05","modified_gmt":"2025-11-20T17:26:05","slug":"super-stacker-chair","status":"publish","type":"product","link":"https:\/\/bertolinidirect.com\/pt\/products\/chairs\/super-stacker-chair","title":{"rendered":"Cadeira empilh\u00e1vel HD Core"},"content":{"rendered":"<p>A Cadeira Empilh\u00e1vel HD Core \u00e9 uma solu\u00e7\u00e3o de assentos de alta densidade, t\u00e3o eficaz para shows e eventos quanto para cadeiras de convidados em um \u00fanico escrit\u00f3rio. Leve, dur\u00e1vel e f\u00e1cil de guardar, tem um pre\u00e7o acess\u00edvel e \u00e9 uma solu\u00e7\u00e3o ideal para assentos em grandes quantidades.<\/p>\n<p>A cadeira empilh\u00e1vel HD Core possui estrutura met\u00e1lica cromada com assentos e encostos de pol\u00edmero preto dur\u00e1vel. As superf\u00edcies de pol\u00edmero s\u00e3o perfuradas para auxiliar o fluxo de ar, garantindo o conforto dos h\u00f3spedes.<\/p>\n<p>Empilh\u00e1vel, resistente a manchas e dur\u00e1vel, a cadeira empilh\u00e1vel HD Core pode empilhar 25 cadeiras em um carrinho ou 10 no ch\u00e3o. Um carrinho para cadeiras gr\u00e1tis acompanha cada compra de 25 cadeiras.<\/p>","protected":false},"excerpt":{"rendered":"<p>The HD Core Stacking Chair is a high density seating solution that\u2019s just as effective for concerts and event seating as it is for a guest chair in a single office. Lightweight, durable, and easy to store, it\u2019s affordably priced as an ideal bulk seating solution. The HD Core Stacking Chair features a metal, chrome-plated [&hellip;]<\/p>\n","protected":false},"featured_media":24096,"template":"","meta":{"_acf_changed":false},"product_brand":[89],"product_cat":[22],"product_tag":[],"class_list":{"0":"post-316","1":"product","2":"type-product","3":"status-publish","4":"has-post-thumbnail","6":"product_brand-hd-series","7":"product_cat-chairs","9":"first","10":"instock","11":"shipping-taxable","12":"purchasable","13":"product-type-simple"},"acf":[],"yoast_head":"<!-- This site is optimized with the Yoast SEO Premium plugin v24.2 (Yoast SEO v27.1.1) - https:\/\/yoast.com\/product\/yoast-seo-premium-wordpress\/ -->\n<title>HD Core Stacking Chair | Bertolini Direct<\/title>\n<meta name=\"description\" content=\"Give your congregation comfort with the Impressions Series. Its unique design makes it the only maintenance-free stacking church chair.\" \/>\n<meta name=\"robots\" content=\"index, follow, max-snippet:-1, max-image-preview:large, max-video-preview:-1\" \/>\n<link rel=\"canonical\" href=\"https:\/\/bertolinidirect.com\/pt\/products\/chairs\/super-stacker-chair\/\" \/>\n<meta property=\"og:locale\" content=\"pt_BR\" \/>\n<meta property=\"og:type\" content=\"article\" \/>\n<meta property=\"og:title\" content=\"HD Core Stacking Chair\" \/>\n<meta property=\"og:description\" content=\"Give your congregation comfort with the Impressions Series. Its unique design makes it the only maintenance-free stacking church chair.\" \/>\n<meta property=\"og:url\" content=\"https:\/\/bertolinidirect.com\/pt\/products\/chairs\/super-stacker-chair\/\" \/>\n<meta property=\"og:site_name\" content=\"Bertolini Direct\" \/>\n<meta property=\"article:modified_time\" content=\"2025-11-20T17:26:05+00:00\" \/>\n<meta property=\"og:image\" content=\"https:\/\/bertolinidirect.com\/wp-content\/uploads\/2024\/03\/BERT_HD-Core_SHADOWS.jpg\" \/>\n\t<meta property=\"og:image:width\" content=\"1024\" \/>\n\t<meta property=\"og:image:height\" content=\"1024\" \/>\n\t<meta property=\"og:image:type\" content=\"image\/jpeg\" \/>\n<meta name=\"twitter:card\" content=\"summary_large_image\" \/>\n<script type=\"application\/ld+json\" class=\"yoast-schema-graph\">{\"@context\":\"https:\/\/schema.org\",\"@graph\":[{\"@type\":\"WebPage\",\"@id\":\"https:\/\/bertolinidirect.com\/pt\/products\/chairs\/super-stacker-chair\",\"url\":\"https:\/\/bertolinidirect.com\/pt\/products\/chairs\/super-stacker-chair\",\"name\":\"HD Core Stacking Chair | Bertolini Direct\",\"isPartOf\":{\"@id\":\"https:\/\/bertolinidirect.com\/pt\/#website\"},\"primaryImageOfPage\":{\"@id\":\"https:\/\/bertolinidirect.com\/pt\/products\/chairs\/super-stacker-chair#primaryimage\"},\"image\":{\"@id\":\"https:\/\/bertolinidirect.com\/pt\/products\/chairs\/super-stacker-chair#primaryimage\"},\"thumbnailUrl\":\"https:\/\/bertolinidirect.com\/wp-content\/uploads\/2024\/03\/BERT_HD-Core_SHADOWS.jpg\",\"datePublished\":\"2024-03-26T18:05:08+00:00\",\"dateModified\":\"2025-11-20T17:26:05+00:00\",\"description\":\"Give your congregation comfort with the Impressions Series. Its unique design makes it the only maintenance-free stacking church chair.\",\"breadcrumb\":{\"@id\":\"https:\/\/bertolinidirect.com\/pt\/products\/chairs\/super-stacker-chair#breadcrumb\"},\"inLanguage\":\"pt-BR\",\"potentialAction\":[{\"@type\":\"ReadAction\",\"target\":[\"https:\/\/bertolinidirect.com\/pt\/products\/chairs\/super-stacker-chair\"]}]},{\"@type\":\"ImageObject\",\"inLanguage\":\"pt-BR\",\"@id\":\"https:\/\/bertolinidirect.com\/pt\/products\/chairs\/super-stacker-chair#primaryimage\",\"url\":\"https:\/\/bertolinidirect.com\/wp-content\/uploads\/2024\/03\/BERT_HD-Core_SHADOWS.jpg\",\"contentUrl\":\"https:\/\/bertolinidirect.com\/wp-content\/uploads\/2024\/03\/BERT_HD-Core_SHADOWS.jpg\",\"width\":1024,\"height\":1024,\"caption\":\"HD Core Stacking Chair\"},{\"@type\":\"BreadcrumbList\",\"@id\":\"https:\/\/bertolinidirect.com\/pt\/products\/chairs\/super-stacker-chair#breadcrumb\",\"itemListElement\":[{\"@type\":\"ListItem\",\"position\":1,\"name\":\"Home\",\"item\":\"https:\/\/bertolinidirect.com\/\"},{\"@type\":\"ListItem\",\"position\":2,\"name\":\"Products\",\"item\":\"https:\/\/bertolinidirect.com\/products\"},{\"@type\":\"ListItem\",\"position\":3,\"name\":\"Chairs\",\"item\":\"https:\/\/bertolinidirect.com\/products\/chairs\"},{\"@type\":\"ListItem\",\"position\":4,\"name\":\"HD Core Stacking Chair\"}]},{\"@type\":\"WebSite\",\"@id\":\"https:\/\/bertolinidirect.com\/pt\/#website\",\"url\":\"https:\/\/bertolinidirect.com\/pt\/\",\"name\":\"Bertolini\",\"description\":\"\",\"potentialAction\":[{\"@type\":\"SearchAction\",\"target\":{\"@type\":\"EntryPoint\",\"urlTemplate\":\"https:\/\/bertolinidirect.com\/pt\/?s={search_term_string}\"},\"query-input\":{\"@type\":\"PropertyValueSpecification\",\"valueRequired\":true,\"valueName\":\"search_term_string\"}}],\"inLanguage\":\"pt-BR\"}]}<\/script>\n<!-- \/ Yoast SEO Premium plugin. -->","yoast_head_json":{"title":"Cadeira empilh\u00e1vel HD Core | Bertolini Direct","description":"D\u00ea conforto \u00e0 sua congrega\u00e7\u00e3o com a S\u00e9rie Impress\u00f5es. Seu design exclusivo a torna a \u00fanica cadeira de igreja empilh\u00e1vel e livre de manuten\u00e7\u00e3o.","robots":{"index":"index","follow":"follow","max-snippet":"max-snippet:-1","max-image-preview":"max-image-preview:large","max-video-preview":"max-video-preview:-1"},"canonical":"https:\/\/bertolinidirect.com\/pt\/products\/chairs\/super-stacker-chair\/","og_locale":"pt_BR","og_type":"article","og_title":"HD Core Stacking Chair","og_description":"Give your congregation comfort with the Impressions Series. Its unique design makes it the only maintenance-free stacking church chair.","og_url":"https:\/\/bertolinidirect.com\/pt\/products\/chairs\/super-stacker-chair\/","og_site_name":"Bertolini Direct","article_modified_time":"2025-11-20T17:26:05+00:00","og_image":[{"width":1024,"height":1024,"url":"https:\/\/bertolinidirect.com\/wp-content\/uploads\/2024\/03\/BERT_HD-Core_SHADOWS.jpg","type":"image\/jpeg"}],"twitter_card":"summary_large_image","schema":{"@context":"https:\/\/schema.org","@graph":[{"@type":"WebPage","@id":"https:\/\/bertolinidirect.com\/pt\/products\/chairs\/super-stacker-chair","url":"https:\/\/bertolinidirect.com\/pt\/products\/chairs\/super-stacker-chair","name":"Cadeira empilh\u00e1vel HD Core | Bertolini Direct","isPartOf":{"@id":"https:\/\/bertolinidirect.com\/pt\/#website"},"primaryImageOfPage":{"@id":"https:\/\/bertolinidirect.com\/pt\/products\/chairs\/super-stacker-chair#primaryimage"},"image":{"@id":"https:\/\/bertolinidirect.com\/pt\/products\/chairs\/super-stacker-chair#primaryimage"},"thumbnailUrl":"https:\/\/bertolinidirect.com\/wp-content\/uploads\/2024\/03\/BERT_HD-Core_SHADOWS.jpg","datePublished":"2024-03-26T18:05:08+00:00","dateModified":"2025-11-20T17:26:05+00:00","description":"D\u00ea conforto \u00e0 sua congrega\u00e7\u00e3o com a S\u00e9rie Impress\u00f5es. Seu design exclusivo a torna a \u00fanica cadeira de igreja empilh\u00e1vel e livre de manuten\u00e7\u00e3o.","breadcrumb":{"@id":"https:\/\/bertolinidirect.com\/pt\/products\/chairs\/super-stacker-chair#breadcrumb"},"inLanguage":"pt-BR","potentialAction":[{"@type":"ReadAction","target":["https:\/\/bertolinidirect.com\/pt\/products\/chairs\/super-stacker-chair"]}]},{"@type":"ImageObject","inLanguage":"pt-BR","@id":"https:\/\/bertolinidirect.com\/pt\/products\/chairs\/super-stacker-chair#primaryimage","url":"https:\/\/bertolinidirect.com\/wp-content\/uploads\/2024\/03\/BERT_HD-Core_SHADOWS.jpg","contentUrl":"https:\/\/bertolinidirect.com\/wp-content\/uploads\/2024\/03\/BERT_HD-Core_SHADOWS.jpg","width":1024,"height":1024,"caption":"HD Core Stacking Chair"},{"@type":"BreadcrumbList","@id":"https:\/\/bertolinidirect.com\/pt\/products\/chairs\/super-stacker-chair#breadcrumb","itemListElement":[{"@type":"ListItem","position":1,"name":"Home","item":"https:\/\/bertolinidirect.com\/"},{"@type":"ListItem","position":2,"name":"Products","item":"https:\/\/bertolinidirect.com\/products"},{"@type":"ListItem","position":3,"name":"Chairs","item":"https:\/\/bertolinidirect.com\/products\/chairs"},{"@type":"ListItem","position":4,"name":"HD Core Stacking Chair"}]},{"@type":"WebSite","@id":"https:\/\/bertolinidirect.com\/pt\/#website","url":"https:\/\/bertolinidirect.com\/pt\/","name":"Bertolini","description":"","potentialAction":[{"@type":"SearchAction","target":{"@type":"EntryPoint","urlTemplate":"https:\/\/bertolinidirect.com\/pt\/?s={search_term_string}"},"query-input":{"@type":"PropertyValueSpecification","valueRequired":true,"valueName":"search_term_string"}}],"inLanguage":"pt-BR"}]}},"_links":{"self":[{"href":"https:\/\/bertolinidirect.com\/pt\/wp-json\/wp\/v2\/product\/316","targetHints":{"allow":["GET"]}}],"collection":[{"href":"https:\/\/bertolinidirect.com\/pt\/wp-json\/wp\/v2\/product"}],"about":[{"href":"https:\/\/bertolinidirect.com\/pt\/wp-json\/wp\/v2\/types\/product"}],"wp:featuredmedia":[{"embeddable":true,"href":"https:\/\/bertolinidirect.com\/pt\/wp-json\/wp\/v2\/media\/24096"}],"wp:attachment":[{"href":"https:\/\/bertolinidirect.com\/pt\/wp-json\/wp\/v2\/media?parent=316"}],"wp:term":[{"taxonomy":"product_brand","embeddable":true,"href":"https:\/\/bertolinidirect.com\/pt\/wp-json\/wp\/v2\/product_brand?post=316"},{"taxonomy":"product_cat","embeddable":true,"href":"https:\/\/bertolinidirect.com\/pt\/wp-json\/wp\/v2\/product_cat?post=316"},{"taxonomy":"product_tag","embeddable":true,"href":"https:\/\/bertolinidirect.com\/pt\/wp-json\/wp\/v2\/product_tag?post=316"}],"curies":[{"name":"wp","href":"https:\/\/api.w.org\/{rel}","templated":true}]}}