{"id":24276,"date":"2025-10-13T22:30:01","date_gmt":"2025-10-13T22:30:01","guid":{"rendered":"https:\/\/bertolinidirect.com\/?post_type=product&#038;p=24276"},"modified":"2026-02-09T19:44:19","modified_gmt":"2026-02-09T19:44:19","slug":"brisa-round-folding-table","status":"publish","type":"product","link":"https:\/\/bertolinidirect.com\/pt\/products\/tables\/brisa-round-folding-table","title":{"rendered":"Mesa Dobr\u00e1vel Redonda Brisa"},"content":{"rendered":"<p>Compacta e f\u00e1cil de usar, a Mesa Dobr\u00e1vel Redonda Brisa possui um moderno tampo branco feito de pl\u00e1stico espesso moldado por sopro. A estrutura de a\u00e7o possui p\u00e9s com trava para maior seguran\u00e7a e facilidade de manuseio.<\/p>\n\n\n\n<p>Pr\u00e1tica e port\u00e1til, esta mesa de n\u00edvel profissional tem um pre\u00e7o acess\u00edvel para propriedades com or\u00e7amento limitado. Esta mesa para eventos e banquetes foi projetada para uso interno ou externo de curta dura\u00e7\u00e3o.* Est\u00e1 dispon\u00edvel em v\u00e1rios tamanhos e combina com outras mesas da s\u00e9rie Brisa.<\/p>\n\n\n\n<p>Esta mesa circular dobr\u00e1vel \u00e9 altamente recomendada para uma variedade de usos, como jantares de igreja, eventos comunit\u00e1rios, salas de descanso, semin\u00e1rios, \u00e1reas de exposi\u00e7\u00e3o, minist\u00e9rios de jovens, escrit\u00f3rios e muito mais.<br><br>Capacidade de assentos:<\/p>\n\n\n\n<ul class=\"wp-block-list\">\n<li>Mesa redonda de 72 p\u00e9s (mesa de 6 p\u00e9s): 10 pessoas<\/li>\n\n\n\n<li>Mesa redonda de 60 p\u00e9s (mesa de 5 p\u00e9s): 8 pessoas<\/li>\n<\/ul>","protected":false},"excerpt":{"rendered":"<p>Compact and easy to use, the Brisa Round Folding Table has a modern white tabletop made of thick, blow-molded plastic. The steel frame features locking legs for increased safety and ease of handling. Practical and portable, this contract-grade table is affordably priced for properties on a budget. This event and banquet table is designed for [&hellip;]<\/p>\n","protected":false},"featured_media":24283,"template":"","meta":{"_acf_changed":true},"product_brand":[90],"product_cat":[115,99],"product_tag":[],"class_list":{"0":"post-24276","1":"product","2":"type-product","3":"status-publish","4":"has-post-thumbnail","6":"product_brand-brisa","7":"product_cat-sale","8":"product_cat-tables","10":"first","11":"instock","12":"shipping-taxable","13":"purchasable","14":"product-type-simple"},"acf":[],"yoast_head":"<!-- This site is optimized with the Yoast SEO Premium plugin v24.2 (Yoast SEO v27.4) - https:\/\/yoast.com\/product\/yoast-seo-premium-wordpress\/ -->\n<title>Brisa Round Folding Table | Bertolini Direct<\/title>\n<meta name=\"description\" content=\"Affordable and lightweight, the Brisa Round Folding Table is perfect for general use at church events and dinners. ANSI\/BIFMA compliant.\" \/>\n<meta name=\"robots\" content=\"index, follow, max-snippet:-1, max-image-preview:large, max-video-preview:-1\" \/>\n<link rel=\"canonical\" href=\"https:\/\/bertolinidirect.com\/pt\/products\/tables\/brisa-round-folding-table\/\" \/>\n<meta property=\"og:locale\" content=\"pt_BR\" \/>\n<meta property=\"og:type\" content=\"article\" \/>\n<meta property=\"og:title\" content=\"Brisa Round Folding Table\" \/>\n<meta property=\"og:description\" content=\"Affordable and lightweight, the Brisa Round Folding Table is perfect for general use at church events and dinners. ANSI\/BIFMA compliant.\" \/>\n<meta property=\"og:url\" content=\"https:\/\/bertolinidirect.com\/pt\/products\/tables\/brisa-round-folding-table\/\" \/>\n<meta property=\"og:site_name\" content=\"Bertolini Direct\" \/>\n<meta property=\"article:modified_time\" content=\"2026-02-09T19:44:19+00:00\" \/>\n<meta property=\"og:image\" content=\"https:\/\/bertolinidirect.com\/wp-content\/uploads\/2025\/10\/Brisa_CT-72_Front45-e1760384319942.jpg\" \/>\n\t<meta property=\"og:image:width\" content=\"678\" \/>\n\t<meta property=\"og:image:height\" content=\"678\" \/>\n\t<meta property=\"og:image:type\" content=\"image\/jpeg\" \/>\n<meta name=\"twitter:card\" content=\"summary_large_image\" \/>\n<script type=\"application\/ld+json\" class=\"yoast-schema-graph\">{\"@context\":\"https:\\\/\\\/schema.org\",\"@graph\":[{\"@type\":\"WebPage\",\"@id\":\"https:\\\/\\\/bertolinidirect.com\\\/pt\\\/products\\\/tables\\\/brisa-round-folding-table\",\"url\":\"https:\\\/\\\/bertolinidirect.com\\\/pt\\\/products\\\/tables\\\/brisa-round-folding-table\",\"name\":\"Brisa Round Folding Table | Bertolini Direct\",\"isPartOf\":{\"@id\":\"https:\\\/\\\/bertolinidirect.com\\\/pt\\\/#website\"},\"primaryImageOfPage\":{\"@id\":\"https:\\\/\\\/bertolinidirect.com\\\/pt\\\/products\\\/tables\\\/brisa-round-folding-table#primaryimage\"},\"image\":{\"@id\":\"https:\\\/\\\/bertolinidirect.com\\\/pt\\\/products\\\/tables\\\/brisa-round-folding-table#primaryimage\"},\"thumbnailUrl\":\"https:\\\/\\\/bertolinidirect.com\\\/wp-content\\\/uploads\\\/2025\\\/10\\\/Brisa_CT-72_Front45-e1760384319942.jpg\",\"datePublished\":\"2025-10-13T22:30:01+00:00\",\"dateModified\":\"2026-02-09T19:44:19+00:00\",\"description\":\"Affordable and lightweight, the Brisa Round Folding Table is perfect for general use at church events and dinners. ANSI\\\/BIFMA compliant.\",\"breadcrumb\":{\"@id\":\"https:\\\/\\\/bertolinidirect.com\\\/pt\\\/products\\\/tables\\\/brisa-round-folding-table#breadcrumb\"},\"inLanguage\":\"pt-BR\",\"potentialAction\":[{\"@type\":\"ReadAction\",\"target\":[\"https:\\\/\\\/bertolinidirect.com\\\/pt\\\/products\\\/tables\\\/brisa-round-folding-table\"]}]},{\"@type\":\"ImageObject\",\"inLanguage\":\"pt-BR\",\"@id\":\"https:\\\/\\\/bertolinidirect.com\\\/pt\\\/products\\\/tables\\\/brisa-round-folding-table#primaryimage\",\"url\":\"https:\\\/\\\/bertolinidirect.com\\\/wp-content\\\/uploads\\\/2025\\\/10\\\/Brisa_CT-72_Front45-e1760384319942.jpg\",\"contentUrl\":\"https:\\\/\\\/bertolinidirect.com\\\/wp-content\\\/uploads\\\/2025\\\/10\\\/Brisa_CT-72_Front45-e1760384319942.jpg\",\"width\":678,\"height\":678,\"caption\":\"Brisa round table 72inch front45 angle\"},{\"@type\":\"BreadcrumbList\",\"@id\":\"https:\\\/\\\/bertolinidirect.com\\\/pt\\\/products\\\/tables\\\/brisa-round-folding-table#breadcrumb\",\"itemListElement\":[{\"@type\":\"ListItem\",\"position\":1,\"name\":\"Home\",\"item\":\"https:\\\/\\\/bertolinidirect.com\\\/\"},{\"@type\":\"ListItem\",\"position\":2,\"name\":\"Products\",\"item\":\"https:\\\/\\\/bertolinidirect.com\\\/products\"},{\"@type\":\"ListItem\",\"position\":3,\"name\":\"Tables\",\"item\":\"https:\\\/\\\/bertolinidirect.com\\\/products\\\/tables\"},{\"@type\":\"ListItem\",\"position\":4,\"name\":\"Brisa Round Folding Table\"}]},{\"@type\":\"WebSite\",\"@id\":\"https:\\\/\\\/bertolinidirect.com\\\/pt\\\/#website\",\"url\":\"https:\\\/\\\/bertolinidirect.com\\\/pt\\\/\",\"name\":\"Bertolini\",\"description\":\"\",\"potentialAction\":[{\"@type\":\"SearchAction\",\"target\":{\"@type\":\"EntryPoint\",\"urlTemplate\":\"https:\\\/\\\/bertolinidirect.com\\\/pt\\\/?s={search_term_string}\"},\"query-input\":{\"@type\":\"PropertyValueSpecification\",\"valueRequired\":true,\"valueName\":\"search_term_string\"}}],\"inLanguage\":\"pt-BR\"}]}<\/script>\n<!-- \/ Yoast SEO Premium plugin. -->","yoast_head_json":{"title":"Mesa Dobr\u00e1vel Redonda Brisa | Bertolini Direct","description":"Acess\u00edvel e leve, a Mesa Dobr\u00e1vel Redonda Brisa \u00e9 perfeita para uso geral em eventos e jantares religiosos. Em conformidade com as normas ANSI\/BIFMA.","robots":{"index":"index","follow":"follow","max-snippet":"max-snippet:-1","max-image-preview":"max-image-preview:large","max-video-preview":"max-video-preview:-1"},"canonical":"https:\/\/bertolinidirect.com\/pt\/products\/tables\/brisa-round-folding-table\/","og_locale":"pt_BR","og_type":"article","og_title":"Brisa Round Folding Table","og_description":"Affordable and lightweight, the Brisa Round Folding Table is perfect for general use at church events and dinners. ANSI\/BIFMA compliant.","og_url":"https:\/\/bertolinidirect.com\/pt\/products\/tables\/brisa-round-folding-table\/","og_site_name":"Bertolini Direct","article_modified_time":"2026-02-09T19:44:19+00:00","og_image":[{"width":678,"height":678,"url":"https:\/\/bertolinidirect.com\/wp-content\/uploads\/2025\/10\/Brisa_CT-72_Front45-e1760384319942.jpg","type":"image\/jpeg"}],"twitter_card":"summary_large_image","schema":{"@context":"https:\/\/schema.org","@graph":[{"@type":"WebPage","@id":"https:\/\/bertolinidirect.com\/pt\/products\/tables\/brisa-round-folding-table","url":"https:\/\/bertolinidirect.com\/pt\/products\/tables\/brisa-round-folding-table","name":"Mesa Dobr\u00e1vel Redonda Brisa | Bertolini Direct","isPartOf":{"@id":"https:\/\/bertolinidirect.com\/pt\/#website"},"primaryImageOfPage":{"@id":"https:\/\/bertolinidirect.com\/pt\/products\/tables\/brisa-round-folding-table#primaryimage"},"image":{"@id":"https:\/\/bertolinidirect.com\/pt\/products\/tables\/brisa-round-folding-table#primaryimage"},"thumbnailUrl":"https:\/\/bertolinidirect.com\/wp-content\/uploads\/2025\/10\/Brisa_CT-72_Front45-e1760384319942.jpg","datePublished":"2025-10-13T22:30:01+00:00","dateModified":"2026-02-09T19:44:19+00:00","description":"Acess\u00edvel e leve, a Mesa Dobr\u00e1vel Redonda Brisa \u00e9 perfeita para uso geral em eventos e jantares religiosos. Em conformidade com as normas ANSI\/BIFMA.","breadcrumb":{"@id":"https:\/\/bertolinidirect.com\/pt\/products\/tables\/brisa-round-folding-table#breadcrumb"},"inLanguage":"pt-BR","potentialAction":[{"@type":"ReadAction","target":["https:\/\/bertolinidirect.com\/pt\/products\/tables\/brisa-round-folding-table"]}]},{"@type":"ImageObject","inLanguage":"pt-BR","@id":"https:\/\/bertolinidirect.com\/pt\/products\/tables\/brisa-round-folding-table#primaryimage","url":"https:\/\/bertolinidirect.com\/wp-content\/uploads\/2025\/10\/Brisa_CT-72_Front45-e1760384319942.jpg","contentUrl":"https:\/\/bertolinidirect.com\/wp-content\/uploads\/2025\/10\/Brisa_CT-72_Front45-e1760384319942.jpg","width":678,"height":678,"caption":"Brisa round table 72inch front45 angle"},{"@type":"BreadcrumbList","@id":"https:\/\/bertolinidirect.com\/pt\/products\/tables\/brisa-round-folding-table#breadcrumb","itemListElement":[{"@type":"ListItem","position":1,"name":"Home","item":"https:\/\/bertolinidirect.com\/"},{"@type":"ListItem","position":2,"name":"Products","item":"https:\/\/bertolinidirect.com\/products"},{"@type":"ListItem","position":3,"name":"Tables","item":"https:\/\/bertolinidirect.com\/products\/tables"},{"@type":"ListItem","position":4,"name":"Brisa Round Folding Table"}]},{"@type":"WebSite","@id":"https:\/\/bertolinidirect.com\/pt\/#website","url":"https:\/\/bertolinidirect.com\/pt\/","name":"Bertolini","description":"","potentialAction":[{"@type":"SearchAction","target":{"@type":"EntryPoint","urlTemplate":"https:\/\/bertolinidirect.com\/pt\/?s={search_term_string}"},"query-input":{"@type":"PropertyValueSpecification","valueRequired":true,"valueName":"search_term_string"}}],"inLanguage":"pt-BR"}]}},"_links":{"self":[{"href":"https:\/\/bertolinidirect.com\/pt\/wp-json\/wp\/v2\/product\/24276","targetHints":{"allow":["GET"]}}],"collection":[{"href":"https:\/\/bertolinidirect.com\/pt\/wp-json\/wp\/v2\/product"}],"about":[{"href":"https:\/\/bertolinidirect.com\/pt\/wp-json\/wp\/v2\/types\/product"}],"wp:featuredmedia":[{"embeddable":true,"href":"https:\/\/bertolinidirect.com\/pt\/wp-json\/wp\/v2\/media\/24283"}],"wp:attachment":[{"href":"https:\/\/bertolinidirect.com\/pt\/wp-json\/wp\/v2\/media?parent=24276"}],"wp:term":[{"taxonomy":"product_brand","embeddable":true,"href":"https:\/\/bertolinidirect.com\/pt\/wp-json\/wp\/v2\/product_brand?post=24276"},{"taxonomy":"product_cat","embeddable":true,"href":"https:\/\/bertolinidirect.com\/pt\/wp-json\/wp\/v2\/product_cat?post=24276"},{"taxonomy":"product_tag","embeddable":true,"href":"https:\/\/bertolinidirect.com\/pt\/wp-json\/wp\/v2\/product_tag?post=24276"}],"curies":[{"name":"wp","href":"https:\/\/api.w.org\/{rel}","templated":true}]}}