{"id":24222,"date":"2025-10-13T16:55:12","date_gmt":"2025-10-13T16:55:12","guid":{"rendered":"https:\/\/bertolinidirect.com\/?post_type=product&#038;p=24222"},"modified":"2026-02-09T19:44:13","modified_gmt":"2026-02-09T19:44:13","slug":"brisa-rectangle-folding-table","status":"publish","type":"product","link":"https:\/\/bertolinidirect.com\/pt\/products\/tables\/brisa-rectangle-folding-table","title":{"rendered":"Mesa Dobr\u00e1vel Retangular Brisa"},"content":{"rendered":"<p>A Mesa Dobr\u00e1vel Retangular Brisa \u00e9 econ\u00f4mica e atraente. Possui um tampo resistente a manchas, feito de pl\u00e1stico moldado por sopro. Pr\u00e1tica e port\u00e1til, esta mesa acess\u00edvel e de n\u00edvel profissional est\u00e1 pronta para todos os eventos da igreja e da comunidade. Assim como as outras mesas dobr\u00e1veis da linha Brisa, ela \u00e9 principalmente para uso interno, embora possa ser usada ocasionalmente para uso externo de curto prazo.*<\/p>\n\n\n\n<p>Esta mesa retangular para banquetes est\u00e1 dispon\u00edvel em v\u00e1rios tamanhos, variando de 1,8 a 2,4 metros de comprimento, incluindo uma mesa de jantar (76 cm de largura) e uma mesa de semin\u00e1rio (45 cm de largura).<\/p>\n\n\n\n<p>Esta mesa dobr\u00e1vel retangular \u00e9 excelente para uso em todos os tipos de espa\u00e7os flex\u00edveis \u2014 eventos sociais da igreja, salas de escola dominical, semin\u00e1rios, \u00e1reas de exposi\u00e7\u00e3o, minist\u00e9rios de jovens, escrit\u00f3rios e muito mais.<br><br>Capacidade de assentos:<\/p>\n\n\n\n<ul class=\"wp-block-list\">\n<li>30\u2032\u2032 x 72\u2032\u2032 (mesa de 6 p\u00e9s de comprimento): 8 pessoas<\/li>\n\n\n\n<li>18\u201d x 72\u2032\u2032 (mesa de semin\u00e1rio de 6 p\u00e9s de comprimento): 3 pessoas<\/li>\n\n\n\n<li>30\u2032\u2032 x 96\u2032\u2032 (mesa de 8 p\u00e9s de comprimento): 10 pessoas<\/li>\n\n\n\n<li>18\u2032\u2032 x 96\u2032 (mesa de semin\u00e1rio de 8 p\u00e9s de comprimento): 4 pessoas<\/li>\n<\/ul>","protected":false},"excerpt":{"rendered":"<p>The Brisa Rectangle Folding Table is cost-effective and attractive. It features a stain-resistant tabletop made of blow-molded plastic. Practical and portable, this affordable, contract-grade table is ready for all church and community events. Like the other folding tables in the Brisa line, it\u2019s primarily for indoor use, although it can be used occasionally for short-term [&hellip;]<\/p>\n","protected":false},"featured_media":24242,"template":"","meta":{"_acf_changed":true},"product_brand":[90],"product_cat":[115,99],"product_tag":[],"class_list":{"0":"post-24222","1":"product","2":"type-product","3":"status-publish","4":"has-post-thumbnail","6":"product_brand-brisa","7":"product_cat-sale","8":"product_cat-tables","10":"first","11":"instock","12":"shipping-taxable","13":"purchasable","14":"product-type-simple"},"acf":[],"yoast_head":"<!-- This site is optimized with the Yoast SEO Premium plugin v24.2 (Yoast SEO v27.4) - https:\/\/yoast.com\/product\/yoast-seo-premium-wordpress\/ -->\n<title>Brisa Rectangle Folding Table | Bertolini Direct<\/title>\n<meta name=\"description\" content=\"The low-cost Brisa Rectangle Folding Table is ideal for church socials, dinners, and other light use. ANSI\/BIFMA compliant.\" \/>\n<meta name=\"robots\" content=\"index, follow, max-snippet:-1, max-image-preview:large, max-video-preview:-1\" \/>\n<link rel=\"canonical\" href=\"https:\/\/bertolinidirect.com\/pt\/products\/tables\/brisa-rectangle-folding-table\/\" \/>\n<meta property=\"og:locale\" content=\"pt_BR\" \/>\n<meta property=\"og:type\" content=\"article\" \/>\n<meta property=\"og:title\" content=\"Brisa Rectangle Folding Table\" \/>\n<meta property=\"og:description\" content=\"The low-cost Brisa Rectangle Folding Table is ideal for church socials, dinners, and other light use. ANSI\/BIFMA compliant.\" \/>\n<meta property=\"og:url\" content=\"https:\/\/bertolinidirect.com\/pt\/products\/tables\/brisa-rectangle-folding-table\/\" \/>\n<meta property=\"og:site_name\" content=\"Bertolini Direct\" \/>\n<meta property=\"article:modified_time\" content=\"2026-02-09T19:44:13+00:00\" \/>\n<meta property=\"og:image\" content=\"https:\/\/bertolinidirect.com\/wp-content\/uploads\/2025\/10\/Brisa_RT-30x72_Front45-min-e1760377385165.jpg\" \/>\n\t<meta property=\"og:image:width\" content=\"678\" \/>\n\t<meta property=\"og:image:height\" content=\"678\" \/>\n\t<meta property=\"og:image:type\" content=\"image\/jpeg\" \/>\n<meta name=\"twitter:card\" content=\"summary_large_image\" \/>\n<script type=\"application\/ld+json\" class=\"yoast-schema-graph\">{\"@context\":\"https:\\\/\\\/schema.org\",\"@graph\":[{\"@type\":\"WebPage\",\"@id\":\"https:\\\/\\\/bertolinidirect.com\\\/pt\\\/products\\\/tables\\\/brisa-rectangle-folding-table\",\"url\":\"https:\\\/\\\/bertolinidirect.com\\\/pt\\\/products\\\/tables\\\/brisa-rectangle-folding-table\",\"name\":\"Brisa Rectangle Folding Table | Bertolini Direct\",\"isPartOf\":{\"@id\":\"https:\\\/\\\/bertolinidirect.com\\\/pt\\\/#website\"},\"primaryImageOfPage\":{\"@id\":\"https:\\\/\\\/bertolinidirect.com\\\/pt\\\/products\\\/tables\\\/brisa-rectangle-folding-table#primaryimage\"},\"image\":{\"@id\":\"https:\\\/\\\/bertolinidirect.com\\\/pt\\\/products\\\/tables\\\/brisa-rectangle-folding-table#primaryimage\"},\"thumbnailUrl\":\"https:\\\/\\\/bertolinidirect.com\\\/wp-content\\\/uploads\\\/2025\\\/10\\\/Brisa_RT-30x72_Front45-min-e1760377385165.jpg\",\"datePublished\":\"2025-10-13T16:55:12+00:00\",\"dateModified\":\"2026-02-09T19:44:13+00:00\",\"description\":\"The low-cost Brisa Rectangle Folding Table is ideal for church socials, dinners, and other light use. ANSI\\\/BIFMA compliant.\",\"breadcrumb\":{\"@id\":\"https:\\\/\\\/bertolinidirect.com\\\/pt\\\/products\\\/tables\\\/brisa-rectangle-folding-table#breadcrumb\"},\"inLanguage\":\"pt-BR\",\"potentialAction\":[{\"@type\":\"ReadAction\",\"target\":[\"https:\\\/\\\/bertolinidirect.com\\\/pt\\\/products\\\/tables\\\/brisa-rectangle-folding-table\"]}]},{\"@type\":\"ImageObject\",\"inLanguage\":\"pt-BR\",\"@id\":\"https:\\\/\\\/bertolinidirect.com\\\/pt\\\/products\\\/tables\\\/brisa-rectangle-folding-table#primaryimage\",\"url\":\"https:\\\/\\\/bertolinidirect.com\\\/wp-content\\\/uploads\\\/2025\\\/10\\\/Brisa_RT-30x72_Front45-min-e1760377385165.jpg\",\"contentUrl\":\"https:\\\/\\\/bertolinidirect.com\\\/wp-content\\\/uploads\\\/2025\\\/10\\\/Brisa_RT-30x72_Front45-min-e1760377385165.jpg\",\"width\":678,\"height\":678,\"caption\":\"Brisa rectangle table 30x72 front 45 angle\"},{\"@type\":\"BreadcrumbList\",\"@id\":\"https:\\\/\\\/bertolinidirect.com\\\/pt\\\/products\\\/tables\\\/brisa-rectangle-folding-table#breadcrumb\",\"itemListElement\":[{\"@type\":\"ListItem\",\"position\":1,\"name\":\"Home\",\"item\":\"https:\\\/\\\/bertolinidirect.com\\\/\"},{\"@type\":\"ListItem\",\"position\":2,\"name\":\"Products\",\"item\":\"https:\\\/\\\/bertolinidirect.com\\\/products\"},{\"@type\":\"ListItem\",\"position\":3,\"name\":\"Tables\",\"item\":\"https:\\\/\\\/bertolinidirect.com\\\/products\\\/tables\"},{\"@type\":\"ListItem\",\"position\":4,\"name\":\"Brisa Rectangle Folding Table\"}]},{\"@type\":\"WebSite\",\"@id\":\"https:\\\/\\\/bertolinidirect.com\\\/pt\\\/#website\",\"url\":\"https:\\\/\\\/bertolinidirect.com\\\/pt\\\/\",\"name\":\"Bertolini\",\"description\":\"\",\"potentialAction\":[{\"@type\":\"SearchAction\",\"target\":{\"@type\":\"EntryPoint\",\"urlTemplate\":\"https:\\\/\\\/bertolinidirect.com\\\/pt\\\/?s={search_term_string}\"},\"query-input\":{\"@type\":\"PropertyValueSpecification\",\"valueRequired\":true,\"valueName\":\"search_term_string\"}}],\"inLanguage\":\"pt-BR\"}]}<\/script>\n<!-- \/ Yoast SEO Premium plugin. -->","yoast_head_json":{"title":"Mesa Dobr\u00e1vel Retangular Brisa | Bertolini Direct","description":"A Mesa Dobr\u00e1vel Retangular Brisa de baixo custo \u00e9 ideal para eventos sociais na igreja, jantares e outros usos leves. Em conformidade com ANSI\/BIFMA.","robots":{"index":"index","follow":"follow","max-snippet":"max-snippet:-1","max-image-preview":"max-image-preview:large","max-video-preview":"max-video-preview:-1"},"canonical":"https:\/\/bertolinidirect.com\/pt\/products\/tables\/brisa-rectangle-folding-table\/","og_locale":"pt_BR","og_type":"article","og_title":"Brisa Rectangle Folding Table","og_description":"The low-cost Brisa Rectangle Folding Table is ideal for church socials, dinners, and other light use. ANSI\/BIFMA compliant.","og_url":"https:\/\/bertolinidirect.com\/pt\/products\/tables\/brisa-rectangle-folding-table\/","og_site_name":"Bertolini Direct","article_modified_time":"2026-02-09T19:44:13+00:00","og_image":[{"width":678,"height":678,"url":"https:\/\/bertolinidirect.com\/wp-content\/uploads\/2025\/10\/Brisa_RT-30x72_Front45-min-e1760377385165.jpg","type":"image\/jpeg"}],"twitter_card":"summary_large_image","schema":{"@context":"https:\/\/schema.org","@graph":[{"@type":"WebPage","@id":"https:\/\/bertolinidirect.com\/pt\/products\/tables\/brisa-rectangle-folding-table","url":"https:\/\/bertolinidirect.com\/pt\/products\/tables\/brisa-rectangle-folding-table","name":"Mesa Dobr\u00e1vel Retangular Brisa | Bertolini Direct","isPartOf":{"@id":"https:\/\/bertolinidirect.com\/pt\/#website"},"primaryImageOfPage":{"@id":"https:\/\/bertolinidirect.com\/pt\/products\/tables\/brisa-rectangle-folding-table#primaryimage"},"image":{"@id":"https:\/\/bertolinidirect.com\/pt\/products\/tables\/brisa-rectangle-folding-table#primaryimage"},"thumbnailUrl":"https:\/\/bertolinidirect.com\/wp-content\/uploads\/2025\/10\/Brisa_RT-30x72_Front45-min-e1760377385165.jpg","datePublished":"2025-10-13T16:55:12+00:00","dateModified":"2026-02-09T19:44:13+00:00","description":"A Mesa Dobr\u00e1vel Retangular Brisa de baixo custo \u00e9 ideal para eventos sociais na igreja, jantares e outros usos leves. Em conformidade com ANSI\/BIFMA.","breadcrumb":{"@id":"https:\/\/bertolinidirect.com\/pt\/products\/tables\/brisa-rectangle-folding-table#breadcrumb"},"inLanguage":"pt-BR","potentialAction":[{"@type":"ReadAction","target":["https:\/\/bertolinidirect.com\/pt\/products\/tables\/brisa-rectangle-folding-table"]}]},{"@type":"ImageObject","inLanguage":"pt-BR","@id":"https:\/\/bertolinidirect.com\/pt\/products\/tables\/brisa-rectangle-folding-table#primaryimage","url":"https:\/\/bertolinidirect.com\/wp-content\/uploads\/2025\/10\/Brisa_RT-30x72_Front45-min-e1760377385165.jpg","contentUrl":"https:\/\/bertolinidirect.com\/wp-content\/uploads\/2025\/10\/Brisa_RT-30x72_Front45-min-e1760377385165.jpg","width":678,"height":678,"caption":"Brisa rectangle table 30x72 front 45 angle"},{"@type":"BreadcrumbList","@id":"https:\/\/bertolinidirect.com\/pt\/products\/tables\/brisa-rectangle-folding-table#breadcrumb","itemListElement":[{"@type":"ListItem","position":1,"name":"Home","item":"https:\/\/bertolinidirect.com\/"},{"@type":"ListItem","position":2,"name":"Products","item":"https:\/\/bertolinidirect.com\/products"},{"@type":"ListItem","position":3,"name":"Tables","item":"https:\/\/bertolinidirect.com\/products\/tables"},{"@type":"ListItem","position":4,"name":"Brisa Rectangle Folding Table"}]},{"@type":"WebSite","@id":"https:\/\/bertolinidirect.com\/pt\/#website","url":"https:\/\/bertolinidirect.com\/pt\/","name":"Bertolini","description":"","potentialAction":[{"@type":"SearchAction","target":{"@type":"EntryPoint","urlTemplate":"https:\/\/bertolinidirect.com\/pt\/?s={search_term_string}"},"query-input":{"@type":"PropertyValueSpecification","valueRequired":true,"valueName":"search_term_string"}}],"inLanguage":"pt-BR"}]}},"_links":{"self":[{"href":"https:\/\/bertolinidirect.com\/pt\/wp-json\/wp\/v2\/product\/24222","targetHints":{"allow":["GET"]}}],"collection":[{"href":"https:\/\/bertolinidirect.com\/pt\/wp-json\/wp\/v2\/product"}],"about":[{"href":"https:\/\/bertolinidirect.com\/pt\/wp-json\/wp\/v2\/types\/product"}],"wp:featuredmedia":[{"embeddable":true,"href":"https:\/\/bertolinidirect.com\/pt\/wp-json\/wp\/v2\/media\/24242"}],"wp:attachment":[{"href":"https:\/\/bertolinidirect.com\/pt\/wp-json\/wp\/v2\/media?parent=24222"}],"wp:term":[{"taxonomy":"product_brand","embeddable":true,"href":"https:\/\/bertolinidirect.com\/pt\/wp-json\/wp\/v2\/product_brand?post=24222"},{"taxonomy":"product_cat","embeddable":true,"href":"https:\/\/bertolinidirect.com\/pt\/wp-json\/wp\/v2\/product_cat?post=24222"},{"taxonomy":"product_tag","embeddable":true,"href":"https:\/\/bertolinidirect.com\/pt\/wp-json\/wp\/v2\/product_tag?post=24222"}],"curies":[{"name":"wp","href":"https:\/\/api.w.org\/{rel}","templated":true}]}}