{"id":24202,"date":"2025-10-13T22:30:04","date_gmt":"2025-10-13T22:30:04","guid":{"rendered":"https:\/\/bertolinidirect.com\/?post_type=product&#038;p=24202"},"modified":"2026-05-01T14:42:04","modified_gmt":"2026-05-01T14:42:04","slug":"brisa-plastic-folding-chairs","status":"publish","type":"product","link":"https:\/\/bertolinidirect.com\/pt\/products\/chairs\/brisa-plastic-folding-chairs","title":{"rendered":"Cadeiras Dobr\u00e1veis de Pl\u00e1stico Brisa"},"content":{"rendered":"<p>Batizadas com o nome da palavra espanhola para &quot;brisa&quot;, as cadeiras dobr\u00e1veis de pl\u00e1stico branco Brisa simplificam a configura\u00e7\u00e3o de qualquer evento. Uma estrutura de a\u00e7o cinza com revestimento em p\u00f3 sustenta o assento e o encosto feitos de pl\u00e1stico moldado espesso. Barras de suporte de a\u00e7o sob o assento adicionam resist\u00eancia e estabilidade.<\/p>\n\n\n\n<p>O assento e o encosto s\u00e3o feitos de pl\u00e1stico de polietileno branco resistente a manchas, enquanto a superf\u00edcie texturizada ajuda a evitar que o assento escorregue. O encosto levemente curvado proporciona um encaixe mais natural e confort\u00e1vel. Ferragens dur\u00e1veis e com deslizamento suave garantem uso prolongado e f\u00e1cil opera\u00e7\u00e3o.<\/p>\n\n\n\n<p>Voc\u00ea pode contar com a cadeira dobr\u00e1vel Brisa como uma solu\u00e7\u00e3o pr\u00e1tica e resistente para assentos extras quando precisar. Seu design compacto e resistente \u00e0 \u00e1gua a torna ideal para configura\u00e7\u00f5es flex\u00edveis em jantares da igreja, eventos comunit\u00e1rios, refeit\u00f3rios, semin\u00e1rios, minist\u00e9rios para jovens e crian\u00e7as, escrit\u00f3rios e muito mais. Use a cadeira dobr\u00e1vel Brisa em ambientes internos ou externos por curtos per\u00edodos em tempo seco.*<\/p>","protected":false},"excerpt":{"rendered":"<p>Named after the Spanish word for \u201cbreeze,\u201d the Brisa\u2019s white plastic folding chairs streamline any event setup. A gray, powder-coated steel frame supports a seat and backrest made from thick, molded plastic. Steel support bars beneath the seat add strength and stability. White, stain-resistant polyethylene plastic forms the seat and backrest, while a textured surface [&hellip;]<\/p>\n","protected":false},"featured_media":24210,"template":"","meta":{"_acf_changed":true},"product_brand":[90],"product_cat":[22,115],"product_tag":[],"class_list":{"0":"post-24202","1":"product","2":"type-product","3":"status-publish","4":"has-post-thumbnail","6":"product_brand-brisa","7":"product_cat-chairs","8":"product_cat-sale","10":"first","11":"instock","12":"shipping-taxable","13":"purchasable","14":"product-type-simple"},"acf":[],"yoast_head":"<!-- This site is optimized with the Yoast SEO Premium plugin v24.2 (Yoast SEO v27.4) - https:\/\/yoast.com\/product\/yoast-seo-premium-wordpress\/ -->\n<title>Brisa Plastic Folding Chairs | White Plastic Folding Chairs | Bertolini Direct<\/title>\n<meta name=\"description\" content=\"Unlike other white plastic folding chairs, Brisa\u2019s flexible seating is durable and easy to clean. They feature a sturdy steel frame and a compact design.\" \/>\n<meta name=\"robots\" content=\"index, follow, max-snippet:-1, max-image-preview:large, max-video-preview:-1\" \/>\n<link rel=\"canonical\" href=\"https:\/\/bertolinidirect.com\/pt\/products\/chairs\/brisa-plastic-folding-chairs\/\" \/>\n<meta property=\"og:locale\" content=\"pt_BR\" \/>\n<meta property=\"og:type\" content=\"article\" \/>\n<meta property=\"og:title\" content=\"Brisa Plastic Folding Chairs\" \/>\n<meta property=\"og:description\" content=\"Unlike other white plastic folding chairs, Brisa\u2019s flexible seating is durable and easy to clean. They feature a sturdy steel frame and a compact design.\" \/>\n<meta property=\"og:url\" content=\"https:\/\/bertolinidirect.com\/pt\/products\/chairs\/brisa-plastic-folding-chairs\/\" \/>\n<meta property=\"og:site_name\" content=\"Bertolini Direct\" \/>\n<meta property=\"article:modified_time\" content=\"2026-05-01T14:42:04+00:00\" \/>\n<meta property=\"og:image\" content=\"https:\/\/staging.bertolinidirect.com\/wp-content\/uploads\/2025\/10\/Brisa_Folding-Chair_featured.jpg\" \/>\n\t<meta property=\"og:image:width\" content=\"1024\" \/>\n\t<meta property=\"og:image:height\" content=\"1024\" \/>\n\t<meta property=\"og:image:type\" content=\"image\/jpeg\" \/>\n<meta name=\"twitter:card\" content=\"summary_large_image\" \/>\n<script type=\"application\/ld+json\" class=\"yoast-schema-graph\">{\"@context\":\"https:\\\/\\\/schema.org\",\"@graph\":[{\"@type\":\"WebPage\",\"@id\":\"https:\\\/\\\/bertolinidirect.com\\\/pt\\\/products\\\/chairs\\\/brisa-plastic-folding-chairs\",\"url\":\"https:\\\/\\\/bertolinidirect.com\\\/pt\\\/products\\\/chairs\\\/brisa-plastic-folding-chairs\",\"name\":\"Brisa Plastic Folding Chairs | White Plastic Folding Chairs | Bertolini Direct\",\"isPartOf\":{\"@id\":\"https:\\\/\\\/bertolinidirect.com\\\/pt\\\/#website\"},\"primaryImageOfPage\":{\"@id\":\"https:\\\/\\\/bertolinidirect.com\\\/pt\\\/products\\\/chairs\\\/brisa-plastic-folding-chairs#primaryimage\"},\"image\":{\"@id\":\"https:\\\/\\\/bertolinidirect.com\\\/pt\\\/products\\\/chairs\\\/brisa-plastic-folding-chairs#primaryimage\"},\"thumbnailUrl\":\"https:\\\/\\\/bertolinidirect.com\\\/wp-content\\\/uploads\\\/2025\\\/10\\\/Brisa_Folding-Chair_featured.jpg\",\"datePublished\":\"2025-10-13T22:30:04+00:00\",\"dateModified\":\"2026-05-01T14:42:04+00:00\",\"description\":\"Unlike other white plastic folding chairs, Brisa\u2019s flexible seating is durable and easy to clean. They feature a sturdy steel frame and a compact design.\",\"breadcrumb\":{\"@id\":\"https:\\\/\\\/bertolinidirect.com\\\/pt\\\/products\\\/chairs\\\/brisa-plastic-folding-chairs#breadcrumb\"},\"inLanguage\":\"pt-BR\",\"potentialAction\":[{\"@type\":\"ReadAction\",\"target\":[\"https:\\\/\\\/bertolinidirect.com\\\/pt\\\/products\\\/chairs\\\/brisa-plastic-folding-chairs\"]}]},{\"@type\":\"ImageObject\",\"inLanguage\":\"pt-BR\",\"@id\":\"https:\\\/\\\/bertolinidirect.com\\\/pt\\\/products\\\/chairs\\\/brisa-plastic-folding-chairs#primaryimage\",\"url\":\"https:\\\/\\\/bertolinidirect.com\\\/wp-content\\\/uploads\\\/2025\\\/10\\\/Brisa_Folding-Chair_featured.jpg\",\"contentUrl\":\"https:\\\/\\\/bertolinidirect.com\\\/wp-content\\\/uploads\\\/2025\\\/10\\\/Brisa_Folding-Chair_featured.jpg\",\"width\":1024,\"height\":1024,\"caption\":\"Front and back of the Brisa Folding Chair\"},{\"@type\":\"BreadcrumbList\",\"@id\":\"https:\\\/\\\/bertolinidirect.com\\\/pt\\\/products\\\/chairs\\\/brisa-plastic-folding-chairs#breadcrumb\",\"itemListElement\":[{\"@type\":\"ListItem\",\"position\":1,\"name\":\"Home\",\"item\":\"https:\\\/\\\/bertolinidirect.com\\\/\"},{\"@type\":\"ListItem\",\"position\":2,\"name\":\"Products\",\"item\":\"https:\\\/\\\/bertolinidirect.com\\\/products\"},{\"@type\":\"ListItem\",\"position\":3,\"name\":\"Chairs\",\"item\":\"https:\\\/\\\/bertolinidirect.com\\\/products\\\/chairs\"},{\"@type\":\"ListItem\",\"position\":4,\"name\":\"Brisa Plastic Folding Chairs\"}]},{\"@type\":\"WebSite\",\"@id\":\"https:\\\/\\\/bertolinidirect.com\\\/pt\\\/#website\",\"url\":\"https:\\\/\\\/bertolinidirect.com\\\/pt\\\/\",\"name\":\"Bertolini\",\"description\":\"\",\"potentialAction\":[{\"@type\":\"SearchAction\",\"target\":{\"@type\":\"EntryPoint\",\"urlTemplate\":\"https:\\\/\\\/bertolinidirect.com\\\/pt\\\/?s={search_term_string}\"},\"query-input\":{\"@type\":\"PropertyValueSpecification\",\"valueRequired\":true,\"valueName\":\"search_term_string\"}}],\"inLanguage\":\"pt-BR\"}]}<\/script>\n<!-- \/ Yoast SEO Premium plugin. -->","yoast_head_json":{"title":"Cadeiras dobr\u00e1veis de pl\u00e1stico Brisa | Cadeiras dobr\u00e1veis de pl\u00e1stico brancas | Bertolini Direct","description":"Diferentemente de outras cadeiras dobr\u00e1veis de pl\u00e1stico branco, os assentos flex\u00edveis da Brisa s\u00e3o dur\u00e1veis e f\u00e1ceis de limpar. Possuem uma estrutura robusta de a\u00e7o e um design compacto.","robots":{"index":"index","follow":"follow","max-snippet":"max-snippet:-1","max-image-preview":"max-image-preview:large","max-video-preview":"max-video-preview:-1"},"canonical":"https:\/\/bertolinidirect.com\/pt\/products\/chairs\/brisa-plastic-folding-chairs\/","og_locale":"pt_BR","og_type":"article","og_title":"Brisa Plastic Folding Chairs","og_description":"Unlike other white plastic folding chairs, Brisa\u2019s flexible seating is durable and easy to clean. They feature a sturdy steel frame and a compact design.","og_url":"https:\/\/bertolinidirect.com\/pt\/products\/chairs\/brisa-plastic-folding-chairs\/","og_site_name":"Bertolini Direct","article_modified_time":"2026-05-01T14:42:04+00:00","og_image":[{"width":1024,"height":1024,"url":"https:\/\/staging.bertolinidirect.com\/wp-content\/uploads\/2025\/10\/Brisa_Folding-Chair_featured.jpg","type":"image\/jpeg"}],"twitter_card":"summary_large_image","schema":{"@context":"https:\/\/schema.org","@graph":[{"@type":"WebPage","@id":"https:\/\/bertolinidirect.com\/pt\/products\/chairs\/brisa-plastic-folding-chairs","url":"https:\/\/bertolinidirect.com\/pt\/products\/chairs\/brisa-plastic-folding-chairs","name":"Cadeiras dobr\u00e1veis de pl\u00e1stico Brisa | Cadeiras dobr\u00e1veis de pl\u00e1stico brancas | Bertolini Direct","isPartOf":{"@id":"https:\/\/bertolinidirect.com\/pt\/#website"},"primaryImageOfPage":{"@id":"https:\/\/bertolinidirect.com\/pt\/products\/chairs\/brisa-plastic-folding-chairs#primaryimage"},"image":{"@id":"https:\/\/bertolinidirect.com\/pt\/products\/chairs\/brisa-plastic-folding-chairs#primaryimage"},"thumbnailUrl":"https:\/\/bertolinidirect.com\/wp-content\/uploads\/2025\/10\/Brisa_Folding-Chair_featured.jpg","datePublished":"2025-10-13T22:30:04+00:00","dateModified":"2026-05-01T14:42:04+00:00","description":"Diferentemente de outras cadeiras dobr\u00e1veis de pl\u00e1stico branco, os assentos flex\u00edveis da Brisa s\u00e3o dur\u00e1veis e f\u00e1ceis de limpar. Possuem uma estrutura robusta de a\u00e7o e um design compacto.","breadcrumb":{"@id":"https:\/\/bertolinidirect.com\/pt\/products\/chairs\/brisa-plastic-folding-chairs#breadcrumb"},"inLanguage":"pt-BR","potentialAction":[{"@type":"ReadAction","target":["https:\/\/bertolinidirect.com\/pt\/products\/chairs\/brisa-plastic-folding-chairs"]}]},{"@type":"ImageObject","inLanguage":"pt-BR","@id":"https:\/\/bertolinidirect.com\/pt\/products\/chairs\/brisa-plastic-folding-chairs#primaryimage","url":"https:\/\/bertolinidirect.com\/wp-content\/uploads\/2025\/10\/Brisa_Folding-Chair_featured.jpg","contentUrl":"https:\/\/bertolinidirect.com\/wp-content\/uploads\/2025\/10\/Brisa_Folding-Chair_featured.jpg","width":1024,"height":1024,"caption":"Front and back of the Brisa Folding Chair"},{"@type":"BreadcrumbList","@id":"https:\/\/bertolinidirect.com\/pt\/products\/chairs\/brisa-plastic-folding-chairs#breadcrumb","itemListElement":[{"@type":"ListItem","position":1,"name":"Home","item":"https:\/\/bertolinidirect.com\/"},{"@type":"ListItem","position":2,"name":"Products","item":"https:\/\/bertolinidirect.com\/products"},{"@type":"ListItem","position":3,"name":"Chairs","item":"https:\/\/bertolinidirect.com\/products\/chairs"},{"@type":"ListItem","position":4,"name":"Brisa Plastic Folding Chairs"}]},{"@type":"WebSite","@id":"https:\/\/bertolinidirect.com\/pt\/#website","url":"https:\/\/bertolinidirect.com\/pt\/","name":"Bertolini","description":"","potentialAction":[{"@type":"SearchAction","target":{"@type":"EntryPoint","urlTemplate":"https:\/\/bertolinidirect.com\/pt\/?s={search_term_string}"},"query-input":{"@type":"PropertyValueSpecification","valueRequired":true,"valueName":"search_term_string"}}],"inLanguage":"pt-BR"}]}},"_links":{"self":[{"href":"https:\/\/bertolinidirect.com\/pt\/wp-json\/wp\/v2\/product\/24202","targetHints":{"allow":["GET"]}}],"collection":[{"href":"https:\/\/bertolinidirect.com\/pt\/wp-json\/wp\/v2\/product"}],"about":[{"href":"https:\/\/bertolinidirect.com\/pt\/wp-json\/wp\/v2\/types\/product"}],"wp:featuredmedia":[{"embeddable":true,"href":"https:\/\/bertolinidirect.com\/pt\/wp-json\/wp\/v2\/media\/24210"}],"wp:attachment":[{"href":"https:\/\/bertolinidirect.com\/pt\/wp-json\/wp\/v2\/media?parent=24202"}],"wp:term":[{"taxonomy":"product_brand","embeddable":true,"href":"https:\/\/bertolinidirect.com\/pt\/wp-json\/wp\/v2\/product_brand?post=24202"},{"taxonomy":"product_cat","embeddable":true,"href":"https:\/\/bertolinidirect.com\/pt\/wp-json\/wp\/v2\/product_cat?post=24202"},{"taxonomy":"product_tag","embeddable":true,"href":"https:\/\/bertolinidirect.com\/pt\/wp-json\/wp\/v2\/product_tag?post=24202"}],"curies":[{"name":"wp","href":"https:\/\/api.w.org\/{rel}","templated":true}]}}