{"id":24069,"date":"2025-09-22T19:55:20","date_gmt":"2025-09-22T19:55:20","guid":{"rendered":"https:\/\/bertolinidirect.com\/?post_type=product&#038;p=24069"},"modified":"2025-10-23T19:51:25","modified_gmt":"2025-10-23T19:51:25","slug":"hd-premier-stacking-chair","status":"publish","type":"product","link":"https:\/\/bertolinidirect.com\/pt\/products\/chairs\/hd-premier-stacking-chair","title":{"rendered":"Cadeira empilh\u00e1vel HD Premier"},"content":{"rendered":"<p>A Cadeira Empilh\u00e1vel HD Premier \u00e9 o nosso modelo topo de linha. Moderna e minimalista, a Cadeira Empilh\u00e1vel HD Premier \u00e9 extremamente confort\u00e1vel, gra\u00e7as \u00e0s superf\u00edcies flex\u00edveis em tecido de malha que oferecem suporte ao corpo com facilidade.<\/p>\n<p>A estrutura elegante e empilh\u00e1vel \u00e9 constru\u00edda com uma haste de a\u00e7o s\u00f3lida e possui um encosto curvo, proporcionando maior conforto. Os assentos e encostos s\u00e3o feitos de tecido respir\u00e1vel OEKO-TEX\u00ae 100 Certified Grau 2 Mesh, que \u00e9 o padr\u00e3o da ind\u00fastria em tecidos n\u00e3o irritantes.<\/p>\n<p>Pr\u00e1tica e discreta, esta cadeira empilh\u00e1vel possui deslizadores 2 em 1 que protegem o piso e clipes de fixa\u00e7\u00e3o integrados nas laterais para conectar as cadeiras em fileiras. A Cadeira Empilh\u00e1vel HD Premier \u00e9 uma cadeira de eventos ideal para todos os tipos de \u00e1reas multiuso \u2014 incluindo casas de shows e apresenta\u00e7\u00f5es, salas de treinamento, refeit\u00f3rios, bibliotecas, assentos para hospitais e outros locais p\u00fablicos.<\/p>\n<p><span class=\"TextRun SCXW109362997 BCX0\" lang=\"EN-US\" xml:lang=\"EN-US\" data-contrast=\"auto\"><span class=\"NormalTextRun SCXW109362997 BCX0\">A <\/span><span class=\"NormalTextRun SCXW109362997 BCX0\">LIVRE<\/span><span class=\"NormalTextRun SCXW109362997 BCX0\"> o carrinho est\u00e1 inclu\u00eddo com cada pilha de <\/span><span class=\"NormalTextRun SCXW109362997 BCX0\">3<\/span><span class=\"NormalTextRun SCXW109362997 BCX0\">0 cadeiras.<\/span><\/span><\/p>","protected":false},"excerpt":{"rendered":"<p>The HD Premier Stacking Chair is our highest-end model. Modern and minimalistic, the HD Premier Stacking Chair is extremely comfortable, thanks to flexible, mesh fabric surfaces that support the body with ease. The sleek, stackable frame is built with a solid steel rod and features a curved backrest, adding greater comfort. The seats and backrests [&hellip;]<\/p>\n","protected":false},"featured_media":24097,"template":"","meta":{"_acf_changed":false},"product_brand":[89],"product_cat":[22],"product_tag":[],"class_list":{"0":"post-24069","1":"product","2":"type-product","3":"status-publish","4":"has-post-thumbnail","6":"product_brand-hd-series","7":"product_cat-chairs","9":"first","10":"instock","11":"shipping-taxable","12":"purchasable","13":"product-type-simple"},"acf":[],"yoast_head":"<!-- This site is optimized with the Yoast SEO Premium plugin v24.2 (Yoast SEO v27.4) - https:\/\/yoast.com\/product\/yoast-seo-premium-wordpress\/ -->\n<title>HD Premier Stacking Chair | Mesh Event Seating | Bertolini Direct<\/title>\n<meta name=\"description\" content=\"Ergonomic mesh stacking chair with curved back, ganging clips &amp; free cart with 40 chairs. Ideal for events, offices &amp; high-traffic spaces.\" \/>\n<meta name=\"robots\" content=\"index, follow, max-snippet:-1, max-image-preview:large, max-video-preview:-1\" \/>\n<link rel=\"canonical\" href=\"https:\/\/bertolinidirect.com\/pt\/products\/chairs\/hd-premier-stacking-chair\/\" \/>\n<meta property=\"og:locale\" content=\"pt_BR\" \/>\n<meta property=\"og:type\" content=\"article\" \/>\n<meta property=\"og:title\" content=\"HD Premier Stacking Chair\" \/>\n<meta property=\"og:description\" content=\"Ergonomic mesh stacking chair with curved back, ganging clips &amp; free cart with 40 chairs. Ideal for events, offices &amp; high-traffic spaces.\" \/>\n<meta property=\"og:url\" content=\"https:\/\/bertolinidirect.com\/pt\/products\/chairs\/hd-premier-stacking-chair\/\" \/>\n<meta property=\"og:site_name\" content=\"Bertolini Direct\" \/>\n<meta property=\"article:modified_time\" content=\"2025-10-23T19:51:25+00:00\" \/>\n<meta property=\"og:image\" content=\"https:\/\/bertolinidirect.com\/wp-content\/uploads\/2025\/09\/BERT_HD-Premier_SHADOWS.jpg\" \/>\n\t<meta property=\"og:image:width\" content=\"1024\" \/>\n\t<meta property=\"og:image:height\" content=\"1024\" \/>\n\t<meta property=\"og:image:type\" content=\"image\/jpeg\" \/>\n<meta name=\"twitter:card\" content=\"summary_large_image\" \/>\n<script type=\"application\/ld+json\" class=\"yoast-schema-graph\">{\"@context\":\"https:\\\/\\\/schema.org\",\"@graph\":[{\"@type\":\"WebPage\",\"@id\":\"https:\\\/\\\/bertolinidirect.com\\\/pt\\\/products\\\/chairs\\\/hd-premier-stacking-chair\",\"url\":\"https:\\\/\\\/bertolinidirect.com\\\/pt\\\/products\\\/chairs\\\/hd-premier-stacking-chair\",\"name\":\"HD Premier Stacking Chair | Mesh Event Seating | Bertolini Direct\",\"isPartOf\":{\"@id\":\"https:\\\/\\\/bertolinidirect.com\\\/pt\\\/#website\"},\"primaryImageOfPage\":{\"@id\":\"https:\\\/\\\/bertolinidirect.com\\\/pt\\\/products\\\/chairs\\\/hd-premier-stacking-chair#primaryimage\"},\"image\":{\"@id\":\"https:\\\/\\\/bertolinidirect.com\\\/pt\\\/products\\\/chairs\\\/hd-premier-stacking-chair#primaryimage\"},\"thumbnailUrl\":\"https:\\\/\\\/bertolinidirect.com\\\/wp-content\\\/uploads\\\/2025\\\/09\\\/BERT_HD-Premier_SHADOWS.jpg\",\"datePublished\":\"2025-09-22T19:55:20+00:00\",\"dateModified\":\"2025-10-23T19:51:25+00:00\",\"description\":\"Ergonomic mesh stacking chair with curved back, ganging clips & free cart with 40 chairs. Ideal for events, offices & high-traffic spaces.\",\"breadcrumb\":{\"@id\":\"https:\\\/\\\/bertolinidirect.com\\\/pt\\\/products\\\/chairs\\\/hd-premier-stacking-chair#breadcrumb\"},\"inLanguage\":\"pt-BR\",\"potentialAction\":[{\"@type\":\"ReadAction\",\"target\":[\"https:\\\/\\\/bertolinidirect.com\\\/pt\\\/products\\\/chairs\\\/hd-premier-stacking-chair\"]}]},{\"@type\":\"ImageObject\",\"inLanguage\":\"pt-BR\",\"@id\":\"https:\\\/\\\/bertolinidirect.com\\\/pt\\\/products\\\/chairs\\\/hd-premier-stacking-chair#primaryimage\",\"url\":\"https:\\\/\\\/bertolinidirect.com\\\/wp-content\\\/uploads\\\/2025\\\/09\\\/BERT_HD-Premier_SHADOWS.jpg\",\"contentUrl\":\"https:\\\/\\\/bertolinidirect.com\\\/wp-content\\\/uploads\\\/2025\\\/09\\\/BERT_HD-Premier_SHADOWS.jpg\",\"width\":1024,\"height\":1024,\"caption\":\"HD Premiere front and back studio image\"},{\"@type\":\"BreadcrumbList\",\"@id\":\"https:\\\/\\\/bertolinidirect.com\\\/pt\\\/products\\\/chairs\\\/hd-premier-stacking-chair#breadcrumb\",\"itemListElement\":[{\"@type\":\"ListItem\",\"position\":1,\"name\":\"Home\",\"item\":\"https:\\\/\\\/bertolinidirect.com\\\/\"},{\"@type\":\"ListItem\",\"position\":2,\"name\":\"Products\",\"item\":\"https:\\\/\\\/bertolinidirect.com\\\/products\"},{\"@type\":\"ListItem\",\"position\":3,\"name\":\"Chairs\",\"item\":\"https:\\\/\\\/bertolinidirect.com\\\/products\\\/chairs\"},{\"@type\":\"ListItem\",\"position\":4,\"name\":\"HD Premier Stacking Chair\"}]},{\"@type\":\"WebSite\",\"@id\":\"https:\\\/\\\/bertolinidirect.com\\\/pt\\\/#website\",\"url\":\"https:\\\/\\\/bertolinidirect.com\\\/pt\\\/\",\"name\":\"Bertolini\",\"description\":\"\",\"potentialAction\":[{\"@type\":\"SearchAction\",\"target\":{\"@type\":\"EntryPoint\",\"urlTemplate\":\"https:\\\/\\\/bertolinidirect.com\\\/pt\\\/?s={search_term_string}\"},\"query-input\":{\"@type\":\"PropertyValueSpecification\",\"valueRequired\":true,\"valueName\":\"search_term_string\"}}],\"inLanguage\":\"pt-BR\"}]}<\/script>\n<!-- \/ Yoast SEO Premium plugin. -->","yoast_head_json":{"title":"Cadeira empilh\u00e1vel HD Premier | Assentos de malha para eventos | Bertolini Direct","description":"Cadeira ergon\u00f4mica empilh\u00e1vel de tela com encosto curvo, clipes de fixa\u00e7\u00e3o e carrinho com 40 cadeiras. Ideal para eventos, escrit\u00f3rios e espa\u00e7os de alto tr\u00e1fego.","robots":{"index":"index","follow":"follow","max-snippet":"max-snippet:-1","max-image-preview":"max-image-preview:large","max-video-preview":"max-video-preview:-1"},"canonical":"https:\/\/bertolinidirect.com\/pt\/products\/chairs\/hd-premier-stacking-chair\/","og_locale":"pt_BR","og_type":"article","og_title":"HD Premier Stacking Chair","og_description":"Ergonomic mesh stacking chair with curved back, ganging clips & free cart with 40 chairs. Ideal for events, offices & high-traffic spaces.","og_url":"https:\/\/bertolinidirect.com\/pt\/products\/chairs\/hd-premier-stacking-chair\/","og_site_name":"Bertolini Direct","article_modified_time":"2025-10-23T19:51:25+00:00","og_image":[{"width":1024,"height":1024,"url":"https:\/\/bertolinidirect.com\/wp-content\/uploads\/2025\/09\/BERT_HD-Premier_SHADOWS.jpg","type":"image\/jpeg"}],"twitter_card":"summary_large_image","schema":{"@context":"https:\/\/schema.org","@graph":[{"@type":"WebPage","@id":"https:\/\/bertolinidirect.com\/pt\/products\/chairs\/hd-premier-stacking-chair","url":"https:\/\/bertolinidirect.com\/pt\/products\/chairs\/hd-premier-stacking-chair","name":"Cadeira empilh\u00e1vel HD Premier | Assentos de malha para eventos | Bertolini Direct","isPartOf":{"@id":"https:\/\/bertolinidirect.com\/pt\/#website"},"primaryImageOfPage":{"@id":"https:\/\/bertolinidirect.com\/pt\/products\/chairs\/hd-premier-stacking-chair#primaryimage"},"image":{"@id":"https:\/\/bertolinidirect.com\/pt\/products\/chairs\/hd-premier-stacking-chair#primaryimage"},"thumbnailUrl":"https:\/\/bertolinidirect.com\/wp-content\/uploads\/2025\/09\/BERT_HD-Premier_SHADOWS.jpg","datePublished":"2025-09-22T19:55:20+00:00","dateModified":"2025-10-23T19:51:25+00:00","description":"Cadeira ergon\u00f4mica empilh\u00e1vel de tela com encosto curvo, clipes de fixa\u00e7\u00e3o e carrinho com 40 cadeiras. Ideal para eventos, escrit\u00f3rios e espa\u00e7os de alto tr\u00e1fego.","breadcrumb":{"@id":"https:\/\/bertolinidirect.com\/pt\/products\/chairs\/hd-premier-stacking-chair#breadcrumb"},"inLanguage":"pt-BR","potentialAction":[{"@type":"ReadAction","target":["https:\/\/bertolinidirect.com\/pt\/products\/chairs\/hd-premier-stacking-chair"]}]},{"@type":"ImageObject","inLanguage":"pt-BR","@id":"https:\/\/bertolinidirect.com\/pt\/products\/chairs\/hd-premier-stacking-chair#primaryimage","url":"https:\/\/bertolinidirect.com\/wp-content\/uploads\/2025\/09\/BERT_HD-Premier_SHADOWS.jpg","contentUrl":"https:\/\/bertolinidirect.com\/wp-content\/uploads\/2025\/09\/BERT_HD-Premier_SHADOWS.jpg","width":1024,"height":1024,"caption":"HD Premiere front and back studio image"},{"@type":"BreadcrumbList","@id":"https:\/\/bertolinidirect.com\/pt\/products\/chairs\/hd-premier-stacking-chair#breadcrumb","itemListElement":[{"@type":"ListItem","position":1,"name":"Home","item":"https:\/\/bertolinidirect.com\/"},{"@type":"ListItem","position":2,"name":"Products","item":"https:\/\/bertolinidirect.com\/products"},{"@type":"ListItem","position":3,"name":"Chairs","item":"https:\/\/bertolinidirect.com\/products\/chairs"},{"@type":"ListItem","position":4,"name":"HD Premier Stacking Chair"}]},{"@type":"WebSite","@id":"https:\/\/bertolinidirect.com\/pt\/#website","url":"https:\/\/bertolinidirect.com\/pt\/","name":"Bertolini","description":"","potentialAction":[{"@type":"SearchAction","target":{"@type":"EntryPoint","urlTemplate":"https:\/\/bertolinidirect.com\/pt\/?s={search_term_string}"},"query-input":{"@type":"PropertyValueSpecification","valueRequired":true,"valueName":"search_term_string"}}],"inLanguage":"pt-BR"}]}},"_links":{"self":[{"href":"https:\/\/bertolinidirect.com\/pt\/wp-json\/wp\/v2\/product\/24069","targetHints":{"allow":["GET"]}}],"collection":[{"href":"https:\/\/bertolinidirect.com\/pt\/wp-json\/wp\/v2\/product"}],"about":[{"href":"https:\/\/bertolinidirect.com\/pt\/wp-json\/wp\/v2\/types\/product"}],"wp:featuredmedia":[{"embeddable":true,"href":"https:\/\/bertolinidirect.com\/pt\/wp-json\/wp\/v2\/media\/24097"}],"wp:attachment":[{"href":"https:\/\/bertolinidirect.com\/pt\/wp-json\/wp\/v2\/media?parent=24069"}],"wp:term":[{"taxonomy":"product_brand","embeddable":true,"href":"https:\/\/bertolinidirect.com\/pt\/wp-json\/wp\/v2\/product_brand?post=24069"},{"taxonomy":"product_cat","embeddable":true,"href":"https:\/\/bertolinidirect.com\/pt\/wp-json\/wp\/v2\/product_cat?post=24069"},{"taxonomy":"product_tag","embeddable":true,"href":"https:\/\/bertolinidirect.com\/pt\/wp-json\/wp\/v2\/product_tag?post=24069"}],"curies":[{"name":"wp","href":"https:\/\/api.w.org\/{rel}","templated":true}]}}