{"id":24068,"date":"2025-09-22T19:49:23","date_gmt":"2025-09-22T19:49:23","guid":{"rendered":"https:\/\/bertolinidirect.com\/?post_type=product&#038;p=24068"},"modified":"2025-10-23T19:51:16","modified_gmt":"2025-10-23T19:51:16","slug":"hd-select-stacking-chair","status":"publish","type":"product","link":"https:\/\/bertolinidirect.com\/pt\/products\/chairs\/hd-select-stacking-chair","title":{"rendered":"Cadeira empilh\u00e1vel HD Select"},"content":{"rendered":"<p>Com uma silhueta elegante, a Cadeira Empilh\u00e1vel HD Select tem um estilo clean e minimalista que combina funcionalidade com um toque moderno. A estrutura da base do tren\u00f3 \u00e9 feita de um tubo de a\u00e7o oco, o que a torna leve, est\u00e1vel e dur\u00e1vel. Possui um assento de vinil flex\u00edvel e levemente acolchoado para maior conforto, f\u00e1cil de limpar. O encosto curvo \u00e9 feito de pl\u00e1stico polipropileno resistente a arranh\u00f5es.<\/p>\n<p>Pr\u00e1tica e profissional, possui clipes de fixa\u00e7\u00e3o integrados nos deslizadores de piso para conectar as cadeiras em fileiras organizadas. Almofadas de pl\u00e1stico de nylon na parte inferior dos deslizadores facilitam o deslizamento da cadeira para fora da mesa em pisos duros. Esta cadeira \u00e9 ideal para ambientes de alto tr\u00e1fego, como salas de treinamento, refeit\u00f3rios, escolas, shows e locais de eventos.<\/p>\n<p>Um carrinho GRATUITO est\u00e1 inclu\u00eddo em cada pilha de 30 cadeiras.<\/p>","protected":false},"excerpt":{"rendered":"<p>Sporting a sleek silhouette, the HD Select Stacking Chair has a clean, minimalist style that blends function with modern appeal. The sled base frame is made with a hollow steel tube, which makes it lightweight, stable, and durable. It features a flexible, lightly padded vinyl seat for comfort, which is easy to wipe clean. The [&hellip;]<\/p>\n","protected":false},"featured_media":24098,"template":"","meta":{"_acf_changed":true},"product_brand":[89],"product_cat":[22],"product_tag":[],"class_list":{"0":"post-24068","1":"product","2":"type-product","3":"status-publish","4":"has-post-thumbnail","6":"product_brand-hd-series","7":"product_cat-chairs","9":"first","10":"instock","11":"shipping-taxable","12":"purchasable","13":"product-type-simple"},"acf":[],"yoast_head":"<!-- This site is optimized with the Yoast SEO Premium plugin v24.2 (Yoast SEO v27.1.1) - https:\/\/yoast.com\/product\/yoast-seo-premium-wordpress\/ -->\n<title>HD Select Stacking Chair | Sleek, Durable Stacker | Bertolini Direct<\/title>\n<meta name=\"description\" content=\"Modern black stacking chair with metal sled base, foam seat, ganging clips &amp; free cart with 40 chairs. Perfect for classrooms, events &amp; multipurpose spaces.\" \/>\n<meta name=\"robots\" content=\"index, follow, max-snippet:-1, max-image-preview:large, max-video-preview:-1\" \/>\n<link rel=\"canonical\" href=\"https:\/\/bertolinidirect.com\/pt\/products\/chairs\/hd-select-stacking-chair\/\" \/>\n<meta property=\"og:locale\" content=\"pt_BR\" \/>\n<meta property=\"og:type\" content=\"article\" \/>\n<meta property=\"og:title\" content=\"HD Select Stacking Chair\" \/>\n<meta property=\"og:description\" content=\"Modern black stacking chair with metal sled base, foam seat, ganging clips &amp; free cart with 40 chairs. Perfect for classrooms, events &amp; multipurpose spaces.\" \/>\n<meta property=\"og:url\" content=\"https:\/\/bertolinidirect.com\/pt\/products\/chairs\/hd-select-stacking-chair\/\" \/>\n<meta property=\"og:site_name\" content=\"Bertolini Direct\" \/>\n<meta property=\"article:modified_time\" content=\"2025-10-23T19:51:16+00:00\" \/>\n<meta property=\"og:image\" content=\"https:\/\/bertolinidirect.com\/wp-content\/uploads\/2025\/09\/BERT_HD-Select_SHADOWS.jpg\" \/>\n\t<meta property=\"og:image:width\" content=\"1024\" \/>\n\t<meta property=\"og:image:height\" content=\"1024\" \/>\n\t<meta property=\"og:image:type\" content=\"image\/jpeg\" \/>\n<meta name=\"twitter:card\" content=\"summary_large_image\" \/>\n<script type=\"application\/ld+json\" class=\"yoast-schema-graph\">{\"@context\":\"https:\/\/schema.org\",\"@graph\":[{\"@type\":\"WebPage\",\"@id\":\"https:\/\/bertolinidirect.com\/pt\/products\/chairs\/hd-select-stacking-chair\",\"url\":\"https:\/\/bertolinidirect.com\/pt\/products\/chairs\/hd-select-stacking-chair\",\"name\":\"HD Select Stacking Chair | Sleek, Durable Stacker | Bertolini Direct\",\"isPartOf\":{\"@id\":\"https:\/\/bertolinidirect.com\/pt\/#website\"},\"primaryImageOfPage\":{\"@id\":\"https:\/\/bertolinidirect.com\/pt\/products\/chairs\/hd-select-stacking-chair#primaryimage\"},\"image\":{\"@id\":\"https:\/\/bertolinidirect.com\/pt\/products\/chairs\/hd-select-stacking-chair#primaryimage\"},\"thumbnailUrl\":\"https:\/\/bertolinidirect.com\/wp-content\/uploads\/2025\/09\/BERT_HD-Select_SHADOWS.jpg\",\"datePublished\":\"2025-09-22T19:49:23+00:00\",\"dateModified\":\"2025-10-23T19:51:16+00:00\",\"description\":\"Modern black stacking chair with metal sled base, foam seat, ganging clips & free cart with 40 chairs. Perfect for classrooms, events & multipurpose spaces.\",\"breadcrumb\":{\"@id\":\"https:\/\/bertolinidirect.com\/pt\/products\/chairs\/hd-select-stacking-chair#breadcrumb\"},\"inLanguage\":\"pt-BR\",\"potentialAction\":[{\"@type\":\"ReadAction\",\"target\":[\"https:\/\/bertolinidirect.com\/pt\/products\/chairs\/hd-select-stacking-chair\"]}]},{\"@type\":\"ImageObject\",\"inLanguage\":\"pt-BR\",\"@id\":\"https:\/\/bertolinidirect.com\/pt\/products\/chairs\/hd-select-stacking-chair#primaryimage\",\"url\":\"https:\/\/bertolinidirect.com\/wp-content\/uploads\/2025\/09\/BERT_HD-Select_SHADOWS.jpg\",\"contentUrl\":\"https:\/\/bertolinidirect.com\/wp-content\/uploads\/2025\/09\/BERT_HD-Select_SHADOWS.jpg\",\"width\":1024,\"height\":1024,\"caption\":\"HD Select front and back studio shot\"},{\"@type\":\"BreadcrumbList\",\"@id\":\"https:\/\/bertolinidirect.com\/pt\/products\/chairs\/hd-select-stacking-chair#breadcrumb\",\"itemListElement\":[{\"@type\":\"ListItem\",\"position\":1,\"name\":\"Home\",\"item\":\"https:\/\/bertolinidirect.com\/\"},{\"@type\":\"ListItem\",\"position\":2,\"name\":\"Products\",\"item\":\"https:\/\/bertolinidirect.com\/products\"},{\"@type\":\"ListItem\",\"position\":3,\"name\":\"Chairs\",\"item\":\"https:\/\/bertolinidirect.com\/products\/chairs\"},{\"@type\":\"ListItem\",\"position\":4,\"name\":\"HD Select Stacking Chair\"}]},{\"@type\":\"WebSite\",\"@id\":\"https:\/\/bertolinidirect.com\/pt\/#website\",\"url\":\"https:\/\/bertolinidirect.com\/pt\/\",\"name\":\"Bertolini\",\"description\":\"\",\"potentialAction\":[{\"@type\":\"SearchAction\",\"target\":{\"@type\":\"EntryPoint\",\"urlTemplate\":\"https:\/\/bertolinidirect.com\/pt\/?s={search_term_string}\"},\"query-input\":{\"@type\":\"PropertyValueSpecification\",\"valueRequired\":true,\"valueName\":\"search_term_string\"}}],\"inLanguage\":\"pt-BR\"}]}<\/script>\n<!-- \/ Yoast SEO Premium plugin. -->","yoast_head_json":{"title":"Cadeira Empilh\u00e1vel HD Select | Empilh\u00e1vel Elegante e Dur\u00e1vel | Bertolini Direct","description":"Cadeira empilh\u00e1vel preta moderna com base de metal, assento de espuma, clipes de fixa\u00e7\u00e3o e carrinho com 40 cadeiras. Perfeita para salas de aula, eventos e espa\u00e7os multiuso.","robots":{"index":"index","follow":"follow","max-snippet":"max-snippet:-1","max-image-preview":"max-image-preview:large","max-video-preview":"max-video-preview:-1"},"canonical":"https:\/\/bertolinidirect.com\/pt\/products\/chairs\/hd-select-stacking-chair\/","og_locale":"pt_BR","og_type":"article","og_title":"HD Select Stacking Chair","og_description":"Modern black stacking chair with metal sled base, foam seat, ganging clips & free cart with 40 chairs. Perfect for classrooms, events & multipurpose spaces.","og_url":"https:\/\/bertolinidirect.com\/pt\/products\/chairs\/hd-select-stacking-chair\/","og_site_name":"Bertolini Direct","article_modified_time":"2025-10-23T19:51:16+00:00","og_image":[{"width":1024,"height":1024,"url":"https:\/\/bertolinidirect.com\/wp-content\/uploads\/2025\/09\/BERT_HD-Select_SHADOWS.jpg","type":"image\/jpeg"}],"twitter_card":"summary_large_image","schema":{"@context":"https:\/\/schema.org","@graph":[{"@type":"WebPage","@id":"https:\/\/bertolinidirect.com\/pt\/products\/chairs\/hd-select-stacking-chair","url":"https:\/\/bertolinidirect.com\/pt\/products\/chairs\/hd-select-stacking-chair","name":"Cadeira Empilh\u00e1vel HD Select | Empilh\u00e1vel Elegante e Dur\u00e1vel | Bertolini Direct","isPartOf":{"@id":"https:\/\/bertolinidirect.com\/pt\/#website"},"primaryImageOfPage":{"@id":"https:\/\/bertolinidirect.com\/pt\/products\/chairs\/hd-select-stacking-chair#primaryimage"},"image":{"@id":"https:\/\/bertolinidirect.com\/pt\/products\/chairs\/hd-select-stacking-chair#primaryimage"},"thumbnailUrl":"https:\/\/bertolinidirect.com\/wp-content\/uploads\/2025\/09\/BERT_HD-Select_SHADOWS.jpg","datePublished":"2025-09-22T19:49:23+00:00","dateModified":"2025-10-23T19:51:16+00:00","description":"Cadeira empilh\u00e1vel preta moderna com base de metal, assento de espuma, clipes de fixa\u00e7\u00e3o e carrinho com 40 cadeiras. Perfeita para salas de aula, eventos e espa\u00e7os multiuso.","breadcrumb":{"@id":"https:\/\/bertolinidirect.com\/pt\/products\/chairs\/hd-select-stacking-chair#breadcrumb"},"inLanguage":"pt-BR","potentialAction":[{"@type":"ReadAction","target":["https:\/\/bertolinidirect.com\/pt\/products\/chairs\/hd-select-stacking-chair"]}]},{"@type":"ImageObject","inLanguage":"pt-BR","@id":"https:\/\/bertolinidirect.com\/pt\/products\/chairs\/hd-select-stacking-chair#primaryimage","url":"https:\/\/bertolinidirect.com\/wp-content\/uploads\/2025\/09\/BERT_HD-Select_SHADOWS.jpg","contentUrl":"https:\/\/bertolinidirect.com\/wp-content\/uploads\/2025\/09\/BERT_HD-Select_SHADOWS.jpg","width":1024,"height":1024,"caption":"HD Select front and back studio shot"},{"@type":"BreadcrumbList","@id":"https:\/\/bertolinidirect.com\/pt\/products\/chairs\/hd-select-stacking-chair#breadcrumb","itemListElement":[{"@type":"ListItem","position":1,"name":"Home","item":"https:\/\/bertolinidirect.com\/"},{"@type":"ListItem","position":2,"name":"Products","item":"https:\/\/bertolinidirect.com\/products"},{"@type":"ListItem","position":3,"name":"Chairs","item":"https:\/\/bertolinidirect.com\/products\/chairs"},{"@type":"ListItem","position":4,"name":"HD Select Stacking Chair"}]},{"@type":"WebSite","@id":"https:\/\/bertolinidirect.com\/pt\/#website","url":"https:\/\/bertolinidirect.com\/pt\/","name":"Bertolini","description":"","potentialAction":[{"@type":"SearchAction","target":{"@type":"EntryPoint","urlTemplate":"https:\/\/bertolinidirect.com\/pt\/?s={search_term_string}"},"query-input":{"@type":"PropertyValueSpecification","valueRequired":true,"valueName":"search_term_string"}}],"inLanguage":"pt-BR"}]}},"_links":{"self":[{"href":"https:\/\/bertolinidirect.com\/pt\/wp-json\/wp\/v2\/product\/24068","targetHints":{"allow":["GET"]}}],"collection":[{"href":"https:\/\/bertolinidirect.com\/pt\/wp-json\/wp\/v2\/product"}],"about":[{"href":"https:\/\/bertolinidirect.com\/pt\/wp-json\/wp\/v2\/types\/product"}],"wp:featuredmedia":[{"embeddable":true,"href":"https:\/\/bertolinidirect.com\/pt\/wp-json\/wp\/v2\/media\/24098"}],"wp:attachment":[{"href":"https:\/\/bertolinidirect.com\/pt\/wp-json\/wp\/v2\/media?parent=24068"}],"wp:term":[{"taxonomy":"product_brand","embeddable":true,"href":"https:\/\/bertolinidirect.com\/pt\/wp-json\/wp\/v2\/product_brand?post=24068"},{"taxonomy":"product_cat","embeddable":true,"href":"https:\/\/bertolinidirect.com\/pt\/wp-json\/wp\/v2\/product_cat?post=24068"},{"taxonomy":"product_tag","embeddable":true,"href":"https:\/\/bertolinidirect.com\/pt\/wp-json\/wp\/v2\/product_tag?post=24068"}],"curies":[{"name":"wp","href":"https:\/\/api.w.org\/{rel}","templated":true}]}}