{"id":906,"date":"2023-12-05T21:40:00","date_gmt":"2023-12-05T21:40:00","guid":{"rendered":"https:\/\/bertolinidirect.com\/?page_id=906"},"modified":"2024-05-14T17:12:02","modified_gmt":"2024-05-14T17:12:02","slug":"new-coo-cfo","status":"publish","type":"page","link":"https:\/\/bertolinidirect.com\/pt\/press\/new-coo-cfo","title":{"rendered":"MITY Inc anuncia um novo COO e CFO"},"content":{"rendered":"<p><strong>OREM, Utah, 5 de dezembro de 2023<\/strong><\/p>\n\n\n\n<p>Ben Harris foi nomeado Diretor de Opera\u00e7\u00f5es (COO) da MITY Inc, fabricante de m\u00f3veis e equipamentos dur\u00e1veis com sede nos EUA para centros de eventos, hot\u00e9is, restaurantes, resid\u00eancias para idosos e outros mercados B2B. Antes de sua nomea\u00e7\u00e3o, Harris era o CFO. Ao mesmo tempo, a MITY Inc anunciou que Brian Keding foi promovido de vice-presidente de finan\u00e7as a diretor financeiro (CFO).<\/p>\n\n\n\n<p>Ben Harris comentou: \u201cCresci nesta organiza\u00e7\u00e3o e estou animado para pegar o que aprendi como CFO da Mity Inc e aplic\u00e1-lo a outras \u00e1reas da organiza\u00e7\u00e3o. O futuro \u00e9 brilhante e estou entusiasmado com a oportunidade, como Diretor de Opera\u00e7\u00f5es, de trabalhar de forma multifuncional com os outros l\u00edderes da empresa para aproveitar o sucesso dos \u00faltimos 35 anos.\u201d<\/p>\n\n\n\n<p>Harris tem mais de 10 anos de experi\u00eancia em lideran\u00e7a em finan\u00e7as corporativas e auditoria, inclusive atuando como CFO e VP de Finan\u00e7as na MITY Inc. Ele tem uma forte dedica\u00e7\u00e3o \u00e0 empresa e \u00e0 sua vis\u00e3o, miss\u00e3o e valores.<\/p>\n\n\n\n<p>Brian Keding foi promovido ao antigo cargo de Harris como CFO. Keding est\u00e1 na MITY Inc h\u00e1 v\u00e1rios anos, durante os quais trabalhou em diversas fun\u00e7\u00f5es, incluindo vice-presidente de finan\u00e7as e controlador de fabrica\u00e7\u00e3o. \u201cTemos \u00f3timas pessoas e uma \u00f3tima cultura aqui\u201d, disse Keding. \u201cEm meus sete anos na MITY Inc, participei de um crescimento incr\u00edvel. A empresa est\u00e1 avan\u00e7ando e as proje\u00e7\u00f5es de crescimento do mercado s\u00e3o espetaculares. Estou ansioso para ajudar a MITY Inc a ter sucesso.\u201d<\/p>\n\n\n\n<p>Em fun\u00e7\u00f5es anteriores em outras empresas, Keding ocupou v\u00e1rios cargos de lideran\u00e7a, incluindo Controlador Corporativo e CFO. Keding \u00e9 apaixonado por criar uma empresa pr\u00f3spera e segura para funcion\u00e1rios e investidores.<\/p>\n\n\n\n<p>\u201cEstamos satisfeitos por ter a for\u00e7a combinada de Ben e Brian na equipe da MITY Inc\u201d, comentou o CEO da MITY Inc, Kevin McCoy. \u201cSuas promo\u00e7\u00f5es s\u00e3o bem merecidas e beneficiar\u00e3o tremendamente a equipe Mity.\u201d<\/p>\n\n\n\n<p><strong>Sobre MITY Inc.<\/strong><\/p>\n\n\n\n<p>A fam\u00edlia de produtos MITY inclui MityLite, Holsag, Bertolini e Broda. A MityLite fabrica m\u00f3veis premiados para o mercado comercial. A Holsag fabrica cadeiras de madeira para os mercados de resid\u00eancia de idosos, sa\u00fade, educa\u00e7\u00e3o, governo e hospitalidade. A Bertolini fabrica assentos confort\u00e1veis e dur\u00e1veis para o mercado de culto. A Broda oferece uma linha exclusiva de cadeiras de rodas com posicionamento inclin\u00e1vel no espa\u00e7o para idosos e cuidados de sa\u00fade. A MITY Inc est\u00e1 sediada em Orem, Utah, e possui unidades de fabrica\u00e7\u00e3o e vendas em Lindsay, Ont\u00e1rio; Kitchener, Ont\u00e1rio; e St. Visite mitityinc.com para obter mais informa\u00e7\u00f5es.<\/p>","protected":false},"excerpt":{"rendered":"<p>OREM, Utah, December 5, 2023 Ben Harris\u202fhas been appointed Chief Operating Officer (COO) of MITY Inc, a USA-based manufacturer of durable furniture and equipment for event centers, hotels, restaurants, senior living, and other B2B markets. Prior to his appointment, Harris was the CFO. Concurrently, MITY Inc announced that Brian Keding has been promoted from VP [&hellip;]<\/p>\n","protected":false},"author":1,"featured_media":0,"parent":762,"menu_order":0,"comment_status":"closed","ping_status":"closed","template":"content-page.php","meta":{"_acf_changed":false,"footnotes":""},"class_list":["post-906","page","type-page","status-publish","hentry"],"acf":[],"yoast_head":"<!-- This site is optimized with the Yoast SEO Premium plugin v24.2 (Yoast SEO v27.1.1) - https:\/\/yoast.com\/product\/yoast-seo-premium-wordpress\/ -->\n<title>MITY Inc Announces a New COO &amp; CFO | Bertolini Direct<\/title>\n<meta name=\"description\" content=\"OREM, Utah, December 5, 2023 Ben Harris\u202fhas been appointed Chief Operating Officer (COO) of MITY Inc, a USA-based manufacturer of durable furniture and\" \/>\n<meta name=\"robots\" content=\"index, follow, max-snippet:-1, max-image-preview:large, max-video-preview:-1\" \/>\n<link rel=\"canonical\" href=\"https:\/\/bertolinidirect.com\/pt\/press\/new-coo-cfo\/\" \/>\n<meta property=\"og:locale\" content=\"pt_BR\" \/>\n<meta property=\"og:type\" content=\"article\" \/>\n<meta property=\"og:title\" content=\"MITY Inc Announces a New COO &amp; CFO\" \/>\n<meta property=\"og:description\" content=\"OREM, Utah, December 5, 2023 Ben Harris\u202fhas been appointed Chief Operating Officer (COO) of MITY Inc, a USA-based manufacturer of durable furniture and\" \/>\n<meta property=\"og:url\" content=\"https:\/\/bertolinidirect.com\/pt\/press\/new-coo-cfo\/\" \/>\n<meta property=\"og:site_name\" content=\"Bertolini Direct\" \/>\n<meta property=\"article:modified_time\" content=\"2024-05-14T17:12:02+00:00\" \/>\n<meta name=\"twitter:card\" content=\"summary_large_image\" \/>\n<script type=\"application\/ld+json\" class=\"yoast-schema-graph\">{\"@context\":\"https:\/\/schema.org\",\"@graph\":[{\"@type\":\"WebPage\",\"@id\":\"https:\/\/bertolinidirect.com\/pt\/press\/new-coo-cfo\",\"url\":\"https:\/\/bertolinidirect.com\/pt\/press\/new-coo-cfo\",\"name\":\"MITY Inc Announces a New COO &amp; CFO | Bertolini Direct\",\"isPartOf\":{\"@id\":\"https:\/\/bertolinidirect.com\/pt\/#website\"},\"datePublished\":\"2023-12-05T21:40:00+00:00\",\"dateModified\":\"2024-05-14T17:12:02+00:00\",\"description\":\"OREM, Utah, December 5, 2023 Ben Harris\u202fhas been appointed Chief Operating Officer (COO) of MITY Inc, a USA-based manufacturer of durable furniture and\",\"breadcrumb\":{\"@id\":\"https:\/\/bertolinidirect.com\/pt\/press\/new-coo-cfo#breadcrumb\"},\"inLanguage\":\"pt-BR\",\"potentialAction\":[{\"@type\":\"ReadAction\",\"target\":[\"https:\/\/bertolinidirect.com\/pt\/press\/new-coo-cfo\"]}]},{\"@type\":\"BreadcrumbList\",\"@id\":\"https:\/\/bertolinidirect.com\/pt\/press\/new-coo-cfo#breadcrumb\",\"itemListElement\":[{\"@type\":\"ListItem\",\"position\":1,\"name\":\"Home\",\"item\":\"https:\/\/bertolinidirect.com\/\"},{\"@type\":\"ListItem\",\"position\":2,\"name\":\"Press &amp; News\",\"item\":\"https:\/\/bertolinidirect.com\/press\"},{\"@type\":\"ListItem\",\"position\":3,\"name\":\"MITY Inc Announces a New COO &amp; CFO\"}]},{\"@type\":\"WebSite\",\"@id\":\"https:\/\/bertolinidirect.com\/pt\/#website\",\"url\":\"https:\/\/bertolinidirect.com\/pt\/\",\"name\":\"Bertolini\",\"description\":\"\",\"potentialAction\":[{\"@type\":\"SearchAction\",\"target\":{\"@type\":\"EntryPoint\",\"urlTemplate\":\"https:\/\/bertolinidirect.com\/pt\/?s={search_term_string}\"},\"query-input\":{\"@type\":\"PropertyValueSpecification\",\"valueRequired\":true,\"valueName\":\"search_term_string\"}}],\"inLanguage\":\"pt-BR\"}]}<\/script>\n<!-- \/ Yoast SEO Premium plugin. -->","yoast_head_json":{"title":"MITY Inc anuncia um novo COO e CFO | Bertolini Direto","description":"OREM, Utah, 5 de dezembro de 2023 Ben Harris foi nomeado Diretor de Opera\u00e7\u00f5es (COO) da MITY Inc, um fabricante de m\u00f3veis dur\u00e1veis e","robots":{"index":"index","follow":"follow","max-snippet":"max-snippet:-1","max-image-preview":"max-image-preview:large","max-video-preview":"max-video-preview:-1"},"canonical":"https:\/\/bertolinidirect.com\/pt\/press\/new-coo-cfo\/","og_locale":"pt_BR","og_type":"article","og_title":"MITY Inc Announces a New COO &amp; CFO","og_description":"OREM, Utah, December 5, 2023 Ben Harris\u202fhas been appointed Chief Operating Officer (COO) of MITY Inc, a USA-based manufacturer of durable furniture and","og_url":"https:\/\/bertolinidirect.com\/pt\/press\/new-coo-cfo\/","og_site_name":"Bertolini Direct","article_modified_time":"2024-05-14T17:12:02+00:00","twitter_card":"summary_large_image","schema":{"@context":"https:\/\/schema.org","@graph":[{"@type":"WebPage","@id":"https:\/\/bertolinidirect.com\/pt\/press\/new-coo-cfo","url":"https:\/\/bertolinidirect.com\/pt\/press\/new-coo-cfo","name":"MITY Inc anuncia um novo COO e CFO | Bertolini Direto","isPartOf":{"@id":"https:\/\/bertolinidirect.com\/pt\/#website"},"datePublished":"2023-12-05T21:40:00+00:00","dateModified":"2024-05-14T17:12:02+00:00","description":"OREM, Utah, 5 de dezembro de 2023 Ben Harris foi nomeado Diretor de Opera\u00e7\u00f5es (COO) da MITY Inc, um fabricante de m\u00f3veis dur\u00e1veis e","breadcrumb":{"@id":"https:\/\/bertolinidirect.com\/pt\/press\/new-coo-cfo#breadcrumb"},"inLanguage":"pt-BR","potentialAction":[{"@type":"ReadAction","target":["https:\/\/bertolinidirect.com\/pt\/press\/new-coo-cfo"]}]},{"@type":"BreadcrumbList","@id":"https:\/\/bertolinidirect.com\/pt\/press\/new-coo-cfo#breadcrumb","itemListElement":[{"@type":"ListItem","position":1,"name":"Home","item":"https:\/\/bertolinidirect.com\/"},{"@type":"ListItem","position":2,"name":"Press &amp; News","item":"https:\/\/bertolinidirect.com\/press"},{"@type":"ListItem","position":3,"name":"MITY Inc Announces a New COO &amp; CFO"}]},{"@type":"WebSite","@id":"https:\/\/bertolinidirect.com\/pt\/#website","url":"https:\/\/bertolinidirect.com\/pt\/","name":"Bertolini","description":"","potentialAction":[{"@type":"SearchAction","target":{"@type":"EntryPoint","urlTemplate":"https:\/\/bertolinidirect.com\/pt\/?s={search_term_string}"},"query-input":{"@type":"PropertyValueSpecification","valueRequired":true,"valueName":"search_term_string"}}],"inLanguage":"pt-BR"}]}},"_links":{"self":[{"href":"https:\/\/bertolinidirect.com\/pt\/wp-json\/wp\/v2\/pages\/906","targetHints":{"allow":["GET"]}}],"collection":[{"href":"https:\/\/bertolinidirect.com\/pt\/wp-json\/wp\/v2\/pages"}],"about":[{"href":"https:\/\/bertolinidirect.com\/pt\/wp-json\/wp\/v2\/types\/page"}],"author":[{"embeddable":true,"href":"https:\/\/bertolinidirect.com\/pt\/wp-json\/wp\/v2\/users\/1"}],"replies":[{"embeddable":true,"href":"https:\/\/bertolinidirect.com\/pt\/wp-json\/wp\/v2\/comments?post=906"}],"version-history":[{"count":1,"href":"https:\/\/bertolinidirect.com\/pt\/wp-json\/wp\/v2\/pages\/906\/revisions"}],"predecessor-version":[{"id":908,"href":"https:\/\/bertolinidirect.com\/pt\/wp-json\/wp\/v2\/pages\/906\/revisions\/908"}],"up":[{"embeddable":true,"href":"https:\/\/bertolinidirect.com\/pt\/wp-json\/wp\/v2\/pages\/762"}],"wp:attachment":[{"href":"https:\/\/bertolinidirect.com\/pt\/wp-json\/wp\/v2\/media?parent=906"}],"curies":[{"name":"wp","href":"https:\/\/api.w.org\/{rel}","templated":true}]}}