{"id":903,"date":"2023-11-16T21:38:00","date_gmt":"2023-11-16T21:38:00","guid":{"rendered":"https:\/\/bertolinidirect.com\/?page_id=903"},"modified":"2024-05-14T17:12:02","modified_gmt":"2024-05-14T17:12:02","slug":"new-ceo","status":"publish","type":"page","link":"https:\/\/bertolinidirect.com\/pt\/press\/new-ceo","title":{"rendered":"MITY Inc d\u00e1 as boas-vindas a um novo CEO"},"content":{"rendered":"<p><strong>OREM, Utah, 16 de novembro de 2023<\/strong><\/p>\n\n\n\n<p>Kevin McCoy foi nomeado CEO (CEO) da MITY Inc, l\u00edder de mercado global de m\u00f3veis e equipamentos excepcionalmente dur\u00e1veis para centros de eventos, hot\u00e9is e restaurantes, centros de conviv\u00eancia para idosos, igrejas e outros mercados B2B.<\/p>\n\n\n\n<p>\u201cEstou grato pela oportunidade de liderar uma organiza\u00e7\u00e3o com uma hist\u00f3ria t\u00e3o longa e um hist\u00f3rico de sucesso\u201d, disse McCoy. \u201cNos \u00faltimos 36 anos, a MITY estabeleceu uma reputa\u00e7\u00e3o mundial em m\u00f3veis dur\u00e1veis para espa\u00e7os comerciais. \u00c0 medida que avan\u00e7amos, nosso foco permanece em fornecer solu\u00e7\u00f5es inovadoras e elegantes que elevem a funcionalidade e a est\u00e9tica.\u201d<\/p>\n\n\n\n<p>\u201cAcredito firmemente que uma empresa \u00e9 um grupo de pessoas que trabalham em prol de um objetivo comum e estou entusiasmado em adicionar minha experi\u00eancia e conhecimento para ajudar a construir sobre os alicerces que a equipe da MITY Inc.<\/p>\n\n\n\n<p>Com mais de 25 anos de experi\u00eancia, McCoy trabalhou com marcas renomadas na ind\u00fastria de m\u00f3veis contratados e tem vasta experi\u00eancia no desenvolvimento e implementa\u00e7\u00e3o de estrat\u00e9gias e t\u00e1ticas para organiza\u00e7\u00f5es multinacionais. Ele gosta de desenvolver pessoas, cultura e vencer organiza\u00e7\u00f5es.<\/p>\n\n\n\n<p>McCoy esteve na Kimball International por mais de 21 anos, incluindo 16 anos com sua marca National Office Furniture, passando de representante de vendas em Nova York a presidente da empresa. Como presidente da National Office Furniture, McCoy foi fundamental na promo\u00e7\u00e3o de efici\u00eancias operacionais em toda a empresa na fabrica\u00e7\u00e3o, na cadeia de fornecimento global e na distribui\u00e7\u00e3o multicanal. Ele liderou as estrat\u00e9gias globais da empresa para elevar o design, implementar a sustentabilidade e melhorar a tecnologia para posicionar a National como uma empresa inovadora no setor, ao mesmo tempo em que alcan\u00e7ava vendas recordes ano ap\u00f3s ano e alcan\u00e7ava desempenho financeiro de refer\u00eancia.<\/p>\n\n\n\n<p>Mais recentemente, McCoy atuou como CEO da Polyvision, fornecedora l\u00edder de CeramicSteel para arquitetura, infraestrutura e produtos de escrit\u00f3rio comercial. Como novo CEO da Mity Inc, McCoy se mudar\u00e1 para Lehi, Utah, e trabalhar\u00e1 em tempo integral em Orem.<\/p>\n\n\n\n<p><strong>Sobre MITY Inc.<\/strong><\/p>\n\n\n\n<p>A fam\u00edlia de produtos MITY inclui&nbsp;<a href=\"https:\/\/mitylite.com\/\">MityLite<\/a>,&nbsp;<a href=\"https:\/\/holsag.com\/\">Holsag<\/a>,&nbsp;<a href=\"https:\/\/bertolinidirect.com\/pt\/\">Bertolini<\/a>, e&nbsp;<a href=\"https:\/\/brodaseating.com\/\">Broda<\/a>. A MityLite fabrica m\u00f3veis premiados para o mercado comercial. A Holsag fabrica cadeiras de madeira para os mercados de resid\u00eancia de idosos, sa\u00fade, educa\u00e7\u00e3o, governo e hospitalidade. A Bertolini fabrica assentos confort\u00e1veis e dur\u00e1veis para o mercado de culto. A Broda oferece uma linha exclusiva de cadeiras de rodas com posicionamento inclin\u00e1vel no espa\u00e7o para idosos e cuidados de sa\u00fade. A MITY Inc est\u00e1 sediada em Orem, Utah, e possui unidades de fabrica\u00e7\u00e3o e vendas em Lindsay, Ont\u00e1rio; Kitchener, Ont\u00e1rio; e St. Visite mitityinc.com para obter mais informa\u00e7\u00f5es.<\/p>","protected":false},"excerpt":{"rendered":"<p>OREM, Utah,\u202fNovember 16, 2023 Kevin McCoy\u202fhas been appointed chief executive officer (CEO) of MITY Inc, the global market leader of exceptionally durable furnishings and equipment for event centers, hotels and restaurants, senior living centers, churches, and other B2B markets. \u201cI am grateful for the opportunity to lead an organization with such a long history and [&hellip;]<\/p>\n","protected":false},"author":1,"featured_media":0,"parent":762,"menu_order":0,"comment_status":"closed","ping_status":"closed","template":"content-page.php","meta":{"_acf_changed":false,"footnotes":""},"class_list":["post-903","page","type-page","status-publish","hentry"],"acf":[],"yoast_head":"<!-- This site is optimized with the Yoast SEO Premium plugin v24.2 (Yoast SEO v27.1.1) - https:\/\/yoast.com\/product\/yoast-seo-premium-wordpress\/ -->\n<title>MITY Inc Welcomes a New CEO | Bertolini Direct<\/title>\n<meta name=\"description\" content=\"OREM, Utah,\u202fNovember 16, 2023 Kevin McCoy\u202fhas been appointed chief executive officer (CEO) of MITY Inc, the global market leader of exceptionally durable\" \/>\n<meta name=\"robots\" content=\"index, follow, max-snippet:-1, max-image-preview:large, max-video-preview:-1\" \/>\n<link rel=\"canonical\" href=\"https:\/\/bertolinidirect.com\/pt\/press\/new-ceo\/\" \/>\n<meta property=\"og:locale\" content=\"pt_BR\" \/>\n<meta property=\"og:type\" content=\"article\" \/>\n<meta property=\"og:title\" content=\"MITY Inc Welcomes a New CEO\" \/>\n<meta property=\"og:description\" content=\"OREM, Utah,\u202fNovember 16, 2023 Kevin McCoy\u202fhas been appointed chief executive officer (CEO) of MITY Inc, the global market leader of exceptionally durable\" \/>\n<meta property=\"og:url\" content=\"https:\/\/bertolinidirect.com\/pt\/press\/new-ceo\/\" \/>\n<meta property=\"og:site_name\" content=\"Bertolini Direct\" \/>\n<meta property=\"article:modified_time\" content=\"2024-05-14T17:12:02+00:00\" \/>\n<meta name=\"twitter:card\" content=\"summary_large_image\" \/>\n<script type=\"application\/ld+json\" class=\"yoast-schema-graph\">{\"@context\":\"https:\/\/schema.org\",\"@graph\":[{\"@type\":\"WebPage\",\"@id\":\"https:\/\/bertolinidirect.com\/pt\/press\/new-ceo\",\"url\":\"https:\/\/bertolinidirect.com\/pt\/press\/new-ceo\",\"name\":\"MITY Inc Welcomes a New CEO | Bertolini Direct\",\"isPartOf\":{\"@id\":\"https:\/\/bertolinidirect.com\/pt\/#website\"},\"datePublished\":\"2023-11-16T21:38:00+00:00\",\"dateModified\":\"2024-05-14T17:12:02+00:00\",\"description\":\"OREM, Utah,\u202fNovember 16, 2023 Kevin McCoy\u202fhas been appointed chief executive officer (CEO) of MITY Inc, the global market leader of exceptionally durable\",\"breadcrumb\":{\"@id\":\"https:\/\/bertolinidirect.com\/pt\/press\/new-ceo#breadcrumb\"},\"inLanguage\":\"pt-BR\",\"potentialAction\":[{\"@type\":\"ReadAction\",\"target\":[\"https:\/\/bertolinidirect.com\/pt\/press\/new-ceo\"]}]},{\"@type\":\"BreadcrumbList\",\"@id\":\"https:\/\/bertolinidirect.com\/pt\/press\/new-ceo#breadcrumb\",\"itemListElement\":[{\"@type\":\"ListItem\",\"position\":1,\"name\":\"Home\",\"item\":\"https:\/\/bertolinidirect.com\/\"},{\"@type\":\"ListItem\",\"position\":2,\"name\":\"Press &amp; News\",\"item\":\"https:\/\/bertolinidirect.com\/press\"},{\"@type\":\"ListItem\",\"position\":3,\"name\":\"MITY Inc Welcomes a New CEO\"}]},{\"@type\":\"WebSite\",\"@id\":\"https:\/\/bertolinidirect.com\/pt\/#website\",\"url\":\"https:\/\/bertolinidirect.com\/pt\/\",\"name\":\"Bertolini\",\"description\":\"\",\"potentialAction\":[{\"@type\":\"SearchAction\",\"target\":{\"@type\":\"EntryPoint\",\"urlTemplate\":\"https:\/\/bertolinidirect.com\/pt\/?s={search_term_string}\"},\"query-input\":{\"@type\":\"PropertyValueSpecification\",\"valueRequired\":true,\"valueName\":\"search_term_string\"}}],\"inLanguage\":\"pt-BR\"}]}<\/script>\n<!-- \/ Yoast SEO Premium plugin. -->","yoast_head_json":{"title":"MITY Inc d\u00e1 as boas-vindas a um novo CEO | Bertolini Direto","description":"OREM, Utah, 16 de novembro de 2023 Kevin McCoy foi nomeado diretor executivo (CEO) da MITY Inc, l\u00edder de mercado global de produtos excepcionalmente dur\u00e1veis","robots":{"index":"index","follow":"follow","max-snippet":"max-snippet:-1","max-image-preview":"max-image-preview:large","max-video-preview":"max-video-preview:-1"},"canonical":"https:\/\/bertolinidirect.com\/pt\/press\/new-ceo\/","og_locale":"pt_BR","og_type":"article","og_title":"MITY Inc Welcomes a New CEO","og_description":"OREM, Utah,\u202fNovember 16, 2023 Kevin McCoy\u202fhas been appointed chief executive officer (CEO) of MITY Inc, the global market leader of exceptionally durable","og_url":"https:\/\/bertolinidirect.com\/pt\/press\/new-ceo\/","og_site_name":"Bertolini Direct","article_modified_time":"2024-05-14T17:12:02+00:00","twitter_card":"summary_large_image","schema":{"@context":"https:\/\/schema.org","@graph":[{"@type":"WebPage","@id":"https:\/\/bertolinidirect.com\/pt\/press\/new-ceo","url":"https:\/\/bertolinidirect.com\/pt\/press\/new-ceo","name":"MITY Inc d\u00e1 as boas-vindas a um novo CEO | Bertolini Direto","isPartOf":{"@id":"https:\/\/bertolinidirect.com\/pt\/#website"},"datePublished":"2023-11-16T21:38:00+00:00","dateModified":"2024-05-14T17:12:02+00:00","description":"OREM, Utah, 16 de novembro de 2023 Kevin McCoy foi nomeado diretor executivo (CEO) da MITY Inc, l\u00edder de mercado global de produtos excepcionalmente dur\u00e1veis","breadcrumb":{"@id":"https:\/\/bertolinidirect.com\/pt\/press\/new-ceo#breadcrumb"},"inLanguage":"pt-BR","potentialAction":[{"@type":"ReadAction","target":["https:\/\/bertolinidirect.com\/pt\/press\/new-ceo"]}]},{"@type":"BreadcrumbList","@id":"https:\/\/bertolinidirect.com\/pt\/press\/new-ceo#breadcrumb","itemListElement":[{"@type":"ListItem","position":1,"name":"Home","item":"https:\/\/bertolinidirect.com\/"},{"@type":"ListItem","position":2,"name":"Press &amp; News","item":"https:\/\/bertolinidirect.com\/press"},{"@type":"ListItem","position":3,"name":"MITY Inc Welcomes a New CEO"}]},{"@type":"WebSite","@id":"https:\/\/bertolinidirect.com\/pt\/#website","url":"https:\/\/bertolinidirect.com\/pt\/","name":"Bertolini","description":"","potentialAction":[{"@type":"SearchAction","target":{"@type":"EntryPoint","urlTemplate":"https:\/\/bertolinidirect.com\/pt\/?s={search_term_string}"},"query-input":{"@type":"PropertyValueSpecification","valueRequired":true,"valueName":"search_term_string"}}],"inLanguage":"pt-BR"}]}},"_links":{"self":[{"href":"https:\/\/bertolinidirect.com\/pt\/wp-json\/wp\/v2\/pages\/903","targetHints":{"allow":["GET"]}}],"collection":[{"href":"https:\/\/bertolinidirect.com\/pt\/wp-json\/wp\/v2\/pages"}],"about":[{"href":"https:\/\/bertolinidirect.com\/pt\/wp-json\/wp\/v2\/types\/page"}],"author":[{"embeddable":true,"href":"https:\/\/bertolinidirect.com\/pt\/wp-json\/wp\/v2\/users\/1"}],"replies":[{"embeddable":true,"href":"https:\/\/bertolinidirect.com\/pt\/wp-json\/wp\/v2\/comments?post=903"}],"version-history":[{"count":2,"href":"https:\/\/bertolinidirect.com\/pt\/wp-json\/wp\/v2\/pages\/903\/revisions"}],"predecessor-version":[{"id":910,"href":"https:\/\/bertolinidirect.com\/pt\/wp-json\/wp\/v2\/pages\/903\/revisions\/910"}],"up":[{"embeddable":true,"href":"https:\/\/bertolinidirect.com\/pt\/wp-json\/wp\/v2\/pages\/762"}],"wp:attachment":[{"href":"https:\/\/bertolinidirect.com\/pt\/wp-json\/wp\/v2\/media?parent=903"}],"curies":[{"name":"wp","href":"https:\/\/api.w.org\/{rel}","templated":true}]}}