{"id":900,"date":"2019-08-28T21:37:00","date_gmt":"2019-08-28T21:37:00","guid":{"rendered":"https:\/\/bertolinidirect.com\/?page_id=900"},"modified":"2025-11-21T23:28:28","modified_gmt":"2025-11-21T23:28:28","slug":"launches-new-website","status":"publish","type":"page","link":"https:\/\/bertolinidirect.com\/pt\/press\/launches-new-website","title":{"rendered":"Bertolini lan\u00e7a novo site e atualiza c\u00e1tedras de igrejas"},"content":{"rendered":"<p><strong>Orem, Utah \u2014 28 de agosto de 2019<\/strong><\/p>\n\n\n\n<p>Bertolini, fabricante l\u00edder de cadeiras empilh\u00e1veis para igrejas, lan\u00e7ou um novo site com uma linha de produtos e recursos atualizados, bertolinidirect.com. A Bertolini atende o mercado de culto h\u00e1 mais de 60 anos e tem muito orgulho de ter artesanato americano e compromisso com a inova\u00e7\u00e3o. A empresa tornou-se uma marca de produto MITY Inc. em dezembro de 2017.<\/p>\n\n\n\n<p>\u201cEste novo site \u00e9 um pr\u00f3ximo passo importante para manter nosso desejo de fornecer os melhores produtos e servi\u00e7os aos nossos clientes\u201d, afirma Tony R. Smith, CEO da MITY Inc. \u201cO site \u00e9 f\u00e1cil de navegar e repleto de ferramentas e recursos para membros da comunidade de adora\u00e7\u00e3o.\u201d<\/p>\n\n\n\n<p>O site inclui informa\u00e7\u00f5es sobre atualiza\u00e7\u00f5es das tr\u00eas cadeiras de igreja Bertolini mais populares: S\u00e9rie Impress\u00f5es, S\u00e9rie Millennia e S\u00e9rie Essentials. Os clientes tamb\u00e9m encontrar\u00e3o ferramentas para personalizar cadeiras e selecionar tecidos virtualmente. Al\u00e9m disso, os usu\u00e1rios podem baixar recursos para ajud\u00e1-los a aprender como comercializar com sucesso para a comunidade, arrecadar fundos, criar decora\u00e7\u00f5es de Natal baratas e muito mais.<\/p>\n\n\n\n<p>\u201cQueremos tornar mais f\u00e1cil para nossos clientes servir suas congrega\u00e7\u00f5es e criar comunidades eclesi\u00e1sticas saud\u00e1veis\u201d, disse Jeff Jones, diretor nacional de vendas de igrejas da MITY Inc. aos nossos pr\u00f3prios valores. Isso inclui construir nossos produtos nos EUA para enriquecer as comunidades locais, proporcionar empregos aos trabalhadores americanos e oferecer um atendimento ao cliente incr\u00edvel.\u201d<\/p>\n\n\n\n<p>Saiba mais em bertolinidirect.com.<\/p>\n\n\n\n<p><strong>Sobre Bertoli<\/strong><\/p>\n\n\n\n<p>A Bertolini est\u00e1 comprometida em fornecer cadeiras dur\u00e1veis fabricadas em Lawrenceburg, Tennessee. A empresa utiliza apenas os melhores materiais de fornecedores americanos para construir cadeiras dur\u00e1veis e confort\u00e1veis para o mercado de culto. A Bertolini se esfor\u00e7a para fornecer aos clientes os melhores produtos e programas de garantia, ao mesmo tempo que se apega a um importante conjunto de valores fundamentais: criar empregos para trabalhadores americanos, apoiar as economias locais e seguir pr\u00e1ticas trabalhistas justas. Isto torna mais f\u00e1cil para Bertolini ficar atr\u00e1s de cada cadeira que construiu nos \u00faltimos 60 anos. A propriedade da Bertolini foi transferida para sua controladora, MITY Inc., em 30 de dezembro de 2017.<\/p>\n\n\n\n<p><strong>Sobre a controladora Bertolini, MITY Inc.<\/strong><\/p>\n\n\n\n<p>MITY Inc. gerencia marcas de m\u00f3veis dur\u00e1veis para atender o mercado global. As marcas de produtos MITY incluem MityLite, Holsag, Bertolini e BRODA\u00ae Seating. A MityLite fabrica produtos de m\u00f3veis premiados e projetados profissionalmente para o mercado comercial, incluindo setores como hospitalidade, governo e educa\u00e7\u00e3o. A Holsag fabrica m\u00f3veis para os mercados de resid\u00eancia de idosos, sa\u00fade, educa\u00e7\u00e3o e hotelaria. A Bertolini fabrica assentos confort\u00e1veis e dur\u00e1veis para o mercado de culto. A Broda oferece uma linha exclusiva de cadeiras de rodas com posicionamento inclin\u00e1vel no espa\u00e7o para idosos e cuidados de sa\u00fade. A empresa est\u00e1 sediada em Orem, Utah e possui opera\u00e7\u00f5es de fabrica\u00e7\u00e3o em Lindsay, Ont\u00e1rio; Kitchener, Ont\u00e1rio; e Lawrenceburg, Tennessee. Visite mitityinc.com para obter mais informa\u00e7\u00f5es.<\/p>","protected":false},"excerpt":{"rendered":"<p>Orem, Utah\u2014August 28, 2019 Bertolini, a leading manufacturer of stackable church chairs, has launched a new website with an updated product line and resources, bertolinidirect.com. Bertolini has been serving the worship market for more than 60 years, and they take great pride in having American craftsmanship and a commitment to innovation. The company became a [&hellip;]<\/p>\n","protected":false},"author":1,"featured_media":0,"parent":762,"menu_order":0,"comment_status":"closed","ping_status":"closed","template":"content-page.php","meta":{"_acf_changed":false,"footnotes":""},"class_list":["post-900","page","type-page","status-publish","hentry"],"acf":[],"yoast_head":"<!-- This site is optimized with the Yoast SEO Premium plugin v24.2 (Yoast SEO v27.4) - https:\/\/yoast.com\/product\/yoast-seo-premium-wordpress\/ -->\n<title>Bertolini Launches New Website and Updates Church Chairs<\/title>\n<meta name=\"description\" content=\"Orem, Utah\u2014August 28, 2019 Bertolini, a leading manufacturer of stackable church chairs, has launched a new website with an updated product line and\" \/>\n<meta name=\"robots\" content=\"index, follow, max-snippet:-1, max-image-preview:large, max-video-preview:-1\" \/>\n<link rel=\"canonical\" href=\"https:\/\/bertolinidirect.com\/pt\/press\/launches-new-website\/\" \/>\n<meta property=\"og:locale\" content=\"pt_BR\" \/>\n<meta property=\"og:type\" content=\"article\" \/>\n<meta property=\"og:title\" content=\"Bertolini Launches New Website and Updates Church Chairs\" \/>\n<meta property=\"og:description\" content=\"Orem, Utah\u2014August 28, 2019 Bertolini, a leading manufacturer of stackable church chairs, has launched a new website with an updated product line and\" \/>\n<meta property=\"og:url\" content=\"https:\/\/bertolinidirect.com\/pt\/press\/launches-new-website\/\" \/>\n<meta property=\"og:site_name\" content=\"Bertolini Direct\" \/>\n<meta property=\"article:modified_time\" content=\"2025-11-21T23:28:28+00:00\" \/>\n<meta name=\"twitter:card\" content=\"summary_large_image\" \/>\n<script type=\"application\/ld+json\" class=\"yoast-schema-graph\">{\"@context\":\"https:\\\/\\\/schema.org\",\"@graph\":[{\"@type\":\"WebPage\",\"@id\":\"https:\\\/\\\/bertolinidirect.com\\\/pt\\\/press\\\/launches-new-website\",\"url\":\"https:\\\/\\\/bertolinidirect.com\\\/pt\\\/press\\\/launches-new-website\",\"name\":\"Bertolini Launches New Website and Updates Church Chairs\",\"isPartOf\":{\"@id\":\"https:\\\/\\\/bertolinidirect.com\\\/pt\\\/#website\"},\"datePublished\":\"2019-08-28T21:37:00+00:00\",\"dateModified\":\"2025-11-21T23:28:28+00:00\",\"description\":\"Orem, Utah\u2014August 28, 2019 Bertolini, a leading manufacturer of stackable church chairs, has launched a new website with an updated product line and\",\"breadcrumb\":{\"@id\":\"https:\\\/\\\/bertolinidirect.com\\\/pt\\\/press\\\/launches-new-website#breadcrumb\"},\"inLanguage\":\"pt-BR\",\"potentialAction\":[{\"@type\":\"ReadAction\",\"target\":[\"https:\\\/\\\/bertolinidirect.com\\\/pt\\\/press\\\/launches-new-website\"]}]},{\"@type\":\"BreadcrumbList\",\"@id\":\"https:\\\/\\\/bertolinidirect.com\\\/pt\\\/press\\\/launches-new-website#breadcrumb\",\"itemListElement\":[{\"@type\":\"ListItem\",\"position\":1,\"name\":\"Home\",\"item\":\"https:\\\/\\\/bertolinidirect.com\\\/\"},{\"@type\":\"ListItem\",\"position\":2,\"name\":\"Press &amp; News\",\"item\":\"https:\\\/\\\/bertolinidirect.com\\\/press\"},{\"@type\":\"ListItem\",\"position\":3,\"name\":\"Bertolini Launches New Website and Updates Church Chairs\"}]},{\"@type\":\"WebSite\",\"@id\":\"https:\\\/\\\/bertolinidirect.com\\\/pt\\\/#website\",\"url\":\"https:\\\/\\\/bertolinidirect.com\\\/pt\\\/\",\"name\":\"Bertolini\",\"description\":\"\",\"potentialAction\":[{\"@type\":\"SearchAction\",\"target\":{\"@type\":\"EntryPoint\",\"urlTemplate\":\"https:\\\/\\\/bertolinidirect.com\\\/pt\\\/?s={search_term_string}\"},\"query-input\":{\"@type\":\"PropertyValueSpecification\",\"valueRequired\":true,\"valueName\":\"search_term_string\"}}],\"inLanguage\":\"pt-BR\"}]}<\/script>\n<!-- \/ Yoast SEO Premium plugin. -->","yoast_head_json":{"title":"Bertolini lan\u00e7a novo site e atualiza c\u00e1tedras de igrejas","description":"Orem, Utah \u2014 28 de agosto de 2019 Bertolini, fabricante l\u00edder de cadeiras empilh\u00e1veis para igreja, lan\u00e7ou um novo site com uma linha de produtos atualizada e","robots":{"index":"index","follow":"follow","max-snippet":"max-snippet:-1","max-image-preview":"max-image-preview:large","max-video-preview":"max-video-preview:-1"},"canonical":"https:\/\/bertolinidirect.com\/pt\/press\/launches-new-website\/","og_locale":"pt_BR","og_type":"article","og_title":"Bertolini Launches New Website and Updates Church Chairs","og_description":"Orem, Utah\u2014August 28, 2019 Bertolini, a leading manufacturer of stackable church chairs, has launched a new website with an updated product line and","og_url":"https:\/\/bertolinidirect.com\/pt\/press\/launches-new-website\/","og_site_name":"Bertolini Direct","article_modified_time":"2025-11-21T23:28:28+00:00","twitter_card":"summary_large_image","schema":{"@context":"https:\/\/schema.org","@graph":[{"@type":"WebPage","@id":"https:\/\/bertolinidirect.com\/pt\/press\/launches-new-website","url":"https:\/\/bertolinidirect.com\/pt\/press\/launches-new-website","name":"Bertolini lan\u00e7a novo site e atualiza c\u00e1tedras de igrejas","isPartOf":{"@id":"https:\/\/bertolinidirect.com\/pt\/#website"},"datePublished":"2019-08-28T21:37:00+00:00","dateModified":"2025-11-21T23:28:28+00:00","description":"Orem, Utah \u2014 28 de agosto de 2019 Bertolini, fabricante l\u00edder de cadeiras empilh\u00e1veis para igreja, lan\u00e7ou um novo site com uma linha de produtos atualizada e","breadcrumb":{"@id":"https:\/\/bertolinidirect.com\/pt\/press\/launches-new-website#breadcrumb"},"inLanguage":"pt-BR","potentialAction":[{"@type":"ReadAction","target":["https:\/\/bertolinidirect.com\/pt\/press\/launches-new-website"]}]},{"@type":"BreadcrumbList","@id":"https:\/\/bertolinidirect.com\/pt\/press\/launches-new-website#breadcrumb","itemListElement":[{"@type":"ListItem","position":1,"name":"Home","item":"https:\/\/bertolinidirect.com\/"},{"@type":"ListItem","position":2,"name":"Press &amp; News","item":"https:\/\/bertolinidirect.com\/press"},{"@type":"ListItem","position":3,"name":"Bertolini Launches New Website and Updates Church Chairs"}]},{"@type":"WebSite","@id":"https:\/\/bertolinidirect.com\/pt\/#website","url":"https:\/\/bertolinidirect.com\/pt\/","name":"Bertolini","description":"","potentialAction":[{"@type":"SearchAction","target":{"@type":"EntryPoint","urlTemplate":"https:\/\/bertolinidirect.com\/pt\/?s={search_term_string}"},"query-input":{"@type":"PropertyValueSpecification","valueRequired":true,"valueName":"search_term_string"}}],"inLanguage":"pt-BR"}]}},"_links":{"self":[{"href":"https:\/\/bertolinidirect.com\/pt\/wp-json\/wp\/v2\/pages\/900","targetHints":{"allow":["GET"]}}],"collection":[{"href":"https:\/\/bertolinidirect.com\/pt\/wp-json\/wp\/v2\/pages"}],"about":[{"href":"https:\/\/bertolinidirect.com\/pt\/wp-json\/wp\/v2\/types\/page"}],"author":[{"embeddable":true,"href":"https:\/\/bertolinidirect.com\/pt\/wp-json\/wp\/v2\/users\/1"}],"replies":[{"embeddable":true,"href":"https:\/\/bertolinidirect.com\/pt\/wp-json\/wp\/v2\/comments?post=900"}],"version-history":[{"count":1,"href":"https:\/\/bertolinidirect.com\/pt\/wp-json\/wp\/v2\/pages\/900\/revisions"}],"predecessor-version":[{"id":901,"href":"https:\/\/bertolinidirect.com\/pt\/wp-json\/wp\/v2\/pages\/900\/revisions\/901"}],"up":[{"embeddable":true,"href":"https:\/\/bertolinidirect.com\/pt\/wp-json\/wp\/v2\/pages\/762"}],"wp:attachment":[{"href":"https:\/\/bertolinidirect.com\/pt\/wp-json\/wp\/v2\/media?parent=900"}],"curies":[{"name":"wp","href":"https:\/\/api.w.org\/{rel}","templated":true}]}}