{"id":897,"date":"2019-03-18T21:35:00","date_gmt":"2019-03-18T21:35:00","guid":{"rendered":"https:\/\/bertolinidirect.com\/?page_id=897"},"modified":"2024-05-16T20:46:56","modified_gmt":"2024-05-16T20:46:56","slug":"donates-chairs-to-inmate-programs","status":"publish","type":"page","link":"https:\/\/bertolinidirect.com\/pt\/press\/donates-chairs-to-inmate-programs","title":{"rendered":"Bertolini doa cadeiras para programas de presidi\u00e1rios em instala\u00e7\u00f5es correcionais do Tennessee"},"content":{"rendered":"<p><strong>Lawrenceburg, Tennessee \u2014 18 de mar\u00e7o de 2019<\/strong><\/p>\n\n\n\n<p>A MITY Inc., fabricante de m\u00f3veis comerciais premiados, doou cadeiras da cole\u00e7\u00e3o Bertolini para instala\u00e7\u00f5es correcionais do condado de Lawrence em Lawrenceburg, Tennessee. As cadeiras ser\u00e3o utilizadas numa \u00e1rea comum para reclusos do sexo masculino e feminino, onde poder\u00e3o participar em v\u00e1rios programas de servi\u00e7os, incluindo cursos de GED e servi\u00e7os religiosos.<\/p>\n\n\n\n<p>\u201cA MITY est\u00e1 comprometida em ser um cidad\u00e3o \u00edntegro em todas as comunidades onde fabricamos produtos e abrigamos funcion\u00e1rios\u201d, disse Christopher Galbraith, presidente da MITY. \u201cEstou muito feliz que nossos funcion\u00e1rios no escrit\u00f3rio do Tennessee perceberam uma necessidade na comunidade e intervieram para ajudar.\u201d<\/p>\n\n\n\n<p>A funcion\u00e1ria do MITY, Anna Welsh, descobriu a necessidade de uma doa\u00e7\u00e3o de cadeira enquanto se voluntariava como membro do Conselho de Administra\u00e7\u00e3o da C\u00e2mara de Com\u00e9rcio do Condado de Lawrence. Outra membro do conselho, Mera Lerner, que frequenta a Igreja Unida em Lawrenceburg, anunciou a necessidade durante uma reuni\u00e3o. A Igreja Unida visita instala\u00e7\u00f5es correcionais para ensinar uma s\u00e9rie chamada Living Free, uma s\u00e9rie consciente e baseada nas escrituras para ajudar pessoas que lutam com v\u00e1rios desafios da vida.<\/p>\n\n\n\n<p>\u201cPercebi que o mau estado das cadeiras estava pesando sobre ela e sabia que poder\u00edamos intervir e ajudar\u201d, disse Welsh. \u201cNossa doa\u00e7\u00e3o foi recebida com abra\u00e7os e apertos de m\u00e3o das mulheres que trabalham com os presidi\u00e1rios todas as semanas. Eles ficaram muito gratos por ter a oportunidade de proporcionar uma experi\u00eancia melhor.\u201d<\/p>\n\n\n\n<p>A fam\u00edlia de produtos MITY inclui as marcas de m\u00f3veis dur\u00e1veis MityLite, Holsag, Bertolini e BRODA\u00ae Seating. A MityLite fabrica produtos de m\u00f3veis premiados e projetados profissionalmente para o mercado comercial global. A Holsag fabrica m\u00f3veis para os mercados de resid\u00eancia de idosos, sa\u00fade, educa\u00e7\u00e3o e hotelaria. A Bertolini fabrica assentos confort\u00e1veis e dur\u00e1veis para o mercado de culto. A Broda oferece uma linha exclusiva de cadeiras de rodas com posicionamento inclin\u00e1vel no espa\u00e7o para idosos e cuidados de sa\u00fade. A empresa est\u00e1 sediada em Orem, Utah e possui opera\u00e7\u00f5es de fabrica\u00e7\u00e3o em Lindsay, Ont\u00e1rio; Kitchener, Ont\u00e1rio; e Lawrenceburg, Tennessee.<\/p>","protected":false},"excerpt":{"rendered":"<p>Lawrenceburg, TN\u2014March 18, 2019 MITY Inc., a manufacturer of award-winning commercial furniture, donated chairs from the Bertolini Collection to Lawrence County Correctional Facilities in Lawrenceburg, Tennessee. The chairs will be used in a common area for both male and female inmates where they can participate in various service programs including GED courses and religious services. [&hellip;]<\/p>\n","protected":false},"author":1,"featured_media":0,"parent":762,"menu_order":0,"comment_status":"closed","ping_status":"closed","template":"content-page.php","meta":{"_acf_changed":false,"footnotes":""},"class_list":["post-897","page","type-page","status-publish","hentry"],"acf":[],"yoast_head":"<!-- This site is optimized with the Yoast SEO Premium plugin v24.2 (Yoast SEO v27.1.1) - https:\/\/yoast.com\/product\/yoast-seo-premium-wordpress\/ -->\n<title>Bertolini Donates Chairs To Inmate Correctional Facilities<\/title>\n<meta name=\"description\" content=\"Lawrenceburg, TN\u2014March 18, 2019 MITY Inc., a manufacturer of award-winning commercial furniture, donated chairs from the Bertolini Collection to Lawrence\" \/>\n<meta name=\"robots\" content=\"index, follow, max-snippet:-1, max-image-preview:large, max-video-preview:-1\" \/>\n<link rel=\"canonical\" href=\"https:\/\/bertolinidirect.com\/pt\/press\/donates-chairs-to-inmate-programs\/\" \/>\n<meta property=\"og:locale\" content=\"pt_BR\" \/>\n<meta property=\"og:type\" content=\"article\" \/>\n<meta property=\"og:title\" content=\"Bertolini Donates Chairs To Inmate Programs In Tennessee Correctional Facilities\" \/>\n<meta property=\"og:description\" content=\"Lawrenceburg, TN\u2014March 18, 2019 MITY Inc., a manufacturer of award-winning commercial furniture, donated chairs from the Bertolini Collection to Lawrence\" \/>\n<meta property=\"og:url\" content=\"https:\/\/bertolinidirect.com\/pt\/press\/donates-chairs-to-inmate-programs\/\" \/>\n<meta property=\"og:site_name\" content=\"Bertolini Direct\" \/>\n<meta property=\"article:modified_time\" content=\"2024-05-16T20:46:56+00:00\" \/>\n<meta name=\"twitter:card\" content=\"summary_large_image\" \/>\n<script type=\"application\/ld+json\" class=\"yoast-schema-graph\">{\"@context\":\"https:\/\/schema.org\",\"@graph\":[{\"@type\":\"WebPage\",\"@id\":\"https:\/\/bertolinidirect.com\/pt\/press\/donates-chairs-to-inmate-programs\",\"url\":\"https:\/\/bertolinidirect.com\/pt\/press\/donates-chairs-to-inmate-programs\",\"name\":\"Bertolini Donates Chairs To Inmate Correctional Facilities\",\"isPartOf\":{\"@id\":\"https:\/\/bertolinidirect.com\/pt\/#website\"},\"datePublished\":\"2019-03-18T21:35:00+00:00\",\"dateModified\":\"2024-05-16T20:46:56+00:00\",\"description\":\"Lawrenceburg, TN\u2014March 18, 2019 MITY Inc., a manufacturer of award-winning commercial furniture, donated chairs from the Bertolini Collection to Lawrence\",\"breadcrumb\":{\"@id\":\"https:\/\/bertolinidirect.com\/pt\/press\/donates-chairs-to-inmate-programs#breadcrumb\"},\"inLanguage\":\"pt-BR\",\"potentialAction\":[{\"@type\":\"ReadAction\",\"target\":[\"https:\/\/bertolinidirect.com\/pt\/press\/donates-chairs-to-inmate-programs\"]}]},{\"@type\":\"BreadcrumbList\",\"@id\":\"https:\/\/bertolinidirect.com\/pt\/press\/donates-chairs-to-inmate-programs#breadcrumb\",\"itemListElement\":[{\"@type\":\"ListItem\",\"position\":1,\"name\":\"Home\",\"item\":\"https:\/\/bertolinidirect.com\/\"},{\"@type\":\"ListItem\",\"position\":2,\"name\":\"Press &amp; News\",\"item\":\"https:\/\/bertolinidirect.com\/press\"},{\"@type\":\"ListItem\",\"position\":3,\"name\":\"Bertolini Donates Chairs To Inmate Programs In Tennessee Correctional Facilities\"}]},{\"@type\":\"WebSite\",\"@id\":\"https:\/\/bertolinidirect.com\/pt\/#website\",\"url\":\"https:\/\/bertolinidirect.com\/pt\/\",\"name\":\"Bertolini\",\"description\":\"\",\"potentialAction\":[{\"@type\":\"SearchAction\",\"target\":{\"@type\":\"EntryPoint\",\"urlTemplate\":\"https:\/\/bertolinidirect.com\/pt\/?s={search_term_string}\"},\"query-input\":{\"@type\":\"PropertyValueSpecification\",\"valueRequired\":true,\"valueName\":\"search_term_string\"}}],\"inLanguage\":\"pt-BR\"}]}<\/script>\n<!-- \/ Yoast SEO Premium plugin. -->","yoast_head_json":{"title":"Bertolini doa cadeiras para penitenci\u00e1rias","description":"Lawrenceburg, TN \u2014 18 de mar\u00e7o de 2019 MITY Inc., fabricante de m\u00f3veis comerciais premiados, doou cadeiras da cole\u00e7\u00e3o Bertolini para Lawrence","robots":{"index":"index","follow":"follow","max-snippet":"max-snippet:-1","max-image-preview":"max-image-preview:large","max-video-preview":"max-video-preview:-1"},"canonical":"https:\/\/bertolinidirect.com\/pt\/press\/donates-chairs-to-inmate-programs\/","og_locale":"pt_BR","og_type":"article","og_title":"Bertolini Donates Chairs To Inmate Programs In Tennessee Correctional Facilities","og_description":"Lawrenceburg, TN\u2014March 18, 2019 MITY Inc., a manufacturer of award-winning commercial furniture, donated chairs from the Bertolini Collection to Lawrence","og_url":"https:\/\/bertolinidirect.com\/pt\/press\/donates-chairs-to-inmate-programs\/","og_site_name":"Bertolini Direct","article_modified_time":"2024-05-16T20:46:56+00:00","twitter_card":"summary_large_image","schema":{"@context":"https:\/\/schema.org","@graph":[{"@type":"WebPage","@id":"https:\/\/bertolinidirect.com\/pt\/press\/donates-chairs-to-inmate-programs","url":"https:\/\/bertolinidirect.com\/pt\/press\/donates-chairs-to-inmate-programs","name":"Bertolini doa cadeiras para penitenci\u00e1rias","isPartOf":{"@id":"https:\/\/bertolinidirect.com\/pt\/#website"},"datePublished":"2019-03-18T21:35:00+00:00","dateModified":"2024-05-16T20:46:56+00:00","description":"Lawrenceburg, TN \u2014 18 de mar\u00e7o de 2019 MITY Inc., fabricante de m\u00f3veis comerciais premiados, doou cadeiras da cole\u00e7\u00e3o Bertolini para Lawrence","breadcrumb":{"@id":"https:\/\/bertolinidirect.com\/pt\/press\/donates-chairs-to-inmate-programs#breadcrumb"},"inLanguage":"pt-BR","potentialAction":[{"@type":"ReadAction","target":["https:\/\/bertolinidirect.com\/pt\/press\/donates-chairs-to-inmate-programs"]}]},{"@type":"BreadcrumbList","@id":"https:\/\/bertolinidirect.com\/pt\/press\/donates-chairs-to-inmate-programs#breadcrumb","itemListElement":[{"@type":"ListItem","position":1,"name":"Home","item":"https:\/\/bertolinidirect.com\/"},{"@type":"ListItem","position":2,"name":"Press &amp; News","item":"https:\/\/bertolinidirect.com\/press"},{"@type":"ListItem","position":3,"name":"Bertolini Donates Chairs To Inmate Programs In Tennessee Correctional Facilities"}]},{"@type":"WebSite","@id":"https:\/\/bertolinidirect.com\/pt\/#website","url":"https:\/\/bertolinidirect.com\/pt\/","name":"Bertolini","description":"","potentialAction":[{"@type":"SearchAction","target":{"@type":"EntryPoint","urlTemplate":"https:\/\/bertolinidirect.com\/pt\/?s={search_term_string}"},"query-input":{"@type":"PropertyValueSpecification","valueRequired":true,"valueName":"search_term_string"}}],"inLanguage":"pt-BR"}]}},"_links":{"self":[{"href":"https:\/\/bertolinidirect.com\/pt\/wp-json\/wp\/v2\/pages\/897","targetHints":{"allow":["GET"]}}],"collection":[{"href":"https:\/\/bertolinidirect.com\/pt\/wp-json\/wp\/v2\/pages"}],"about":[{"href":"https:\/\/bertolinidirect.com\/pt\/wp-json\/wp\/v2\/types\/page"}],"author":[{"embeddable":true,"href":"https:\/\/bertolinidirect.com\/pt\/wp-json\/wp\/v2\/users\/1"}],"replies":[{"embeddable":true,"href":"https:\/\/bertolinidirect.com\/pt\/wp-json\/wp\/v2\/comments?post=897"}],"version-history":[{"count":1,"href":"https:\/\/bertolinidirect.com\/pt\/wp-json\/wp\/v2\/pages\/897\/revisions"}],"predecessor-version":[{"id":898,"href":"https:\/\/bertolinidirect.com\/pt\/wp-json\/wp\/v2\/pages\/897\/revisions\/898"}],"up":[{"embeddable":true,"href":"https:\/\/bertolinidirect.com\/pt\/wp-json\/wp\/v2\/pages\/762"}],"wp:attachment":[{"href":"https:\/\/bertolinidirect.com\/pt\/wp-json\/wp\/v2\/media?parent=897"}],"curies":[{"name":"wp","href":"https:\/\/api.w.org\/{rel}","templated":true}]}}