{"id":892,"date":"2018-01-02T21:33:00","date_gmt":"2018-01-02T21:33:00","guid":{"rendered":"https:\/\/bertolinidirect.com\/?page_id=892"},"modified":"2024-05-14T17:12:02","modified_gmt":"2024-05-14T17:12:02","slug":"mity-inc-aquires-bertolini","status":"publish","type":"page","link":"https:\/\/bertolinidirect.com\/pt\/press\/mity-inc-aquires-bertolini","title":{"rendered":"adquire Bertolini"},"content":{"rendered":"<p><strong>OREM, Utah \u2013 2 de janeiro de 2018<\/strong><\/p>\n\n\n\n<p>A MITY Inc., empresa controladora de marcas de m\u00f3veis altamente dur\u00e1veis, incluindo MityLite\u00ae e Holsag\u2122, adquiriu a Bertolini Inc., uma fabricante privada de produtos para assentos com foco em hospitalidade, assembleias p\u00fablicas e mercados de culto. Esta aquisi\u00e7\u00e3o baseia-se no legado de durabilidade e inova\u00e7\u00e3o da MITY Inc. e posiciona a organiza\u00e7\u00e3o para oferecer uma oferta mais ampla de produtos nos principais mercados. A transfer\u00eancia de propriedade entrou em vigor em 30 de dezembro de 2017.<\/p>\n\n\n\n<p>\u201cBertolini se encaixou naturalmente para se juntar \u00e0 fam\u00edlia MITY\u201d, disse o presidente e CEO da MITY Inc., John Dudash. \u201cA aquisi\u00e7\u00e3o da Bertolini proporciona expans\u00e3o de produtos e sinergias operacionais em ind\u00fastrias-chave, ao mesmo tempo que compartilha nossos valores fundamentais de qualidade, durabilidade e compromisso com os clientes.\u201d<\/p>\n\n\n\n<p>A Bertolini fabrica nos EUA h\u00e1 quase 60 anos e \u00e9 uma forte adi\u00e7\u00e3o \u00e0 fam\u00edlia de produtos MITY. Eles t\u00eam muito orgulho do artesanato americano, com compromisso com a inova\u00e7\u00e3o, servi\u00e7o incompar\u00e1vel e valor de primeira classe.<\/p>\n\n\n\n<p>Jim Bertolini, propriet\u00e1rio e CEO da Bertolini, disse: \u201cEstamos ansiosos para fazer parte da fam\u00edlia de marcas de alta qualidade l\u00edderes do setor da MITY Inc., em um movimento que nos permite impulsionar a efici\u00eancia operacional e o acesso a recursos adicionais que impulsionar\u00e1 nosso crescimento a longo prazo.\u201d<\/p>\n\n\n\n<p>Com sede em Orem, Utah, a MITY Inc. \u00e9 a controladora da&nbsp;<a href=\"https:\/\/mitylite.com\/\">MityLite<\/a>,&nbsp;<a href=\"https:\/\/holsag.com\/\">Holsag<\/a>,&nbsp;<a href=\"https:\/\/brodaseating.com\/\">Assento BRODA\u00ae<\/a>e a rec\u00e9m-adquirida Bertolini Inc. MityLite \u00e9 fabricante de produtos de m\u00f3veis premiados e projetados profissionalmente para o mercado comercial global. A Holsag fabrica cadeiras e artigos voltados para os mercados de resid\u00eancia de idosos, sa\u00fade, educa\u00e7\u00e3o e hotelaria. A BRODA oferece uma linha exclusiva de cadeiras de rodas com posicionamento inclin\u00e1vel no espa\u00e7o que vem melhorando a vida das pessoas h\u00e1 mais de 35 anos. A XpressPort \u00e9 l\u00edder em produtos de armazenamento e transporte para os mercados de montagem p\u00fablica e hotelaria. Bertolini \u00e9 fabricante de assentos empilh\u00e1veis elegantes, confort\u00e1veis e dur\u00e1veis.<\/p>","protected":false},"excerpt":{"rendered":"<p>OREM, Utah \u2014 January 2, 2018 MITY Inc., the parent company of highly durable furniture brands including MityLite\u00ae and Holsag\u2122, acquired Bertolini Inc., a privately owned manufacturer of seating products focused on hospitality, public assembly and worship markets. This acquisition builds on the MITY Inc. legacy of durability and innovation and positions the organization to [&hellip;]<\/p>\n","protected":false},"author":1,"featured_media":0,"parent":762,"menu_order":0,"comment_status":"closed","ping_status":"closed","template":"content-page.php","meta":{"_acf_changed":false,"footnotes":""},"class_list":["post-892","page","type-page","status-publish","hentry"],"acf":[],"yoast_head":"<!-- This site is optimized with the Yoast SEO Premium plugin v24.2 (Yoast SEO v27.1.1) - https:\/\/yoast.com\/product\/yoast-seo-premium-wordpress\/ -->\n<title>MITY Inc. Acquires Bertolini | Bertolini Direct<\/title>\n<meta name=\"description\" content=\"OREM, Utah \u2014 January 2, 2018 MITY Inc., the parent company of highly durable furniture brands including MityLite\u00ae and Holsag\u2122, acquired Bertolini Inc., a\" \/>\n<meta name=\"robots\" content=\"index, follow, max-snippet:-1, max-image-preview:large, max-video-preview:-1\" \/>\n<link rel=\"canonical\" href=\"https:\/\/bertolinidirect.com\/pt\/press\/mity-inc-aquires-bertolini\/\" \/>\n<meta property=\"og:locale\" content=\"pt_BR\" \/>\n<meta property=\"og:type\" content=\"article\" \/>\n<meta property=\"og:title\" content=\"MITY Inc. Acquires Bertolini\" \/>\n<meta property=\"og:description\" content=\"OREM, Utah \u2014 January 2, 2018 MITY Inc., the parent company of highly durable furniture brands including MityLite\u00ae and Holsag\u2122, acquired Bertolini Inc., a\" \/>\n<meta property=\"og:url\" content=\"https:\/\/bertolinidirect.com\/pt\/press\/mity-inc-aquires-bertolini\/\" \/>\n<meta property=\"og:site_name\" content=\"Bertolini Direct\" \/>\n<meta property=\"article:modified_time\" content=\"2024-05-14T17:12:02+00:00\" \/>\n<meta name=\"twitter:card\" content=\"summary_large_image\" \/>\n<script type=\"application\/ld+json\" class=\"yoast-schema-graph\">{\"@context\":\"https:\/\/schema.org\",\"@graph\":[{\"@type\":\"WebPage\",\"@id\":\"https:\/\/bertolinidirect.com\/pt\/press\/mity-inc-aquires-bertolini\",\"url\":\"https:\/\/bertolinidirect.com\/pt\/press\/mity-inc-aquires-bertolini\",\"name\":\"MITY Inc. Acquires Bertolini | Bertolini Direct\",\"isPartOf\":{\"@id\":\"https:\/\/bertolinidirect.com\/pt\/#website\"},\"datePublished\":\"2018-01-02T21:33:00+00:00\",\"dateModified\":\"2024-05-14T17:12:02+00:00\",\"description\":\"OREM, Utah \u2014 January 2, 2018 MITY Inc., the parent company of highly durable furniture brands including MityLite\u00ae and Holsag\u2122, acquired Bertolini Inc., a\",\"breadcrumb\":{\"@id\":\"https:\/\/bertolinidirect.com\/pt\/press\/mity-inc-aquires-bertolini#breadcrumb\"},\"inLanguage\":\"pt-BR\",\"potentialAction\":[{\"@type\":\"ReadAction\",\"target\":[\"https:\/\/bertolinidirect.com\/pt\/press\/mity-inc-aquires-bertolini\"]}]},{\"@type\":\"BreadcrumbList\",\"@id\":\"https:\/\/bertolinidirect.com\/pt\/press\/mity-inc-aquires-bertolini#breadcrumb\",\"itemListElement\":[{\"@type\":\"ListItem\",\"position\":1,\"name\":\"Home\",\"item\":\"https:\/\/bertolinidirect.com\/\"},{\"@type\":\"ListItem\",\"position\":2,\"name\":\"Press &amp; News\",\"item\":\"https:\/\/bertolinidirect.com\/press\"},{\"@type\":\"ListItem\",\"position\":3,\"name\":\"MITY Inc. Acquires Bertolini\"}]},{\"@type\":\"WebSite\",\"@id\":\"https:\/\/bertolinidirect.com\/pt\/#website\",\"url\":\"https:\/\/bertolinidirect.com\/pt\/\",\"name\":\"Bertolini\",\"description\":\"\",\"potentialAction\":[{\"@type\":\"SearchAction\",\"target\":{\"@type\":\"EntryPoint\",\"urlTemplate\":\"https:\/\/bertolinidirect.com\/pt\/?s={search_term_string}\"},\"query-input\":{\"@type\":\"PropertyValueSpecification\",\"valueRequired\":true,\"valueName\":\"search_term_string\"}}],\"inLanguage\":\"pt-BR\"}]}<\/script>\n<!-- \/ Yoast SEO Premium plugin. -->","yoast_head_json":{"title":"MITY Inc. adquire Bertolini | Bertolini Direto","description":"OREM, Utah \u2014 2 de janeiro de 2018 MITY Inc., controladora de marcas de m\u00f3veis altamente dur\u00e1veis, incluindo MityLite\u00ae e Holsag\u2122, adquiriu a Bertolini Inc., uma","robots":{"index":"index","follow":"follow","max-snippet":"max-snippet:-1","max-image-preview":"max-image-preview:large","max-video-preview":"max-video-preview:-1"},"canonical":"https:\/\/bertolinidirect.com\/pt\/press\/mity-inc-aquires-bertolini\/","og_locale":"pt_BR","og_type":"article","og_title":"MITY Inc. Acquires Bertolini","og_description":"OREM, Utah \u2014 January 2, 2018 MITY Inc., the parent company of highly durable furniture brands including MityLite\u00ae and Holsag\u2122, acquired Bertolini Inc., a","og_url":"https:\/\/bertolinidirect.com\/pt\/press\/mity-inc-aquires-bertolini\/","og_site_name":"Bertolini Direct","article_modified_time":"2024-05-14T17:12:02+00:00","twitter_card":"summary_large_image","schema":{"@context":"https:\/\/schema.org","@graph":[{"@type":"WebPage","@id":"https:\/\/bertolinidirect.com\/pt\/press\/mity-inc-aquires-bertolini","url":"https:\/\/bertolinidirect.com\/pt\/press\/mity-inc-aquires-bertolini","name":"MITY Inc. adquire Bertolini | Bertolini Direto","isPartOf":{"@id":"https:\/\/bertolinidirect.com\/pt\/#website"},"datePublished":"2018-01-02T21:33:00+00:00","dateModified":"2024-05-14T17:12:02+00:00","description":"OREM, Utah \u2014 2 de janeiro de 2018 MITY Inc., controladora de marcas de m\u00f3veis altamente dur\u00e1veis, incluindo MityLite\u00ae e Holsag\u2122, adquiriu a Bertolini Inc., uma","breadcrumb":{"@id":"https:\/\/bertolinidirect.com\/pt\/press\/mity-inc-aquires-bertolini#breadcrumb"},"inLanguage":"pt-BR","potentialAction":[{"@type":"ReadAction","target":["https:\/\/bertolinidirect.com\/pt\/press\/mity-inc-aquires-bertolini"]}]},{"@type":"BreadcrumbList","@id":"https:\/\/bertolinidirect.com\/pt\/press\/mity-inc-aquires-bertolini#breadcrumb","itemListElement":[{"@type":"ListItem","position":1,"name":"Home","item":"https:\/\/bertolinidirect.com\/"},{"@type":"ListItem","position":2,"name":"Press &amp; News","item":"https:\/\/bertolinidirect.com\/press"},{"@type":"ListItem","position":3,"name":"MITY Inc. Acquires Bertolini"}]},{"@type":"WebSite","@id":"https:\/\/bertolinidirect.com\/pt\/#website","url":"https:\/\/bertolinidirect.com\/pt\/","name":"Bertolini","description":"","potentialAction":[{"@type":"SearchAction","target":{"@type":"EntryPoint","urlTemplate":"https:\/\/bertolinidirect.com\/pt\/?s={search_term_string}"},"query-input":{"@type":"PropertyValueSpecification","valueRequired":true,"valueName":"search_term_string"}}],"inLanguage":"pt-BR"}]}},"_links":{"self":[{"href":"https:\/\/bertolinidirect.com\/pt\/wp-json\/wp\/v2\/pages\/892","targetHints":{"allow":["GET"]}}],"collection":[{"href":"https:\/\/bertolinidirect.com\/pt\/wp-json\/wp\/v2\/pages"}],"about":[{"href":"https:\/\/bertolinidirect.com\/pt\/wp-json\/wp\/v2\/types\/page"}],"author":[{"embeddable":true,"href":"https:\/\/bertolinidirect.com\/pt\/wp-json\/wp\/v2\/users\/1"}],"replies":[{"embeddable":true,"href":"https:\/\/bertolinidirect.com\/pt\/wp-json\/wp\/v2\/comments?post=892"}],"version-history":[{"count":1,"href":"https:\/\/bertolinidirect.com\/pt\/wp-json\/wp\/v2\/pages\/892\/revisions"}],"predecessor-version":[{"id":895,"href":"https:\/\/bertolinidirect.com\/pt\/wp-json\/wp\/v2\/pages\/892\/revisions\/895"}],"up":[{"embeddable":true,"href":"https:\/\/bertolinidirect.com\/pt\/wp-json\/wp\/v2\/pages\/762"}],"wp:attachment":[{"href":"https:\/\/bertolinidirect.com\/pt\/wp-json\/wp\/v2\/media?parent=892"}],"curies":[{"name":"wp","href":"https:\/\/api.w.org\/{rel}","templated":true}]}}