{"id":890,"date":"2015-11-09T21:30:00","date_gmt":"2015-11-09T21:30:00","guid":{"rendered":"https:\/\/bertolinidirect.com\/?page_id=890"},"modified":"2026-01-29T15:29:19","modified_gmt":"2026-01-29T15:29:19","slug":"north-point-community","status":"publish","type":"page","link":"https:\/\/bertolinidirect.com\/pt\/press\/north-point-community","title":{"rendered":"Bertolini construiu 4.500 cadeiras de igreja sob medida para a Igreja Comunit\u00e1ria de North Point"},"content":{"rendered":"<p><strong>CHINO, CA - 9 de novembro de 2015<\/strong><\/p>\n\n\n\n<p>A Bertolini teve a grande oportunidade de fabricar e personalizar as cadeiras Millennia para a North Point Community Church em Alpharetta, Ge\u00f3rgia. \u201cA Bertolini se orgulha de ter a North Point Community Church de Andy Stanley como parte de seu portf\u00f3lio de clientes satisfeitos. Eles compraram 4.500 cadeiras Bertolini no inverno de 2014 e as montam e desmontam de duas a tr\u00eas vezes por m\u00eas. As cadeiras da igreja est\u00e3o funcionando conforme o esperado e o campus de Gwinnett tamb\u00e9m adquiriu assentos para seu audit\u00f3rio. \u00c9 emocionante fazer parte deste minist\u00e9rio t\u00e3o importante e progressista\u201d, afirma Robert Wiltsey, Diretor de Vendas para Igrejas.<\/p>\n\n\n\n<p>North Point Ministries, Inc., foi fundada em 1995 com a vis\u00e3o de criar igrejas que as pessoas adorassem frequentar. A North Point Community Church \u00e9 uma megaigreja crist\u00e3 evang\u00e9lica n\u00e3o denominacional localizada em Alpharetta, Ge\u00f3rgia. A igreja com v\u00e1rios locais atualmente tem em m\u00e9dia mais de 33.000 pessoas presentes em seus seis campi a cada semana, tornando-a a maior igreja na regi\u00e3o metropolitana de Atlanta. Eles oferecem grupos de adultos, minist\u00e9rio infantil, minist\u00e9rio escolar e universit\u00e1rio. A cada m\u00eas, serm\u00f5es e mensagens de lideran\u00e7a s\u00e3o acessados mais de um milh\u00e3o de vezes atrav\u00e9s dos sites de North Point. Bertolini construiu 4.500 cadeiras de igreja sob medida para a North Point Community Church e uma de suas igrejas com v\u00e1rios locais, a Gwinnette Church. A Igreja Gwinnette est\u00e1 localizada a 24 quil\u00f4metros da Igreja Comunit\u00e1ria de North Point.<\/p>\n\n\n\n<p>A cadeira Bertolini escolhida para a North Point Community Church foi a S\u00e9rie Millennia. A S\u00e9rie Millennia combina o encosto ergon\u00f4mico com o conforto do assento de madeira que dispensa manuten\u00e7\u00e3o. O formato do encosto se adapta a pessoas de todos os tamanhos e biotipos, oferecendo suporte \u00e0 regi\u00e3o lombar e acomodando suavemente a parte superior dos ombros. A Bertolini oferece a estrutura de cadeira mais resistente do mercado, feita em a\u00e7o laminado a frio 1010 de calibre 16 com barra de tor\u00e7\u00e3o integrada. O acabamento da estrutura \u00e9 um revestimento em p\u00f3 ultrarresistente, aplicado eletrostaticamente e curado a mais de 400 graus, com resist\u00eancia \u00e0 \u00e1gua salgada testada por mais de 800 horas.<\/p>","protected":false},"excerpt":{"rendered":"<p>CHINO, CA\u2014November 9, 2015 Bertolini had the greatest opportunity to manufacture and custom build the&nbsp;Millennia chairs&nbsp;for North Point Community Church in Alpharetta, GA. \u201cBertolini is proud to have Andy Stanley\u2019s North Point Community as part of our portfolio of satisfied customers. They purchased 4,500 Bertolini chairs in the Winter of 2014 and they set up [&hellip;]<\/p>\n","protected":false},"author":1,"featured_media":0,"parent":762,"menu_order":0,"comment_status":"closed","ping_status":"closed","template":"content-page.php","meta":{"_acf_changed":false,"footnotes":""},"class_list":["post-890","page","type-page","status-publish","hentry"],"acf":[],"yoast_head":"<!-- This site is optimized with the Yoast SEO Premium plugin v24.2 (Yoast SEO v27.1.1) - https:\/\/yoast.com\/product\/yoast-seo-premium-wordpress\/ -->\n<title>Bertolini Built 4,500 Church Chairs for North Point Community Church<\/title>\n<meta name=\"description\" content=\"CHINO, CA\u2014November 9, 2015 Bertolini had the greatest opportunity to manufacture and custom build the&nbsp;Millennia chairs&nbsp;for North Point Community\" \/>\n<meta name=\"robots\" content=\"index, follow, max-snippet:-1, max-image-preview:large, max-video-preview:-1\" \/>\n<link rel=\"canonical\" href=\"https:\/\/bertolinidirect.com\/pt\/press\/north-point-community\/\" \/>\n<meta property=\"og:locale\" content=\"pt_BR\" \/>\n<meta property=\"og:type\" content=\"article\" \/>\n<meta property=\"og:title\" content=\"Bertolini Custom Built 4,500 Church Chairs for North Point Community Church\" \/>\n<meta property=\"og:description\" content=\"CHINO, CA\u2014November 9, 2015 Bertolini had the greatest opportunity to manufacture and custom build the&nbsp;Millennia chairs&nbsp;for North Point Community\" \/>\n<meta property=\"og:url\" content=\"https:\/\/bertolinidirect.com\/pt\/press\/north-point-community\/\" \/>\n<meta property=\"og:site_name\" content=\"Bertolini Direct\" \/>\n<meta property=\"article:modified_time\" content=\"2026-01-29T15:29:19+00:00\" \/>\n<meta name=\"twitter:card\" content=\"summary_large_image\" \/>\n<script type=\"application\/ld+json\" class=\"yoast-schema-graph\">{\"@context\":\"https:\/\/schema.org\",\"@graph\":[{\"@type\":\"WebPage\",\"@id\":\"https:\/\/bertolinidirect.com\/pt\/press\/north-point-community\",\"url\":\"https:\/\/bertolinidirect.com\/pt\/press\/north-point-community\",\"name\":\"Bertolini Built 4,500 Church Chairs for North Point Community Church\",\"isPartOf\":{\"@id\":\"https:\/\/bertolinidirect.com\/pt\/#website\"},\"datePublished\":\"2015-11-09T21:30:00+00:00\",\"dateModified\":\"2026-01-29T15:29:19+00:00\",\"description\":\"CHINO, CA\u2014November 9, 2015 Bertolini had the greatest opportunity to manufacture and custom build the&nbsp;Millennia chairs&nbsp;for North Point Community\",\"breadcrumb\":{\"@id\":\"https:\/\/bertolinidirect.com\/pt\/press\/north-point-community#breadcrumb\"},\"inLanguage\":\"pt-BR\",\"potentialAction\":[{\"@type\":\"ReadAction\",\"target\":[\"https:\/\/bertolinidirect.com\/pt\/press\/north-point-community\"]}]},{\"@type\":\"BreadcrumbList\",\"@id\":\"https:\/\/bertolinidirect.com\/pt\/press\/north-point-community#breadcrumb\",\"itemListElement\":[{\"@type\":\"ListItem\",\"position\":1,\"name\":\"Home\",\"item\":\"https:\/\/bertolinidirect.com\/\"},{\"@type\":\"ListItem\",\"position\":2,\"name\":\"Press &amp; News\",\"item\":\"https:\/\/bertolinidirect.com\/press\"},{\"@type\":\"ListItem\",\"position\":3,\"name\":\"Bertolini Custom Built 4,500 Church Chairs for North Point Community Church\"}]},{\"@type\":\"WebSite\",\"@id\":\"https:\/\/bertolinidirect.com\/pt\/#website\",\"url\":\"https:\/\/bertolinidirect.com\/pt\/\",\"name\":\"Bertolini\",\"description\":\"\",\"potentialAction\":[{\"@type\":\"SearchAction\",\"target\":{\"@type\":\"EntryPoint\",\"urlTemplate\":\"https:\/\/bertolinidirect.com\/pt\/?s={search_term_string}\"},\"query-input\":{\"@type\":\"PropertyValueSpecification\",\"valueRequired\":true,\"valueName\":\"search_term_string\"}}],\"inLanguage\":\"pt-BR\"}]}<\/script>\n<!-- \/ Yoast SEO Premium plugin. -->","yoast_head_json":{"title":"Bertolini construiu 4.500 cadeiras de igreja para a Igreja Comunit\u00e1ria de North Point","description":"CHINO, CA \u2014 9 de novembro de 2015 \u2014 A Bertolini teve a grande oportunidade de fabricar e personalizar as cadeiras Millennia para a North Point Community.","robots":{"index":"index","follow":"follow","max-snippet":"max-snippet:-1","max-image-preview":"max-image-preview:large","max-video-preview":"max-video-preview:-1"},"canonical":"https:\/\/bertolinidirect.com\/pt\/press\/north-point-community\/","og_locale":"pt_BR","og_type":"article","og_title":"Bertolini Custom Built 4,500 Church Chairs for North Point Community Church","og_description":"CHINO, CA\u2014November 9, 2015 Bertolini had the greatest opportunity to manufacture and custom build the&nbsp;Millennia chairs&nbsp;for North Point Community","og_url":"https:\/\/bertolinidirect.com\/pt\/press\/north-point-community\/","og_site_name":"Bertolini Direct","article_modified_time":"2026-01-29T15:29:19+00:00","twitter_card":"summary_large_image","schema":{"@context":"https:\/\/schema.org","@graph":[{"@type":"WebPage","@id":"https:\/\/bertolinidirect.com\/pt\/press\/north-point-community","url":"https:\/\/bertolinidirect.com\/pt\/press\/north-point-community","name":"Bertolini construiu 4.500 cadeiras de igreja para a Igreja Comunit\u00e1ria de North Point","isPartOf":{"@id":"https:\/\/bertolinidirect.com\/pt\/#website"},"datePublished":"2015-11-09T21:30:00+00:00","dateModified":"2026-01-29T15:29:19+00:00","description":"CHINO, CA \u2014 9 de novembro de 2015 \u2014 A Bertolini teve a grande oportunidade de fabricar e personalizar as cadeiras Millennia para a North Point Community.","breadcrumb":{"@id":"https:\/\/bertolinidirect.com\/pt\/press\/north-point-community#breadcrumb"},"inLanguage":"pt-BR","potentialAction":[{"@type":"ReadAction","target":["https:\/\/bertolinidirect.com\/pt\/press\/north-point-community"]}]},{"@type":"BreadcrumbList","@id":"https:\/\/bertolinidirect.com\/pt\/press\/north-point-community#breadcrumb","itemListElement":[{"@type":"ListItem","position":1,"name":"Home","item":"https:\/\/bertolinidirect.com\/"},{"@type":"ListItem","position":2,"name":"Press &amp; News","item":"https:\/\/bertolinidirect.com\/press"},{"@type":"ListItem","position":3,"name":"Bertolini Custom Built 4,500 Church Chairs for North Point Community Church"}]},{"@type":"WebSite","@id":"https:\/\/bertolinidirect.com\/pt\/#website","url":"https:\/\/bertolinidirect.com\/pt\/","name":"Bertolini","description":"","potentialAction":[{"@type":"SearchAction","target":{"@type":"EntryPoint","urlTemplate":"https:\/\/bertolinidirect.com\/pt\/?s={search_term_string}"},"query-input":{"@type":"PropertyValueSpecification","valueRequired":true,"valueName":"search_term_string"}}],"inLanguage":"pt-BR"}]}},"_links":{"self":[{"href":"https:\/\/bertolinidirect.com\/pt\/wp-json\/wp\/v2\/pages\/890","targetHints":{"allow":["GET"]}}],"collection":[{"href":"https:\/\/bertolinidirect.com\/pt\/wp-json\/wp\/v2\/pages"}],"about":[{"href":"https:\/\/bertolinidirect.com\/pt\/wp-json\/wp\/v2\/types\/page"}],"author":[{"embeddable":true,"href":"https:\/\/bertolinidirect.com\/pt\/wp-json\/wp\/v2\/users\/1"}],"replies":[{"embeddable":true,"href":"https:\/\/bertolinidirect.com\/pt\/wp-json\/wp\/v2\/comments?post=890"}],"version-history":[{"count":3,"href":"https:\/\/bertolinidirect.com\/pt\/wp-json\/wp\/v2\/pages\/890\/revisions"}],"predecessor-version":[{"id":24701,"href":"https:\/\/bertolinidirect.com\/pt\/wp-json\/wp\/v2\/pages\/890\/revisions\/24701"}],"up":[{"embeddable":true,"href":"https:\/\/bertolinidirect.com\/pt\/wp-json\/wp\/v2\/pages\/762"}],"wp:attachment":[{"href":"https:\/\/bertolinidirect.com\/pt\/wp-json\/wp\/v2\/media?parent=890"}],"curies":[{"name":"wp","href":"https:\/\/api.w.org\/{rel}","templated":true}]}}