{"id":885,"date":"2015-06-05T21:26:00","date_gmt":"2015-06-05T21:26:00","guid":{"rendered":"https:\/\/bertolinidirect.com\/?page_id=885"},"modified":"2025-11-21T23:29:02","modified_gmt":"2025-11-21T23:29:02","slug":"customer-centric-delivery","status":"publish","type":"page","link":"https:\/\/bertolinidirect.com\/pt\/press\/customer-centric-delivery","title":{"rendered":"Bertolini Incorporated apresenta programa de entrega centrado no cliente"},"content":{"rendered":"<p><strong>Chino, CA - 5 de junho de 2015<\/strong><\/p>\n\n\n\n<p>A Bertolini Incorporated lan\u00e7ou um quarto caminh\u00e3o da empresa com um trailer revestido de manta de 53 p\u00e9s. Em comemora\u00e7\u00e3o ao seu compromisso com a satisfa\u00e7\u00e3o do cliente 100%, os gr\u00e1ficos visualmente projetados do trailer do caminh\u00e3o afirmam claramente: \u201cEstamos por tr\u00e1s de cada cadeira que constru\u00edmos\u201d e utilizam fotografias reais de seus pr\u00f3prios funcion\u00e1rios dedicados que trabalham na f\u00e1brica de Lawrenceburg, Tennessee. .<\/p>\n\n\n\n<p>PROGRAMA DE ENTREGA \u201cESTAMOS ATR\u00c1S DE CADA CADEIRA QUE CONSTRU\u00cdMOS\u201d DA BERTOLINI<\/p>\n\n\n\n<p>O programa de entrega centrado no cliente da Bertolini oferece aos clientes a vantagem de n\u00e3o terem que se preocupar em descarregar cadeiras do trailer, como normalmente seria necess\u00e1rio com aquelas enviadas por transportadoras comuns. Al\u00e9m disso, este programa de entrega centrado no cliente apoia o programa de sustentabilidade da Bertolini; os clientes n\u00e3o precisam se preocupar em encher sua lixeira com papel\u00e3o, pois o motorista pode retirar a embalagem protetora de papel\u00e3o ondulado para devolv\u00ea-la \u00e0 f\u00e1brica para ser reutilizada em remessas futuras.<\/p>\n\n\n\n<p>O trailer inicial ser\u00e1 usado principalmente para entregas planejadas a cada duas semanas para a grande base de clientes nos estados da Ge\u00f3rgia, Fl\u00f3rida e Texas. Em vez de um processo de entrega padr\u00e3o usado pelas transportadoras comuns, o programa de entrega especial da Bertolini oferece aos seus clientes a vantagem de permitir que o motorista des\u00e7a as pilhas de cadeiras embaladas pela rampa do trailer at\u00e9 a sua porta.<\/p>\n\n\n\n<p>Al\u00e9m deste novo semirreboque, a Bertolini, Inc. j\u00e1 possui dois caminh\u00f5es retos\/ba\u00fa em uso para entregas em um raio de 400 quil\u00f4metros da f\u00e1brica em Lawrenceburg. \u201cA Bertolini planeja continuar expandindo seu programa de entrega centrado no cliente e oferec\u00ea-lo a mais clientes no futuro com reboques adicionais de 53 p\u00e9s revestidos com manta e rotas de entrega que permitir\u00e3o remessas para mais estados\u201d, disse Gary Daniels, gerente de f\u00e1brica em Lawrenceburg, NT.<\/p>","protected":false},"excerpt":{"rendered":"<p>Chino, CA\u2014June 05, 2015 Bertolini Incorporated introduced a fourth company truck with a blanket-lined 53 ft. trailer. In celebration of their commitment to 100% customer satisfaction, the truck\u2019s visually designed trailer graphics clearly state, \u201cWe Stand Behind Every Chair We Build\u201d and utilize the real-life photographs of their very own dedicated employees that work in [&hellip;]<\/p>\n","protected":false},"author":1,"featured_media":0,"parent":762,"menu_order":0,"comment_status":"closed","ping_status":"closed","template":"content-page.php","meta":{"_acf_changed":false,"footnotes":""},"class_list":["post-885","page","type-page","status-publish","hentry"],"acf":[],"yoast_head":"<!-- This site is optimized with the Yoast SEO Premium plugin v24.2 (Yoast SEO v27.1.1) - https:\/\/yoast.com\/product\/yoast-seo-premium-wordpress\/ -->\n<title>Bertolini Inc. Introduces Customer Centric Delivery Program<\/title>\n<meta name=\"description\" content=\"Chino, CA\u2014June 05, 2015 Bertolini Incorporated introduced a fourth company truck with a blanket-lined 53 ft. trailer. In celebration of their commitment\" \/>\n<meta name=\"robots\" content=\"index, follow, max-snippet:-1, max-image-preview:large, max-video-preview:-1\" \/>\n<link rel=\"canonical\" href=\"https:\/\/bertolinidirect.com\/pt\/press\/customer-centric-delivery\/\" \/>\n<meta property=\"og:locale\" content=\"pt_BR\" \/>\n<meta property=\"og:type\" content=\"article\" \/>\n<meta property=\"og:title\" content=\"Bertolini Incorporated Introduces Customer Centric Delivery Program\" \/>\n<meta property=\"og:description\" content=\"Chino, CA\u2014June 05, 2015 Bertolini Incorporated introduced a fourth company truck with a blanket-lined 53 ft. trailer. In celebration of their commitment\" \/>\n<meta property=\"og:url\" content=\"https:\/\/bertolinidirect.com\/pt\/press\/customer-centric-delivery\/\" \/>\n<meta property=\"og:site_name\" content=\"Bertolini Direct\" \/>\n<meta property=\"article:modified_time\" content=\"2025-11-21T23:29:02+00:00\" \/>\n<meta name=\"twitter:card\" content=\"summary_large_image\" \/>\n<script type=\"application\/ld+json\" class=\"yoast-schema-graph\">{\"@context\":\"https:\/\/schema.org\",\"@graph\":[{\"@type\":\"WebPage\",\"@id\":\"https:\/\/bertolinidirect.com\/pt\/press\/customer-centric-delivery\",\"url\":\"https:\/\/bertolinidirect.com\/pt\/press\/customer-centric-delivery\",\"name\":\"Bertolini Inc. Introduces Customer Centric Delivery Program\",\"isPartOf\":{\"@id\":\"https:\/\/bertolinidirect.com\/pt\/#website\"},\"datePublished\":\"2015-06-05T21:26:00+00:00\",\"dateModified\":\"2025-11-21T23:29:02+00:00\",\"description\":\"Chino, CA\u2014June 05, 2015 Bertolini Incorporated introduced a fourth company truck with a blanket-lined 53 ft. trailer. In celebration of their commitment\",\"breadcrumb\":{\"@id\":\"https:\/\/bertolinidirect.com\/pt\/press\/customer-centric-delivery#breadcrumb\"},\"inLanguage\":\"pt-BR\",\"potentialAction\":[{\"@type\":\"ReadAction\",\"target\":[\"https:\/\/bertolinidirect.com\/pt\/press\/customer-centric-delivery\"]}]},{\"@type\":\"BreadcrumbList\",\"@id\":\"https:\/\/bertolinidirect.com\/pt\/press\/customer-centric-delivery#breadcrumb\",\"itemListElement\":[{\"@type\":\"ListItem\",\"position\":1,\"name\":\"Home\",\"item\":\"https:\/\/bertolinidirect.com\/\"},{\"@type\":\"ListItem\",\"position\":2,\"name\":\"Press &amp; News\",\"item\":\"https:\/\/bertolinidirect.com\/press\"},{\"@type\":\"ListItem\",\"position\":3,\"name\":\"Bertolini Incorporated Introduces Customer Centric Delivery Program\"}]},{\"@type\":\"WebSite\",\"@id\":\"https:\/\/bertolinidirect.com\/pt\/#website\",\"url\":\"https:\/\/bertolinidirect.com\/pt\/\",\"name\":\"Bertolini\",\"description\":\"\",\"potentialAction\":[{\"@type\":\"SearchAction\",\"target\":{\"@type\":\"EntryPoint\",\"urlTemplate\":\"https:\/\/bertolinidirect.com\/pt\/?s={search_term_string}\"},\"query-input\":{\"@type\":\"PropertyValueSpecification\",\"valueRequired\":true,\"valueName\":\"search_term_string\"}}],\"inLanguage\":\"pt-BR\"}]}<\/script>\n<!-- \/ Yoast SEO Premium plugin. -->","yoast_head_json":{"title":"A Bertolini Inc. apresenta o Programa de Entrega Centrado no Cliente.","description":"Chino, CA \u2014 5 de junho de 2015 A Bertolini Incorporated lan\u00e7ou um quarto caminh\u00e3o da empresa com um trailer revestido de manta de 53 p\u00e9s. Em comemora\u00e7\u00e3o ao seu compromisso","robots":{"index":"index","follow":"follow","max-snippet":"max-snippet:-1","max-image-preview":"max-image-preview:large","max-video-preview":"max-video-preview:-1"},"canonical":"https:\/\/bertolinidirect.com\/pt\/press\/customer-centric-delivery\/","og_locale":"pt_BR","og_type":"article","og_title":"Bertolini Incorporated Introduces Customer Centric Delivery Program","og_description":"Chino, CA\u2014June 05, 2015 Bertolini Incorporated introduced a fourth company truck with a blanket-lined 53 ft. trailer. In celebration of their commitment","og_url":"https:\/\/bertolinidirect.com\/pt\/press\/customer-centric-delivery\/","og_site_name":"Bertolini Direct","article_modified_time":"2025-11-21T23:29:02+00:00","twitter_card":"summary_large_image","schema":{"@context":"https:\/\/schema.org","@graph":[{"@type":"WebPage","@id":"https:\/\/bertolinidirect.com\/pt\/press\/customer-centric-delivery","url":"https:\/\/bertolinidirect.com\/pt\/press\/customer-centric-delivery","name":"A Bertolini Inc. apresenta o Programa de Entrega Centrado no Cliente.","isPartOf":{"@id":"https:\/\/bertolinidirect.com\/pt\/#website"},"datePublished":"2015-06-05T21:26:00+00:00","dateModified":"2025-11-21T23:29:02+00:00","description":"Chino, CA \u2014 5 de junho de 2015 A Bertolini Incorporated lan\u00e7ou um quarto caminh\u00e3o da empresa com um trailer revestido de manta de 53 p\u00e9s. Em comemora\u00e7\u00e3o ao seu compromisso","breadcrumb":{"@id":"https:\/\/bertolinidirect.com\/pt\/press\/customer-centric-delivery#breadcrumb"},"inLanguage":"pt-BR","potentialAction":[{"@type":"ReadAction","target":["https:\/\/bertolinidirect.com\/pt\/press\/customer-centric-delivery"]}]},{"@type":"BreadcrumbList","@id":"https:\/\/bertolinidirect.com\/pt\/press\/customer-centric-delivery#breadcrumb","itemListElement":[{"@type":"ListItem","position":1,"name":"Home","item":"https:\/\/bertolinidirect.com\/"},{"@type":"ListItem","position":2,"name":"Press &amp; News","item":"https:\/\/bertolinidirect.com\/press"},{"@type":"ListItem","position":3,"name":"Bertolini Incorporated Introduces Customer Centric Delivery Program"}]},{"@type":"WebSite","@id":"https:\/\/bertolinidirect.com\/pt\/#website","url":"https:\/\/bertolinidirect.com\/pt\/","name":"Bertolini","description":"","potentialAction":[{"@type":"SearchAction","target":{"@type":"EntryPoint","urlTemplate":"https:\/\/bertolinidirect.com\/pt\/?s={search_term_string}"},"query-input":{"@type":"PropertyValueSpecification","valueRequired":true,"valueName":"search_term_string"}}],"inLanguage":"pt-BR"}]}},"_links":{"self":[{"href":"https:\/\/bertolinidirect.com\/pt\/wp-json\/wp\/v2\/pages\/885","targetHints":{"allow":["GET"]}}],"collection":[{"href":"https:\/\/bertolinidirect.com\/pt\/wp-json\/wp\/v2\/pages"}],"about":[{"href":"https:\/\/bertolinidirect.com\/pt\/wp-json\/wp\/v2\/types\/page"}],"author":[{"embeddable":true,"href":"https:\/\/bertolinidirect.com\/pt\/wp-json\/wp\/v2\/users\/1"}],"replies":[{"embeddable":true,"href":"https:\/\/bertolinidirect.com\/pt\/wp-json\/wp\/v2\/comments?post=885"}],"version-history":[{"count":1,"href":"https:\/\/bertolinidirect.com\/pt\/wp-json\/wp\/v2\/pages\/885\/revisions"}],"predecessor-version":[{"id":888,"href":"https:\/\/bertolinidirect.com\/pt\/wp-json\/wp\/v2\/pages\/885\/revisions\/888"}],"up":[{"embeddable":true,"href":"https:\/\/bertolinidirect.com\/pt\/wp-json\/wp\/v2\/pages\/762"}],"wp:attachment":[{"href":"https:\/\/bertolinidirect.com\/pt\/wp-json\/wp\/v2\/media?parent=885"}],"curies":[{"name":"wp","href":"https:\/\/api.w.org\/{rel}","templated":true}]}}