{"id":882,"date":"2015-05-15T21:25:00","date_gmt":"2015-05-15T21:25:00","guid":{"rendered":"https:\/\/bertolinidirect.com\/?page_id=882"},"modified":"2024-05-16T20:41:11","modified_gmt":"2024-05-16T20:41:11","slug":"millennia-chairs","status":"publish","type":"page","link":"https:\/\/bertolinidirect.com\/pt\/press\/millennia-chairs","title":{"rendered":"Bertolini fabrica cadeiras Millennia personalizadas para a Igreja New Hope"},"content":{"rendered":"<p><strong>Chino, CA - 15 de maio de 2015<\/strong><\/p>\n\n\n\n<p>Os engenheiros da Bertolini constru\u00edram cadeiras de igreja superiores nos EUA e seu compromisso com a excel\u00eancia \u00e9 demonstrado em todos os seus produtos. Com mais de 50 anos de experi\u00eancia, a empresa familiar fornece assentos religiosos premium de alta qualidade para uma variedade de igrejas e empresas. Pela qualidade dos materiais que utilizam, pelas t\u00e9cnicas inovadoras de montagem e pelo rigoroso processo de testes, os melhores assentos para igreja v\u00e3o diretamente deles para o cliente.<\/p>\n\n\n\n<p>Mais recentemente, Bertolini teve a maior oportunidade de fabricar e construir sob medida as cadeiras Millennia para a Hope Church. Localizada em Grand Haven, Michigan, a hist\u00f3ria da Hope Church come\u00e7ou em 1935. Por quase 8 anos, Tim Taylor tem sido o pastor da Hope Church e com sua equipe de lideran\u00e7a ministerial sua vis\u00e3o \u00e9 continuar a fazer miss\u00f5es e trazer o melhor para o comunidade. A Hope Church oferece uma variedade de oportunidades educacionais e espirituais, incluindo culto dominical, minist\u00e9rio infantil e estudantil, eventos voltados para a fam\u00edlia e reuni\u00f5es de pequenos grupos. \u201cGra\u00e7as \u00e0s cadeiras Bertolini conseguimos sentar mais e alimentar mais a cada semana! Foi uma grande decis\u00e3o para n\u00f3s\u201d, diz o Pastor Tim Taylor.<\/p>\n\n\n\n<p>A cadeira Bertolini escolhida para a Hope Church \u00e9 a Modelo Millennia 4015. A cadeira Millennia 4015 combina praticidade e constru\u00e7\u00e3o testada pelo tempo. A estrutura s\u00f3lida de circuito fechado \u00e9 constru\u00edda em a\u00e7o carbono laminado a frio de calibre 16, soldado com precis\u00e3o, com barra de tor\u00e7\u00e3o integrada. A costura fina de uma borda traseira enrolada, espuma de n\u00edvel comercial, \u00e1rea lombar passiva acolchoada e um assento dianteiro elegantemente enrolado s\u00e3o os poucos grandes benef\u00edcios neste estilo personalizado que atende ao conforto da cadeira de igreja. Bertolini pega a estrutura de cadeira mais forte do setor e combina-a com um revestimento em p\u00f3 ultradur\u00e1vel. \u00c9 aplicado eletrostaticamente e cozido a mais de 400 graus e testado em \u00e1gua salgada por mais de 800 horas.<\/p>","protected":false},"excerpt":{"rendered":"<p>Chino, CA\u2014May 15, 2015 Bertolini engineers superior USA built church chairs and their commitment to excellence shows in all of their products. With over 50 years of experience, the family-owned business has provided high-quality premium church seating to a variety of churches and companies. From the quality of the materials they use, their innovative assembly [&hellip;]<\/p>\n","protected":false},"author":1,"featured_media":0,"parent":762,"menu_order":0,"comment_status":"closed","ping_status":"closed","template":"content-page.php","meta":{"_acf_changed":false,"footnotes":""},"class_list":["post-882","page","type-page","status-publish","hentry"],"acf":[],"yoast_head":"<!-- This site is optimized with the Yoast SEO Premium plugin v24.2 (Yoast SEO v27.1.1) - https:\/\/yoast.com\/product\/yoast-seo-premium-wordpress\/ -->\n<title>Bertolini Manufactures Millennia Chairs for New Hope Church<\/title>\n<meta name=\"description\" content=\"Chino, CA\u2014May 15, 2015 Bertolini engineers superior USA built church chairs and their commitment to excellence shows in all of their products. With over\" \/>\n<meta name=\"robots\" content=\"index, follow, max-snippet:-1, max-image-preview:large, max-video-preview:-1\" \/>\n<link rel=\"canonical\" href=\"https:\/\/bertolinidirect.com\/pt\/press\/millennia-chairs\/\" \/>\n<meta property=\"og:locale\" content=\"pt_BR\" \/>\n<meta property=\"og:type\" content=\"article\" \/>\n<meta property=\"og:title\" content=\"Bertolini Manufactures Custom Built Millennia Chairs for New Hope Church\" \/>\n<meta property=\"og:description\" content=\"Chino, CA\u2014May 15, 2015 Bertolini engineers superior USA built church chairs and their commitment to excellence shows in all of their products. With over\" \/>\n<meta property=\"og:url\" content=\"https:\/\/bertolinidirect.com\/pt\/press\/millennia-chairs\/\" \/>\n<meta property=\"og:site_name\" content=\"Bertolini Direct\" \/>\n<meta property=\"article:modified_time\" content=\"2024-05-16T20:41:11+00:00\" \/>\n<meta name=\"twitter:card\" content=\"summary_large_image\" \/>\n<script type=\"application\/ld+json\" class=\"yoast-schema-graph\">{\"@context\":\"https:\/\/schema.org\",\"@graph\":[{\"@type\":\"WebPage\",\"@id\":\"https:\/\/bertolinidirect.com\/pt\/press\/millennia-chairs\",\"url\":\"https:\/\/bertolinidirect.com\/pt\/press\/millennia-chairs\",\"name\":\"Bertolini Manufactures Millennia Chairs for New Hope Church\",\"isPartOf\":{\"@id\":\"https:\/\/bertolinidirect.com\/pt\/#website\"},\"datePublished\":\"2015-05-15T21:25:00+00:00\",\"dateModified\":\"2024-05-16T20:41:11+00:00\",\"description\":\"Chino, CA\u2014May 15, 2015 Bertolini engineers superior USA built church chairs and their commitment to excellence shows in all of their products. With over\",\"breadcrumb\":{\"@id\":\"https:\/\/bertolinidirect.com\/pt\/press\/millennia-chairs#breadcrumb\"},\"inLanguage\":\"pt-BR\",\"potentialAction\":[{\"@type\":\"ReadAction\",\"target\":[\"https:\/\/bertolinidirect.com\/pt\/press\/millennia-chairs\"]}]},{\"@type\":\"BreadcrumbList\",\"@id\":\"https:\/\/bertolinidirect.com\/pt\/press\/millennia-chairs#breadcrumb\",\"itemListElement\":[{\"@type\":\"ListItem\",\"position\":1,\"name\":\"Home\",\"item\":\"https:\/\/bertolinidirect.com\/\"},{\"@type\":\"ListItem\",\"position\":2,\"name\":\"Press &amp; News\",\"item\":\"https:\/\/bertolinidirect.com\/press\"},{\"@type\":\"ListItem\",\"position\":3,\"name\":\"Bertolini Manufactures Custom Built Millennia Chairs for New Hope Church\"}]},{\"@type\":\"WebSite\",\"@id\":\"https:\/\/bertolinidirect.com\/pt\/#website\",\"url\":\"https:\/\/bertolinidirect.com\/pt\/\",\"name\":\"Bertolini\",\"description\":\"\",\"potentialAction\":[{\"@type\":\"SearchAction\",\"target\":{\"@type\":\"EntryPoint\",\"urlTemplate\":\"https:\/\/bertolinidirect.com\/pt\/?s={search_term_string}\"},\"query-input\":{\"@type\":\"PropertyValueSpecification\",\"valueRequired\":true,\"valueName\":\"search_term_string\"}}],\"inLanguage\":\"pt-BR\"}]}<\/script>\n<!-- \/ Yoast SEO Premium plugin. -->","yoast_head_json":{"title":"Bertolini fabrica cadeiras Millennia para Igreja Nova Esperan\u00e7a","description":"Chino, CA - 15 de maio de 2015 Os engenheiros da Bertolini constru\u00edram cadeiras de igreja superiores nos EUA e seu compromisso com a excel\u00eancia \u00e9 demonstrado em todos os seus produtos. Com mais","robots":{"index":"index","follow":"follow","max-snippet":"max-snippet:-1","max-image-preview":"max-image-preview:large","max-video-preview":"max-video-preview:-1"},"canonical":"https:\/\/bertolinidirect.com\/pt\/press\/millennia-chairs\/","og_locale":"pt_BR","og_type":"article","og_title":"Bertolini Manufactures Custom Built Millennia Chairs for New Hope Church","og_description":"Chino, CA\u2014May 15, 2015 Bertolini engineers superior USA built church chairs and their commitment to excellence shows in all of their products. With over","og_url":"https:\/\/bertolinidirect.com\/pt\/press\/millennia-chairs\/","og_site_name":"Bertolini Direct","article_modified_time":"2024-05-16T20:41:11+00:00","twitter_card":"summary_large_image","schema":{"@context":"https:\/\/schema.org","@graph":[{"@type":"WebPage","@id":"https:\/\/bertolinidirect.com\/pt\/press\/millennia-chairs","url":"https:\/\/bertolinidirect.com\/pt\/press\/millennia-chairs","name":"Bertolini fabrica cadeiras Millennia para Igreja Nova Esperan\u00e7a","isPartOf":{"@id":"https:\/\/bertolinidirect.com\/pt\/#website"},"datePublished":"2015-05-15T21:25:00+00:00","dateModified":"2024-05-16T20:41:11+00:00","description":"Chino, CA - 15 de maio de 2015 Os engenheiros da Bertolini constru\u00edram cadeiras de igreja superiores nos EUA e seu compromisso com a excel\u00eancia \u00e9 demonstrado em todos os seus produtos. Com mais","breadcrumb":{"@id":"https:\/\/bertolinidirect.com\/pt\/press\/millennia-chairs#breadcrumb"},"inLanguage":"pt-BR","potentialAction":[{"@type":"ReadAction","target":["https:\/\/bertolinidirect.com\/pt\/press\/millennia-chairs"]}]},{"@type":"BreadcrumbList","@id":"https:\/\/bertolinidirect.com\/pt\/press\/millennia-chairs#breadcrumb","itemListElement":[{"@type":"ListItem","position":1,"name":"Home","item":"https:\/\/bertolinidirect.com\/"},{"@type":"ListItem","position":2,"name":"Press &amp; News","item":"https:\/\/bertolinidirect.com\/press"},{"@type":"ListItem","position":3,"name":"Bertolini Manufactures Custom Built Millennia Chairs for New Hope Church"}]},{"@type":"WebSite","@id":"https:\/\/bertolinidirect.com\/pt\/#website","url":"https:\/\/bertolinidirect.com\/pt\/","name":"Bertolini","description":"","potentialAction":[{"@type":"SearchAction","target":{"@type":"EntryPoint","urlTemplate":"https:\/\/bertolinidirect.com\/pt\/?s={search_term_string}"},"query-input":{"@type":"PropertyValueSpecification","valueRequired":true,"valueName":"search_term_string"}}],"inLanguage":"pt-BR"}]}},"_links":{"self":[{"href":"https:\/\/bertolinidirect.com\/pt\/wp-json\/wp\/v2\/pages\/882","targetHints":{"allow":["GET"]}}],"collection":[{"href":"https:\/\/bertolinidirect.com\/pt\/wp-json\/wp\/v2\/pages"}],"about":[{"href":"https:\/\/bertolinidirect.com\/pt\/wp-json\/wp\/v2\/types\/page"}],"author":[{"embeddable":true,"href":"https:\/\/bertolinidirect.com\/pt\/wp-json\/wp\/v2\/users\/1"}],"replies":[{"embeddable":true,"href":"https:\/\/bertolinidirect.com\/pt\/wp-json\/wp\/v2\/comments?post=882"}],"version-history":[{"count":1,"href":"https:\/\/bertolinidirect.com\/pt\/wp-json\/wp\/v2\/pages\/882\/revisions"}],"predecessor-version":[{"id":883,"href":"https:\/\/bertolinidirect.com\/pt\/wp-json\/wp\/v2\/pages\/882\/revisions\/883"}],"up":[{"embeddable":true,"href":"https:\/\/bertolinidirect.com\/pt\/wp-json\/wp\/v2\/pages\/762"}],"wp:attachment":[{"href":"https:\/\/bertolinidirect.com\/pt\/wp-json\/wp\/v2\/media?parent=882"}],"curies":[{"name":"wp","href":"https:\/\/api.w.org\/{rel}","templated":true}]}}