{"id":879,"date":"2014-11-06T21:24:00","date_gmt":"2014-11-06T21:24:00","guid":{"rendered":"https:\/\/bertolinidirect.com\/?page_id=879"},"modified":"2026-01-29T15:29:35","modified_gmt":"2026-01-29T15:29:35","slug":"2-million-impressions","status":"publish","type":"page","link":"https:\/\/bertolinidirect.com\/pt\/press\/2-million-impressions","title":{"rendered":"Bertolini comemora mais de 2 milh\u00f5es de cadeiras de igreja da s\u00e9rie Impressions\u2122 vendidas"},"content":{"rendered":"<p><strong>Chino, CA \u2013 6 de novembro de 2014<\/strong><\/p>\n\n\n\n<p>Os engenheiros da Bertolini constru\u00edram cadeiras de igreja superiores nos EUA e seu compromisso com a excel\u00eancia \u00e9 demonstrado em todos os seus produtos. Com mais de 50 anos de experi\u00eancia, a empresa familiar fornece assentos religiosos premium de alta qualidade para uma variedade de igrejas e empresas. Pela qualidade dos materiais que utilizam, pelas t\u00e9cnicas inovadoras de montagem e pelo rigoroso processo de testes, os melhores assentos para igreja v\u00e3o diretamente deles para o cliente.<\/p>\n\n\n\n<p>Mais recentemente, a Bertolini celebrou sua marca com mais de 2 milh\u00f5es de cadeiras de igreja da s\u00e9rie Impressions\u2122 vendidas. A cadeira de igreja da s\u00e9rie Impressions\u2122 foi projetada em 2004 e apenas os materiais da mais alta qualidade s\u00e3o usados na cadeira da s\u00e9rie Impressions\u2122, que se molda ao corpo para maior conforto, enquanto a estrutura s\u00f3lida oferece durabilidade incr\u00edvel. O design exclusivo da Bertolini torna a cadeira de igreja da s\u00e9rie Impressions\u2122 a \u00fanica cadeira de igreja empilh\u00e1vel livre de manuten\u00e7\u00e3o dispon\u00edvel. O assento Flex-Fit\u2122 e o sistema de fixa\u00e7\u00e3o Fit-Tight\u2122 com tecnologia BosScrew\u2122 apresentam um design verdadeiramente ergon\u00f4mico para um conforto ideal ao sentar e uma durabilidade incr\u00edvel.<\/p>\n\n\n\n<p>Todos os modelos da S\u00e9rie Impressions\u2122 contam com um dos sistemas de suporte lombar mais resistentes e confort\u00e1veis da Bertolini. O encosto contornado atua em perfeita harmonia com o assento Flex-Fit\u2122 em formato de S, com o exclusivo acolchoamento de espuma de 900 g da Bertolini e a parte frontal arredondada, proporcionando conforto durante todo o dia. A base do encosto apresenta caracter\u00edsticas de conforto e suporte geralmente n\u00e3o encontradas em cadeiras empilh\u00e1veis; seu formato multicontornado se adapta a pessoas de todos os tamanhos e biotipos, oferecendo suporte \u00e0 regi\u00e3o lombar e acomodando suavemente a parte superior dos ombros. A Bertolini complementa a base do encosto com o acabamento impec\u00e1vel e o acolchoamento macio necess\u00e1rios para uma experi\u00eancia de conforto incompar\u00e1vel.<\/p>\n\n\n\n<p>As cadeiras de igreja da s\u00e9rie Impressions\u2122 da Bertolini s\u00e3o constru\u00eddas nos EUA. Eles s\u00e3o de origem local com componentes como a\u00e7o recicl\u00e1vel dos EUA, amortecimento de espuma de base biol\u00f3gica e pol\u00edmeros de assento reciclados p\u00f3s-industriais 30+%. Ele fornece a estrutura mais forte do setor com a\u00e7o laminado a frio 1010 de raio 16 e sistema de barra de tor\u00e7\u00e3o s\u00f3lida integrado. O acabamento da moldura oferece um revestimento em p\u00f3 ultradur\u00e1vel aplicado eletrostaticamente e cozido a mais de 400 graus, testado em \u00e1gua salgada por mais de 800 horas.<\/p>\n\n\n\n<p>\u201cCostumo sugerir a linha Impressions\u2122; todos adoram o conforto, a eleg\u00e2ncia e a durabilidade que incorporamos em uma cadeira empilh\u00e1vel para bancos. As pessoas n\u00e3o param de falar sobre o qu\u00e3o confort\u00e1veis elas s\u00e3o! S\u00e3o esses momentos que fazem todo o meu esfor\u00e7o valer a pena; para mim, no fim das contas, trata-se de fornecer a melhor ferramenta poss\u00edvel para que as igrejas alcancem suas comunidades de forma mais eficaz\u201d, afirma Trevor White, Especialista S\u00eanior de Produto para a Regi\u00e3o Leste dos EUA e Canad\u00e1.<\/p>","protected":false},"excerpt":{"rendered":"<p>Chino, CA\u2014November 06, 2014 Bertolini offers a large selection of superior USA built chairs. Their commitment to excellence shows in all of their products. From the quality of the materials they use, their innovative assembly techniques and rigorous testing process, the best church seating goes directly from them to the customer. With over 50 years [&hellip;]<\/p>\n","protected":false},"author":1,"featured_media":0,"parent":762,"menu_order":0,"comment_status":"closed","ping_status":"closed","template":"content-page.php","meta":{"_acf_changed":false,"footnotes":""},"class_list":["post-879","page","type-page","status-publish","hentry"],"acf":[],"yoast_head":"<!-- This site is optimized with the Yoast SEO Premium plugin v24.2 (Yoast SEO v27.1.1) - https:\/\/yoast.com\/product\/yoast-seo-premium-wordpress\/ -->\n<title>Bertolini Celebrates Over 2 Million Impressions\u2122 Church Chairs Sold<\/title>\n<meta name=\"description\" content=\"Chino, CA\u2014November 06, 2014 Bertolini offers a large selection of superior USA built chairs. Their commitment to excellence shows in all of their\" \/>\n<meta name=\"robots\" content=\"index, follow, max-snippet:-1, max-image-preview:large, max-video-preview:-1\" \/>\n<link rel=\"canonical\" href=\"https:\/\/bertolinidirect.com\/pt\/press\/2-million-impressions\/\" \/>\n<meta property=\"og:locale\" content=\"pt_BR\" \/>\n<meta property=\"og:type\" content=\"article\" \/>\n<meta property=\"og:title\" content=\"Bertolini Celebrates Over 2 Million Impressions\u2122 Series Church Chairs Sold\" \/>\n<meta property=\"og:description\" content=\"Chino, CA\u2014November 06, 2014 Bertolini offers a large selection of superior USA built chairs. Their commitment to excellence shows in all of their\" \/>\n<meta property=\"og:url\" content=\"https:\/\/bertolinidirect.com\/pt\/press\/2-million-impressions\/\" \/>\n<meta property=\"og:site_name\" content=\"Bertolini Direct\" \/>\n<meta property=\"article:modified_time\" content=\"2026-01-29T15:29:35+00:00\" \/>\n<meta name=\"twitter:card\" content=\"summary_large_image\" \/>\n<script type=\"application\/ld+json\" class=\"yoast-schema-graph\">{\"@context\":\"https:\/\/schema.org\",\"@graph\":[{\"@type\":\"WebPage\",\"@id\":\"https:\/\/bertolinidirect.com\/pt\/press\/2-million-impressions\",\"url\":\"https:\/\/bertolinidirect.com\/pt\/press\/2-million-impressions\",\"name\":\"Bertolini Celebrates Over 2 Million Impressions\u2122 Church Chairs Sold\",\"isPartOf\":{\"@id\":\"https:\/\/bertolinidirect.com\/pt\/#website\"},\"datePublished\":\"2014-11-06T21:24:00+00:00\",\"dateModified\":\"2026-01-29T15:29:35+00:00\",\"description\":\"Chino, CA\u2014November 06, 2014 Bertolini offers a large selection of superior USA built chairs. Their commitment to excellence shows in all of their\",\"breadcrumb\":{\"@id\":\"https:\/\/bertolinidirect.com\/pt\/press\/2-million-impressions#breadcrumb\"},\"inLanguage\":\"pt-BR\",\"potentialAction\":[{\"@type\":\"ReadAction\",\"target\":[\"https:\/\/bertolinidirect.com\/pt\/press\/2-million-impressions\"]}]},{\"@type\":\"BreadcrumbList\",\"@id\":\"https:\/\/bertolinidirect.com\/pt\/press\/2-million-impressions#breadcrumb\",\"itemListElement\":[{\"@type\":\"ListItem\",\"position\":1,\"name\":\"Home\",\"item\":\"https:\/\/bertolinidirect.com\/\"},{\"@type\":\"ListItem\",\"position\":2,\"name\":\"Press &amp; News\",\"item\":\"https:\/\/bertolinidirect.com\/press\"},{\"@type\":\"ListItem\",\"position\":3,\"name\":\"Bertolini Celebrates Over 2 Million Impressions\u2122 Series Church Chairs Sold\"}]},{\"@type\":\"WebSite\",\"@id\":\"https:\/\/bertolinidirect.com\/pt\/#website\",\"url\":\"https:\/\/bertolinidirect.com\/pt\/\",\"name\":\"Bertolini\",\"description\":\"\",\"potentialAction\":[{\"@type\":\"SearchAction\",\"target\":{\"@type\":\"EntryPoint\",\"urlTemplate\":\"https:\/\/bertolinidirect.com\/pt\/?s={search_term_string}\"},\"query-input\":{\"@type\":\"PropertyValueSpecification\",\"valueRequired\":true,\"valueName\":\"search_term_string\"}}],\"inLanguage\":\"pt-BR\"}]}<\/script>\n<!-- \/ Yoast SEO Premium plugin. -->","yoast_head_json":{"title":"Bertolini comemora mais de 2 milh\u00f5es de cadeiras de igreja da s\u00e9rie Impressions\u2122 vendidas","description":"Chino, CA \u2014 06 de novembro de 2014 Bertolini oferece uma grande sele\u00e7\u00e3o de cadeiras de qualidade superior constru\u00eddas nos EUA. Seu compromisso com a excel\u00eancia \u00e9 demonstrado em todos os seus","robots":{"index":"index","follow":"follow","max-snippet":"max-snippet:-1","max-image-preview":"max-image-preview:large","max-video-preview":"max-video-preview:-1"},"canonical":"https:\/\/bertolinidirect.com\/pt\/press\/2-million-impressions\/","og_locale":"pt_BR","og_type":"article","og_title":"Bertolini Celebrates Over 2 Million Impressions\u2122 Series Church Chairs Sold","og_description":"Chino, CA\u2014November 06, 2014 Bertolini offers a large selection of superior USA built chairs. Their commitment to excellence shows in all of their","og_url":"https:\/\/bertolinidirect.com\/pt\/press\/2-million-impressions\/","og_site_name":"Bertolini Direct","article_modified_time":"2026-01-29T15:29:35+00:00","twitter_card":"summary_large_image","schema":{"@context":"https:\/\/schema.org","@graph":[{"@type":"WebPage","@id":"https:\/\/bertolinidirect.com\/pt\/press\/2-million-impressions","url":"https:\/\/bertolinidirect.com\/pt\/press\/2-million-impressions","name":"Bertolini comemora mais de 2 milh\u00f5es de cadeiras de igreja da s\u00e9rie Impressions\u2122 vendidas","isPartOf":{"@id":"https:\/\/bertolinidirect.com\/pt\/#website"},"datePublished":"2014-11-06T21:24:00+00:00","dateModified":"2026-01-29T15:29:35+00:00","description":"Chino, CA \u2014 06 de novembro de 2014 Bertolini oferece uma grande sele\u00e7\u00e3o de cadeiras de qualidade superior constru\u00eddas nos EUA. Seu compromisso com a excel\u00eancia \u00e9 demonstrado em todos os seus","breadcrumb":{"@id":"https:\/\/bertolinidirect.com\/pt\/press\/2-million-impressions#breadcrumb"},"inLanguage":"pt-BR","potentialAction":[{"@type":"ReadAction","target":["https:\/\/bertolinidirect.com\/pt\/press\/2-million-impressions"]}]},{"@type":"BreadcrumbList","@id":"https:\/\/bertolinidirect.com\/pt\/press\/2-million-impressions#breadcrumb","itemListElement":[{"@type":"ListItem","position":1,"name":"Home","item":"https:\/\/bertolinidirect.com\/"},{"@type":"ListItem","position":2,"name":"Press &amp; News","item":"https:\/\/bertolinidirect.com\/press"},{"@type":"ListItem","position":3,"name":"Bertolini Celebrates Over 2 Million Impressions\u2122 Series Church Chairs Sold"}]},{"@type":"WebSite","@id":"https:\/\/bertolinidirect.com\/pt\/#website","url":"https:\/\/bertolinidirect.com\/pt\/","name":"Bertolini","description":"","potentialAction":[{"@type":"SearchAction","target":{"@type":"EntryPoint","urlTemplate":"https:\/\/bertolinidirect.com\/pt\/?s={search_term_string}"},"query-input":{"@type":"PropertyValueSpecification","valueRequired":true,"valueName":"search_term_string"}}],"inLanguage":"pt-BR"}]}},"_links":{"self":[{"href":"https:\/\/bertolinidirect.com\/pt\/wp-json\/wp\/v2\/pages\/879","targetHints":{"allow":["GET"]}}],"collection":[{"href":"https:\/\/bertolinidirect.com\/pt\/wp-json\/wp\/v2\/pages"}],"about":[{"href":"https:\/\/bertolinidirect.com\/pt\/wp-json\/wp\/v2\/types\/page"}],"author":[{"embeddable":true,"href":"https:\/\/bertolinidirect.com\/pt\/wp-json\/wp\/v2\/users\/1"}],"replies":[{"embeddable":true,"href":"https:\/\/bertolinidirect.com\/pt\/wp-json\/wp\/v2\/comments?post=879"}],"version-history":[{"count":2,"href":"https:\/\/bertolinidirect.com\/pt\/wp-json\/wp\/v2\/pages\/879\/revisions"}],"predecessor-version":[{"id":24695,"href":"https:\/\/bertolinidirect.com\/pt\/wp-json\/wp\/v2\/pages\/879\/revisions\/24695"}],"up":[{"embeddable":true,"href":"https:\/\/bertolinidirect.com\/pt\/wp-json\/wp\/v2\/pages\/762"}],"wp:attachment":[{"href":"https:\/\/bertolinidirect.com\/pt\/wp-json\/wp\/v2\/media?parent=879"}],"curies":[{"name":"wp","href":"https:\/\/api.w.org\/{rel}","templated":true}]}}