{"id":875,"date":"2014-09-05T21:22:00","date_gmt":"2014-09-05T21:22:00","guid":{"rendered":"https:\/\/bertolinidirect.com\/?page_id=875"},"modified":"2024-05-16T20:38:30","modified_gmt":"2024-05-16T20:38:30","slug":"postureflex-chairs","status":"publish","type":"page","link":"https:\/\/bertolinidirect.com\/pt\/press\/postureflex-chairs","title":{"rendered":"Bertolini fabrica cadeiras Postureflex personalizadas para Chabad de North Hollywood"},"content":{"rendered":"<p><strong>Chino, CA \u2013 5 de setembro de 2014<\/strong><\/p>\n\n\n\n<p>Os engenheiros da Bertolini constru\u00edram cadeiras de igreja superiores nos EUA e seu compromisso com a excel\u00eancia \u00e9 demonstrado em todos os seus produtos. Com mais de 50 anos de experi\u00eancia, a empresa familiar fornece assentos religiosos premium de alta qualidade para uma variedade de igrejas e empresas. Pela qualidade dos materiais que utilizam, pelas t\u00e9cnicas inovadoras de montagem e pelo rigoroso processo de testes, os melhores assentos para igreja v\u00e3o diretamente deles para o cliente.<\/p>\n\n\n\n<p>Mais recentemente, Bertolini teve a maior oportunidade de fabricar e construir sob medida as cadeiras Postureflex para Chabad de North Hollywood. \u201cFoi um prazer trabalhar com Chabad de North Hollywood - sempre agrad\u00e1vel e profissional. Eles sabiam desde o in\u00edcio que queriam eleg\u00e2ncia e a cadeira Bertolini que escolheram tem um toque de eleg\u00e2ncia como nenhuma outra\u201d, afirma Carol Brown, Especialista S\u00eanior de Produto.<\/p>\n\n\n\n<p>Chabad de North Hollywood tornou-se um centro popular para a comunidade judaica de todas as origens que desejam aprender mais sobre suas ra\u00edzes judaicas. Localizado em North Hollywood, Calif\u00f3rnia, Chabad oferece uma ampla variedade de oportunidades educacionais e espirituais, incluindo aulas e palestras de Tor\u00e1, jantares de Shabatton e uma variedade de atividades familiares e sociais.<\/p>\n\n\n\n<p>A cadeira Bertolini escolhida para Chabad de North Hollywood \u00e9 o modelo Postureflex 91682. A cadeira Postureflex\u2122 SFB (Steel Frame Back) 91682 ganha seus detalhes de estilo exclusivos ao combinar costas com silhueta tradicional com uma coluna central flex\u00edvel para produzir uma apar\u00eancia distinta. Esta cadeira empilh\u00e1vel combina o conforto de uma coluna central flex\u00edvel e costas recortadas com as caracter\u00edsticas ergon\u00f4micas do assento de pol\u00edmero Flex-Fit\u2122 propriet\u00e1rio da Bertolini e uma por\u00e7\u00e3o generosa de espuma exclusiva de n\u00edvel comercial BLUE para proporcionar conforto de assento intransigente. Sob o seu exterior liso encontra-se a estrutura de assentos mais dur\u00e1vel e sustent\u00e1vel da ind\u00fastria. Bertolini pega a estrutura de cadeira mais forte do setor e adiciona seu assento ZERO Maintenance Flex-Fit\u2122 com tecnologia BosScrew\u2122 para durabilidade s\u00f3lida. Tudo isso produz uma cadeira deslumbrante que dura mais e precisa ser substitu\u00edda com menos frequ\u00eancia. Por \u00faltimo, mas n\u00e3o menos importante, o acabamento da moldura oferece um revestimento em p\u00f3 ultradur\u00e1vel aplicado eletrostaticamente e cozido a mais de 400 graus, testado em \u00e1gua salgada por mais de 800 horas.<\/p>\n\n\n\n<p>Bertolini \u00e9 l\u00edder em design no uso de cadeiras ergonomicamente corretas e em sua tecnologia de design de assentos Flex fit para igrejas. Suas cadeiras s\u00e3o leves e fortes. Sua experi\u00eancia na fabrica\u00e7\u00e3o de assentos empilh\u00e1veis de qualidade e seu compromisso com um atendimento superior ao cliente conquistam o apre\u00e7o das congrega\u00e7\u00f5es em todo o mundo.<\/p>","protected":false},"excerpt":{"rendered":"<p>Chino, CA\u2014September 05, 2014 Bertolini offers a large selection of superior USA built chairs. Their commitment to excellence shows in all of their products. From the quality of the materials they use, their innovative assembly techniques and rigorous testing process, the best church seating goes directly from them to the customer. With over 50 years [&hellip;]<\/p>\n","protected":false},"author":1,"featured_media":0,"parent":762,"menu_order":0,"comment_status":"closed","ping_status":"closed","template":"content-page.php","meta":{"_acf_changed":false,"footnotes":""},"class_list":["post-875","page","type-page","status-publish","hentry"],"acf":[],"yoast_head":"<!-- This site is optimized with the Yoast SEO Premium plugin v24.2 (Yoast SEO v27.1.1) - https:\/\/yoast.com\/product\/yoast-seo-premium-wordpress\/ -->\n<title>Bertolini Manufactures Postureflex Chairs For North Hollywood<\/title>\n<meta name=\"description\" content=\"Chino, CA\u2014September 05, 2014 Bertolini offers a large selection of superior USA built chairs. Their commitment to excellence shows in all of their\" \/>\n<meta name=\"robots\" content=\"index, follow, max-snippet:-1, max-image-preview:large, max-video-preview:-1\" \/>\n<link rel=\"canonical\" href=\"https:\/\/bertolinidirect.com\/pt\/press\/postureflex-chairs\/\" \/>\n<meta property=\"og:locale\" content=\"pt_BR\" \/>\n<meta property=\"og:type\" content=\"article\" \/>\n<meta property=\"og:title\" content=\"Bertolini Manufactures Custom Built Postureflex Chairs For Chabad of North Hollywood\" \/>\n<meta property=\"og:description\" content=\"Chino, CA\u2014September 05, 2014 Bertolini offers a large selection of superior USA built chairs. Their commitment to excellence shows in all of their\" \/>\n<meta property=\"og:url\" content=\"https:\/\/bertolinidirect.com\/pt\/press\/postureflex-chairs\/\" \/>\n<meta property=\"og:site_name\" content=\"Bertolini Direct\" \/>\n<meta property=\"article:modified_time\" content=\"2024-05-16T20:38:30+00:00\" \/>\n<meta name=\"twitter:card\" content=\"summary_large_image\" \/>\n<script type=\"application\/ld+json\" class=\"yoast-schema-graph\">{\"@context\":\"https:\/\/schema.org\",\"@graph\":[{\"@type\":\"WebPage\",\"@id\":\"https:\/\/bertolinidirect.com\/pt\/press\/postureflex-chairs\",\"url\":\"https:\/\/bertolinidirect.com\/pt\/press\/postureflex-chairs\",\"name\":\"Bertolini Manufactures Postureflex Chairs For North Hollywood\",\"isPartOf\":{\"@id\":\"https:\/\/bertolinidirect.com\/pt\/#website\"},\"datePublished\":\"2014-09-05T21:22:00+00:00\",\"dateModified\":\"2024-05-16T20:38:30+00:00\",\"description\":\"Chino, CA\u2014September 05, 2014 Bertolini offers a large selection of superior USA built chairs. Their commitment to excellence shows in all of their\",\"breadcrumb\":{\"@id\":\"https:\/\/bertolinidirect.com\/pt\/press\/postureflex-chairs#breadcrumb\"},\"inLanguage\":\"pt-BR\",\"potentialAction\":[{\"@type\":\"ReadAction\",\"target\":[\"https:\/\/bertolinidirect.com\/pt\/press\/postureflex-chairs\"]}]},{\"@type\":\"BreadcrumbList\",\"@id\":\"https:\/\/bertolinidirect.com\/pt\/press\/postureflex-chairs#breadcrumb\",\"itemListElement\":[{\"@type\":\"ListItem\",\"position\":1,\"name\":\"Home\",\"item\":\"https:\/\/bertolinidirect.com\/\"},{\"@type\":\"ListItem\",\"position\":2,\"name\":\"Press &amp; News\",\"item\":\"https:\/\/bertolinidirect.com\/press\"},{\"@type\":\"ListItem\",\"position\":3,\"name\":\"Bertolini Manufactures Custom Built Postureflex Chairs For Chabad of North Hollywood\"}]},{\"@type\":\"WebSite\",\"@id\":\"https:\/\/bertolinidirect.com\/pt\/#website\",\"url\":\"https:\/\/bertolinidirect.com\/pt\/\",\"name\":\"Bertolini\",\"description\":\"\",\"potentialAction\":[{\"@type\":\"SearchAction\",\"target\":{\"@type\":\"EntryPoint\",\"urlTemplate\":\"https:\/\/bertolinidirect.com\/pt\/?s={search_term_string}\"},\"query-input\":{\"@type\":\"PropertyValueSpecification\",\"valueRequired\":true,\"valueName\":\"search_term_string\"}}],\"inLanguage\":\"pt-BR\"}]}<\/script>\n<!-- \/ Yoast SEO Premium plugin. -->","yoast_head_json":{"title":"Bertolini fabrica cadeiras Postureflex para North Hollywood","description":"Chino, CA \u2014 06 de novembro de 2014 Bertolini oferece uma grande sele\u00e7\u00e3o de cadeiras de qualidade superior constru\u00eddas nos EUA. Seu compromisso com a excel\u00eancia \u00e9 demonstrado em todos os seus","robots":{"index":"index","follow":"follow","max-snippet":"max-snippet:-1","max-image-preview":"max-image-preview:large","max-video-preview":"max-video-preview:-1"},"canonical":"https:\/\/bertolinidirect.com\/pt\/press\/postureflex-chairs\/","og_locale":"pt_BR","og_type":"article","og_title":"Bertolini Manufactures Custom Built Postureflex Chairs For Chabad of North Hollywood","og_description":"Chino, CA\u2014September 05, 2014 Bertolini offers a large selection of superior USA built chairs. Their commitment to excellence shows in all of their","og_url":"https:\/\/bertolinidirect.com\/pt\/press\/postureflex-chairs\/","og_site_name":"Bertolini Direct","article_modified_time":"2024-05-16T20:38:30+00:00","twitter_card":"summary_large_image","schema":{"@context":"https:\/\/schema.org","@graph":[{"@type":"WebPage","@id":"https:\/\/bertolinidirect.com\/pt\/press\/postureflex-chairs","url":"https:\/\/bertolinidirect.com\/pt\/press\/postureflex-chairs","name":"Bertolini fabrica cadeiras Postureflex para North Hollywood","isPartOf":{"@id":"https:\/\/bertolinidirect.com\/pt\/#website"},"datePublished":"2014-09-05T21:22:00+00:00","dateModified":"2024-05-16T20:38:30+00:00","description":"Chino, CA \u2014 06 de novembro de 2014 Bertolini oferece uma grande sele\u00e7\u00e3o de cadeiras de qualidade superior constru\u00eddas nos EUA. Seu compromisso com a excel\u00eancia \u00e9 demonstrado em todos os seus","breadcrumb":{"@id":"https:\/\/bertolinidirect.com\/pt\/press\/postureflex-chairs#breadcrumb"},"inLanguage":"pt-BR","potentialAction":[{"@type":"ReadAction","target":["https:\/\/bertolinidirect.com\/pt\/press\/postureflex-chairs"]}]},{"@type":"BreadcrumbList","@id":"https:\/\/bertolinidirect.com\/pt\/press\/postureflex-chairs#breadcrumb","itemListElement":[{"@type":"ListItem","position":1,"name":"Home","item":"https:\/\/bertolinidirect.com\/"},{"@type":"ListItem","position":2,"name":"Press &amp; News","item":"https:\/\/bertolinidirect.com\/press"},{"@type":"ListItem","position":3,"name":"Bertolini Manufactures Custom Built Postureflex Chairs For Chabad of North Hollywood"}]},{"@type":"WebSite","@id":"https:\/\/bertolinidirect.com\/pt\/#website","url":"https:\/\/bertolinidirect.com\/pt\/","name":"Bertolini","description":"","potentialAction":[{"@type":"SearchAction","target":{"@type":"EntryPoint","urlTemplate":"https:\/\/bertolinidirect.com\/pt\/?s={search_term_string}"},"query-input":{"@type":"PropertyValueSpecification","valueRequired":true,"valueName":"search_term_string"}}],"inLanguage":"pt-BR"}]}},"_links":{"self":[{"href":"https:\/\/bertolinidirect.com\/pt\/wp-json\/wp\/v2\/pages\/875","targetHints":{"allow":["GET"]}}],"collection":[{"href":"https:\/\/bertolinidirect.com\/pt\/wp-json\/wp\/v2\/pages"}],"about":[{"href":"https:\/\/bertolinidirect.com\/pt\/wp-json\/wp\/v2\/types\/page"}],"author":[{"embeddable":true,"href":"https:\/\/bertolinidirect.com\/pt\/wp-json\/wp\/v2\/users\/1"}],"replies":[{"embeddable":true,"href":"https:\/\/bertolinidirect.com\/pt\/wp-json\/wp\/v2\/comments?post=875"}],"version-history":[{"count":1,"href":"https:\/\/bertolinidirect.com\/pt\/wp-json\/wp\/v2\/pages\/875\/revisions"}],"predecessor-version":[{"id":876,"href":"https:\/\/bertolinidirect.com\/pt\/wp-json\/wp\/v2\/pages\/875\/revisions\/876"}],"up":[{"embeddable":true,"href":"https:\/\/bertolinidirect.com\/pt\/wp-json\/wp\/v2\/pages\/762"}],"wp:attachment":[{"href":"https:\/\/bertolinidirect.com\/pt\/wp-json\/wp\/v2\/media?parent=875"}],"curies":[{"name":"wp","href":"https:\/\/api.w.org\/{rel}","templated":true}]}}