{"id":870,"date":"2014-06-20T21:20:00","date_gmt":"2014-06-20T21:20:00","guid":{"rendered":"https:\/\/bertolinidirect.com\/?page_id=870"},"modified":"2024-05-14T17:12:02","modified_gmt":"2024-05-14T17:12:02","slug":"high-density-stacker","status":"publish","type":"page","link":"https:\/\/bertolinidirect.com\/pt\/press\/high-density-stacker","title":{"rendered":"Bertolini apresenta o empilhador de alta densidade"},"content":{"rendered":"<p><strong>Chino, CA - 20 de junho de 2014<\/strong><\/p>\n\n\n\n<p>A Bertolini tem o prazer de apresentar uma nova adi\u00e7\u00e3o \u00e0 sua cole\u00e7\u00e3o de assentos multiuso, o High Density Stacker. \u201cNa Bertolini, nos esfor\u00e7amos continuamente para expandir nossa linha de produtos, a fim de oferecer aos nossos clientes as melhores solu\u00e7\u00f5es de assentos poss\u00edveis para suas instala\u00e7\u00f5es\u201d, afirma Chuck Horn, presidente da Bertolini Inc.<\/p>\n\n\n\n<p>Em resposta \u00e0s necessidades m\u00f3veis do mercado de assentos para igrejas, a Bertolini expandiu suas ofertas para incluir esta op\u00e7\u00e3o de baixo custo, por\u00e9m dur\u00e1vel, em assentos de alta densidade.<\/p>\n\n\n\n<p>Este empilhador de alta densidade \u00e9 perfeito para igrejas m\u00f3veis e igrejas com utiliza\u00e7\u00e3o robusta de instala\u00e7\u00f5es que exigem configura\u00e7\u00e3o e armazenamento frequentes. Tamb\u00e9m \u00e9 ideal para organiza\u00e7\u00f5es religiosas, ambientes corporativos, educacionais e de sa\u00fade. As cadeiras empilh\u00e1veis de alta densidade s\u00e3o leves e apresentam assentos e encostos perfurados em diamante para um conforto excepcional. As conchas de pol\u00edmero lav\u00e1veis s\u00e3o moldadas para caber no corpo e perfuradas com diamante para fornecer fluxo de ar para mant\u00ea-lo fresco e confort\u00e1vel. O empilhador de alta densidade empilha 25 cadeiras no carrinho de alta densidade para servi\u00e7os pesados e rola suavemente e cabe facilmente nas portas.<\/p>\n\n\n\n<p>O empilhador de alta densidade j\u00e1 est\u00e1 dispon\u00edvel para compra. Bertolini fornece ao cliente descri\u00e7\u00e3o do produto, especifica\u00e7\u00f5es, prazo de entrega e informa\u00e7\u00f5es de garantia. Um pequeno v\u00eddeo tamb\u00e9m est\u00e1 dispon\u00edvel para ver a demonstra\u00e7\u00e3o de como \u00e9 f\u00e1cil empilhar o High Density Stacker.<\/p>\n\n\n\n<p>Bertolini \u00e9 l\u00edder em design no uso de cadeiras ergonomicamente corretas e em sua tecnologia de design de assentos Flex fit para igrejas. Suas cadeiras s\u00e3o leves e fortes. Sua experi\u00eancia na fabrica\u00e7\u00e3o de assentos empilh\u00e1veis de qualidade e seu compromisso com um atendimento superior ao cliente conquistam o apre\u00e7o das congrega\u00e7\u00f5es em todo o mundo.<\/p>","protected":false},"excerpt":{"rendered":"<p>Chino, CA\u2014June 20, 2014 Bertolini is please to introduce a new addition to their multi-purpose seating collection, The High Density Stacker. \u201cAt Bertolini we continuously strive to expand our line of products in order to provide our clients with the best possible seating solutions for their facilities,\u201d says Chuck Horn, President of Bertolini Inc. In [&hellip;]<\/p>\n","protected":false},"author":1,"featured_media":0,"parent":762,"menu_order":0,"comment_status":"closed","ping_status":"closed","template":"content-page.php","meta":{"_acf_changed":false,"footnotes":""},"class_list":["post-870","page","type-page","status-publish","hentry"],"acf":[],"yoast_head":"<!-- This site is optimized with the Yoast SEO Premium plugin v24.2 (Yoast SEO v27.1.1) - https:\/\/yoast.com\/product\/yoast-seo-premium-wordpress\/ -->\n<title>Bertolini Introduces The High Density Stacker | Bertolini Direct<\/title>\n<meta name=\"description\" content=\"Chino, CA\u2014June 20, 2014 Bertolini is please to introduce a new addition to their multi-purpose seating collection, The High Density Stacker. \u201cAt Bertolini\" \/>\n<meta name=\"robots\" content=\"index, follow, max-snippet:-1, max-image-preview:large, max-video-preview:-1\" \/>\n<link rel=\"canonical\" href=\"https:\/\/bertolinidirect.com\/pt\/press\/high-density-stacker\/\" \/>\n<meta property=\"og:locale\" content=\"pt_BR\" \/>\n<meta property=\"og:type\" content=\"article\" \/>\n<meta property=\"og:title\" content=\"Bertolini Introduces The High Density Stacker\" \/>\n<meta property=\"og:description\" content=\"Chino, CA\u2014June 20, 2014 Bertolini is please to introduce a new addition to their multi-purpose seating collection, The High Density Stacker. \u201cAt Bertolini\" \/>\n<meta property=\"og:url\" content=\"https:\/\/bertolinidirect.com\/pt\/press\/high-density-stacker\/\" \/>\n<meta property=\"og:site_name\" content=\"Bertolini Direct\" \/>\n<meta property=\"article:modified_time\" content=\"2024-05-14T17:12:02+00:00\" \/>\n<meta name=\"twitter:card\" content=\"summary_large_image\" \/>\n<script type=\"application\/ld+json\" class=\"yoast-schema-graph\">{\"@context\":\"https:\/\/schema.org\",\"@graph\":[{\"@type\":\"WebPage\",\"@id\":\"https:\/\/bertolinidirect.com\/pt\/press\/high-density-stacker\",\"url\":\"https:\/\/bertolinidirect.com\/pt\/press\/high-density-stacker\",\"name\":\"Bertolini Introduces The High Density Stacker | Bertolini Direct\",\"isPartOf\":{\"@id\":\"https:\/\/bertolinidirect.com\/pt\/#website\"},\"datePublished\":\"2014-06-20T21:20:00+00:00\",\"dateModified\":\"2024-05-14T17:12:02+00:00\",\"description\":\"Chino, CA\u2014June 20, 2014 Bertolini is please to introduce a new addition to their multi-purpose seating collection, The High Density Stacker. \u201cAt Bertolini\",\"breadcrumb\":{\"@id\":\"https:\/\/bertolinidirect.com\/pt\/press\/high-density-stacker#breadcrumb\"},\"inLanguage\":\"pt-BR\",\"potentialAction\":[{\"@type\":\"ReadAction\",\"target\":[\"https:\/\/bertolinidirect.com\/pt\/press\/high-density-stacker\"]}]},{\"@type\":\"BreadcrumbList\",\"@id\":\"https:\/\/bertolinidirect.com\/pt\/press\/high-density-stacker#breadcrumb\",\"itemListElement\":[{\"@type\":\"ListItem\",\"position\":1,\"name\":\"Home\",\"item\":\"https:\/\/bertolinidirect.com\/\"},{\"@type\":\"ListItem\",\"position\":2,\"name\":\"Press &amp; News\",\"item\":\"https:\/\/bertolinidirect.com\/press\"},{\"@type\":\"ListItem\",\"position\":3,\"name\":\"Bertolini Introduces The High Density Stacker\"}]},{\"@type\":\"WebSite\",\"@id\":\"https:\/\/bertolinidirect.com\/pt\/#website\",\"url\":\"https:\/\/bertolinidirect.com\/pt\/\",\"name\":\"Bertolini\",\"description\":\"\",\"potentialAction\":[{\"@type\":\"SearchAction\",\"target\":{\"@type\":\"EntryPoint\",\"urlTemplate\":\"https:\/\/bertolinidirect.com\/pt\/?s={search_term_string}\"},\"query-input\":{\"@type\":\"PropertyValueSpecification\",\"valueRequired\":true,\"valueName\":\"search_term_string\"}}],\"inLanguage\":\"pt-BR\"}]}<\/script>\n<!-- \/ Yoast SEO Premium plugin. -->","yoast_head_json":{"title":"Bertolini apresenta o empilhador de alta densidade | Bertolini Direto","description":"Chino, CA \u2014 20 de junho de 2014 A Bertolini tem o prazer de apresentar uma nova adi\u00e7\u00e3o \u00e0 sua cole\u00e7\u00e3o de assentos multifuncionais, o High Density Stacker. \u201cNa Bertolini","robots":{"index":"index","follow":"follow","max-snippet":"max-snippet:-1","max-image-preview":"max-image-preview:large","max-video-preview":"max-video-preview:-1"},"canonical":"https:\/\/bertolinidirect.com\/pt\/press\/high-density-stacker\/","og_locale":"pt_BR","og_type":"article","og_title":"Bertolini Introduces The High Density Stacker","og_description":"Chino, CA\u2014June 20, 2014 Bertolini is please to introduce a new addition to their multi-purpose seating collection, The High Density Stacker. \u201cAt Bertolini","og_url":"https:\/\/bertolinidirect.com\/pt\/press\/high-density-stacker\/","og_site_name":"Bertolini Direct","article_modified_time":"2024-05-14T17:12:02+00:00","twitter_card":"summary_large_image","schema":{"@context":"https:\/\/schema.org","@graph":[{"@type":"WebPage","@id":"https:\/\/bertolinidirect.com\/pt\/press\/high-density-stacker","url":"https:\/\/bertolinidirect.com\/pt\/press\/high-density-stacker","name":"Bertolini apresenta o empilhador de alta densidade | Bertolini Direto","isPartOf":{"@id":"https:\/\/bertolinidirect.com\/pt\/#website"},"datePublished":"2014-06-20T21:20:00+00:00","dateModified":"2024-05-14T17:12:02+00:00","description":"Chino, CA \u2014 20 de junho de 2014 A Bertolini tem o prazer de apresentar uma nova adi\u00e7\u00e3o \u00e0 sua cole\u00e7\u00e3o de assentos multifuncionais, o High Density Stacker. \u201cNa Bertolini","breadcrumb":{"@id":"https:\/\/bertolinidirect.com\/pt\/press\/high-density-stacker#breadcrumb"},"inLanguage":"pt-BR","potentialAction":[{"@type":"ReadAction","target":["https:\/\/bertolinidirect.com\/pt\/press\/high-density-stacker"]}]},{"@type":"BreadcrumbList","@id":"https:\/\/bertolinidirect.com\/pt\/press\/high-density-stacker#breadcrumb","itemListElement":[{"@type":"ListItem","position":1,"name":"Home","item":"https:\/\/bertolinidirect.com\/"},{"@type":"ListItem","position":2,"name":"Press &amp; News","item":"https:\/\/bertolinidirect.com\/press"},{"@type":"ListItem","position":3,"name":"Bertolini Introduces The High Density Stacker"}]},{"@type":"WebSite","@id":"https:\/\/bertolinidirect.com\/pt\/#website","url":"https:\/\/bertolinidirect.com\/pt\/","name":"Bertolini","description":"","potentialAction":[{"@type":"SearchAction","target":{"@type":"EntryPoint","urlTemplate":"https:\/\/bertolinidirect.com\/pt\/?s={search_term_string}"},"query-input":{"@type":"PropertyValueSpecification","valueRequired":true,"valueName":"search_term_string"}}],"inLanguage":"pt-BR"}]}},"_links":{"self":[{"href":"https:\/\/bertolinidirect.com\/pt\/wp-json\/wp\/v2\/pages\/870","targetHints":{"allow":["GET"]}}],"collection":[{"href":"https:\/\/bertolinidirect.com\/pt\/wp-json\/wp\/v2\/pages"}],"about":[{"href":"https:\/\/bertolinidirect.com\/pt\/wp-json\/wp\/v2\/types\/page"}],"author":[{"embeddable":true,"href":"https:\/\/bertolinidirect.com\/pt\/wp-json\/wp\/v2\/users\/1"}],"replies":[{"embeddable":true,"href":"https:\/\/bertolinidirect.com\/pt\/wp-json\/wp\/v2\/comments?post=870"}],"version-history":[{"count":1,"href":"https:\/\/bertolinidirect.com\/pt\/wp-json\/wp\/v2\/pages\/870\/revisions"}],"predecessor-version":[{"id":872,"href":"https:\/\/bertolinidirect.com\/pt\/wp-json\/wp\/v2\/pages\/870\/revisions\/872"}],"up":[{"embeddable":true,"href":"https:\/\/bertolinidirect.com\/pt\/wp-json\/wp\/v2\/pages\/762"}],"wp:attachment":[{"href":"https:\/\/bertolinidirect.com\/pt\/wp-json\/wp\/v2\/media?parent=870"}],"curies":[{"name":"wp","href":"https:\/\/api.w.org\/{rel}","templated":true}]}}