{"id":867,"date":"2014-06-12T21:19:00","date_gmt":"2014-06-12T21:19:00","guid":{"rendered":"https:\/\/bertolinidirect.com\/?page_id=867"},"modified":"2025-11-21T23:19:10","modified_gmt":"2025-11-21T23:19:10","slug":"card-pencil-holder","status":"publish","type":"page","link":"https:\/\/bertolinidirect.com\/pt\/press\/card-pencil-holder","title":{"rendered":"Bertolini lan\u00e7a porta-l\u00e1pis para cart\u00f5es com patente pendente"},"content":{"rendered":"<p><strong>Chino, CA - 12 de junho de 2014<\/strong><\/p>\n\n\n\n<p>Bertolini tem o orgulho de apresentar sua mais recente inova\u00e7\u00e3o em acess\u00f3rios para cadeiras de igreja, o porta-l\u00e1pis para cart\u00f5es com patente pendente, com dispensador de cart\u00e3o de visita integrado e porta-copos de comunh\u00e3o retr\u00e1til. Embora os porta-l\u00e1pis j\u00e1 existam h\u00e1 algum tempo, Bertolini adotou uma abordagem nova e criou um acess\u00f3rio para cadeira de igreja que \u00e9 verdadeiramente inovador e extremamente funcional.<\/p>\n\n\n\n<p>O porta-copos de comunh\u00e3o vira para baixo para segurar os copos de comunh\u00e3o e vira para cima para manter um perfil fino que n\u00e3o interfere no empilhamento da cadeira da igreja. Em frente ao porta-copos de comunh\u00e3o h\u00e1 dois slots para l\u00e1pis para guardar l\u00e1pis ou canetas padr\u00e3o, tamanho de golfe e maiores. O compartimento principal tem muito espa\u00e7o e comporta folhetos grandes de 8 e meio por 11, folhetos menores e at\u00e9 envelopes. Para igrejas que usam convites do tamanho de um cart\u00e3o de visita, h\u00e1 um slot dedicado para manter esses convites organizados e acess\u00edveis. \u201cProjetada e fabricada nos EUA, a Bertolini apresentou outro produto vencedor para cadeiras de igreja\u201d, disse Chuck Horn, presidente da Bertolini Incorporated.<\/p>\n\n\n\n<p>O porta-copos de comunh\u00e3o para l\u00e1pis de cart\u00e3o complementar j\u00e1 est\u00e1 dispon\u00edvel. Bertolini fornece ao cliente descri\u00e7\u00e3o do produto, especifica\u00e7\u00f5es, prazo de entrega e informa\u00e7\u00f5es de garantia. Um v\u00eddeo de instru\u00e7\u00f5es tamb\u00e9m est\u00e1 dispon\u00edvel para o cliente ser orientado com instru\u00e7\u00f5es passo a passo sobre como instalar o porta-l\u00e1pis cart\u00e3o nas costas da cadeira da igreja. Este produto possui n\u00famero de patente pendente e dever\u00e1 apresentar o seguinte: Patent Pending US61\/904,933.<\/p>\n\n\n\n<p>Bertolini \u00e9 l\u00edder em design no uso de cadeiras ergonomicamente corretas e em sua tecnologia de design de assentos Flex fit para igrejas. Suas cadeiras s\u00e3o leves e fortes. Sua experi\u00eancia na fabrica\u00e7\u00e3o de assentos empilh\u00e1veis de qualidade e seu compromisso com um atendimento superior ao cliente conquistam o apre\u00e7o das congrega\u00e7\u00f5es em todo o mundo.<\/p>","protected":false},"excerpt":{"rendered":"<p>Chino, CA\u2014June 12, 2014 Bertolini is proud to introduce its latest innovative in church chair accessories, the patent pending card pencil holder with integrated business card dispenser and retractable communion cup holder. While card pencil holders have been around for a while, Bertolini has taken a fresh approach and created a church chair accessory that [&hellip;]<\/p>\n","protected":false},"author":1,"featured_media":0,"parent":762,"menu_order":0,"comment_status":"closed","ping_status":"closed","template":"content-page.php","meta":{"_acf_changed":false,"footnotes":""},"class_list":["post-867","page","type-page","status-publish","hentry"],"acf":[],"yoast_head":"<!-- This site is optimized with the Yoast SEO Premium plugin v24.2 (Yoast SEO v27.1.1) - https:\/\/yoast.com\/product\/yoast-seo-premium-wordpress\/ -->\n<title>Bertolini Releases a Patent Pending Card Pencil Holder<\/title>\n<meta name=\"description\" content=\"Chino, CA\u2014June 12, 2014 Bertolini is proud to introduce its latest innovative in church chair accessories, the patent pending card pencil holder with\" \/>\n<meta name=\"robots\" content=\"index, follow, max-snippet:-1, max-image-preview:large, max-video-preview:-1\" \/>\n<link rel=\"canonical\" href=\"https:\/\/bertolinidirect.com\/pt\/press\/card-pencil-holder\/\" \/>\n<meta property=\"og:locale\" content=\"pt_BR\" \/>\n<meta property=\"og:type\" content=\"article\" \/>\n<meta property=\"og:title\" content=\"Bertolini Releases a Patent Pending Card Pencil Holder\" \/>\n<meta property=\"og:description\" content=\"Chino, CA\u2014June 12, 2014 Bertolini is proud to introduce its latest innovative in church chair accessories, the patent pending card pencil holder with\" \/>\n<meta property=\"og:url\" content=\"https:\/\/bertolinidirect.com\/pt\/press\/card-pencil-holder\/\" \/>\n<meta property=\"og:site_name\" content=\"Bertolini Direct\" \/>\n<meta property=\"article:modified_time\" content=\"2025-11-21T23:19:10+00:00\" \/>\n<meta name=\"twitter:card\" content=\"summary_large_image\" \/>\n<script type=\"application\/ld+json\" class=\"yoast-schema-graph\">{\"@context\":\"https:\/\/schema.org\",\"@graph\":[{\"@type\":\"WebPage\",\"@id\":\"https:\/\/bertolinidirect.com\/pt\/press\/card-pencil-holder\",\"url\":\"https:\/\/bertolinidirect.com\/pt\/press\/card-pencil-holder\",\"name\":\"Bertolini Releases a Patent Pending Card Pencil Holder\",\"isPartOf\":{\"@id\":\"https:\/\/bertolinidirect.com\/pt\/#website\"},\"datePublished\":\"2014-06-12T21:19:00+00:00\",\"dateModified\":\"2025-11-21T23:19:10+00:00\",\"description\":\"Chino, CA\u2014June 12, 2014 Bertolini is proud to introduce its latest innovative in church chair accessories, the patent pending card pencil holder with\",\"breadcrumb\":{\"@id\":\"https:\/\/bertolinidirect.com\/pt\/press\/card-pencil-holder#breadcrumb\"},\"inLanguage\":\"pt-BR\",\"potentialAction\":[{\"@type\":\"ReadAction\",\"target\":[\"https:\/\/bertolinidirect.com\/pt\/press\/card-pencil-holder\"]}]},{\"@type\":\"BreadcrumbList\",\"@id\":\"https:\/\/bertolinidirect.com\/pt\/press\/card-pencil-holder#breadcrumb\",\"itemListElement\":[{\"@type\":\"ListItem\",\"position\":1,\"name\":\"Home\",\"item\":\"https:\/\/bertolinidirect.com\/\"},{\"@type\":\"ListItem\",\"position\":2,\"name\":\"Press &amp; News\",\"item\":\"https:\/\/bertolinidirect.com\/press\"},{\"@type\":\"ListItem\",\"position\":3,\"name\":\"Bertolini Releases a Patent Pending Card Pencil Holder\"}]},{\"@type\":\"WebSite\",\"@id\":\"https:\/\/bertolinidirect.com\/pt\/#website\",\"url\":\"https:\/\/bertolinidirect.com\/pt\/\",\"name\":\"Bertolini\",\"description\":\"\",\"potentialAction\":[{\"@type\":\"SearchAction\",\"target\":{\"@type\":\"EntryPoint\",\"urlTemplate\":\"https:\/\/bertolinidirect.com\/pt\/?s={search_term_string}\"},\"query-input\":{\"@type\":\"PropertyValueSpecification\",\"valueRequired\":true,\"valueName\":\"search_term_string\"}}],\"inLanguage\":\"pt-BR\"}]}<\/script>\n<!-- \/ Yoast SEO Premium plugin. -->","yoast_head_json":{"title":"Bertolini lan\u00e7a porta-l\u00e1pis para cart\u00f5es com patente pendente","description":"Chino, CA - 12 de junho de 2014 Bertolini tem o orgulho de apresentar sua mais recente inova\u00e7\u00e3o em acess\u00f3rios para cadeiras de igreja, o porta-l\u00e1pis de cart\u00e3o com patente pendente com","robots":{"index":"index","follow":"follow","max-snippet":"max-snippet:-1","max-image-preview":"max-image-preview:large","max-video-preview":"max-video-preview:-1"},"canonical":"https:\/\/bertolinidirect.com\/pt\/press\/card-pencil-holder\/","og_locale":"pt_BR","og_type":"article","og_title":"Bertolini Releases a Patent Pending Card Pencil Holder","og_description":"Chino, CA\u2014June 12, 2014 Bertolini is proud to introduce its latest innovative in church chair accessories, the patent pending card pencil holder with","og_url":"https:\/\/bertolinidirect.com\/pt\/press\/card-pencil-holder\/","og_site_name":"Bertolini Direct","article_modified_time":"2025-11-21T23:19:10+00:00","twitter_card":"summary_large_image","schema":{"@context":"https:\/\/schema.org","@graph":[{"@type":"WebPage","@id":"https:\/\/bertolinidirect.com\/pt\/press\/card-pencil-holder","url":"https:\/\/bertolinidirect.com\/pt\/press\/card-pencil-holder","name":"Bertolini lan\u00e7a porta-l\u00e1pis para cart\u00f5es com patente pendente","isPartOf":{"@id":"https:\/\/bertolinidirect.com\/pt\/#website"},"datePublished":"2014-06-12T21:19:00+00:00","dateModified":"2025-11-21T23:19:10+00:00","description":"Chino, CA - 12 de junho de 2014 Bertolini tem o orgulho de apresentar sua mais recente inova\u00e7\u00e3o em acess\u00f3rios para cadeiras de igreja, o porta-l\u00e1pis de cart\u00e3o com patente pendente com","breadcrumb":{"@id":"https:\/\/bertolinidirect.com\/pt\/press\/card-pencil-holder#breadcrumb"},"inLanguage":"pt-BR","potentialAction":[{"@type":"ReadAction","target":["https:\/\/bertolinidirect.com\/pt\/press\/card-pencil-holder"]}]},{"@type":"BreadcrumbList","@id":"https:\/\/bertolinidirect.com\/pt\/press\/card-pencil-holder#breadcrumb","itemListElement":[{"@type":"ListItem","position":1,"name":"Home","item":"https:\/\/bertolinidirect.com\/"},{"@type":"ListItem","position":2,"name":"Press &amp; News","item":"https:\/\/bertolinidirect.com\/press"},{"@type":"ListItem","position":3,"name":"Bertolini Releases a Patent Pending Card Pencil Holder"}]},{"@type":"WebSite","@id":"https:\/\/bertolinidirect.com\/pt\/#website","url":"https:\/\/bertolinidirect.com\/pt\/","name":"Bertolini","description":"","potentialAction":[{"@type":"SearchAction","target":{"@type":"EntryPoint","urlTemplate":"https:\/\/bertolinidirect.com\/pt\/?s={search_term_string}"},"query-input":{"@type":"PropertyValueSpecification","valueRequired":true,"valueName":"search_term_string"}}],"inLanguage":"pt-BR"}]}},"_links":{"self":[{"href":"https:\/\/bertolinidirect.com\/pt\/wp-json\/wp\/v2\/pages\/867","targetHints":{"allow":["GET"]}}],"collection":[{"href":"https:\/\/bertolinidirect.com\/pt\/wp-json\/wp\/v2\/pages"}],"about":[{"href":"https:\/\/bertolinidirect.com\/pt\/wp-json\/wp\/v2\/types\/page"}],"author":[{"embeddable":true,"href":"https:\/\/bertolinidirect.com\/pt\/wp-json\/wp\/v2\/users\/1"}],"replies":[{"embeddable":true,"href":"https:\/\/bertolinidirect.com\/pt\/wp-json\/wp\/v2\/comments?post=867"}],"version-history":[{"count":1,"href":"https:\/\/bertolinidirect.com\/pt\/wp-json\/wp\/v2\/pages\/867\/revisions"}],"predecessor-version":[{"id":868,"href":"https:\/\/bertolinidirect.com\/pt\/wp-json\/wp\/v2\/pages\/867\/revisions\/868"}],"up":[{"embeddable":true,"href":"https:\/\/bertolinidirect.com\/pt\/wp-json\/wp\/v2\/pages\/762"}],"wp:attachment":[{"href":"https:\/\/bertolinidirect.com\/pt\/wp-json\/wp\/v2\/media?parent=867"}],"curies":[{"name":"wp","href":"https:\/\/api.w.org\/{rel}","templated":true}]}}