{"id":863,"date":"2014-03-22T21:16:00","date_gmt":"2014-03-22T21:16:00","guid":{"rendered":"https:\/\/bertolinidirect.com\/?page_id=863"},"modified":"2026-01-29T15:39:40","modified_gmt":"2026-01-29T15:39:40","slug":"sustainability-training","status":"publish","type":"page","link":"https:\/\/bertolinidirect.com\/pt\/press\/sustainability-training","title":{"rendered":"Bertolini lan\u00e7a programa de capacita\u00e7\u00e3o em sustentabilidade para colaboradores"},"content":{"rendered":"<p><strong>Chino, CA - 22 de mar\u00e7o de 2014<\/strong><\/p>\n\n\n\n<p>A Bertolini Inc. deu um grande salto com o lan\u00e7amento do seu Programa de Treinamento em Sustentabilidade para Colaboradores. A primeira sess\u00e3o de treinamento foi realizada na sede corporativa em Chino, CA. Este foi um teste para lan\u00e7ar o programa em toda a empresa. A primeira sess\u00e3o de treinamento foi uma vis\u00e3o geral bem-sucedida da Sustentabilidade que toda cadeira sob encomenda da Bertolini possui.<\/p>\n\n\n\n<p>Cada cadeira Bertolini feita sob encomenda \u00e9 constru\u00edda com materiais de origem local. Desde a estrutura da cadeira em a\u00e7o laminado a frio de calibre 16, produzido com a\u00e7o americano recicl\u00e1vel 100%, at\u00e9 o assento BLOW MOLDED FLEX-FIT\u2122 (com patente pendente), produzido com materiais reciclados p\u00f3s-industriais de 30 a 50%, e a base original do encosto Ergo-V, feita de pol\u00edmeros ABS reciclados pr\u00e9-consumo\/p\u00f3s-industriais. A Bertolini Inc. tamb\u00e9m trabalha com um dos principais produtores de espuma para estofamento dos Estados Unidos, utilizando seus produtos de espuma de base biol\u00f3gica. Esses produtos de espuma para estofamento t\u00eam um impacto ambiental menor em compara\u00e7\u00e3o com as espumas tradicionais feitas com derivados de petr\u00f3leo, s\u00e3o totalmente recicl\u00e1veis, livres do controverso PBDE (\u00e9teres difen\u00edlicos polibromados) e s\u00e3o produzidos sem o uso de fluorocarbonos clorados.<\/p>\n\n\n\n<p>O programa de treinamento inclui recursos internos aprofundados e ser\u00e1 realizado trimestralmente. Os funcion\u00e1rios ser\u00e3o treinados em:<\/p>\n\n\n\n<ul class=\"wp-block-list\">\n<li>Iniciativas para se tornar ecol\u00f3gico<\/li>\n\n\n\n<li>Politica ambiental<\/li>\n\n\n\n<li>Programa de reciclagem<\/li>\n\n\n\n<li>Programa de fim de vida \u00fatil do produto<\/li>\n\n\n\n<li>Pol\u00edtica de Responsabilidade Social e<\/li>\n\n\n\n<li>Fa\u00e7a uma sugest\u00e3o sustent\u00e1vel<\/li>\n<\/ul>\n\n\n\n<p>Bertolini Inc. incentiva seus funcion\u00e1rios a serem criativos e apresentarem suas melhores ideias. Ao faz\u00ea-lo como empresa, criar\u00e3o um amanh\u00e3 mais sustent\u00e1vel.<\/p>\n\n\n\n<p>\u201cO objetivo da nossa empresa \u00e9 aumentar a conscientiza\u00e7\u00e3o e reduzir nossas pegadas de carbono, comprometendo-nos a usar recursos para construir uma for\u00e7a de trabalho saud\u00e1vel e educada, cuidar do meio ambiente para o futuro e apoiar miss\u00f5es em todo o mundo\u201d, afirma Jeff Sladick, Diretor de Vendas para a Divis\u00e3o de Hospitalidade da Bertolini Inc.<\/p>","protected":false},"excerpt":{"rendered":"<p>Chino, CA\u2014March 22, 2014 Bertolini Inc. has made a big leap forward with the launch of their Sustainability Training Program for Employees. Their first training session was held at their corporate headquarters in Chino, CA. This was a trial for launching the program company wide. The first training session was a successful overview of the [&hellip;]<\/p>\n","protected":false},"author":1,"featured_media":0,"parent":762,"menu_order":0,"comment_status":"closed","ping_status":"closed","template":"content-page.php","meta":{"_acf_changed":false,"footnotes":""},"class_list":["post-863","page","type-page","status-publish","hentry"],"acf":[],"yoast_head":"<!-- This site is optimized with the Yoast SEO Premium plugin v24.2 (Yoast SEO v27.4) - https:\/\/yoast.com\/product\/yoast-seo-premium-wordpress\/ -->\n<title>Bertolini Launches Sustainability Training Program for Employees<\/title>\n<meta name=\"description\" content=\"Chino, CA\u2014March 22, 2014 Bertolini Inc. has made a big leap forward with the launch of their Sustainability Training Program for Employees. Their first\" \/>\n<meta name=\"robots\" content=\"index, follow, max-snippet:-1, max-image-preview:large, max-video-preview:-1\" \/>\n<link rel=\"canonical\" href=\"https:\/\/bertolinidirect.com\/pt\/press\/sustainability-training\/\" \/>\n<meta property=\"og:locale\" content=\"pt_BR\" \/>\n<meta property=\"og:type\" content=\"article\" \/>\n<meta property=\"og:title\" content=\"Bertolini Launches Sustainability Training Program for Employees\" \/>\n<meta property=\"og:description\" content=\"Chino, CA\u2014March 22, 2014 Bertolini Inc. has made a big leap forward with the launch of their Sustainability Training Program for Employees. Their first\" \/>\n<meta property=\"og:url\" content=\"https:\/\/bertolinidirect.com\/pt\/press\/sustainability-training\/\" \/>\n<meta property=\"og:site_name\" content=\"Bertolini Direct\" \/>\n<meta property=\"article:modified_time\" content=\"2026-01-29T15:39:40+00:00\" \/>\n<meta name=\"twitter:card\" content=\"summary_large_image\" \/>\n<script type=\"application\/ld+json\" class=\"yoast-schema-graph\">{\"@context\":\"https:\\\/\\\/schema.org\",\"@graph\":[{\"@type\":\"WebPage\",\"@id\":\"https:\\\/\\\/bertolinidirect.com\\\/pt\\\/press\\\/sustainability-training\",\"url\":\"https:\\\/\\\/bertolinidirect.com\\\/pt\\\/press\\\/sustainability-training\",\"name\":\"Bertolini Launches Sustainability Training Program for Employees\",\"isPartOf\":{\"@id\":\"https:\\\/\\\/bertolinidirect.com\\\/pt\\\/#website\"},\"datePublished\":\"2014-03-22T21:16:00+00:00\",\"dateModified\":\"2026-01-29T15:39:40+00:00\",\"description\":\"Chino, CA\u2014March 22, 2014 Bertolini Inc. has made a big leap forward with the launch of their Sustainability Training Program for Employees. Their first\",\"breadcrumb\":{\"@id\":\"https:\\\/\\\/bertolinidirect.com\\\/pt\\\/press\\\/sustainability-training#breadcrumb\"},\"inLanguage\":\"pt-BR\",\"potentialAction\":[{\"@type\":\"ReadAction\",\"target\":[\"https:\\\/\\\/bertolinidirect.com\\\/pt\\\/press\\\/sustainability-training\"]}]},{\"@type\":\"BreadcrumbList\",\"@id\":\"https:\\\/\\\/bertolinidirect.com\\\/pt\\\/press\\\/sustainability-training#breadcrumb\",\"itemListElement\":[{\"@type\":\"ListItem\",\"position\":1,\"name\":\"Home\",\"item\":\"https:\\\/\\\/bertolinidirect.com\\\/\"},{\"@type\":\"ListItem\",\"position\":2,\"name\":\"Press &amp; News\",\"item\":\"https:\\\/\\\/bertolinidirect.com\\\/press\"},{\"@type\":\"ListItem\",\"position\":3,\"name\":\"Bertolini Launches Sustainability Training Program for Employees\"}]},{\"@type\":\"WebSite\",\"@id\":\"https:\\\/\\\/bertolinidirect.com\\\/pt\\\/#website\",\"url\":\"https:\\\/\\\/bertolinidirect.com\\\/pt\\\/\",\"name\":\"Bertolini\",\"description\":\"\",\"potentialAction\":[{\"@type\":\"SearchAction\",\"target\":{\"@type\":\"EntryPoint\",\"urlTemplate\":\"https:\\\/\\\/bertolinidirect.com\\\/pt\\\/?s={search_term_string}\"},\"query-input\":{\"@type\":\"PropertyValueSpecification\",\"valueRequired\":true,\"valueName\":\"search_term_string\"}}],\"inLanguage\":\"pt-BR\"}]}<\/script>\n<!-- \/ Yoast SEO Premium plugin. -->","yoast_head_json":{"title":"Bertolini lan\u00e7a programa de capacita\u00e7\u00e3o em sustentabilidade para colaboradores","description":"Chino, CA \u2014 22 de mar\u00e7o de 2014 A Bertolini Inc. deu um grande salto com o lan\u00e7amento de seu Programa de Treinamento em Sustentabilidade para Funcion\u00e1rios. O primeiro deles","robots":{"index":"index","follow":"follow","max-snippet":"max-snippet:-1","max-image-preview":"max-image-preview:large","max-video-preview":"max-video-preview:-1"},"canonical":"https:\/\/bertolinidirect.com\/pt\/press\/sustainability-training\/","og_locale":"pt_BR","og_type":"article","og_title":"Bertolini Launches Sustainability Training Program for Employees","og_description":"Chino, CA\u2014March 22, 2014 Bertolini Inc. has made a big leap forward with the launch of their Sustainability Training Program for Employees. Their first","og_url":"https:\/\/bertolinidirect.com\/pt\/press\/sustainability-training\/","og_site_name":"Bertolini Direct","article_modified_time":"2026-01-29T15:39:40+00:00","twitter_card":"summary_large_image","schema":{"@context":"https:\/\/schema.org","@graph":[{"@type":"WebPage","@id":"https:\/\/bertolinidirect.com\/pt\/press\/sustainability-training","url":"https:\/\/bertolinidirect.com\/pt\/press\/sustainability-training","name":"Bertolini lan\u00e7a programa de capacita\u00e7\u00e3o em sustentabilidade para colaboradores","isPartOf":{"@id":"https:\/\/bertolinidirect.com\/pt\/#website"},"datePublished":"2014-03-22T21:16:00+00:00","dateModified":"2026-01-29T15:39:40+00:00","description":"Chino, CA \u2014 22 de mar\u00e7o de 2014 A Bertolini Inc. deu um grande salto com o lan\u00e7amento de seu Programa de Treinamento em Sustentabilidade para Funcion\u00e1rios. O primeiro deles","breadcrumb":{"@id":"https:\/\/bertolinidirect.com\/pt\/press\/sustainability-training#breadcrumb"},"inLanguage":"pt-BR","potentialAction":[{"@type":"ReadAction","target":["https:\/\/bertolinidirect.com\/pt\/press\/sustainability-training"]}]},{"@type":"BreadcrumbList","@id":"https:\/\/bertolinidirect.com\/pt\/press\/sustainability-training#breadcrumb","itemListElement":[{"@type":"ListItem","position":1,"name":"Home","item":"https:\/\/bertolinidirect.com\/"},{"@type":"ListItem","position":2,"name":"Press &amp; News","item":"https:\/\/bertolinidirect.com\/press"},{"@type":"ListItem","position":3,"name":"Bertolini Launches Sustainability Training Program for Employees"}]},{"@type":"WebSite","@id":"https:\/\/bertolinidirect.com\/pt\/#website","url":"https:\/\/bertolinidirect.com\/pt\/","name":"Bertolini","description":"","potentialAction":[{"@type":"SearchAction","target":{"@type":"EntryPoint","urlTemplate":"https:\/\/bertolinidirect.com\/pt\/?s={search_term_string}"},"query-input":{"@type":"PropertyValueSpecification","valueRequired":true,"valueName":"search_term_string"}}],"inLanguage":"pt-BR"}]}},"_links":{"self":[{"href":"https:\/\/bertolinidirect.com\/pt\/wp-json\/wp\/v2\/pages\/863","targetHints":{"allow":["GET"]}}],"collection":[{"href":"https:\/\/bertolinidirect.com\/pt\/wp-json\/wp\/v2\/pages"}],"about":[{"href":"https:\/\/bertolinidirect.com\/pt\/wp-json\/wp\/v2\/types\/page"}],"author":[{"embeddable":true,"href":"https:\/\/bertolinidirect.com\/pt\/wp-json\/wp\/v2\/users\/1"}],"replies":[{"embeddable":true,"href":"https:\/\/bertolinidirect.com\/pt\/wp-json\/wp\/v2\/comments?post=863"}],"version-history":[{"count":3,"href":"https:\/\/bertolinidirect.com\/pt\/wp-json\/wp\/v2\/pages\/863\/revisions"}],"predecessor-version":[{"id":24706,"href":"https:\/\/bertolinidirect.com\/pt\/wp-json\/wp\/v2\/pages\/863\/revisions\/24706"}],"up":[{"embeddable":true,"href":"https:\/\/bertolinidirect.com\/pt\/wp-json\/wp\/v2\/pages\/762"}],"wp:attachment":[{"href":"https:\/\/bertolinidirect.com\/pt\/wp-json\/wp\/v2\/media?parent=863"}],"curies":[{"name":"wp","href":"https:\/\/api.w.org\/{rel}","templated":true}]}}