{"id":859,"date":"2013-10-10T21:16:00","date_gmt":"2013-10-10T21:16:00","guid":{"rendered":"https:\/\/bertolinidirect.com\/?page_id=859"},"modified":"2024-05-16T20:37:25","modified_gmt":"2024-05-16T20:37:25","slug":"university-of-tennessee","status":"publish","type":"page","link":"https:\/\/bertolinidirect.com\/pt\/press\/university-of-tennessee","title":{"rendered":"O Centro de Servi\u00e7os Industriais da Universidade do Tennessee celebra os fabricantes do Tennessee"},"content":{"rendered":"<p><strong>Lawrenceburg, TN (PRWEB) \u2013 10 de outubro de 2013<\/strong><\/p>\n\n\n\n<p>Em 10 de outubro de 2013, o Centro de Servi\u00e7os Industriais da Universidade do Tennessee sediar\u00e1 uma celebra\u00e7\u00e3o e reconhecimento da manufatura no sul do M\u00e9dio Tennessee para Bertolini.<\/p>\n\n\n\n<p>A manufatura \u00e9 parte integrante da economia do Tennessee; de acordo com a Associa\u00e7\u00e3o Nacional de Fabricantes, a ind\u00fastria responde por quase 15% da produ\u00e7\u00e3o total do estado e emprega 11,4% de sua for\u00e7a de trabalho.<\/p>\n\n\n\n<p>Em conjunto com o Manufacturing Day nacionalmente, o Centro de Servi\u00e7os Industriais (CIS) da UT est\u00e1 organizando eventos em todo o estado para promover sua iniciativa Made in Tennessee, homenagear os fabricantes do estado e comemorar o 50\u00ba anivers\u00e1rio do CIS.<\/p>\n\n\n\n<p>Os Manufacturing Day Showcases ser\u00e3o realizados durante todo o m\u00eas de outubro em cada uma das nove regi\u00f5es de desenvolvimento econ\u00f4mico do Tennessee. As vitrines contar\u00e3o com almo\u00e7os, passeios pelas f\u00e1bricas e apresenta\u00e7\u00f5es para homenagear as empresas Made in Tennessee.<\/p>\n\n\n\n<p>\u201cA manufatura \u00e9 parte integrante da economia do Tennessee e temos orgulho de promover os fabricantes do estado por meio desses eventos e com nosso site Made in Tennessee\u201d, disse Paul Jennings, diretor executivo do Centro de Servi\u00e7os Industriais. \u201cO objetivo do programa Made in Tennessee \u00e9 apoiar a comunidade manufatureira do Estado Volunt\u00e1rio, aumentando a conscientiza\u00e7\u00e3o sobre seus produtos e fornecendo recursos para ajud\u00e1-la a crescer. Queremos encorajar todos os habitantes do Tennessee a comprar produtos fabricados por empresas do Tennessee.\u201d<\/p>","protected":false},"excerpt":{"rendered":"<p>Lawrenceburg, TN (PRWEB) &#8211; October 10, 2013 On October 10th, 2013, the University of Tennessee Center for Industrial Services will host a celebration and recognition of manufacturing in Southern Middle Tennessee for Bertolini. Manufacturing is an integral part of Tennessee\u2019s economy; according to the National Association of Manufacturers, the industry accounts for nearly 15 percent [&hellip;]<\/p>\n","protected":false},"author":1,"featured_media":0,"parent":762,"menu_order":0,"comment_status":"closed","ping_status":"closed","template":"content-page.php","meta":{"_acf_changed":false,"footnotes":""},"class_list":["post-859","page","type-page","status-publish","hentry"],"acf":[],"yoast_head":"<!-- This site is optimized with the Yoast SEO Premium plugin v24.2 (Yoast SEO v27.4) - https:\/\/yoast.com\/product\/yoast-seo-premium-wordpress\/ -->\n<title>The University of Tennessee Center Celebrates Manufacturers<\/title>\n<meta name=\"description\" content=\"Lawrenceburg, TN (PRWEB) - October 10, 2013 On October 10th, 2013, the University of Tennessee Center for Industrial Services will host a celebration and\" \/>\n<meta name=\"robots\" content=\"index, follow, max-snippet:-1, max-image-preview:large, max-video-preview:-1\" \/>\n<link rel=\"canonical\" href=\"https:\/\/bertolinidirect.com\/pt\/press\/university-of-tennessee\/\" \/>\n<meta property=\"og:locale\" content=\"pt_BR\" \/>\n<meta property=\"og:type\" content=\"article\" \/>\n<meta property=\"og:title\" content=\"The University of Tennessee Center for Industrial Services Celebrates Tennessee Manufacturers\" \/>\n<meta property=\"og:description\" content=\"Lawrenceburg, TN (PRWEB) - October 10, 2013 On October 10th, 2013, the University of Tennessee Center for Industrial Services will host a celebration and\" \/>\n<meta property=\"og:url\" content=\"https:\/\/bertolinidirect.com\/pt\/press\/university-of-tennessee\/\" \/>\n<meta property=\"og:site_name\" content=\"Bertolini Direct\" \/>\n<meta property=\"article:modified_time\" content=\"2024-05-16T20:37:25+00:00\" \/>\n<meta name=\"twitter:card\" content=\"summary_large_image\" \/>\n<script type=\"application\/ld+json\" class=\"yoast-schema-graph\">{\"@context\":\"https:\\\/\\\/schema.org\",\"@graph\":[{\"@type\":\"WebPage\",\"@id\":\"https:\\\/\\\/bertolinidirect.com\\\/pt\\\/press\\\/university-of-tennessee\",\"url\":\"https:\\\/\\\/bertolinidirect.com\\\/pt\\\/press\\\/university-of-tennessee\",\"name\":\"The University of Tennessee Center Celebrates Manufacturers\",\"isPartOf\":{\"@id\":\"https:\\\/\\\/bertolinidirect.com\\\/pt\\\/#website\"},\"datePublished\":\"2013-10-10T21:16:00+00:00\",\"dateModified\":\"2024-05-16T20:37:25+00:00\",\"description\":\"Lawrenceburg, TN (PRWEB) - October 10, 2013 On October 10th, 2013, the University of Tennessee Center for Industrial Services will host a celebration and\",\"breadcrumb\":{\"@id\":\"https:\\\/\\\/bertolinidirect.com\\\/pt\\\/press\\\/university-of-tennessee#breadcrumb\"},\"inLanguage\":\"pt-BR\",\"potentialAction\":[{\"@type\":\"ReadAction\",\"target\":[\"https:\\\/\\\/bertolinidirect.com\\\/pt\\\/press\\\/university-of-tennessee\"]}]},{\"@type\":\"BreadcrumbList\",\"@id\":\"https:\\\/\\\/bertolinidirect.com\\\/pt\\\/press\\\/university-of-tennessee#breadcrumb\",\"itemListElement\":[{\"@type\":\"ListItem\",\"position\":1,\"name\":\"Home\",\"item\":\"https:\\\/\\\/bertolinidirect.com\\\/\"},{\"@type\":\"ListItem\",\"position\":2,\"name\":\"Press &amp; News\",\"item\":\"https:\\\/\\\/bertolinidirect.com\\\/press\"},{\"@type\":\"ListItem\",\"position\":3,\"name\":\"The University of Tennessee Center for Industrial Services Celebrates Tennessee Manufacturers\"}]},{\"@type\":\"WebSite\",\"@id\":\"https:\\\/\\\/bertolinidirect.com\\\/pt\\\/#website\",\"url\":\"https:\\\/\\\/bertolinidirect.com\\\/pt\\\/\",\"name\":\"Bertolini\",\"description\":\"\",\"potentialAction\":[{\"@type\":\"SearchAction\",\"target\":{\"@type\":\"EntryPoint\",\"urlTemplate\":\"https:\\\/\\\/bertolinidirect.com\\\/pt\\\/?s={search_term_string}\"},\"query-input\":{\"@type\":\"PropertyValueSpecification\",\"valueRequired\":true,\"valueName\":\"search_term_string\"}}],\"inLanguage\":\"pt-BR\"}]}<\/script>\n<!-- \/ Yoast SEO Premium plugin. -->","yoast_head_json":{"title":"O Centro da Universidade do Tennessee celebra os fabricantes","description":"Lawrenceburg, TN (PRWEB) - 10 de outubro de 2013 Em 10 de outubro de 2013, o Centro de Servi\u00e7os Industriais da Universidade do Tennessee realizar\u00e1 uma celebra\u00e7\u00e3o e","robots":{"index":"index","follow":"follow","max-snippet":"max-snippet:-1","max-image-preview":"max-image-preview:large","max-video-preview":"max-video-preview:-1"},"canonical":"https:\/\/bertolinidirect.com\/pt\/press\/university-of-tennessee\/","og_locale":"pt_BR","og_type":"article","og_title":"The University of Tennessee Center for Industrial Services Celebrates Tennessee Manufacturers","og_description":"Lawrenceburg, TN (PRWEB) - October 10, 2013 On October 10th, 2013, the University of Tennessee Center for Industrial Services will host a celebration and","og_url":"https:\/\/bertolinidirect.com\/pt\/press\/university-of-tennessee\/","og_site_name":"Bertolini Direct","article_modified_time":"2024-05-16T20:37:25+00:00","twitter_card":"summary_large_image","schema":{"@context":"https:\/\/schema.org","@graph":[{"@type":"WebPage","@id":"https:\/\/bertolinidirect.com\/pt\/press\/university-of-tennessee","url":"https:\/\/bertolinidirect.com\/pt\/press\/university-of-tennessee","name":"O Centro da Universidade do Tennessee celebra os fabricantes","isPartOf":{"@id":"https:\/\/bertolinidirect.com\/pt\/#website"},"datePublished":"2013-10-10T21:16:00+00:00","dateModified":"2024-05-16T20:37:25+00:00","description":"Lawrenceburg, TN (PRWEB) - 10 de outubro de 2013 Em 10 de outubro de 2013, o Centro de Servi\u00e7os Industriais da Universidade do Tennessee realizar\u00e1 uma celebra\u00e7\u00e3o e","breadcrumb":{"@id":"https:\/\/bertolinidirect.com\/pt\/press\/university-of-tennessee#breadcrumb"},"inLanguage":"pt-BR","potentialAction":[{"@type":"ReadAction","target":["https:\/\/bertolinidirect.com\/pt\/press\/university-of-tennessee"]}]},{"@type":"BreadcrumbList","@id":"https:\/\/bertolinidirect.com\/pt\/press\/university-of-tennessee#breadcrumb","itemListElement":[{"@type":"ListItem","position":1,"name":"Home","item":"https:\/\/bertolinidirect.com\/"},{"@type":"ListItem","position":2,"name":"Press &amp; News","item":"https:\/\/bertolinidirect.com\/press"},{"@type":"ListItem","position":3,"name":"The University of Tennessee Center for Industrial Services Celebrates Tennessee Manufacturers"}]},{"@type":"WebSite","@id":"https:\/\/bertolinidirect.com\/pt\/#website","url":"https:\/\/bertolinidirect.com\/pt\/","name":"Bertolini","description":"","potentialAction":[{"@type":"SearchAction","target":{"@type":"EntryPoint","urlTemplate":"https:\/\/bertolinidirect.com\/pt\/?s={search_term_string}"},"query-input":{"@type":"PropertyValueSpecification","valueRequired":true,"valueName":"search_term_string"}}],"inLanguage":"pt-BR"}]}},"_links":{"self":[{"href":"https:\/\/bertolinidirect.com\/pt\/wp-json\/wp\/v2\/pages\/859","targetHints":{"allow":["GET"]}}],"collection":[{"href":"https:\/\/bertolinidirect.com\/pt\/wp-json\/wp\/v2\/pages"}],"about":[{"href":"https:\/\/bertolinidirect.com\/pt\/wp-json\/wp\/v2\/types\/page"}],"author":[{"embeddable":true,"href":"https:\/\/bertolinidirect.com\/pt\/wp-json\/wp\/v2\/users\/1"}],"replies":[{"embeddable":true,"href":"https:\/\/bertolinidirect.com\/pt\/wp-json\/wp\/v2\/comments?post=859"}],"version-history":[{"count":1,"href":"https:\/\/bertolinidirect.com\/pt\/wp-json\/wp\/v2\/pages\/859\/revisions"}],"predecessor-version":[{"id":860,"href":"https:\/\/bertolinidirect.com\/pt\/wp-json\/wp\/v2\/pages\/859\/revisions\/860"}],"up":[{"embeddable":true,"href":"https:\/\/bertolinidirect.com\/pt\/wp-json\/wp\/v2\/pages\/762"}],"wp:attachment":[{"href":"https:\/\/bertolinidirect.com\/pt\/wp-json\/wp\/v2\/media?parent=859"}],"curies":[{"name":"wp","href":"https:\/\/api.w.org\/{rel}","templated":true}]}}