{"id":856,"date":"2013-09-10T21:13:00","date_gmt":"2013-09-10T21:13:00","guid":{"rendered":"https:\/\/bertolinidirect.com\/?page_id=856"},"modified":"2024-05-16T20:36:14","modified_gmt":"2024-05-16T20:36:14","slug":"new-consumer-alert","status":"publish","type":"page","link":"https:\/\/bertolinidirect.com\/pt\/press\/new-consumer-alert","title":{"rendered":"Bertolini anunciou um novo alerta ao consumidor sobre o que saber antes de comprar cadeira de igreja importada"},"content":{"rendered":"<p><strong>Chino, CA - 10 de setembro de 2013<\/strong><\/p>\n\n\n\n<p>O mercado de cadeiras para igrejas hoje est\u00e1 inundado com cadeiras importadas de baixa qualidade, vendidas pela Internet, provenientes de f\u00e1bricas mal regulamentadas na \u00c1sia. As cadeiras de baixo custo mais populares chegam desmontadas. O consumidor deve instalar as costas antes de usar.<\/p>\n\n\n\n<p>A maioria das cadeiras de igreja vendidas hoje t\u00eam menos de $40 e at\u00e9 mesmo algumas das de pre\u00e7o mais alto s\u00e3o importadas de regi\u00f5es da \u00c1sia. A qualidade dessas cadeiras varia dependendo do fabricante e dos controles implementados pelo corretor ou importador. Embora uma pequena minoria seja de qualidade aceit\u00e1vel, a maioria \u00e9 projetada para passar pelo processo de vendas e pelo primeiro ano de uso antes de desmoronar. Eles usam materiais de baixa qualidade, como espumas com enchimentos, tecidos leves, tintas abaixo do padr\u00e3o e componentes de fabrica\u00e7\u00e3o barata para garantir que o pre\u00e7o pago pelo intermedi\u00e1rio permane\u00e7a extremamente baixo e sua margem de lucro muito alta. As igrejas que compram essas cadeiras logo descobrem que receberam muito menos cadeiras do que pagaram. Um alerta ao consumidor elaborado para igrejas por Bertolini discute o que saber antes de comprar cadeiras de igreja importadas e as empresas que as vendem.<\/p>\n\n\n\n<p>Aqui est\u00e3o os riscos t\u00edpicos associados \u00e0 compra de uma cadeira de igreja importada de um varejista online:<\/p>\n\n\n\n<ul class=\"wp-block-list\">\n<li>Eles podem ter acabamentos que contenham chumbo<\/li>\n\n\n\n<li>Muitas vezes s\u00e3o feitos com materiais question\u00e1veis<\/li>\n\n\n\n<li>Eles n\u00e3o t\u00eam aten\u00e7\u00e3o aos detalhes que criam qualidade est\u00e9tica<\/li>\n\n\n\n<li>Eles podem conter espuma que n\u00e3o atende aos c\u00f3digos de inc\u00eandio locais<\/li>\n\n\n\n<li>Eles n\u00e3o s\u00e3o regulamentados para sa\u00fade e seguran\u00e7a<\/li>\n\n\n\n<li>Eles podem conter formalde\u00eddo e criar gases prejudiciais \u00e0 sa\u00fade<\/li>\n\n\n\n<li>Eles podem ser dif\u00edceis de combinar, substituir ou obter servi\u00e7o para<\/li>\n<\/ul>\n\n\n\n<p>O impacto ambiental negativo das cadeiras importadas \u00e9 terr\u00edvel. A China continua a ser o maior emissor de gases poluentes do efeito estufa no mundo. As f\u00e1bricas chinesas t\u00eam registros p\u00e9ssimos de seguran\u00e7a dos funcion\u00e1rios, e isso n\u00e3o \u00e9 tudo. O risco que um consumidor corre com produtos fabricados na China \u00e9 a falta de regulamenta\u00e7\u00e3o (formalde\u00eddo, chumbo, etc.) e a falta de qualidade consistente. Se esses riscos s\u00e3o um problema realmente depende da empresa que importa o produto. Eles t\u00eam a integridade necess\u00e1ria para zelar pelo bem-estar de seus clientes ou trata-se apenas de maximizar os lucros minimizando os custos \u00e0s custas do cliente? Existe uma diferen\u00e7a real entre as cadeiras fabricadas nos EUA e as importadas de outros lugares? Sim, existe risco \u00e0 sa\u00fade, qualidade, orgulho do acabamento e garantia do produto.<\/p>\n\n\n\n<p>\u201cN\u00f3s aqui da Bertolini Inc. sugerimos fortemente que o consumidor fa\u00e7a pesquisas extensas e fa\u00e7a perguntas antes de comprar cadeiras para suas instala\u00e7\u00f5es\u201d, disse Chuck Horn, presidente da Bertolini Inc.<\/p>","protected":false},"excerpt":{"rendered":"<p>Chino, CA\u2014September 10, 2013 The church chair market today is flooded with low-quality import chairs sold via the internet from poorly regulated factories in Asia. The most popular of the low-cost chairs arrive unassembled. A consumer has to install the backs prior to use. Most church chairs sold today that are less than $40 and [&hellip;]<\/p>\n","protected":false},"author":1,"featured_media":0,"parent":762,"menu_order":0,"comment_status":"closed","ping_status":"closed","template":"content-page.php","meta":{"_acf_changed":false,"footnotes":""},"class_list":["post-856","page","type-page","status-publish","hentry"],"acf":[],"yoast_head":"<!-- This site is optimized with the Yoast SEO Premium plugin v24.2 (Yoast SEO v27.4) - https:\/\/yoast.com\/product\/yoast-seo-premium-wordpress\/ -->\n<title>What to Know Before Purchasing Imported Church Chair<\/title>\n<meta name=\"description\" content=\"Chino, CA\u2014September 10, 2013 The church chair market today is flooded with low-quality import chairs sold via the internet from poorly regulated factories\" \/>\n<meta name=\"robots\" content=\"index, follow, max-snippet:-1, max-image-preview:large, max-video-preview:-1\" \/>\n<link rel=\"canonical\" href=\"https:\/\/bertolinidirect.com\/pt\/press\/new-consumer-alert\/\" \/>\n<meta property=\"og:locale\" content=\"pt_BR\" \/>\n<meta property=\"og:type\" content=\"article\" \/>\n<meta property=\"og:title\" content=\"Bertolini Announced a New Consumer Alert on What to Know Before Purchasing Imported Church Chair\" \/>\n<meta property=\"og:description\" content=\"Chino, CA\u2014September 10, 2013 The church chair market today is flooded with low-quality import chairs sold via the internet from poorly regulated factories\" \/>\n<meta property=\"og:url\" content=\"https:\/\/bertolinidirect.com\/pt\/press\/new-consumer-alert\/\" \/>\n<meta property=\"og:site_name\" content=\"Bertolini Direct\" \/>\n<meta property=\"article:modified_time\" content=\"2024-05-16T20:36:14+00:00\" \/>\n<meta name=\"twitter:card\" content=\"summary_large_image\" \/>\n<script type=\"application\/ld+json\" class=\"yoast-schema-graph\">{\"@context\":\"https:\\\/\\\/schema.org\",\"@graph\":[{\"@type\":\"WebPage\",\"@id\":\"https:\\\/\\\/bertolinidirect.com\\\/pt\\\/press\\\/new-consumer-alert\",\"url\":\"https:\\\/\\\/bertolinidirect.com\\\/pt\\\/press\\\/new-consumer-alert\",\"name\":\"What to Know Before Purchasing Imported Church Chair\",\"isPartOf\":{\"@id\":\"https:\\\/\\\/bertolinidirect.com\\\/pt\\\/#website\"},\"datePublished\":\"2013-09-10T21:13:00+00:00\",\"dateModified\":\"2024-05-16T20:36:14+00:00\",\"description\":\"Chino, CA\u2014September 10, 2013 The church chair market today is flooded with low-quality import chairs sold via the internet from poorly regulated factories\",\"breadcrumb\":{\"@id\":\"https:\\\/\\\/bertolinidirect.com\\\/pt\\\/press\\\/new-consumer-alert#breadcrumb\"},\"inLanguage\":\"pt-BR\",\"potentialAction\":[{\"@type\":\"ReadAction\",\"target\":[\"https:\\\/\\\/bertolinidirect.com\\\/pt\\\/press\\\/new-consumer-alert\"]}]},{\"@type\":\"BreadcrumbList\",\"@id\":\"https:\\\/\\\/bertolinidirect.com\\\/pt\\\/press\\\/new-consumer-alert#breadcrumb\",\"itemListElement\":[{\"@type\":\"ListItem\",\"position\":1,\"name\":\"Home\",\"item\":\"https:\\\/\\\/bertolinidirect.com\\\/\"},{\"@type\":\"ListItem\",\"position\":2,\"name\":\"Press &amp; News\",\"item\":\"https:\\\/\\\/bertolinidirect.com\\\/press\"},{\"@type\":\"ListItem\",\"position\":3,\"name\":\"Bertolini Announced a New Consumer Alert on What to Know Before Purchasing Imported Church Chair\"}]},{\"@type\":\"WebSite\",\"@id\":\"https:\\\/\\\/bertolinidirect.com\\\/pt\\\/#website\",\"url\":\"https:\\\/\\\/bertolinidirect.com\\\/pt\\\/\",\"name\":\"Bertolini\",\"description\":\"\",\"potentialAction\":[{\"@type\":\"SearchAction\",\"target\":{\"@type\":\"EntryPoint\",\"urlTemplate\":\"https:\\\/\\\/bertolinidirect.com\\\/pt\\\/?s={search_term_string}\"},\"query-input\":{\"@type\":\"PropertyValueSpecification\",\"valueRequired\":true,\"valueName\":\"search_term_string\"}}],\"inLanguage\":\"pt-BR\"}]}<\/script>\n<!-- \/ Yoast SEO Premium plugin. -->","yoast_head_json":{"title":"O que saber antes de comprar cadeira de igreja importada","description":"Chino, CA \u2014 10 de setembro de 2013 O mercado de cadeiras para igrejas hoje est\u00e1 inundado com cadeiras importadas de baixa qualidade, vendidas pela Internet, provenientes de f\u00e1bricas mal regulamentadas.","robots":{"index":"index","follow":"follow","max-snippet":"max-snippet:-1","max-image-preview":"max-image-preview:large","max-video-preview":"max-video-preview:-1"},"canonical":"https:\/\/bertolinidirect.com\/pt\/press\/new-consumer-alert\/","og_locale":"pt_BR","og_type":"article","og_title":"Bertolini Announced a New Consumer Alert on What to Know Before Purchasing Imported Church Chair","og_description":"Chino, CA\u2014September 10, 2013 The church chair market today is flooded with low-quality import chairs sold via the internet from poorly regulated factories","og_url":"https:\/\/bertolinidirect.com\/pt\/press\/new-consumer-alert\/","og_site_name":"Bertolini Direct","article_modified_time":"2024-05-16T20:36:14+00:00","twitter_card":"summary_large_image","schema":{"@context":"https:\/\/schema.org","@graph":[{"@type":"WebPage","@id":"https:\/\/bertolinidirect.com\/pt\/press\/new-consumer-alert","url":"https:\/\/bertolinidirect.com\/pt\/press\/new-consumer-alert","name":"O que saber antes de comprar cadeira de igreja importada","isPartOf":{"@id":"https:\/\/bertolinidirect.com\/pt\/#website"},"datePublished":"2013-09-10T21:13:00+00:00","dateModified":"2024-05-16T20:36:14+00:00","description":"Chino, CA \u2014 10 de setembro de 2013 O mercado de cadeiras para igrejas hoje est\u00e1 inundado com cadeiras importadas de baixa qualidade, vendidas pela Internet, provenientes de f\u00e1bricas mal regulamentadas.","breadcrumb":{"@id":"https:\/\/bertolinidirect.com\/pt\/press\/new-consumer-alert#breadcrumb"},"inLanguage":"pt-BR","potentialAction":[{"@type":"ReadAction","target":["https:\/\/bertolinidirect.com\/pt\/press\/new-consumer-alert"]}]},{"@type":"BreadcrumbList","@id":"https:\/\/bertolinidirect.com\/pt\/press\/new-consumer-alert#breadcrumb","itemListElement":[{"@type":"ListItem","position":1,"name":"Home","item":"https:\/\/bertolinidirect.com\/"},{"@type":"ListItem","position":2,"name":"Press &amp; News","item":"https:\/\/bertolinidirect.com\/press"},{"@type":"ListItem","position":3,"name":"Bertolini Announced a New Consumer Alert on What to Know Before Purchasing Imported Church Chair"}]},{"@type":"WebSite","@id":"https:\/\/bertolinidirect.com\/pt\/#website","url":"https:\/\/bertolinidirect.com\/pt\/","name":"Bertolini","description":"","potentialAction":[{"@type":"SearchAction","target":{"@type":"EntryPoint","urlTemplate":"https:\/\/bertolinidirect.com\/pt\/?s={search_term_string}"},"query-input":{"@type":"PropertyValueSpecification","valueRequired":true,"valueName":"search_term_string"}}],"inLanguage":"pt-BR"}]}},"_links":{"self":[{"href":"https:\/\/bertolinidirect.com\/pt\/wp-json\/wp\/v2\/pages\/856","targetHints":{"allow":["GET"]}}],"collection":[{"href":"https:\/\/bertolinidirect.com\/pt\/wp-json\/wp\/v2\/pages"}],"about":[{"href":"https:\/\/bertolinidirect.com\/pt\/wp-json\/wp\/v2\/types\/page"}],"author":[{"embeddable":true,"href":"https:\/\/bertolinidirect.com\/pt\/wp-json\/wp\/v2\/users\/1"}],"replies":[{"embeddable":true,"href":"https:\/\/bertolinidirect.com\/pt\/wp-json\/wp\/v2\/comments?post=856"}],"version-history":[{"count":1,"href":"https:\/\/bertolinidirect.com\/pt\/wp-json\/wp\/v2\/pages\/856\/revisions"}],"predecessor-version":[{"id":857,"href":"https:\/\/bertolinidirect.com\/pt\/wp-json\/wp\/v2\/pages\/856\/revisions\/857"}],"up":[{"embeddable":true,"href":"https:\/\/bertolinidirect.com\/pt\/wp-json\/wp\/v2\/pages\/762"}],"wp:attachment":[{"href":"https:\/\/bertolinidirect.com\/pt\/wp-json\/wp\/v2\/media?parent=856"}],"curies":[{"name":"wp","href":"https:\/\/api.w.org\/{rel}","templated":true}]}}