{"id":852,"date":"2013-07-01T21:09:00","date_gmt":"2013-07-01T21:09:00","guid":{"rendered":"https:\/\/bertolinidirect.com\/?page_id=852"},"modified":"2024-05-16T20:34:54","modified_gmt":"2024-05-16T20:34:54","slug":"new-education-initiative","status":"publish","type":"page","link":"https:\/\/bertolinidirect.com\/pt\/press\/new-education-initiative","title":{"rendered":"Bertolini anunciou uma nova iniciativa de educa\u00e7\u00e3o do consumidor sobre qualidade e c\u00e1tedras de igreja"},"content":{"rendered":"<p><strong>Chino, CA - 31 de julho de 2013<\/strong><\/p>\n\n\n\n<p>\u201cLeva apenas um minuto online para descobrir que o mercado de cadeiras para igrejas explodiu com op\u00e7\u00f5es de baixo custo para o consumidor\u201d, disse Ray Wheeler, Diretor de Vendas Globais da Bertolini. \u201cCompreendemos a tend\u00eancia especialmente \u00e0 luz das restri\u00e7\u00f5es financeiras que muitas igrejas experimentaram na \u00faltima recess\u00e3o. No entanto, queremos que as igrejas estejam conscientes das armadilhas inerentes \u00e0 compra de cadeiras de baixo custo.\u201d<\/p>\n\n\n\n<p>Os v\u00eddeos e estudos impressos elaborados para igrejas por Bertolini discutem os perigos do formalde\u00eddo e o custo da baixa qualidade. Os materiais de educa\u00e7\u00e3o do consumidor da Bertolini s\u00e3o gratuitos e verific\u00e1veis.<\/p>\n\n\n\n<p>O mercado de cadeiras para igrejas hoje est\u00e1 inundado com cadeiras importadas de baixa qualidade, vendidas pela Internet, provenientes de f\u00e1bricas mal regulamentadas na \u00c1sia. As cadeiras de baixo custo mais populares chegam desmontadas. O consumidor deve instalar as costas antes de usar.<\/p>\n\n\n\n<p>Com base no feedback n\u00e3o solicitado dos consumidores, Bertolini documentou que a vida \u00fatil destas cadeiras de baixo custo \u00e9 inferior a quatro anos. Nas fotos enviadas por consumidores que compraram online cadeiras importadas de baixo custo, o tecido do estofamento parece ter literalmente se desintegrado do assento da cadeira, expondo assim a espuma bruta.<\/p>\n\n\n\n<p>\u201cA vida \u00fatil de um produto \u00e9 um fator cr\u00edtico a ser inclu\u00eddo no c\u00e1lculo do custo real da compra de uma cadeira\u201d, disse o Dr. Wheeler. \u201cN\u00e3o significa nada poupar cinco a quinze d\u00f3lares por cadeira se essas cadeiras tiverem de ser substitu\u00eddas a cada tr\u00eas ou quatro anos.\u201d<\/p>\n\n\n\n<p>A Bertolini ouve o feedback dos consumidores, mas a base do seu material educacional prov\u00e9m, na verdade, de seus pr\u00f3prios testes rigorosos de produtos. A Bertolini estabeleceu seu pr\u00f3prio conjunto de padr\u00f5es de teste que eles chamam de teste de Padr\u00f5es Internos e Conformidade da Bertolini (BISC). Os padr\u00f5es de teste do BISC excedem em muito os padr\u00f5es volunt\u00e1rios m\u00ednimos da Associa\u00e7\u00e3o de Fabricantes de M\u00f3veis Institucionais e Empresariais (BIFMA) para ambientes e produtos seguros, saud\u00e1veis e sustent\u00e1veis.<\/p>\n\n\n\n<p>A Bertolini submete suas cadeiras concorrentes aos mesmos testes BISC que utiliza para seu pr\u00f3prio produto. Cadeiras importadas testadas pela Bertolini s\u00e3o reprovadas nos testes do BISC.<\/p>\n\n\n\n<p>Qualquer congrega\u00e7\u00e3o que esteja considerando a compra de cadeiras de igreja deveria fazer um favor a si mesma, permitindo que a equipe da Bertolini os instru\u00edsse sobre as cadeiras antes da compra.<\/p>\n\n\n\n<p>Bertolini \u00e9 l\u00edder em design no uso de cadeiras ergonomicamente corretas e em sua tecnologia de design de assentos Flex fit para igrejas. Suas cadeiras s\u00e3o leves e fortes. Sua experi\u00eancia na fabrica\u00e7\u00e3o de assentos empilh\u00e1veis de qualidade e seu compromisso com um atendimento superior ao cliente conquistam o apre\u00e7o das congrega\u00e7\u00f5es em todo o mundo.<\/p>","protected":false},"excerpt":{"rendered":"<p>Chino, CA\u2014July 31, 2013 \u201cIt only takes a minute online to discover that the market for church chairs has exploded with low-cost options for the consumer,\u201d said Ray Wheeler, Director of Global Sales at Bertolini. \u201cWe understand the trend especially in light of the financial constraints many churches experienced in the last recession. However, we [&hellip;]<\/p>\n","protected":false},"author":1,"featured_media":0,"parent":762,"menu_order":0,"comment_status":"closed","ping_status":"closed","template":"content-page.php","meta":{"_acf_changed":false,"footnotes":""},"class_list":["post-852","page","type-page","status-publish","hentry"],"acf":[],"yoast_head":"<!-- This site is optimized with the Yoast SEO Premium plugin v24.2 (Yoast SEO v27.1.1) - https:\/\/yoast.com\/product\/yoast-seo-premium-wordpress\/ -->\n<title>Bertolini Announced a New Consumer Education Initiative<\/title>\n<meta name=\"description\" content=\"Chino, CA\u2014July 31, 2013 \u201cIt only takes a minute online to discover that the market for church chairs has exploded with low-cost options for the consumer,\u201d\" \/>\n<meta name=\"robots\" content=\"index, follow, max-snippet:-1, max-image-preview:large, max-video-preview:-1\" \/>\n<link rel=\"canonical\" href=\"https:\/\/bertolinidirect.com\/pt\/press\/new-education-initiative\/\" \/>\n<meta property=\"og:locale\" content=\"pt_BR\" \/>\n<meta property=\"og:type\" content=\"article\" \/>\n<meta property=\"og:title\" content=\"Bertolini Announced a New Consumer Education Initiative on Quality and Church Chairs\" \/>\n<meta property=\"og:description\" content=\"Chino, CA\u2014July 31, 2013 \u201cIt only takes a minute online to discover that the market for church chairs has exploded with low-cost options for the consumer,\u201d\" \/>\n<meta property=\"og:url\" content=\"https:\/\/bertolinidirect.com\/pt\/press\/new-education-initiative\/\" \/>\n<meta property=\"og:site_name\" content=\"Bertolini Direct\" \/>\n<meta property=\"article:modified_time\" content=\"2024-05-16T20:34:54+00:00\" \/>\n<meta name=\"twitter:card\" content=\"summary_large_image\" \/>\n<script type=\"application\/ld+json\" class=\"yoast-schema-graph\">{\"@context\":\"https:\/\/schema.org\",\"@graph\":[{\"@type\":\"WebPage\",\"@id\":\"https:\/\/bertolinidirect.com\/pt\/press\/new-education-initiative\",\"url\":\"https:\/\/bertolinidirect.com\/pt\/press\/new-education-initiative\",\"name\":\"Bertolini Announced a New Consumer Education Initiative\",\"isPartOf\":{\"@id\":\"https:\/\/bertolinidirect.com\/pt\/#website\"},\"datePublished\":\"2013-07-01T21:09:00+00:00\",\"dateModified\":\"2024-05-16T20:34:54+00:00\",\"description\":\"Chino, CA\u2014July 31, 2013 \u201cIt only takes a minute online to discover that the market for church chairs has exploded with low-cost options for the consumer,\u201d\",\"breadcrumb\":{\"@id\":\"https:\/\/bertolinidirect.com\/pt\/press\/new-education-initiative#breadcrumb\"},\"inLanguage\":\"pt-BR\",\"potentialAction\":[{\"@type\":\"ReadAction\",\"target\":[\"https:\/\/bertolinidirect.com\/pt\/press\/new-education-initiative\"]}]},{\"@type\":\"BreadcrumbList\",\"@id\":\"https:\/\/bertolinidirect.com\/pt\/press\/new-education-initiative#breadcrumb\",\"itemListElement\":[{\"@type\":\"ListItem\",\"position\":1,\"name\":\"Home\",\"item\":\"https:\/\/bertolinidirect.com\/\"},{\"@type\":\"ListItem\",\"position\":2,\"name\":\"Press &amp; News\",\"item\":\"https:\/\/bertolinidirect.com\/press\"},{\"@type\":\"ListItem\",\"position\":3,\"name\":\"Bertolini Announced a New Consumer Education Initiative on Quality and Church Chairs\"}]},{\"@type\":\"WebSite\",\"@id\":\"https:\/\/bertolinidirect.com\/pt\/#website\",\"url\":\"https:\/\/bertolinidirect.com\/pt\/\",\"name\":\"Bertolini\",\"description\":\"\",\"potentialAction\":[{\"@type\":\"SearchAction\",\"target\":{\"@type\":\"EntryPoint\",\"urlTemplate\":\"https:\/\/bertolinidirect.com\/pt\/?s={search_term_string}\"},\"query-input\":{\"@type\":\"PropertyValueSpecification\",\"valueRequired\":true,\"valueName\":\"search_term_string\"}}],\"inLanguage\":\"pt-BR\"}]}<\/script>\n<!-- \/ Yoast SEO Premium plugin. -->","yoast_head_json":{"title":"Bertolini anunciou uma nova iniciativa de educa\u00e7\u00e3o do consumidor","description":"Chino, CA \u2014 31 de julho de 2013 \u201cLeva apenas um minuto online para descobrir que o mercado de cadeiras para igrejas explodiu com op\u00e7\u00f5es de baixo custo para o consumidor,\u201d","robots":{"index":"index","follow":"follow","max-snippet":"max-snippet:-1","max-image-preview":"max-image-preview:large","max-video-preview":"max-video-preview:-1"},"canonical":"https:\/\/bertolinidirect.com\/pt\/press\/new-education-initiative\/","og_locale":"pt_BR","og_type":"article","og_title":"Bertolini Announced a New Consumer Education Initiative on Quality and Church Chairs","og_description":"Chino, CA\u2014July 31, 2013 \u201cIt only takes a minute online to discover that the market for church chairs has exploded with low-cost options for the consumer,\u201d","og_url":"https:\/\/bertolinidirect.com\/pt\/press\/new-education-initiative\/","og_site_name":"Bertolini Direct","article_modified_time":"2024-05-16T20:34:54+00:00","twitter_card":"summary_large_image","schema":{"@context":"https:\/\/schema.org","@graph":[{"@type":"WebPage","@id":"https:\/\/bertolinidirect.com\/pt\/press\/new-education-initiative","url":"https:\/\/bertolinidirect.com\/pt\/press\/new-education-initiative","name":"Bertolini anunciou uma nova iniciativa de educa\u00e7\u00e3o do consumidor","isPartOf":{"@id":"https:\/\/bertolinidirect.com\/pt\/#website"},"datePublished":"2013-07-01T21:09:00+00:00","dateModified":"2024-05-16T20:34:54+00:00","description":"Chino, CA \u2014 31 de julho de 2013 \u201cLeva apenas um minuto online para descobrir que o mercado de cadeiras para igrejas explodiu com op\u00e7\u00f5es de baixo custo para o consumidor,\u201d","breadcrumb":{"@id":"https:\/\/bertolinidirect.com\/pt\/press\/new-education-initiative#breadcrumb"},"inLanguage":"pt-BR","potentialAction":[{"@type":"ReadAction","target":["https:\/\/bertolinidirect.com\/pt\/press\/new-education-initiative"]}]},{"@type":"BreadcrumbList","@id":"https:\/\/bertolinidirect.com\/pt\/press\/new-education-initiative#breadcrumb","itemListElement":[{"@type":"ListItem","position":1,"name":"Home","item":"https:\/\/bertolinidirect.com\/"},{"@type":"ListItem","position":2,"name":"Press &amp; News","item":"https:\/\/bertolinidirect.com\/press"},{"@type":"ListItem","position":3,"name":"Bertolini Announced a New Consumer Education Initiative on Quality and Church Chairs"}]},{"@type":"WebSite","@id":"https:\/\/bertolinidirect.com\/pt\/#website","url":"https:\/\/bertolinidirect.com\/pt\/","name":"Bertolini","description":"","potentialAction":[{"@type":"SearchAction","target":{"@type":"EntryPoint","urlTemplate":"https:\/\/bertolinidirect.com\/pt\/?s={search_term_string}"},"query-input":{"@type":"PropertyValueSpecification","valueRequired":true,"valueName":"search_term_string"}}],"inLanguage":"pt-BR"}]}},"_links":{"self":[{"href":"https:\/\/bertolinidirect.com\/pt\/wp-json\/wp\/v2\/pages\/852","targetHints":{"allow":["GET"]}}],"collection":[{"href":"https:\/\/bertolinidirect.com\/pt\/wp-json\/wp\/v2\/pages"}],"about":[{"href":"https:\/\/bertolinidirect.com\/pt\/wp-json\/wp\/v2\/types\/page"}],"author":[{"embeddable":true,"href":"https:\/\/bertolinidirect.com\/pt\/wp-json\/wp\/v2\/users\/1"}],"replies":[{"embeddable":true,"href":"https:\/\/bertolinidirect.com\/pt\/wp-json\/wp\/v2\/comments?post=852"}],"version-history":[{"count":1,"href":"https:\/\/bertolinidirect.com\/pt\/wp-json\/wp\/v2\/pages\/852\/revisions"}],"predecessor-version":[{"id":853,"href":"https:\/\/bertolinidirect.com\/pt\/wp-json\/wp\/v2\/pages\/852\/revisions\/853"}],"up":[{"embeddable":true,"href":"https:\/\/bertolinidirect.com\/pt\/wp-json\/wp\/v2\/pages\/762"}],"wp:attachment":[{"href":"https:\/\/bertolinidirect.com\/pt\/wp-json\/wp\/v2\/media?parent=852"}],"curies":[{"name":"wp","href":"https:\/\/api.w.org\/{rel}","templated":true}]}}