{"id":847,"date":"2013-06-24T21:05:00","date_gmt":"2013-06-24T21:05:00","guid":{"rendered":"https:\/\/bertolinidirect.com\/?page_id=847"},"modified":"2025-10-03T21:25:59","modified_gmt":"2025-10-03T21:25:59","slug":"60-year-anniversary","status":"publish","type":"page","link":"https:\/\/bertolinidirect.com\/pt\/press\/60-year-anniversary","title":{"rendered":"Fam\u00edlia Bertolini comemora 60 anos de constru\u00e7\u00e3o de cadeiras empilh\u00e1veis"},"content":{"rendered":"<p><strong>Chino, CA - 24 de junho de 2013<\/strong><\/p>\n\n\n\n<p>Comemorando 60 anos de experi\u00eancia, a motiva\u00e7\u00e3o da fam\u00edlia Bertolini \u00e9 continuar entregando cadeiras empilh\u00e1veis da melhor qualidade, com eleg\u00e2ncia, conforto e durabilidade.<\/p>\n\n\n\n<p>Bertolini \u00e9 um fabricante l\u00edder de cadeiras para igrejas que oferece cadeiras personalizadas feitas nos EUA, em Lawrenceburg, Tennessee. Eles acreditam firmemente que \u00e9 importante produzir produtos de alta qualidade que tamb\u00e9m sejam dur\u00e1veis. Eles tamb\u00e9m s\u00e3o motivados pelo desejo de beneficiar os clientes locais, por estarem bem na vizinhan\u00e7a. Desta forma, eles podem enviar mais r\u00e1pido sem ter que limitar as escolhas e garantir que haja apenas satisfa\u00e7\u00e3o do 110% com as cadeiras recebidas e dar a confian\u00e7a de que o cliente nunca mais ter\u00e1 que se preocupar com suas cadeiras. A Bertolini apoiar\u00e1 seus produtos nas pr\u00f3ximas d\u00e9cadas, assim como o fez nas d\u00e9cadas passadas. Essa \u00e9 a expectativa quando as cadeiras s\u00e3o \u201cCustom Built by Bertolini\u201d. Essa \u00e9 a diferen\u00e7a Bertolini.<\/p>\n\n\n\n<p>Em 1953, Charles Bertolini Sr. abriu uma instala\u00e7\u00e3o de 5.000 p\u00e9s quadrados no leste de Los Angeles, Calif\u00f3rnia. Ele foi inspirado a atender \u00e0s necessidades de assentos nos escrit\u00f3rios do sul da Calif\u00f3rnia. O trabalho \u00e1rduo e a dedica\u00e7\u00e3o come\u00e7aram a dar frutos tanto nas pequenas como nas grandes empresas. Ele conquistou clientes como McDonald&#039;s, Burger King, Taco Bell, restaurantes Denny&#039;s e at\u00e9 mesmo o lugar mais feliz do planeta: a Disneyl\u00e2ndia. Na d\u00e9cada de 80, as necessidades de assentos foram transferidas para as igrejas. Foi um privil\u00e9gio e um bom lugar para servir ao reino. Hoje, Bertolini atende igrejas em todo o pa\u00eds e no exterior.<\/p>\n\n\n\n<p>Agora com 60 anos de experi\u00eancia, esta empresa familiar tem fornecido assentos premium de qualidade ao p\u00fablico. Recentemente, a fam\u00edlia Bertolini anunciou a adi\u00e7\u00e3o do membro da fam\u00edlia de quarta gera\u00e7\u00e3o. Fortes valores familiares e \u00e9tica de trabalho s\u00e3o o motor do compromisso de fornecer aos seus clientes o melhor servi\u00e7o poss\u00edvel \u2013 e de melhor\u00e1-lo todos os dias. Eles est\u00e3o determinados a manter o crescente papel de lideran\u00e7a da Bertolini na ind\u00fastria, oferecendo as cadeiras empilh\u00e1veis mais elegantes, confort\u00e1veis e dur\u00e1veis dispon\u00edveis atualmente. Jim Bertolini afirma veementemente: \u201cEu estou por tr\u00e1s de cada cadeira\u201d, e com esse esp\u00edrito eles continuam a crescer e a servir com sucesso as necessidades de assentos dos seus clientes.<\/p>","protected":false},"excerpt":{"rendered":"<p>Chino, CA\u2014June 24, 2013 Celebrating 60 years of experience, the Bertolini family\u2019s motivation is to continue to deliver the best high-quality stackable chairs with elegance, comfort and durability. Bertolini is a leading church chair manufacturer offering custom built USA made chairs, in Lawrenceburg, Tennessee. They strongly believe that it\u2019s important to produce high-quality products that [&hellip;]<\/p>\n","protected":false},"author":1,"featured_media":0,"parent":762,"menu_order":0,"comment_status":"closed","ping_status":"closed","template":"content-page.php","meta":{"_acf_changed":false,"footnotes":""},"class_list":["post-847","page","type-page","status-publish","hentry"],"acf":[],"yoast_head":"<!-- This site is optimized with the Yoast SEO Premium plugin v24.2 (Yoast SEO v27.1.1) - https:\/\/yoast.com\/product\/yoast-seo-premium-wordpress\/ -->\n<title>Bertolini Family Celebrates Their 60 Year Anniversary<\/title>\n<meta name=\"description\" content=\"Chino, CA\u2014June 24, 2013 Celebrating 60 years of experience, the Bertolini family\u2019s motivation is to continue to deliver the best high-quality stackable\" \/>\n<meta name=\"robots\" content=\"index, follow, max-snippet:-1, max-image-preview:large, max-video-preview:-1\" \/>\n<link rel=\"canonical\" href=\"https:\/\/bertolinidirect.com\/pt\/press\/60-year-anniversary\/\" \/>\n<meta property=\"og:locale\" content=\"pt_BR\" \/>\n<meta property=\"og:type\" content=\"article\" \/>\n<meta property=\"og:title\" content=\"Bertolini Family Celebrates Their 60 Year Anniversary of Building Stackable Chairs\" \/>\n<meta property=\"og:description\" content=\"Chino, CA\u2014June 24, 2013 Celebrating 60 years of experience, the Bertolini family\u2019s motivation is to continue to deliver the best high-quality stackable\" \/>\n<meta property=\"og:url\" content=\"https:\/\/bertolinidirect.com\/pt\/press\/60-year-anniversary\/\" \/>\n<meta property=\"og:site_name\" content=\"Bertolini Direct\" \/>\n<meta property=\"article:modified_time\" content=\"2025-10-03T21:25:59+00:00\" \/>\n<meta name=\"twitter:card\" content=\"summary_large_image\" \/>\n<script type=\"application\/ld+json\" class=\"yoast-schema-graph\">{\"@context\":\"https:\/\/schema.org\",\"@graph\":[{\"@type\":\"WebPage\",\"@id\":\"https:\/\/bertolinidirect.com\/pt\/press\/60-year-anniversary\",\"url\":\"https:\/\/bertolinidirect.com\/pt\/press\/60-year-anniversary\",\"name\":\"Bertolini Family Celebrates Their 60 Year Anniversary\",\"isPartOf\":{\"@id\":\"https:\/\/bertolinidirect.com\/pt\/#website\"},\"datePublished\":\"2013-06-24T21:05:00+00:00\",\"dateModified\":\"2025-10-03T21:25:59+00:00\",\"description\":\"Chino, CA\u2014June 24, 2013 Celebrating 60 years of experience, the Bertolini family\u2019s motivation is to continue to deliver the best high-quality stackable\",\"breadcrumb\":{\"@id\":\"https:\/\/bertolinidirect.com\/pt\/press\/60-year-anniversary#breadcrumb\"},\"inLanguage\":\"pt-BR\",\"potentialAction\":[{\"@type\":\"ReadAction\",\"target\":[\"https:\/\/bertolinidirect.com\/pt\/press\/60-year-anniversary\"]}]},{\"@type\":\"BreadcrumbList\",\"@id\":\"https:\/\/bertolinidirect.com\/pt\/press\/60-year-anniversary#breadcrumb\",\"itemListElement\":[{\"@type\":\"ListItem\",\"position\":1,\"name\":\"Home\",\"item\":\"https:\/\/bertolinidirect.com\/\"},{\"@type\":\"ListItem\",\"position\":2,\"name\":\"Press &amp; News\",\"item\":\"https:\/\/bertolinidirect.com\/press\"},{\"@type\":\"ListItem\",\"position\":3,\"name\":\"Bertolini Family Celebrates Their 60 Year Anniversary of Building Stackable Chairs\"}]},{\"@type\":\"WebSite\",\"@id\":\"https:\/\/bertolinidirect.com\/pt\/#website\",\"url\":\"https:\/\/bertolinidirect.com\/pt\/\",\"name\":\"Bertolini\",\"description\":\"\",\"potentialAction\":[{\"@type\":\"SearchAction\",\"target\":{\"@type\":\"EntryPoint\",\"urlTemplate\":\"https:\/\/bertolinidirect.com\/pt\/?s={search_term_string}\"},\"query-input\":{\"@type\":\"PropertyValueSpecification\",\"valueRequired\":true,\"valueName\":\"search_term_string\"}}],\"inLanguage\":\"pt-BR\"}]}<\/script>\n<!-- \/ Yoast SEO Premium plugin. -->","yoast_head_json":{"title":"Fam\u00edlia Bertolini comemora 60 anos","description":"Chino, CA \u2014 24 de junho de 2013 Comemorando 60 anos de experi\u00eancia, a motiva\u00e7\u00e3o da fam\u00edlia Bertolini \u00e9 continuar a fornecer os melhores produtos empilh\u00e1veis de alta qualidade","robots":{"index":"index","follow":"follow","max-snippet":"max-snippet:-1","max-image-preview":"max-image-preview:large","max-video-preview":"max-video-preview:-1"},"canonical":"https:\/\/bertolinidirect.com\/pt\/press\/60-year-anniversary\/","og_locale":"pt_BR","og_type":"article","og_title":"Bertolini Family Celebrates Their 60 Year Anniversary of Building Stackable Chairs","og_description":"Chino, CA\u2014June 24, 2013 Celebrating 60 years of experience, the Bertolini family\u2019s motivation is to continue to deliver the best high-quality stackable","og_url":"https:\/\/bertolinidirect.com\/pt\/press\/60-year-anniversary\/","og_site_name":"Bertolini Direct","article_modified_time":"2025-10-03T21:25:59+00:00","twitter_card":"summary_large_image","schema":{"@context":"https:\/\/schema.org","@graph":[{"@type":"WebPage","@id":"https:\/\/bertolinidirect.com\/pt\/press\/60-year-anniversary","url":"https:\/\/bertolinidirect.com\/pt\/press\/60-year-anniversary","name":"Fam\u00edlia Bertolini comemora 60 anos","isPartOf":{"@id":"https:\/\/bertolinidirect.com\/pt\/#website"},"datePublished":"2013-06-24T21:05:00+00:00","dateModified":"2025-10-03T21:25:59+00:00","description":"Chino, CA \u2014 24 de junho de 2013 Comemorando 60 anos de experi\u00eancia, a motiva\u00e7\u00e3o da fam\u00edlia Bertolini \u00e9 continuar a fornecer os melhores produtos empilh\u00e1veis de alta qualidade","breadcrumb":{"@id":"https:\/\/bertolinidirect.com\/pt\/press\/60-year-anniversary#breadcrumb"},"inLanguage":"pt-BR","potentialAction":[{"@type":"ReadAction","target":["https:\/\/bertolinidirect.com\/pt\/press\/60-year-anniversary"]}]},{"@type":"BreadcrumbList","@id":"https:\/\/bertolinidirect.com\/pt\/press\/60-year-anniversary#breadcrumb","itemListElement":[{"@type":"ListItem","position":1,"name":"Home","item":"https:\/\/bertolinidirect.com\/"},{"@type":"ListItem","position":2,"name":"Press &amp; News","item":"https:\/\/bertolinidirect.com\/press"},{"@type":"ListItem","position":3,"name":"Bertolini Family Celebrates Their 60 Year Anniversary of Building Stackable Chairs"}]},{"@type":"WebSite","@id":"https:\/\/bertolinidirect.com\/pt\/#website","url":"https:\/\/bertolinidirect.com\/pt\/","name":"Bertolini","description":"","potentialAction":[{"@type":"SearchAction","target":{"@type":"EntryPoint","urlTemplate":"https:\/\/bertolinidirect.com\/pt\/?s={search_term_string}"},"query-input":{"@type":"PropertyValueSpecification","valueRequired":true,"valueName":"search_term_string"}}],"inLanguage":"pt-BR"}]}},"_links":{"self":[{"href":"https:\/\/bertolinidirect.com\/pt\/wp-json\/wp\/v2\/pages\/847","targetHints":{"allow":["GET"]}}],"collection":[{"href":"https:\/\/bertolinidirect.com\/pt\/wp-json\/wp\/v2\/pages"}],"about":[{"href":"https:\/\/bertolinidirect.com\/pt\/wp-json\/wp\/v2\/types\/page"}],"author":[{"embeddable":true,"href":"https:\/\/bertolinidirect.com\/pt\/wp-json\/wp\/v2\/users\/1"}],"replies":[{"embeddable":true,"href":"https:\/\/bertolinidirect.com\/pt\/wp-json\/wp\/v2\/comments?post=847"}],"version-history":[{"count":1,"href":"https:\/\/bertolinidirect.com\/pt\/wp-json\/wp\/v2\/pages\/847\/revisions"}],"predecessor-version":[{"id":848,"href":"https:\/\/bertolinidirect.com\/pt\/wp-json\/wp\/v2\/pages\/847\/revisions\/848"}],"up":[{"embeddable":true,"href":"https:\/\/bertolinidirect.com\/pt\/wp-json\/wp\/v2\/pages\/762"}],"wp:attachment":[{"href":"https:\/\/bertolinidirect.com\/pt\/wp-json\/wp\/v2\/media?parent=847"}],"curies":[{"name":"wp","href":"https:\/\/api.w.org\/{rel}","templated":true}]}}