{"id":8,"date":"2024-01-02T18:54:56","date_gmt":"2024-01-02T18:54:56","guid":{"rendered":"https:\/\/bertolinidirect.com\/index.php\/cart\/"},"modified":"2025-11-21T23:08:25","modified_gmt":"2025-11-21T23:08:25","slug":"cart","status":"publish","type":"page","link":"https:\/\/bertolinidirect.com\/pt\/cart","title":{"rendered":"Sua solicita\u00e7\u00e3o de pre\u00e7o"},"content":{"rendered":"","protected":false},"excerpt":{"rendered":"","protected":false},"author":1,"featured_media":0,"parent":0,"menu_order":0,"comment_status":"closed","ping_status":"closed","template":"","meta":{"_acf_changed":false,"footnotes":""},"class_list":["post-8","page","type-page","status-publish","hentry"],"acf":[],"yoast_head":"<!-- This site is optimized with the Yoast SEO Premium plugin v24.2 (Yoast SEO v27.1.1) - https:\/\/yoast.com\/product\/yoast-seo-premium-wordpress\/ -->\n<title>Price Request | Bertolini Direct<\/title>\n<meta name=\"description\" content=\"View your price request at Bertolini Direct. Review selected church furniture items, update quantities, and proceed to checkout.\" \/>\n<meta name=\"robots\" content=\"noindex, follow\" \/>\n<meta property=\"og:locale\" content=\"pt_BR\" \/>\n<meta property=\"og:type\" content=\"article\" \/>\n<meta property=\"og:title\" content=\"Your price request\" \/>\n<meta property=\"og:description\" content=\"View your price request at Bertolini Direct. Review selected church furniture items, update quantities, and proceed to checkout.\" \/>\n<meta property=\"og:url\" content=\"https:\/\/bertolinidirect.com\/pt\/cart\/\" \/>\n<meta property=\"og:site_name\" content=\"Bertolini Direct\" \/>\n<meta property=\"article:modified_time\" content=\"2025-11-21T23:08:25+00:00\" \/>\n<meta name=\"twitter:card\" content=\"summary_large_image\" \/>\n<script type=\"application\/ld+json\" class=\"yoast-schema-graph\">{\"@context\":\"https:\/\/schema.org\",\"@graph\":[{\"@type\":\"WebPage\",\"@id\":\"https:\/\/bertolinidirect.com\/pt\/cart\",\"url\":\"https:\/\/bertolinidirect.com\/pt\/cart\",\"name\":\"Price Request | Bertolini Direct\",\"isPartOf\":{\"@id\":\"https:\/\/bertolinidirect.com\/pt\/#website\"},\"datePublished\":\"2024-01-02T18:54:56+00:00\",\"dateModified\":\"2025-11-21T23:08:25+00:00\",\"description\":\"View your price request at Bertolini Direct. Review selected church furniture items, update quantities, and proceed to checkout.\",\"breadcrumb\":{\"@id\":\"https:\/\/bertolinidirect.com\/pt\/cart#breadcrumb\"},\"inLanguage\":\"pt-BR\",\"potentialAction\":[{\"@type\":\"ReadAction\",\"target\":[\"https:\/\/bertolinidirect.com\/pt\/cart\"]}]},{\"@type\":\"BreadcrumbList\",\"@id\":\"https:\/\/bertolinidirect.com\/pt\/cart#breadcrumb\",\"itemListElement\":[{\"@type\":\"ListItem\",\"position\":1,\"name\":\"Home\",\"item\":\"https:\/\/bertolinidirect.com\/\"},{\"@type\":\"ListItem\",\"position\":2,\"name\":\"Your price request\"}]},{\"@type\":\"WebSite\",\"@id\":\"https:\/\/bertolinidirect.com\/pt\/#website\",\"url\":\"https:\/\/bertolinidirect.com\/pt\/\",\"name\":\"Bertolini\",\"description\":\"\",\"potentialAction\":[{\"@type\":\"SearchAction\",\"target\":{\"@type\":\"EntryPoint\",\"urlTemplate\":\"https:\/\/bertolinidirect.com\/pt\/?s={search_term_string}\"},\"query-input\":{\"@type\":\"PropertyValueSpecification\",\"valueRequired\":true,\"valueName\":\"search_term_string\"}}],\"inLanguage\":\"pt-BR\"}]}<\/script>\n<!-- \/ Yoast SEO Premium plugin. -->","yoast_head_json":{"title":"Solicita\u00e7\u00e3o de Pre\u00e7o | Bertolini Direct","description":"Veja sua solicita\u00e7\u00e3o de pre\u00e7o na Bertolini Direct. Revise os itens de mobili\u00e1rio para igreja selecionados, atualize as quantidades e prossiga para o pagamento.","robots":{"index":"noindex","follow":"follow"},"og_locale":"pt_BR","og_type":"article","og_title":"Your price request","og_description":"View your price request at Bertolini Direct. Review selected church furniture items, update quantities, and proceed to checkout.","og_url":"https:\/\/bertolinidirect.com\/pt\/cart\/","og_site_name":"Bertolini Direct","article_modified_time":"2025-11-21T23:08:25+00:00","twitter_card":"summary_large_image","schema":{"@context":"https:\/\/schema.org","@graph":[{"@type":"WebPage","@id":"https:\/\/bertolinidirect.com\/pt\/cart","url":"https:\/\/bertolinidirect.com\/pt\/cart","name":"Solicita\u00e7\u00e3o de Pre\u00e7o | Bertolini Direct","isPartOf":{"@id":"https:\/\/bertolinidirect.com\/pt\/#website"},"datePublished":"2024-01-02T18:54:56+00:00","dateModified":"2025-11-21T23:08:25+00:00","description":"Veja sua solicita\u00e7\u00e3o de pre\u00e7o na Bertolini Direct. Revise os itens de mobili\u00e1rio para igreja selecionados, atualize as quantidades e prossiga para o pagamento.","breadcrumb":{"@id":"https:\/\/bertolinidirect.com\/pt\/cart#breadcrumb"},"inLanguage":"pt-BR","potentialAction":[{"@type":"ReadAction","target":["https:\/\/bertolinidirect.com\/pt\/cart"]}]},{"@type":"BreadcrumbList","@id":"https:\/\/bertolinidirect.com\/pt\/cart#breadcrumb","itemListElement":[{"@type":"ListItem","position":1,"name":"Home","item":"https:\/\/bertolinidirect.com\/"},{"@type":"ListItem","position":2,"name":"Your price request"}]},{"@type":"WebSite","@id":"https:\/\/bertolinidirect.com\/pt\/#website","url":"https:\/\/bertolinidirect.com\/pt\/","name":"Bertolini","description":"","potentialAction":[{"@type":"SearchAction","target":{"@type":"EntryPoint","urlTemplate":"https:\/\/bertolinidirect.com\/pt\/?s={search_term_string}"},"query-input":{"@type":"PropertyValueSpecification","valueRequired":true,"valueName":"search_term_string"}}],"inLanguage":"pt-BR"}]}},"_links":{"self":[{"href":"https:\/\/bertolinidirect.com\/pt\/wp-json\/wp\/v2\/pages\/8","targetHints":{"allow":["GET"]}}],"collection":[{"href":"https:\/\/bertolinidirect.com\/pt\/wp-json\/wp\/v2\/pages"}],"about":[{"href":"https:\/\/bertolinidirect.com\/pt\/wp-json\/wp\/v2\/types\/page"}],"author":[{"embeddable":true,"href":"https:\/\/bertolinidirect.com\/pt\/wp-json\/wp\/v2\/users\/1"}],"replies":[{"embeddable":true,"href":"https:\/\/bertolinidirect.com\/pt\/wp-json\/wp\/v2\/comments?post=8"}],"version-history":[{"count":6,"href":"https:\/\/bertolinidirect.com\/pt\/wp-json\/wp\/v2\/pages\/8\/revisions"}],"predecessor-version":[{"id":23500,"href":"https:\/\/bertolinidirect.com\/pt\/wp-json\/wp\/v2\/pages\/8\/revisions\/23500"}],"wp:attachment":[{"href":"https:\/\/bertolinidirect.com\/pt\/wp-json\/wp\/v2\/media?parent=8"}],"curies":[{"name":"wp","href":"https:\/\/api.w.org\/{rel}","templated":true}]}}