{"id":780,"date":"2024-04-19T18:52:45","date_gmt":"2024-04-19T18:52:45","guid":{"rendered":"https:\/\/bertolinidirect.com\/?page_id=780"},"modified":"2026-04-20T22:32:38","modified_gmt":"2026-04-20T22:32:38","slug":"delivery-instructions","status":"publish","type":"page","link":"https:\/\/bertolinidirect.com\/pt\/delivery-instructions","title":{"rendered":"8 dicas para entrega de m\u00f3veis sem estresse"},"content":{"rendered":"<p>Conseguir novas cadeiras e mesas para a igreja \u00e9 uma das principais maneiras de mostrar o quanto voc\u00ea valoriza e aprecia sua congrega\u00e7\u00e3o. Mas a entrega e instala\u00e7\u00e3o de m\u00f3veis pode ser estressante para locais de culto, j\u00e1 que a maioria n\u00e3o est\u00e1 equipada com docas de carga ou pessoal em tempo integral. Muitas igrejas contam com volunt\u00e1rios para instalar os novos m\u00f3veis, o que pode funcionar muito bem se voc\u00ea seguir as dicas abaixo para uma experi\u00eancia sem estresse.<\/p>\n\n\n\n<figure class=\"wp-block-image size-full\"><a href=\"https:\/\/bertolinidirect.com\/wp-content\/uploads\/2024\/04\/BertoliniDelivery_Expectations.pdf\"><img loading=\"lazy\" decoding=\"async\" width=\"1511\" height=\"2560\" src=\"https:\/\/bertolinidirect.com\/wp-content\/uploads\/2024\/04\/Bertolin_Delivery_Expectations-min-scaled.jpg\" alt=\"Infogr\u00e1fico sobre a entrega de encomendas de mobili\u00e1rio comercial e o que esperar\" class=\"wp-image-914\" srcset=\"https:\/\/bertolinidirect.com\/wp-content\/uploads\/2024\/04\/Bertolin_Delivery_Expectations-min-scaled.jpg 1511w, https:\/\/bertolinidirect.com\/wp-content\/uploads\/2024\/04\/Bertolin_Delivery_Expectations-min-177x300.jpg 177w, https:\/\/bertolinidirect.com\/wp-content\/uploads\/2024\/04\/Bertolin_Delivery_Expectations-min-400x678.jpg 400w, https:\/\/bertolinidirect.com\/wp-content\/uploads\/2024\/04\/Bertolin_Delivery_Expectations-min-768x1302.jpg 768w, https:\/\/bertolinidirect.com\/wp-content\/uploads\/2024\/04\/Bertolin_Delivery_Expectations-min-906x1536.jpg 906w, https:\/\/bertolinidirect.com\/wp-content\/uploads\/2024\/04\/Bertolin_Delivery_Expectations-min-1208x2048.jpg 1208w, https:\/\/bertolinidirect.com\/wp-content\/uploads\/2024\/04\/Bertolin_Delivery_Expectations-min-600x1017.jpg 600w\" sizes=\"auto, (max-width: 1511px) 100vw, 1511px\" \/><\/a><\/figure>\n\n\n\n<h2 class=\"wp-block-heading\" id=\"h-delivery-day-checklist\">Lista de verifica\u00e7\u00e3o do dia de entrega<\/h2>\n\n\n\n<p>Depois de semanas de expectativa, seu mobili\u00e1rio de adora\u00e7\u00e3o est\u00e1 a caminho e o dia da entrega est\u00e1 quase chegando. Use esta lista de verifica\u00e7\u00e3o para preparar sua propriedade para novas cadeiras e mesas e para preparar volunt\u00e1rios que ajudar\u00e3o no dia da entrega.&nbsp;<\/p>\n\n\n\n<figure class=\"wp-block-image size-full\"><img loading=\"lazy\" decoding=\"async\" width=\"2408\" height=\"3311\" src=\"https:\/\/bertolinidirect.com\/wp-content\/uploads\/2024\/11\/MITY_Delivery-Day_Checklist-min.png\" alt=\"Lista de verifica\u00e7\u00e3o do dia de entrega do MITY\" class=\"wp-image-23250\" srcset=\"https:\/\/bertolinidirect.com\/wp-content\/uploads\/2024\/11\/MITY_Delivery-Day_Checklist-min.png 2408w, https:\/\/bertolinidirect.com\/wp-content\/uploads\/2024\/11\/MITY_Delivery-Day_Checklist-min-600x825.png 600w, https:\/\/bertolinidirect.com\/wp-content\/uploads\/2024\/11\/MITY_Delivery-Day_Checklist-min-218x300.png 218w, https:\/\/bertolinidirect.com\/wp-content\/uploads\/2024\/11\/MITY_Delivery-Day_Checklist-min-493x678.png 493w, https:\/\/bertolinidirect.com\/wp-content\/uploads\/2024\/11\/MITY_Delivery-Day_Checklist-min-768x1056.png 768w, https:\/\/bertolinidirect.com\/wp-content\/uploads\/2024\/11\/MITY_Delivery-Day_Checklist-min-1117x1536.png 1117w, https:\/\/bertolinidirect.com\/wp-content\/uploads\/2024\/11\/MITY_Delivery-Day_Checklist-min-1489x2048.png 1489w, https:\/\/bertolinidirect.com\/wp-content\/uploads\/2024\/11\/MITY_Delivery-Day_Checklist-min-9x12.png 9w\" sizes=\"auto, (max-width: 2408px) 100vw, 2408px\" \/><\/figure>","protected":false},"excerpt":{"rendered":"<p>Getting new church chairs and tables is on one of the top ways to show how much you value and appreciate your congregation. But furniture delivery and installation can be stressful for worship facilities, since most aren\u2019t equipped with loading docks or a full-time staff. Many churches rely on volunteers to install the new furniture, [&hellip;]<\/p>\n","protected":false},"author":1,"featured_media":0,"parent":0,"menu_order":0,"comment_status":"closed","ping_status":"closed","template":"content-page.php","meta":{"_acf_changed":false,"footnotes":""},"class_list":["post-780","page","type-page","status-publish","hentry"],"acf":[],"yoast_head":"<!-- This site is optimized with the Yoast SEO Premium plugin v24.2 (Yoast SEO v27.4) - https:\/\/yoast.com\/product\/yoast-seo-premium-wordpress\/ -->\n<title>8 Tips for Stress-Free Furniture Delivery | Bertolini Direct<\/title>\n<meta name=\"description\" content=\"Get ready for your Bertolini delivery with simple instructions that help ensure a smooth, efficient setup from start to finish.\" \/>\n<meta name=\"robots\" content=\"index, follow, max-snippet:-1, max-image-preview:large, max-video-preview:-1\" \/>\n<link rel=\"canonical\" href=\"https:\/\/bertolinidirect.com\/pt\/delivery-instructions\/\" \/>\n<meta property=\"og:locale\" content=\"pt_BR\" \/>\n<meta property=\"og:type\" content=\"article\" \/>\n<meta property=\"og:title\" content=\"8 Tips for Stress-Free Furniture Delivery\" \/>\n<meta property=\"og:description\" content=\"Get ready for your Bertolini delivery with simple instructions that help ensure a smooth, efficient setup from start to finish.\" \/>\n<meta property=\"og:url\" content=\"https:\/\/bertolinidirect.com\/pt\/delivery-instructions\/\" \/>\n<meta property=\"og:site_name\" content=\"Bertolini Direct\" \/>\n<meta property=\"article:modified_time\" content=\"2026-04-20T22:32:38+00:00\" \/>\n<meta property=\"og:image\" content=\"https:\/\/bertolinidirect.com\/wp-content\/uploads\/2024\/04\/Bertolin_Delivery_Expectations-min-scaled.jpg\" \/>\n\t<meta property=\"og:image:width\" content=\"1511\" \/>\n\t<meta property=\"og:image:height\" content=\"2560\" \/>\n\t<meta property=\"og:image:type\" content=\"image\/jpeg\" \/>\n<meta name=\"twitter:card\" content=\"summary_large_image\" \/>\n<script type=\"application\/ld+json\" class=\"yoast-schema-graph\">{\"@context\":\"https:\\\/\\\/schema.org\",\"@graph\":[{\"@type\":\"WebPage\",\"@id\":\"https:\\\/\\\/bertolinidirect.com\\\/pt\\\/delivery-instructions\",\"url\":\"https:\\\/\\\/bertolinidirect.com\\\/pt\\\/delivery-instructions\",\"name\":\"8 Tips for Stress-Free Furniture Delivery | Bertolini Direct\",\"isPartOf\":{\"@id\":\"https:\\\/\\\/bertolinidirect.com\\\/pt\\\/#website\"},\"primaryImageOfPage\":{\"@id\":\"https:\\\/\\\/bertolinidirect.com\\\/pt\\\/delivery-instructions#primaryimage\"},\"image\":{\"@id\":\"https:\\\/\\\/bertolinidirect.com\\\/pt\\\/delivery-instructions#primaryimage\"},\"thumbnailUrl\":\"https:\\\/\\\/bertolinidirect.com\\\/wp-content\\\/uploads\\\/2024\\\/04\\\/Bertolin_Delivery_Expectations-min-scaled.jpg\",\"datePublished\":\"2024-04-19T18:52:45+00:00\",\"dateModified\":\"2026-04-20T22:32:38+00:00\",\"description\":\"Get ready for your Bertolini delivery with simple instructions that help ensure a smooth, efficient setup from start to finish.\",\"breadcrumb\":{\"@id\":\"https:\\\/\\\/bertolinidirect.com\\\/pt\\\/delivery-instructions#breadcrumb\"},\"inLanguage\":\"pt-BR\",\"potentialAction\":[{\"@type\":\"ReadAction\",\"target\":[\"https:\\\/\\\/bertolinidirect.com\\\/pt\\\/delivery-instructions\"]}]},{\"@type\":\"ImageObject\",\"inLanguage\":\"pt-BR\",\"@id\":\"https:\\\/\\\/bertolinidirect.com\\\/pt\\\/delivery-instructions#primaryimage\",\"url\":\"https:\\\/\\\/bertolinidirect.com\\\/wp-content\\\/uploads\\\/2024\\\/04\\\/Bertolin_Delivery_Expectations-min-scaled.jpg\",\"contentUrl\":\"https:\\\/\\\/bertolinidirect.com\\\/wp-content\\\/uploads\\\/2024\\\/04\\\/Bertolin_Delivery_Expectations-min-scaled.jpg\"},{\"@type\":\"BreadcrumbList\",\"@id\":\"https:\\\/\\\/bertolinidirect.com\\\/pt\\\/delivery-instructions#breadcrumb\",\"itemListElement\":[{\"@type\":\"ListItem\",\"position\":1,\"name\":\"Home\",\"item\":\"https:\\\/\\\/bertolinidirect.com\\\/\"},{\"@type\":\"ListItem\",\"position\":2,\"name\":\"8 Tips for Stress-Free Furniture Delivery\"}]},{\"@type\":\"WebSite\",\"@id\":\"https:\\\/\\\/bertolinidirect.com\\\/pt\\\/#website\",\"url\":\"https:\\\/\\\/bertolinidirect.com\\\/pt\\\/\",\"name\":\"Bertolini\",\"description\":\"\",\"potentialAction\":[{\"@type\":\"SearchAction\",\"target\":{\"@type\":\"EntryPoint\",\"urlTemplate\":\"https:\\\/\\\/bertolinidirect.com\\\/pt\\\/?s={search_term_string}\"},\"query-input\":{\"@type\":\"PropertyValueSpecification\",\"valueRequired\":true,\"valueName\":\"search_term_string\"}}],\"inLanguage\":\"pt-BR\"}]}<\/script>\n<!-- \/ Yoast SEO Premium plugin. -->","yoast_head_json":{"title":"8 dicas para entrega de m\u00f3veis sem estresse | Bertolini Direto","description":"Get ready for your Bertolini delivery with simple instructions that help ensure a smooth, efficient setup from start to finish.","robots":{"index":"index","follow":"follow","max-snippet":"max-snippet:-1","max-image-preview":"max-image-preview:large","max-video-preview":"max-video-preview:-1"},"canonical":"https:\/\/bertolinidirect.com\/pt\/delivery-instructions\/","og_locale":"pt_BR","og_type":"article","og_title":"8 Tips for Stress-Free Furniture Delivery","og_description":"Get ready for your Bertolini delivery with simple instructions that help ensure a smooth, efficient setup from start to finish.","og_url":"https:\/\/bertolinidirect.com\/pt\/delivery-instructions\/","og_site_name":"Bertolini Direct","article_modified_time":"2026-04-20T22:32:38+00:00","og_image":[{"width":1511,"height":2560,"url":"https:\/\/bertolinidirect.com\/wp-content\/uploads\/2024\/04\/Bertolin_Delivery_Expectations-min-scaled.jpg","type":"image\/jpeg"}],"twitter_card":"summary_large_image","schema":{"@context":"https:\/\/schema.org","@graph":[{"@type":"WebPage","@id":"https:\/\/bertolinidirect.com\/pt\/delivery-instructions","url":"https:\/\/bertolinidirect.com\/pt\/delivery-instructions","name":"8 dicas para entrega de m\u00f3veis sem estresse | Bertolini Direto","isPartOf":{"@id":"https:\/\/bertolinidirect.com\/pt\/#website"},"primaryImageOfPage":{"@id":"https:\/\/bertolinidirect.com\/pt\/delivery-instructions#primaryimage"},"image":{"@id":"https:\/\/bertolinidirect.com\/pt\/delivery-instructions#primaryimage"},"thumbnailUrl":"https:\/\/bertolinidirect.com\/wp-content\/uploads\/2024\/04\/Bertolin_Delivery_Expectations-min-scaled.jpg","datePublished":"2024-04-19T18:52:45+00:00","dateModified":"2026-04-20T22:32:38+00:00","description":"Get ready for your Bertolini delivery with simple instructions that help ensure a smooth, efficient setup from start to finish.","breadcrumb":{"@id":"https:\/\/bertolinidirect.com\/pt\/delivery-instructions#breadcrumb"},"inLanguage":"pt-BR","potentialAction":[{"@type":"ReadAction","target":["https:\/\/bertolinidirect.com\/pt\/delivery-instructions"]}]},{"@type":"ImageObject","inLanguage":"pt-BR","@id":"https:\/\/bertolinidirect.com\/pt\/delivery-instructions#primaryimage","url":"https:\/\/bertolinidirect.com\/wp-content\/uploads\/2024\/04\/Bertolin_Delivery_Expectations-min-scaled.jpg","contentUrl":"https:\/\/bertolinidirect.com\/wp-content\/uploads\/2024\/04\/Bertolin_Delivery_Expectations-min-scaled.jpg"},{"@type":"BreadcrumbList","@id":"https:\/\/bertolinidirect.com\/pt\/delivery-instructions#breadcrumb","itemListElement":[{"@type":"ListItem","position":1,"name":"Home","item":"https:\/\/bertolinidirect.com\/"},{"@type":"ListItem","position":2,"name":"8 Tips for Stress-Free Furniture Delivery"}]},{"@type":"WebSite","@id":"https:\/\/bertolinidirect.com\/pt\/#website","url":"https:\/\/bertolinidirect.com\/pt\/","name":"Bertolini","description":"","potentialAction":[{"@type":"SearchAction","target":{"@type":"EntryPoint","urlTemplate":"https:\/\/bertolinidirect.com\/pt\/?s={search_term_string}"},"query-input":{"@type":"PropertyValueSpecification","valueRequired":true,"valueName":"search_term_string"}}],"inLanguage":"pt-BR"}]}},"_links":{"self":[{"href":"https:\/\/bertolinidirect.com\/pt\/wp-json\/wp\/v2\/pages\/780","targetHints":{"allow":["GET"]}}],"collection":[{"href":"https:\/\/bertolinidirect.com\/pt\/wp-json\/wp\/v2\/pages"}],"about":[{"href":"https:\/\/bertolinidirect.com\/pt\/wp-json\/wp\/v2\/types\/page"}],"author":[{"embeddable":true,"href":"https:\/\/bertolinidirect.com\/pt\/wp-json\/wp\/v2\/users\/1"}],"replies":[{"embeddable":true,"href":"https:\/\/bertolinidirect.com\/pt\/wp-json\/wp\/v2\/comments?post=780"}],"version-history":[{"count":4,"href":"https:\/\/bertolinidirect.com\/pt\/wp-json\/wp\/v2\/pages\/780\/revisions"}],"predecessor-version":[{"id":24605,"href":"https:\/\/bertolinidirect.com\/pt\/wp-json\/wp\/v2\/pages\/780\/revisions\/24605"}],"wp:attachment":[{"href":"https:\/\/bertolinidirect.com\/pt\/wp-json\/wp\/v2\/media?parent=780"}],"curies":[{"name":"wp","href":"https:\/\/api.w.org\/{rel}","templated":true}]}}