{"id":762,"date":"2024-04-19T18:40:16","date_gmt":"2024-04-19T18:40:16","guid":{"rendered":"https:\/\/bertolinidirect.com\/?page_id=762"},"modified":"2026-04-20T22:34:35","modified_gmt":"2026-04-20T22:34:35","slug":"press","status":"publish","type":"page","link":"https:\/\/bertolinidirect.com\/pt\/press","title":{"rendered":"Imprensa e not\u00edcias"},"content":{"rendered":"<p><a href=\"\/pt\/press\/affordable-new-line\/\">Bertolini lan\u00e7a nova linha acess\u00edvel de cadeiras e mesas dobr\u00e1veis<\/a> \u2013 16 de outubro de 2025<\/p>\n\n\n\n<p><a href=\"https:\/\/bertolinidirect.com\/pt\/press\/new-high-density-stacking-line\/\">Bertolini lan\u00e7a nova linha de cadeiras empilh\u00e1veis de alta densidade<\/a> \u2013 1 de outubro de 2025<\/p>\n\n\n\n<p><a href=\"https:\/\/bertolinidirect.com\/pt\/press\/new-coo-cfo\/\">MITY Inc anuncia um novo COO e CFO<\/a> \u2013 5 de dezembro de 2023<\/p>\n\n\n\n<p><a href=\"https:\/\/bertolinidirect.com\/pt\/press\/new-ceo\/\">MITY Inc d\u00e1 as boas-vindas a um novo CEO<\/a> \u2013 16 de novembro de 2023<\/p>\n\n\n\n<p><a href=\"https:\/\/bertolinidirect.com\/pt\/press\/launches-new-website\/\">Bertolini lan\u00e7a novo site e atualiza c\u00e1tedras de igrejas<\/a> \u2013 28 de agosto de 2019<\/p>\n\n\n\n<p><a href=\"https:\/\/bertolinidirect.com\/pt\/press\/donates-chairs-to-inmate-programs\/\">Bertolini doa cadeiras para programas de presidi\u00e1rios em instala\u00e7\u00f5es correcionais do Tennessee<\/a> \u2013 18 de mar\u00e7o de 2019<\/p>\n\n\n\n<p><a href=\"https:\/\/bertolinidirect.com\/pt\/press\/mity-inc-aquires-bertolini\/\">adquire Bertolini<\/a> \u2013 2 de janeiro de 2018<\/p>\n\n\n\n<p><a href=\"https:\/\/bertolinidirect.com\/pt\/press\/north-point-community\/\">Bertolini construiu 4.500 cadeiras de igreja sob medida para a Igreja Comunit\u00e1ria de North Point<\/a> \u2013 9 de novembro de 2015<\/p>\n\n\n\n<p><a href=\"https:\/\/bertolinidirect.com\/pt\/press\/customer-centric-delivery\/\">Bertolini Incorporated apresenta programa de entrega centrado no cliente<\/a> \u2013 05 de junho de 2015<\/p>\n\n\n\n<p><a href=\"https:\/\/bertolinidirect.com\/pt\/press\/millennia-chairs\/\">Bertolini fabrica cadeiras Millennia personalizadas para a Igreja New Hope<\/a> \u2013 15 de maio de 2015<\/p>\n\n\n\n<p><a href=\"https:\/\/bertolinidirect.com\/pt\/press\/2-million-impressions\/\">Bertolini comemora mais de 2 milh\u00f5es de cadeiras de igreja da s\u00e9rie Impressions\u2122 vendidas<\/a> \u2013 06 de novembro de 2014<\/p>\n\n\n\n<p><a href=\"https:\/\/bertolinidirect.com\/pt\/press\/postureflex-chairs\/\">Bertolini fabrica cadeiras Postureflex personalizadas para Chabad de North Hollywood<\/a> \u2013 05 de setembro de 2014<\/p>\n\n\n\n<p><a href=\"https:\/\/bertolinidirect.com\/pt\/press\/high-density-stacker\/\">Bertolini apresenta o empilhador de alta densidade<\/a> \u2013 20 de junho de 2014<\/p>\n\n\n\n<p><a href=\"https:\/\/bertolinidirect.com\/pt\/press\/card-pencil-holder\/\">Bertolini lan\u00e7a porta-l\u00e1pis para cart\u00f5es com patente pendente<\/a> \u2013 12 de junho de 2014<\/p>\n\n\n\n<p><a href=\"https:\/\/bertolinidirect.com\/pt\/press\/sustainability-training\/\">Bertolini lan\u00e7a programa de capacita\u00e7\u00e3o em sustentabilidade para colaboradores<\/a> \u2013 22 de mar\u00e7o de 2014<\/p>\n\n\n\n<p><a href=\"https:\/\/bertolinidirect.com\/pt\/press\/university-of-tennessee\/\">O Centro de Servi\u00e7os Industriais da Universidade do Tennessee celebra os fabricantes do Tennessee<\/a> \u2013 10 de outubro de 2013<\/p>\n\n\n\n<p><a href=\"https:\/\/bertolinidirect.com\/pt\/press\/new-consumer-alert\/\">Bertolini anunciou um novo alerta ao consumidor sobre o que saber antes de comprar cadeira de igreja importada<\/a> \u2013 10 de setembro de 2013<\/p>\n\n\n\n<p><a href=\"https:\/\/bertolinidirect.com\/pt\/press\/new-education-initiative\/\">Bertolini anunciou uma nova iniciativa de educa\u00e7\u00e3o do consumidor sobre qualidade e c\u00e1tedras de igreja<\/a> \u2013 31 de julho de 2013<\/p>\n\n\n\n<p><a href=\"https:\/\/bertolinidirect.com\/pt\/press\/60-year-anniversary\/\">Fam\u00edlia Bertolini comemora 60 anos de constru\u00e7\u00e3o de cadeiras empilh\u00e1veis<\/a> \u2013<strong> <\/strong>24 de junho de 2013<\/p>","protected":false},"excerpt":{"rendered":"<p>Bertolini Launches Affordable New Line of Folding Chairs and Tables &#8211; October 16, 2025 Bertolini Launches New High-Density Stacking Chair Line &#8211; October 1, 2025 MITY Inc Announces a New COO &amp; CFO &#8211; December 5, 2023 MITY Inc Welcomes a New CEO &#8211; November 16, 2023 Bertolini Launches New Website and Updates Church Chairs [&hellip;]<\/p>\n","protected":false},"author":1,"featured_media":0,"parent":0,"menu_order":0,"comment_status":"closed","ping_status":"closed","template":"content-page.php","meta":{"_acf_changed":false,"footnotes":""},"class_list":["post-762","page","type-page","status-publish","hentry"],"acf":[],"yoast_head":"<!-- This site is optimized with the Yoast SEO Premium plugin v24.2 (Yoast SEO v27.4) - https:\/\/yoast.com\/product\/yoast-seo-premium-wordpress\/ -->\n<title>Press &amp; News | Bertolini Direct<\/title>\n<meta name=\"description\" content=\"Explore Bertolini press and news, including product launches, company updates, and milestones in church seating innovation.\" \/>\n<meta name=\"robots\" content=\"index, follow, max-snippet:-1, max-image-preview:large, max-video-preview:-1\" \/>\n<link rel=\"canonical\" href=\"https:\/\/bertolinidirect.com\/pt\/press\/\" \/>\n<meta property=\"og:locale\" content=\"pt_BR\" \/>\n<meta property=\"og:type\" content=\"article\" \/>\n<meta property=\"og:title\" content=\"Press &amp; News\" \/>\n<meta property=\"og:description\" content=\"Explore Bertolini press and news, including product launches, company updates, and milestones in church seating innovation.\" \/>\n<meta property=\"og:url\" content=\"https:\/\/bertolinidirect.com\/pt\/press\/\" \/>\n<meta property=\"og:site_name\" content=\"Bertolini Direct\" \/>\n<meta property=\"article:modified_time\" content=\"2026-04-20T22:34:35+00:00\" \/>\n<meta name=\"twitter:card\" content=\"summary_large_image\" \/>\n<script type=\"application\/ld+json\" class=\"yoast-schema-graph\">{\"@context\":\"https:\\\/\\\/schema.org\",\"@graph\":[{\"@type\":\"WebPage\",\"@id\":\"https:\\\/\\\/bertolinidirect.com\\\/pt\\\/press\",\"url\":\"https:\\\/\\\/bertolinidirect.com\\\/pt\\\/press\",\"name\":\"Press &amp; News | Bertolini Direct\",\"isPartOf\":{\"@id\":\"https:\\\/\\\/bertolinidirect.com\\\/pt\\\/#website\"},\"datePublished\":\"2024-04-19T18:40:16+00:00\",\"dateModified\":\"2026-04-20T22:34:35+00:00\",\"description\":\"Explore Bertolini press and news, including product launches, company updates, and milestones in church seating innovation.\",\"breadcrumb\":{\"@id\":\"https:\\\/\\\/bertolinidirect.com\\\/pt\\\/press#breadcrumb\"},\"inLanguage\":\"pt-BR\",\"potentialAction\":[{\"@type\":\"ReadAction\",\"target\":[\"https:\\\/\\\/bertolinidirect.com\\\/pt\\\/press\"]}]},{\"@type\":\"BreadcrumbList\",\"@id\":\"https:\\\/\\\/bertolinidirect.com\\\/pt\\\/press#breadcrumb\",\"itemListElement\":[{\"@type\":\"ListItem\",\"position\":1,\"name\":\"Home\",\"item\":\"https:\\\/\\\/bertolinidirect.com\\\/\"},{\"@type\":\"ListItem\",\"position\":2,\"name\":\"Press &amp; News\"}]},{\"@type\":\"WebSite\",\"@id\":\"https:\\\/\\\/bertolinidirect.com\\\/pt\\\/#website\",\"url\":\"https:\\\/\\\/bertolinidirect.com\\\/pt\\\/\",\"name\":\"Bertolini\",\"description\":\"\",\"potentialAction\":[{\"@type\":\"SearchAction\",\"target\":{\"@type\":\"EntryPoint\",\"urlTemplate\":\"https:\\\/\\\/bertolinidirect.com\\\/pt\\\/?s={search_term_string}\"},\"query-input\":{\"@type\":\"PropertyValueSpecification\",\"valueRequired\":true,\"valueName\":\"search_term_string\"}}],\"inLanguage\":\"pt-BR\"}]}<\/script>\n<!-- \/ Yoast SEO Premium plugin. -->","yoast_head_json":{"title":"Imprensa e Not\u00edcias | Bertolini Direto","description":"Explore Bertolini press and news, including product launches, company updates, and milestones in church seating innovation.","robots":{"index":"index","follow":"follow","max-snippet":"max-snippet:-1","max-image-preview":"max-image-preview:large","max-video-preview":"max-video-preview:-1"},"canonical":"https:\/\/bertolinidirect.com\/pt\/press\/","og_locale":"pt_BR","og_type":"article","og_title":"Press &amp; News","og_description":"Explore Bertolini press and news, including product launches, company updates, and milestones in church seating innovation.","og_url":"https:\/\/bertolinidirect.com\/pt\/press\/","og_site_name":"Bertolini Direct","article_modified_time":"2026-04-20T22:34:35+00:00","twitter_card":"summary_large_image","schema":{"@context":"https:\/\/schema.org","@graph":[{"@type":"WebPage","@id":"https:\/\/bertolinidirect.com\/pt\/press","url":"https:\/\/bertolinidirect.com\/pt\/press","name":"Imprensa e Not\u00edcias | Bertolini Direto","isPartOf":{"@id":"https:\/\/bertolinidirect.com\/pt\/#website"},"datePublished":"2024-04-19T18:40:16+00:00","dateModified":"2026-04-20T22:34:35+00:00","description":"Explore Bertolini press and news, including product launches, company updates, and milestones in church seating innovation.","breadcrumb":{"@id":"https:\/\/bertolinidirect.com\/pt\/press#breadcrumb"},"inLanguage":"pt-BR","potentialAction":[{"@type":"ReadAction","target":["https:\/\/bertolinidirect.com\/pt\/press"]}]},{"@type":"BreadcrumbList","@id":"https:\/\/bertolinidirect.com\/pt\/press#breadcrumb","itemListElement":[{"@type":"ListItem","position":1,"name":"Home","item":"https:\/\/bertolinidirect.com\/"},{"@type":"ListItem","position":2,"name":"Press &amp; News"}]},{"@type":"WebSite","@id":"https:\/\/bertolinidirect.com\/pt\/#website","url":"https:\/\/bertolinidirect.com\/pt\/","name":"Bertolini","description":"","potentialAction":[{"@type":"SearchAction","target":{"@type":"EntryPoint","urlTemplate":"https:\/\/bertolinidirect.com\/pt\/?s={search_term_string}"},"query-input":{"@type":"PropertyValueSpecification","valueRequired":true,"valueName":"search_term_string"}}],"inLanguage":"pt-BR"}]}},"_links":{"self":[{"href":"https:\/\/bertolinidirect.com\/pt\/wp-json\/wp\/v2\/pages\/762","targetHints":{"allow":["GET"]}}],"collection":[{"href":"https:\/\/bertolinidirect.com\/pt\/wp-json\/wp\/v2\/pages"}],"about":[{"href":"https:\/\/bertolinidirect.com\/pt\/wp-json\/wp\/v2\/types\/page"}],"author":[{"embeddable":true,"href":"https:\/\/bertolinidirect.com\/pt\/wp-json\/wp\/v2\/users\/1"}],"replies":[{"embeddable":true,"href":"https:\/\/bertolinidirect.com\/pt\/wp-json\/wp\/v2\/comments?post=762"}],"version-history":[{"count":21,"href":"https:\/\/bertolinidirect.com\/pt\/wp-json\/wp\/v2\/pages\/762\/revisions"}],"predecessor-version":[{"id":24402,"href":"https:\/\/bertolinidirect.com\/pt\/wp-json\/wp\/v2\/pages\/762\/revisions\/24402"}],"wp:attachment":[{"href":"https:\/\/bertolinidirect.com\/pt\/wp-json\/wp\/v2\/media?parent=762"}],"curies":[{"name":"wp","href":"https:\/\/api.w.org\/{rel}","templated":true}]}}