{"id":759,"date":"2024-04-19T18:39:03","date_gmt":"2024-04-19T18:39:03","guid":{"rendered":"https:\/\/bertolinidirect.com\/?page_id=759"},"modified":"2024-05-09T22:31:14","modified_gmt":"2024-05-09T22:31:14","slug":"testimonials","status":"publish","type":"page","link":"https:\/\/bertolinidirect.com\/pt\/testimonials","title":{"rendered":"Depoimentos"},"content":{"rendered":"<p>Explore as hist\u00f3rias de congrega\u00e7\u00f5es que experimentaram m\u00f3veis de igreja Bertolini em seus locais de culto. Descubra o que as pessoas gostam nas cadeiras e como elas duram ao longo dos anos.<\/p>","protected":false},"excerpt":{"rendered":"<p>Explore as hist\u00f3rias de congrega\u00e7\u00f5es que experimentaram m\u00f3veis de igreja Bertolini em seus locais de culto. Descubra o que as pessoas gostam nas cadeiras e como elas duram ao longo dos anos.<\/p>","protected":false},"author":1,"featured_media":0,"parent":0,"menu_order":0,"comment_status":"closed","ping_status":"closed","template":"testimonials.php","meta":{"_acf_changed":false,"footnotes":""},"class_list":["post-759","page","type-page","status-publish","hentry"],"acf":[],"yoast_head":"<!-- This site is optimized with the Yoast SEO Premium plugin v24.2 (Yoast SEO v27.1.1) - https:\/\/yoast.com\/product\/yoast-seo-premium-wordpress\/ -->\n<title>Testimonials | Bertolini Direct<\/title>\n<meta name=\"description\" content=\"Explore the stories of congregations who have tried Bertolini church furniture in their houses of worship. Find out what people like about the chairs, and\" \/>\n<meta name=\"robots\" content=\"index, follow, max-snippet:-1, max-image-preview:large, max-video-preview:-1\" \/>\n<link rel=\"canonical\" href=\"https:\/\/bertolinidirect.com\/pt\/testimonials\/\" \/>\n<meta property=\"og:locale\" content=\"pt_BR\" \/>\n<meta property=\"og:type\" content=\"article\" \/>\n<meta property=\"og:title\" content=\"Testimonials\" \/>\n<meta property=\"og:description\" content=\"Explore the stories of congregations who have tried Bertolini church furniture in their houses of worship. Find out what people like about the chairs, and\" \/>\n<meta property=\"og:url\" content=\"https:\/\/bertolinidirect.com\/pt\/testimonials\/\" \/>\n<meta property=\"og:site_name\" content=\"Bertolini Direct\" \/>\n<meta property=\"article:modified_time\" content=\"2024-05-09T22:31:14+00:00\" \/>\n<meta name=\"twitter:card\" content=\"summary_large_image\" \/>\n<script type=\"application\/ld+json\" class=\"yoast-schema-graph\">{\"@context\":\"https:\/\/schema.org\",\"@graph\":[{\"@type\":\"WebPage\",\"@id\":\"https:\/\/bertolinidirect.com\/pt\/testimonials\",\"url\":\"https:\/\/bertolinidirect.com\/pt\/testimonials\",\"name\":\"Testimonials | Bertolini Direct\",\"isPartOf\":{\"@id\":\"https:\/\/bertolinidirect.com\/pt\/#website\"},\"datePublished\":\"2024-04-19T18:39:03+00:00\",\"dateModified\":\"2024-05-09T22:31:14+00:00\",\"description\":\"Explore the stories of congregations who have tried Bertolini church furniture in their houses of worship. Find out what people like about the chairs, and\",\"breadcrumb\":{\"@id\":\"https:\/\/bertolinidirect.com\/pt\/testimonials#breadcrumb\"},\"inLanguage\":\"pt-BR\",\"potentialAction\":[{\"@type\":\"ReadAction\",\"target\":[\"https:\/\/bertolinidirect.com\/pt\/testimonials\"]}]},{\"@type\":\"BreadcrumbList\",\"@id\":\"https:\/\/bertolinidirect.com\/pt\/testimonials#breadcrumb\",\"itemListElement\":[{\"@type\":\"ListItem\",\"position\":1,\"name\":\"Home\",\"item\":\"https:\/\/bertolinidirect.com\/\"},{\"@type\":\"ListItem\",\"position\":2,\"name\":\"Testimonials\"}]},{\"@type\":\"WebSite\",\"@id\":\"https:\/\/bertolinidirect.com\/pt\/#website\",\"url\":\"https:\/\/bertolinidirect.com\/pt\/\",\"name\":\"Bertolini\",\"description\":\"\",\"potentialAction\":[{\"@type\":\"SearchAction\",\"target\":{\"@type\":\"EntryPoint\",\"urlTemplate\":\"https:\/\/bertolinidirect.com\/pt\/?s={search_term_string}\"},\"query-input\":{\"@type\":\"PropertyValueSpecification\",\"valueRequired\":true,\"valueName\":\"search_term_string\"}}],\"inLanguage\":\"pt-BR\"}]}<\/script>\n<!-- \/ Yoast SEO Premium plugin. -->","yoast_head_json":{"title":"Depoimentos | Bertolini Direto","description":"Explore as hist\u00f3rias de congrega\u00e7\u00f5es que experimentaram m\u00f3veis de igreja Bertolini em seus locais de culto. Descubra o que as pessoas gostam nas cadeiras e","robots":{"index":"index","follow":"follow","max-snippet":"max-snippet:-1","max-image-preview":"max-image-preview:large","max-video-preview":"max-video-preview:-1"},"canonical":"https:\/\/bertolinidirect.com\/pt\/testimonials\/","og_locale":"pt_BR","og_type":"article","og_title":"Testimonials","og_description":"Explore the stories of congregations who have tried Bertolini church furniture in their houses of worship. Find out what people like about the chairs, and","og_url":"https:\/\/bertolinidirect.com\/pt\/testimonials\/","og_site_name":"Bertolini Direct","article_modified_time":"2024-05-09T22:31:14+00:00","twitter_card":"summary_large_image","schema":{"@context":"https:\/\/schema.org","@graph":[{"@type":"WebPage","@id":"https:\/\/bertolinidirect.com\/pt\/testimonials","url":"https:\/\/bertolinidirect.com\/pt\/testimonials","name":"Depoimentos | Bertolini Direto","isPartOf":{"@id":"https:\/\/bertolinidirect.com\/pt\/#website"},"datePublished":"2024-04-19T18:39:03+00:00","dateModified":"2024-05-09T22:31:14+00:00","description":"Explore as hist\u00f3rias de congrega\u00e7\u00f5es que experimentaram m\u00f3veis de igreja Bertolini em seus locais de culto. Descubra o que as pessoas gostam nas cadeiras e","breadcrumb":{"@id":"https:\/\/bertolinidirect.com\/pt\/testimonials#breadcrumb"},"inLanguage":"pt-BR","potentialAction":[{"@type":"ReadAction","target":["https:\/\/bertolinidirect.com\/pt\/testimonials"]}]},{"@type":"BreadcrumbList","@id":"https:\/\/bertolinidirect.com\/pt\/testimonials#breadcrumb","itemListElement":[{"@type":"ListItem","position":1,"name":"Home","item":"https:\/\/bertolinidirect.com\/"},{"@type":"ListItem","position":2,"name":"Testimonials"}]},{"@type":"WebSite","@id":"https:\/\/bertolinidirect.com\/pt\/#website","url":"https:\/\/bertolinidirect.com\/pt\/","name":"Bertolini","description":"","potentialAction":[{"@type":"SearchAction","target":{"@type":"EntryPoint","urlTemplate":"https:\/\/bertolinidirect.com\/pt\/?s={search_term_string}"},"query-input":{"@type":"PropertyValueSpecification","valueRequired":true,"valueName":"search_term_string"}}],"inLanguage":"pt-BR"}]}},"_links":{"self":[{"href":"https:\/\/bertolinidirect.com\/pt\/wp-json\/wp\/v2\/pages\/759","targetHints":{"allow":["GET"]}}],"collection":[{"href":"https:\/\/bertolinidirect.com\/pt\/wp-json\/wp\/v2\/pages"}],"about":[{"href":"https:\/\/bertolinidirect.com\/pt\/wp-json\/wp\/v2\/types\/page"}],"author":[{"embeddable":true,"href":"https:\/\/bertolinidirect.com\/pt\/wp-json\/wp\/v2\/users\/1"}],"replies":[{"embeddable":true,"href":"https:\/\/bertolinidirect.com\/pt\/wp-json\/wp\/v2\/comments?post=759"}],"version-history":[{"count":3,"href":"https:\/\/bertolinidirect.com\/pt\/wp-json\/wp\/v2\/pages\/759\/revisions"}],"predecessor-version":[{"id":23287,"href":"https:\/\/bertolinidirect.com\/pt\/wp-json\/wp\/v2\/pages\/759\/revisions\/23287"}],"wp:attachment":[{"href":"https:\/\/bertolinidirect.com\/pt\/wp-json\/wp\/v2\/media?parent=759"}],"curies":[{"name":"wp","href":"https:\/\/api.w.org\/{rel}","templated":true}]}}