{"id":573,"date":"2024-04-16T23:03:55","date_gmt":"2024-04-16T23:03:55","guid":{"rendered":"https:\/\/bertolinidirect.com\/?page_id=573"},"modified":"2026-03-03T17:12:27","modified_gmt":"2026-03-03T17:12:27","slug":"warranty","status":"publish","type":"page","link":"https:\/\/bertolinidirect.com\/pt\/warranty","title":{"rendered":"Informa\u00e7\u00f5es de garantia"},"content":{"rendered":"<p><strong>ISEN\u00c7\u00c3O DE GARANTIA DO PRODUTO:<\/strong>&nbsp;As garantias anteriores substituem todas as outras garantias, expressas ou impl\u00edcitas, incluindo, mas n\u00e3o se limitando \u00e0s garantias impl\u00edcitas de comercializa\u00e7\u00e3o e adequa\u00e7\u00e3o a uma finalidade espec\u00edfica.<\/p>\n\n\n\n<p><strong>TODOS os produtos, incluindo pe\u00e7as, substitu\u00eddos atrav\u00e9s do programa de garantia podem estar sujeitos a taxas de frete e\/ou taxas de manuseio.<\/strong><\/p>\n\n\n\n<p><strong>Cadeiras do Santu\u00e1rio Bertolini<\/strong>\u00a0\u2013 A garantia estrutural da arma\u00e7\u00e3o \u00e9 de vinte e cinco (25) anos. A garantia da estrutura dos assentos e encostos \u00e9 de cinco (5) anos. Os revestimentos e tecidos est\u00e3o sujeitos \u00e0s garantias oferecidas pelos respectivos fabricantes t\u00eaxteis. Garantimos que nossa espuma n\u00e3o se degradar\u00e1 mais do que 10% e que manter\u00e1, no m\u00ednimo, 90% de sua forma original no momento da compra. As garantias da espuma variam conforme o modelo, da seguinte forma:<\/p>\n\n\n\n<ul class=\"wp-block-list\">\n<li><a href=\"https:\/\/bertolinidirect.com\/pt\/all\/impressions-series-worship-chair\/\">S\u00e9rie de impress\u00f5es<\/a>: Vinte e cinco (25) anos<\/li>\n\n\n\n<li>Mil\u00eanios (descontinuado): Vinte (20) anos<\/li>\n\n\n\n<li>Essentials (descontinuado): Vinte (20) anos<\/li>\n<\/ul>\n\n\n\n<p><strong>Essenciais V2<\/strong> <strong>Cadeiras<\/strong> \u2013 Garantia estrutural limitada de cinco (5) anos, que cobre a estrutura de a\u00e7o. Os revestimentos e tecidos est\u00e3o sujeitos \u00e0s garantias oferecidas pelo respectivo fabricante t\u00eaxtil. Estes detalhes de garantia aplicam-se ao seguinte produto:<\/p>\n\n\n\n<ul class=\"wp-block-list\">\n<li><a href=\"\/pt\/produto\/chairs\/essentials-church-chair\/\">Cadeira de Igreja Essentials V2<\/a><\/li>\n<\/ul>\n\n\n\n<p><strong>Cadeiras da s\u00e9rie HD<\/strong> \u2013 Garantia estrutural limitada de um (1) ano, que abrange a estrutura de a\u00e7o. Esta garantia inclui os seguintes produtos:<\/p>\n\n\n\n<ul class=\"wp-block-list\">\n<li><a href=\"\/pt\/produto\/chairs\/super-stacker-chair\/\">Cadeira empilh\u00e1vel HD Core<\/a> (anteriormente conhecida como cadeira Super Stacker)&nbsp;<\/li>\n\n\n\n<li><a href=\"\/pt\/produto\/chairs\/hd-select-stacking-chair\/\">Cadeira empilh\u00e1vel HD Select<\/a><\/li>\n\n\n\n<li><a href=\"\/pt\/produto\/chairs\/hd-premier-stacking-chair\/\">Cadeira empilh\u00e1vel HD Premier<\/a><\/li>\n<\/ul>\n\n\n\n<p><strong>Mesas e cadeiras Brisa<\/strong> \u2013 Garantia estrutural limitada de um (1) ano. Esta garantia abrange os seguintes produtos:<\/p>\n\n\n\n<ul class=\"wp-block-list\">\n<li><a href=\"https:\/\/bertolinidirect.com\/pt\/produto\/tables\/brisa-rectangle-folding-table\/\">Mesa Dobr\u00e1vel Retangular Brisa<\/a><\/li>\n\n\n\n<li><a href=\"https:\/\/bertolinidirect.com\/pt\/produto\/tables\/brisa-round-folding-table\/\">Mesa Dobr\u00e1vel Redonda Brisa<\/a><\/li>\n\n\n\n<li><a href=\"https:\/\/bertolinidirect.com\/pt\/produto\/tables\/brisa-cocktail-folding-table\/\">Mesa dobr\u00e1vel para coquet\u00e9is Brisa<\/a><\/li>\n\n\n\n<li><a href=\"https:\/\/bertolinidirect.com\/pt\/produto\/chairs\/brisa-plastic-folding-chairs\/\">Cadeiras Dobr\u00e1veis de Pl\u00e1stico Brisa<\/a><\/li>\n<\/ul>\n\n\n\n<h2 class=\"wp-block-heading\" id=\"h-wearable-components-warranty-exception\">Exce\u00e7\u00e3o de garantia de componentes vest\u00edveis:<\/h2>\n\n\n\n<p>Os componentes vest\u00edveis n\u00e3o est\u00e3o inclu\u00eddos na garantia vital\u00edcia limitada. Esses componentes incluem estofamento e tratamentos de estofamento, como costuras, acabamentos da estrutura e espuma do assento quando sujos ou usados ao ar livre.<\/p>\n\n\n\n<h2 class=\"wp-block-heading\" id=\"h-wearable-components-coverage\">Cobertura de componentes vest\u00edveis:<\/h2>\n\n\n\n<p><strong>Estofamento:<\/strong>&nbsp;Os tratamentos de estofados e tecidos est\u00e3o sujeitos \u00e0s garantias oferecidas pelo respectivo fabricante t\u00eaxtil.<\/p>\n\n\n\n<p><strong>Acabamento da moldura:<\/strong>&nbsp;Os acabamentos padr\u00e3o da moldura s\u00e3o cobertos pela garantia de 5 anos contra descama\u00e7\u00e3o, descascamento ou defeito de fabricante sob uso normal.<\/p>\n\n\n\n<p><strong>Espuma do assento:<\/strong>&nbsp;Garantimos que a nossa espuma n\u00e3o quebrar\u00e1 mais do que 10% e que manter\u00e1 um m\u00ednimo de 90% da sua forma original no momento da compra.<\/p>\n\n\n\n<p><strong>Substitui\u00e7\u00e3o:<\/strong>&nbsp;Qualquer moldura ou pe\u00e7a considerada defeituosa pela Bertolini enquanto estiver na garantia ser\u00e1 reparada ou substitu\u00edda, a crit\u00e9rio da Bertolini.<\/p>\n\n\n\n<h2 class=\"wp-block-heading\" id=\"h-warranty-limitations-on-chairs-shipped-outside-of-the-continental-united-states\">Limita\u00e7\u00f5es de garantia para cadeiras enviadas fora dos Estados Unidos continentais:<\/h2>\n\n\n\n<p>Todas as garantias de tecido declaradas acima aplicam-se apenas a cadeiras enviadas dentro do territ\u00f3rio continental dos Estados Unidos. As cadeiras enviadas para locais com \u00edndices de radia\u00e7\u00e3o UV superiores aos registrados nos Estados Unidos continentais (como, entre outros, \u00e1reas do Caribe, Am\u00e9rica Central, Am\u00e9rica do Sul, \u00c1frica, Sul da \u00c1sia e Pac\u00edfico Sul) podem ser sujeito a garantias de tecido reduzidas de 1 (um) ano ou menos. Os clientes fora dos Estados Unidos continentais devem entrar em contato com o Departamento de Garantia e Reparos da Bertolini para receber a verifica\u00e7\u00e3o da garantia do tecido que se aplica ao seu tecido espec\u00edfico em sua localidade espec\u00edfica.<\/p>\n\n\n\n<p>A reclama\u00e7\u00e3o do comprador de viola\u00e7\u00e3o de qualquer garantia relativa \u00e0s mercadorias ser\u00e1 barrada, a menos que o vendedor receba uma notifica\u00e7\u00e3o por escrito da suposta viola\u00e7\u00e3o do comprador dentro de dez (10) dias \u00fateis ap\u00f3s a entrega das mercadorias ou se uma viola\u00e7\u00e3o da garantia n\u00e3o puder ser razoavelmente descoberto no prazo de 10 (dez) dias \u00fateis a partir da entrega das mercadorias, no prazo de 10 (dez) dias \u00fateis ap\u00f3s a descoberta real da suposta viola\u00e7\u00e3o da garantia ou no prazo de 10 (dez) dias \u00fateis ap\u00f3s a viola\u00e7\u00e3o da garantia ter sido razoavelmente descoberta -ou o que ocorrer primeiro. Qualquer exclus\u00e3o desta garantia ser\u00e1 listada na cota\u00e7\u00e3o assinada pelo cliente.<\/p>\n\n\n\n<p>As garantias n\u00e3o se aplicam a nenhum produto que tenha sido alterado, sujeito a uso indevido ou neglig\u00eancia. A garantia da Bertolini limita-se ao cr\u00e9dito ou substitui\u00e7\u00e3o do item defeituoso. A responsabilidade sob esta garantia n\u00e3o exceder\u00e1 o pre\u00e7o de compra do item defeituoso. Salvo modifica\u00e7\u00e3o por escrito e assinado por ambas as partes, este acordo, conforme contido na cota\u00e7\u00e3o fornecida pela Bertolini e assinado pelo cliente, e estes Termos e Condi\u00e7\u00f5es s\u00e3o entendidos como o acordo completo e exclusivo entre as partes, substituindo todos os acordos anteriores orais ou acordos escritos e todas as outras comunica\u00e7\u00f5es entre as partes relacionadas ao objeto deste contrato, incluindo declara\u00e7\u00f5es feitas por vendedores.<\/p>","protected":false},"excerpt":{"rendered":"<p>PRODUCT WARRANTY DISCLAIMER:&nbsp;The foregoing warranties are in lieu of all other warranties, express or implied, including but not limited to the implied warranties of merchantability and fitness for a particular purpose. ALL products, including parts, replaced through the warranty program may be subject to freight fees and\/or handling fees. Bertolini Sanctuary Chairs\u00a0\u2013 Structural warranty on [&hellip;]<\/p>\n","protected":false},"author":2,"featured_media":0,"parent":0,"menu_order":0,"comment_status":"closed","ping_status":"closed","template":"content-page.php","meta":{"_acf_changed":false,"footnotes":""},"class_list":["post-573","page","type-page","status-publish","hentry"],"acf":[],"yoast_head":"<!-- This site is optimized with the Yoast SEO Premium plugin v24.2 (Yoast SEO v27.1.1) - https:\/\/yoast.com\/product\/yoast-seo-premium-wordpress\/ -->\n<title>Warranty Information | Bertolini Direct<\/title>\n<meta name=\"description\" content=\"PRODUCT WARRANTY DISCLAIMER:&nbsp;The foregoing warranties are in lieu of all other warranties, express or implied, including but not limited to the\" \/>\n<meta name=\"robots\" content=\"index, follow, max-snippet:-1, max-image-preview:large, max-video-preview:-1\" \/>\n<link rel=\"canonical\" href=\"https:\/\/bertolinidirect.com\/pt\/warranty\/\" \/>\n<meta property=\"og:locale\" content=\"pt_BR\" \/>\n<meta property=\"og:type\" content=\"article\" \/>\n<meta property=\"og:title\" content=\"Warranty Information\" \/>\n<meta property=\"og:description\" content=\"PRODUCT WARRANTY DISCLAIMER:&nbsp;The foregoing warranties are in lieu of all other warranties, express or implied, including but not limited to the\" \/>\n<meta property=\"og:url\" content=\"https:\/\/bertolinidirect.com\/pt\/warranty\/\" \/>\n<meta property=\"og:site_name\" content=\"Bertolini Direct\" \/>\n<meta property=\"article:modified_time\" content=\"2026-03-03T17:12:27+00:00\" \/>\n<meta name=\"twitter:card\" content=\"summary_large_image\" \/>\n<script type=\"application\/ld+json\" class=\"yoast-schema-graph\">{\"@context\":\"https:\/\/schema.org\",\"@graph\":[{\"@type\":\"WebPage\",\"@id\":\"https:\/\/bertolinidirect.com\/pt\/warranty\",\"url\":\"https:\/\/bertolinidirect.com\/pt\/warranty\",\"name\":\"Warranty Information | Bertolini Direct\",\"isPartOf\":{\"@id\":\"https:\/\/bertolinidirect.com\/pt\/#website\"},\"datePublished\":\"2024-04-16T23:03:55+00:00\",\"dateModified\":\"2026-03-03T17:12:27+00:00\",\"description\":\"PRODUCT WARRANTY DISCLAIMER:&nbsp;The foregoing warranties are in lieu of all other warranties, express or implied, including but not limited to the\",\"breadcrumb\":{\"@id\":\"https:\/\/bertolinidirect.com\/pt\/warranty#breadcrumb\"},\"inLanguage\":\"pt-BR\",\"potentialAction\":[{\"@type\":\"ReadAction\",\"target\":[\"https:\/\/bertolinidirect.com\/pt\/warranty\"]}]},{\"@type\":\"BreadcrumbList\",\"@id\":\"https:\/\/bertolinidirect.com\/pt\/warranty#breadcrumb\",\"itemListElement\":[{\"@type\":\"ListItem\",\"position\":1,\"name\":\"Home\",\"item\":\"https:\/\/bertolinidirect.com\/\"},{\"@type\":\"ListItem\",\"position\":2,\"name\":\"Warranty Information\"}]},{\"@type\":\"WebSite\",\"@id\":\"https:\/\/bertolinidirect.com\/pt\/#website\",\"url\":\"https:\/\/bertolinidirect.com\/pt\/\",\"name\":\"Bertolini\",\"description\":\"\",\"potentialAction\":[{\"@type\":\"SearchAction\",\"target\":{\"@type\":\"EntryPoint\",\"urlTemplate\":\"https:\/\/bertolinidirect.com\/pt\/?s={search_term_string}\"},\"query-input\":{\"@type\":\"PropertyValueSpecification\",\"valueRequired\":true,\"valueName\":\"search_term_string\"}}],\"inLanguage\":\"pt-BR\"}]}<\/script>\n<!-- \/ Yoast SEO Premium plugin. -->","yoast_head_json":{"title":"Informa\u00e7\u00f5es sobre garantia | Bertolini Direto","description":"ISEN\u00c7\u00c3O DE GARANTIA DO PRODUTO: As garantias anteriores substituem todas as outras garantias, expressas ou impl\u00edcitas, incluindo, mas n\u00e3o se limitando a","robots":{"index":"index","follow":"follow","max-snippet":"max-snippet:-1","max-image-preview":"max-image-preview:large","max-video-preview":"max-video-preview:-1"},"canonical":"https:\/\/bertolinidirect.com\/pt\/warranty\/","og_locale":"pt_BR","og_type":"article","og_title":"Warranty Information","og_description":"PRODUCT WARRANTY DISCLAIMER:&nbsp;The foregoing warranties are in lieu of all other warranties, express or implied, including but not limited to the","og_url":"https:\/\/bertolinidirect.com\/pt\/warranty\/","og_site_name":"Bertolini Direct","article_modified_time":"2026-03-03T17:12:27+00:00","twitter_card":"summary_large_image","schema":{"@context":"https:\/\/schema.org","@graph":[{"@type":"WebPage","@id":"https:\/\/bertolinidirect.com\/pt\/warranty","url":"https:\/\/bertolinidirect.com\/pt\/warranty","name":"Informa\u00e7\u00f5es sobre garantia | Bertolini Direto","isPartOf":{"@id":"https:\/\/bertolinidirect.com\/pt\/#website"},"datePublished":"2024-04-16T23:03:55+00:00","dateModified":"2026-03-03T17:12:27+00:00","description":"ISEN\u00c7\u00c3O DE GARANTIA DO PRODUTO: As garantias anteriores substituem todas as outras garantias, expressas ou impl\u00edcitas, incluindo, mas n\u00e3o se limitando a","breadcrumb":{"@id":"https:\/\/bertolinidirect.com\/pt\/warranty#breadcrumb"},"inLanguage":"pt-BR","potentialAction":[{"@type":"ReadAction","target":["https:\/\/bertolinidirect.com\/pt\/warranty"]}]},{"@type":"BreadcrumbList","@id":"https:\/\/bertolinidirect.com\/pt\/warranty#breadcrumb","itemListElement":[{"@type":"ListItem","position":1,"name":"Home","item":"https:\/\/bertolinidirect.com\/"},{"@type":"ListItem","position":2,"name":"Warranty Information"}]},{"@type":"WebSite","@id":"https:\/\/bertolinidirect.com\/pt\/#website","url":"https:\/\/bertolinidirect.com\/pt\/","name":"Bertolini","description":"","potentialAction":[{"@type":"SearchAction","target":{"@type":"EntryPoint","urlTemplate":"https:\/\/bertolinidirect.com\/pt\/?s={search_term_string}"},"query-input":{"@type":"PropertyValueSpecification","valueRequired":true,"valueName":"search_term_string"}}],"inLanguage":"pt-BR"}]}},"_links":{"self":[{"href":"https:\/\/bertolinidirect.com\/pt\/wp-json\/wp\/v2\/pages\/573","targetHints":{"allow":["GET"]}}],"collection":[{"href":"https:\/\/bertolinidirect.com\/pt\/wp-json\/wp\/v2\/pages"}],"about":[{"href":"https:\/\/bertolinidirect.com\/pt\/wp-json\/wp\/v2\/types\/page"}],"author":[{"embeddable":true,"href":"https:\/\/bertolinidirect.com\/pt\/wp-json\/wp\/v2\/users\/2"}],"replies":[{"embeddable":true,"href":"https:\/\/bertolinidirect.com\/pt\/wp-json\/wp\/v2\/comments?post=573"}],"version-history":[{"count":13,"href":"https:\/\/bertolinidirect.com\/pt\/wp-json\/wp\/v2\/pages\/573\/revisions"}],"predecessor-version":[{"id":24731,"href":"https:\/\/bertolinidirect.com\/pt\/wp-json\/wp\/v2\/pages\/573\/revisions\/24731"}],"wp:attachment":[{"href":"https:\/\/bertolinidirect.com\/pt\/wp-json\/wp\/v2\/media?parent=573"}],"curies":[{"name":"wp","href":"https:\/\/api.w.org\/{rel}","templated":true}]}}