{"id":569,"date":"2024-04-16T23:03:16","date_gmt":"2024-04-16T23:03:16","guid":{"rendered":"https:\/\/bertolinidirect.com\/?page_id=569"},"modified":"2024-05-14T17:15:24","modified_gmt":"2024-05-14T17:15:24","slug":"privacy-policy","status":"publish","type":"page","link":"https:\/\/bertolinidirect.com\/pt\/privacy-policy","title":{"rendered":"pol\u00edtica de Privacidade"},"content":{"rendered":"<p>A Bertolini, que faz parte da fam\u00edlia de marcas MITY Incorporated, tem o compromisso de proteger a sua privacidade. Voc\u00ea pode visitar a maioria das p\u00e1ginas de nossos sites sem nos fornecer nenhuma informa\u00e7\u00e3o sobre voc\u00ea ou sua organiza\u00e7\u00e3o. Mas \u00e0s vezes precisamos de informa\u00e7\u00f5es para fornecer informa\u00e7\u00f5es ou servi\u00e7os solicitados por voc\u00ea, e esta declara\u00e7\u00e3o de privacidade explica a coleta e o uso de dados nessas situa\u00e7\u00f5es. Por favor, leia a declara\u00e7\u00e3o de privacidade completa da Bertolini\/MITY Inc.<\/p>\n\n\n\n<h2 class=\"wp-block-heading\">Coleta de suas informa\u00e7\u00f5es pessoais ou organizacionais<\/h2>\n\n\n\n<p>As informa\u00e7\u00f5es pessoais ou organizacionais coletadas pela Bertolini\/MITY Inc geralmente s\u00e3o limitadas a n\u00famero de telefone, endere\u00e7o para correspond\u00eancia, endere\u00e7o de e-mail, idioma, pa\u00eds ou local, mas podem incluir outras informa\u00e7\u00f5es quando necess\u00e1rio para fornecer um servi\u00e7o ou para responder com as informa\u00e7\u00f5es que voc\u00ea solicitou.<\/p>\n\n\n\n<p>A Bertolini tamb\u00e9m coleta certas informa\u00e7\u00f5es sobre o hardware e software do computador usado para visualizar nossos sites. Essas informa\u00e7\u00f5es podem incluir: seu endere\u00e7o IP, tipo de navegador, sistema operacional, nome de dom\u00ednio, tempos de acesso e endere\u00e7os de sites de refer\u00eancia. Esta informa\u00e7\u00e3o \u00e9 usada para fornecer estat\u00edsticas gerais sobre a utiliza\u00e7\u00e3o dos nossos websites. Bertolini tamb\u00e9m coleta informa\u00e7\u00f5es sobre quais p\u00e1ginas nossos clientes visitam dentro de Bertolinidirect.com.<\/p>\n\n\n\n<p>Ocasionalmente, contratamos outras empresas para fornecer servi\u00e7os limitados em nosso nome, incluindo embalagem, envio e entrega de compras, resposta a perguntas de clientes sobre produtos ou servi\u00e7os, envio de correspond\u00eancia postal e processamento de registro de eventos. Forneceremos a essas empresas apenas as informa\u00e7\u00f5es de que necessitam para prestar o servi\u00e7o, e elas est\u00e3o proibidas de usar essas informa\u00e7\u00f5es para qualquer outra finalidade.<\/p>\n\n\n\n<p>A Bertolini pode divulgar suas informa\u00e7\u00f5es pessoais ou organizacionais se for obrigado a faz\u00ea-lo por lei ou na cren\u00e7a de boa f\u00e9 de que tal a\u00e7\u00e3o \u00e9 necess\u00e1ria para: (a) estar em conformidade com os decretos da lei ou cumprir o processo legal apresentado \u00e0 Bertolini ou ao site ; (b) proteger e defender os direitos ou propriedade da Bertolini e de sua fam\u00edlia de sites, ou (c) agir em circunst\u00e2ncias urgentes para proteger a seguran\u00e7a pessoal dos funcion\u00e1rios da Bertolini, usu\u00e1rios dos produtos ou servi\u00e7os da Bertolini ou membros do p\u00fablico.<\/p>\n\n\n\n<h2 class=\"wp-block-heading\">Controle de suas informa\u00e7\u00f5es pessoais ou organizacionais<\/h2>\n\n\n\n<p>Quando voc\u00ea se registra ou nos fornece informa\u00e7\u00f5es pessoais ou organizacionais, a Bertolini n\u00e3o compartilhar\u00e1 essas informa\u00e7\u00f5es com terceiros sem a sua permiss\u00e3o, exceto nas limitadas exce\u00e7\u00f5es j\u00e1 listadas. Ele ser\u00e1 usado apenas para os fins indicados acima.<\/p>\n\n\n\n<h2 class=\"wp-block-heading\">CCPA<\/h2>\n\n\n\n<p>Bertolini respeita sua privacidade. Sua confian\u00e7a \u00e9 importante para n\u00f3s e temos o compromisso de fornecer a voc\u00ea as informa\u00e7\u00f5es que coletamos de voc\u00ea ou sobre voc\u00ea. A partir de 1\u00ba de janeiro de 2020, a Lei de Privacidade do Consumidor da Calif\u00f3rnia de 2018 (a \u201cCCPA\u201d) concede aos residentes da Calif\u00f3rnia certos direitos com rela\u00e7\u00e3o \u00e0s suas informa\u00e7\u00f5es pessoais, incluindo o direito de cancelar determinadas divulga\u00e7\u00f5es de informa\u00e7\u00f5es pessoais.<\/p>\n\n\n\n<p>As informa\u00e7\u00f5es pessoais ou organizacionais coletadas pela Bertolini geralmente s\u00e3o limitadas a um n\u00famero de telefone, endere\u00e7o para correspond\u00eancia, endere\u00e7o de e-mail, idioma, pa\u00eds ou localiza\u00e7\u00e3o, mas podem incluir outras informa\u00e7\u00f5es quando necess\u00e1rio para fornecer um servi\u00e7o ou para responder com as informa\u00e7\u00f5es que voc\u00ea solicitou. N\u00e3o venderemos suas informa\u00e7\u00f5es a nenhuma empresa ou anunciante terceirizado.<\/p>\n\n\n\n<p>Usamos as informa\u00e7\u00f5es que coletamos para suporte ao cliente, esfor\u00e7os de marketing, pesquisas, an\u00e1lises e pesquisas e outras atividades promocionais.<\/p>\n\n\n\n<p>Para cancelar e\/ou excluir os dados que foram coletados, visite nosso <a href=\"\/pt\/contact\/\">P\u00e1gina Fale Conosco<\/a> e envie uma solicita\u00e7\u00e3o ou envie um email para support@bertolinidirect.com.<\/p>\n\n\n\n<h2 class=\"wp-block-heading\">Uso de Cookies<\/h2>\n\n\n\n<p>Quando algu\u00e9m visita o site, um cookie \u00e9 colocado na m\u00e1quina do cliente (se o cliente aceitar cookies) ou \u00e9 lido se o cliente j\u00e1 visitou o site anteriormente. Um dos usos dos cookies \u00e9 auxiliar na coleta das estat\u00edsticas de visita\u00e7\u00e3o ao site descritas acima.<\/p>\n\n\n\n<p>Tamb\u00e9m utilizamos cookies para coletar informa\u00e7\u00f5es sobre quais links s\u00e3o clicados pelos usu\u00e1rios. Essas informa\u00e7\u00f5es s\u00e3o usadas para garantir que estamos fornecendo as informa\u00e7\u00f5es que os clientes desejam. Eles s\u00e3o coletados de forma agregada e nunca vinculados \u00e0s suas informa\u00e7\u00f5es pessoais ou organizacionais.<\/p>\n\n\n\n<p>Caso opte por n\u00e3o permitir que seu navegador aceite cookies dos sites Bertolini ou MITY Inc, voc\u00ea poder\u00e1 visualizar o texto nas telas e fazer solicita\u00e7\u00f5es; no entanto, voc\u00ea n\u00e3o experimentar\u00e1 uma visita personalizada.<\/p>\n\n\n\n<h2 class=\"wp-block-heading\">Pol\u00edtica e Procedimento de Exclus\u00e3o<\/h2>\n\n\n\n<p>Bertolini oferece tr\u00eas m\u00e9todos para cancelar o contato n\u00e3o solicitado. 1) Envie um e-mail para Bertolini em support@bertolinidirect.com com sua solicita\u00e7\u00e3o. 2) Ligue para 1-800-647-7755 e pe\u00e7a para falar com seu representante de atendimento ao cliente. 3) Envie sua solicita\u00e7\u00e3o para Bertolini conforme descrito no final desta declara\u00e7\u00e3o.<\/p>\n\n\n\n<p>Nossos sistemas exigem tempo para serem atualizados, e correspond\u00eancias promocionais usando suas informa\u00e7\u00f5es antes de sua desativa\u00e7\u00e3o j\u00e1 podem estar em andamento. Assim, voc\u00ea poder\u00e1 continuar recebendo materiais promocionais da Bertolini com base nas informa\u00e7\u00f5es fornecidas nesta Pol\u00edtica de Privacidade por at\u00e9 90 (noventa) dias. Por motivos semelhantes, suas informa\u00e7\u00f5es pessoais poder\u00e3o continuar a ser compartilhadas com terceiros para fins promocionais por at\u00e9 noventa (90) dias.<\/p>\n\n\n\n<h2 class=\"wp-block-heading\">Altera\u00e7\u00f5es nesta Declara\u00e7\u00e3o<\/h2>\n\n\n\n<p>Bertolini, que pertence \u00e0s marcas MITY Inc, atualizar\u00e1 ocasionalmente esta declara\u00e7\u00e3o de privacidade. Quando o fizermos, tamb\u00e9m revisaremos a data da \u201c\u00faltima atualiza\u00e7\u00e3o\u201d na parte inferior da declara\u00e7\u00e3o de privacidade.<\/p>\n\n\n\n<h2 class=\"wp-block-heading\">Informa\u00e7\u00f5es de contato<\/h2>\n\n\n\n<p>Bertolini (uma divis\u00e3o da MITY Incorporated) agradece seus coment\u00e1rios sobre esta declara\u00e7\u00e3o de privacidade; entre em contato conosco por e-mail ou correio postal.<\/p>\n\n\n\n<p>Departamento de Marketing da MITY Inc.<br>1301 Oeste 400 Norte Orem, UT 84057<\/p>\n\n\n\n<p>Este documento foi revisado pela \u00faltima vez em 17 de abril de 2024.<\/p>","protected":false},"excerpt":{"rendered":"<p>Bertolini, which is part of the MITY Incorporated family of brands, is committed to protecting your privacy. You can visit most pages on our sites without giving us any information about yourself or your organization. But sometimes we do need information to provide information or services that you request, and this privacy statement explains data [&hellip;]<\/p>\n","protected":false},"author":2,"featured_media":0,"parent":0,"menu_order":0,"comment_status":"closed","ping_status":"closed","template":"content-page.php","meta":{"_acf_changed":false,"footnotes":""},"class_list":["post-569","page","type-page","status-publish","hentry"],"acf":[],"yoast_head":"<!-- This site is optimized with the Yoast SEO Premium plugin v24.2 (Yoast SEO v27.1.1) - https:\/\/yoast.com\/product\/yoast-seo-premium-wordpress\/ -->\n<title>Privacy Policy | Bertolini Direct<\/title>\n<meta name=\"description\" content=\"Bertolini, which is part of the MITY Incorporated family of brands, is committed to protecting your privacy. You can visit most pages on our sites without\" \/>\n<meta name=\"robots\" content=\"index, follow, max-snippet:-1, max-image-preview:large, max-video-preview:-1\" \/>\n<link rel=\"canonical\" href=\"https:\/\/bertolinidirect.com\/pt\/privacy-policy\/\" \/>\n<meta property=\"og:locale\" content=\"pt_BR\" \/>\n<meta property=\"og:type\" content=\"article\" \/>\n<meta property=\"og:title\" content=\"Privacy Policy\" \/>\n<meta property=\"og:description\" content=\"Bertolini, which is part of the MITY Incorporated family of brands, is committed to protecting your privacy. You can visit most pages on our sites without\" \/>\n<meta property=\"og:url\" content=\"https:\/\/bertolinidirect.com\/pt\/privacy-policy\/\" \/>\n<meta property=\"og:site_name\" content=\"Bertolini Direct\" \/>\n<meta property=\"article:modified_time\" content=\"2024-05-14T17:15:24+00:00\" \/>\n<meta name=\"twitter:card\" content=\"summary_large_image\" \/>\n<script type=\"application\/ld+json\" class=\"yoast-schema-graph\">{\"@context\":\"https:\/\/schema.org\",\"@graph\":[{\"@type\":\"WebPage\",\"@id\":\"https:\/\/bertolinidirect.com\/pt\/privacy-policy\",\"url\":\"https:\/\/bertolinidirect.com\/pt\/privacy-policy\",\"name\":\"Privacy Policy | Bertolini Direct\",\"isPartOf\":{\"@id\":\"https:\/\/bertolinidirect.com\/pt\/#website\"},\"datePublished\":\"2024-04-16T23:03:16+00:00\",\"dateModified\":\"2024-05-14T17:15:24+00:00\",\"description\":\"Bertolini, which is part of the MITY Incorporated family of brands, is committed to protecting your privacy. You can visit most pages on our sites without\",\"breadcrumb\":{\"@id\":\"https:\/\/bertolinidirect.com\/pt\/privacy-policy#breadcrumb\"},\"inLanguage\":\"pt-BR\",\"potentialAction\":[{\"@type\":\"ReadAction\",\"target\":[\"https:\/\/bertolinidirect.com\/pt\/privacy-policy\"]}]},{\"@type\":\"BreadcrumbList\",\"@id\":\"https:\/\/bertolinidirect.com\/pt\/privacy-policy#breadcrumb\",\"itemListElement\":[{\"@type\":\"ListItem\",\"position\":1,\"name\":\"Home\",\"item\":\"https:\/\/bertolinidirect.com\/\"},{\"@type\":\"ListItem\",\"position\":2,\"name\":\"Privacy Policy\"}]},{\"@type\":\"WebSite\",\"@id\":\"https:\/\/bertolinidirect.com\/pt\/#website\",\"url\":\"https:\/\/bertolinidirect.com\/pt\/\",\"name\":\"Bertolini\",\"description\":\"\",\"potentialAction\":[{\"@type\":\"SearchAction\",\"target\":{\"@type\":\"EntryPoint\",\"urlTemplate\":\"https:\/\/bertolinidirect.com\/pt\/?s={search_term_string}\"},\"query-input\":{\"@type\":\"PropertyValueSpecification\",\"valueRequired\":true,\"valueName\":\"search_term_string\"}}],\"inLanguage\":\"pt-BR\"}]}<\/script>\n<!-- \/ Yoast SEO Premium plugin. -->","yoast_head_json":{"title":"Pol\u00edtica de Privacidade | Bertolini Direto","description":"A Bertolini, que faz parte da fam\u00edlia de marcas MITY Incorporated, tem o compromisso de proteger a sua privacidade. Voc\u00ea pode visitar a maioria das p\u00e1ginas de nossos sites sem","robots":{"index":"index","follow":"follow","max-snippet":"max-snippet:-1","max-image-preview":"max-image-preview:large","max-video-preview":"max-video-preview:-1"},"canonical":"https:\/\/bertolinidirect.com\/pt\/privacy-policy\/","og_locale":"pt_BR","og_type":"article","og_title":"Privacy Policy","og_description":"Bertolini, which is part of the MITY Incorporated family of brands, is committed to protecting your privacy. You can visit most pages on our sites without","og_url":"https:\/\/bertolinidirect.com\/pt\/privacy-policy\/","og_site_name":"Bertolini Direct","article_modified_time":"2024-05-14T17:15:24+00:00","twitter_card":"summary_large_image","schema":{"@context":"https:\/\/schema.org","@graph":[{"@type":"WebPage","@id":"https:\/\/bertolinidirect.com\/pt\/privacy-policy","url":"https:\/\/bertolinidirect.com\/pt\/privacy-policy","name":"Pol\u00edtica de Privacidade | Bertolini Direto","isPartOf":{"@id":"https:\/\/bertolinidirect.com\/pt\/#website"},"datePublished":"2024-04-16T23:03:16+00:00","dateModified":"2024-05-14T17:15:24+00:00","description":"A Bertolini, que faz parte da fam\u00edlia de marcas MITY Incorporated, tem o compromisso de proteger a sua privacidade. Voc\u00ea pode visitar a maioria das p\u00e1ginas de nossos sites sem","breadcrumb":{"@id":"https:\/\/bertolinidirect.com\/pt\/privacy-policy#breadcrumb"},"inLanguage":"pt-BR","potentialAction":[{"@type":"ReadAction","target":["https:\/\/bertolinidirect.com\/pt\/privacy-policy"]}]},{"@type":"BreadcrumbList","@id":"https:\/\/bertolinidirect.com\/pt\/privacy-policy#breadcrumb","itemListElement":[{"@type":"ListItem","position":1,"name":"Home","item":"https:\/\/bertolinidirect.com\/"},{"@type":"ListItem","position":2,"name":"Privacy Policy"}]},{"@type":"WebSite","@id":"https:\/\/bertolinidirect.com\/pt\/#website","url":"https:\/\/bertolinidirect.com\/pt\/","name":"Bertolini","description":"","potentialAction":[{"@type":"SearchAction","target":{"@type":"EntryPoint","urlTemplate":"https:\/\/bertolinidirect.com\/pt\/?s={search_term_string}"},"query-input":{"@type":"PropertyValueSpecification","valueRequired":true,"valueName":"search_term_string"}}],"inLanguage":"pt-BR"}]}},"_links":{"self":[{"href":"https:\/\/bertolinidirect.com\/pt\/wp-json\/wp\/v2\/pages\/569","targetHints":{"allow":["GET"]}}],"collection":[{"href":"https:\/\/bertolinidirect.com\/pt\/wp-json\/wp\/v2\/pages"}],"about":[{"href":"https:\/\/bertolinidirect.com\/pt\/wp-json\/wp\/v2\/types\/page"}],"author":[{"embeddable":true,"href":"https:\/\/bertolinidirect.com\/pt\/wp-json\/wp\/v2\/users\/2"}],"replies":[{"embeddable":true,"href":"https:\/\/bertolinidirect.com\/pt\/wp-json\/wp\/v2\/comments?post=569"}],"version-history":[{"count":2,"href":"https:\/\/bertolinidirect.com\/pt\/wp-json\/wp\/v2\/pages\/569\/revisions"}],"predecessor-version":[{"id":745,"href":"https:\/\/bertolinidirect.com\/pt\/wp-json\/wp\/v2\/pages\/569\/revisions\/745"}],"wp:attachment":[{"href":"https:\/\/bertolinidirect.com\/pt\/wp-json\/wp\/v2\/media?parent=569"}],"curies":[{"name":"wp","href":"https:\/\/api.w.org\/{rel}","templated":true}]}}