{"id":558,"date":"2024-04-16T23:00:24","date_gmt":"2024-04-16T23:00:24","guid":{"rendered":"https:\/\/bertolinidirect.com\/?page_id=558"},"modified":"2024-05-14T17:19:01","modified_gmt":"2024-05-14T17:19:01","slug":"prop-65","status":"publish","type":"page","link":"https:\/\/bertolinidirect.com\/pt\/prop-65","title":{"rendered":"Proposta 65"},"content":{"rendered":"<p>Ver um adesivo de advert\u00eancia da Proposta 65 naquele produto MITY novinho em folha que voc\u00ea acabou de desempacotar pode ser um pouco desconcertante - especialmente quando voc\u00ea n\u00e3o tem certeza de por que ele est\u00e1 l\u00e1 e o que significa sobre sua nova compra. Ent\u00e3o, pensamos em fornecer mais informa\u00e7\u00f5es sobre por que inclu\u00edmos adesivos Prop 65 em alguns de nossos produtos.<\/p>\n\n\n\n<h2 class=\"wp-block-heading\">O que \u00e9 a Proposta 65?<\/h2>\n\n\n\n<p>A Proposta 65 da Calif\u00f3rnia \u00e9 uma lei que exige que empresas e varejistas que enviam ou vendem produtos na Calif\u00f3rnia incluam um aviso em quaisquer produtos que possam conter quantidades quantific\u00e1veis de produtos qu\u00edmicos que o estado listou como \u201cconhecidos no estado da Calif\u00f3rnia por causar c\u00e2ncer ou toxicidade reprodutiva\u201d. .\u201d \u00c9 importante observar que alguns desses produtos qu\u00edmicos ocorrem naturalmente no solo, na \u00e1gua e no ar. Voc\u00ea encontrar\u00e1 adesivos de advert\u00eancia da Prop 65 em produtos dom\u00e9sticos de uso di\u00e1rio, como produtos de beleza, aspirinas, joias e pratos. Na Calif\u00f3rnia, voc\u00ea tamb\u00e9m pode ver avisos da Proposta 65 em parques p\u00fablicos, restaurantes, aeroportos, hot\u00e9is e postos de gasolina.<\/p>\n\n\n\n<h2 class=\"wp-block-heading\">De onde veio a Proposi\u00e7\u00e3o 65?<\/h2>\n\n\n\n<p>A Proposta 65 da Calif\u00f3rnia foi promulgada em 1986 para ajudar os residentes da Calif\u00f3rnia a tomar decis\u00f5es informadas. Tamb\u00e9m chamada de Lei de \u00c1gua Pot\u00e1vel Segura e Repress\u00e3o a T\u00f3xicos, a lei exige que a Calif\u00f3rnia publique uma lista de produtos qu\u00edmicos que os cientistas classificam como prov\u00e1veis cancer\u00edgenos e a atualize pelo menos uma vez por ano. Atualmente, cerca de 900 produtos qu\u00edmicos est\u00e3o cadastrados na lista.<\/p>\n\n\n\n<p>A lista completa pode ser encontrada no site<a href=\"https:\/\/oehha.ca.gov\/proposition-65\/general-info\/proposition-65-plain-language\">Site do Escrit\u00f3rio de Avalia\u00e7\u00e3o de Perigos para a Sa\u00fade Ambiental da Calif\u00f3rnia (OEHHA)<\/a>.<\/p>\n\n\n\n<h2 class=\"wp-block-heading\">O que \u00e9 um prov\u00e1vel cancer\u00edgeno? Isso parece assustador.<\/h2>\n\n\n\n<p>Quando a Proposta 65 lista um produto qu\u00edmico como \u201cprov\u00e1vel cancer\u00edgeno\u201d, significa que os cientistas, no estado da Calif\u00f3rnia, acreditam que este pode causar cancro em algumas pessoas. No entanto, n\u00e3o foi acordado que todos estes produtos qu\u00edmicos causem cancro pela comunidade cient\u00edfica mundial \u2013 ou por especialistas fora do estado da Calif\u00f3rnia.<\/p>\n\n\n\n<h2 class=\"wp-block-heading\">Mas n\u00e3o estou na Calif\u00f3rnia. Por que estou vendo uma etiqueta de advert\u00eancia exigida pela Calif\u00f3rnia?<\/h2>\n\n\n\n<p>A MITY vende produtos para empresas e distribuidores que operam em v\u00e1rios estados do pa\u00eds, incluindo a Calif\u00f3rnia. Como nem sempre vendemos nossos produtos ao usu\u00e1rio final, ou sabemos onde nosso produto pode acabar, decidimos colocar a etiqueta de advert\u00eancia Prop 65 em todos os nossos produtos. Como n\u00e3o somos grandes f\u00e3s do risco de san\u00e7\u00f5es ou multas, estamos felizes em cumprir os requisitos de rotulagem da Prop 65 da Calif\u00f3rnia.<\/p>\n\n\n\n<h2 class=\"wp-block-heading\">Ent\u00e3o\u2026 Devo me preocupar?<\/h2>\n\n\n\n<p>Grande parte da preocupa\u00e7\u00e3o em torno dos produtos qu\u00edmicos na lista da Proposta 65 gira em torno da exposi\u00e7\u00e3o a produtos qu\u00edmicos que podem \u201cliberar gases\u201d e criar um ambiente interno prejudicial \u00e0 sa\u00fade. A MITY est\u00e1 comprometida em fabricar produtos que reduzam as emiss\u00f5es em ambientes internos. Na verdade, a maioria dos produtos de mobili\u00e1rio da MITY atendem aos crit\u00e9rios rigorosos da Certifica\u00e7\u00e3o de Qualidade do Ar Interior da UL GreenGuard, uma certifica\u00e7\u00e3o que permite que as instala\u00e7\u00f5es se qualifiquem para cr\u00e9ditos atrav\u00e9s do LEED e outros programas de constru\u00e7\u00e3o sustent\u00e1vel.<\/p>\n\n\n\n<p>A Calif\u00f3rnia est\u00e1 tomando todas as precau\u00e7\u00f5es poss\u00edveis para dar aos seus residentes o \u201cDireito de Saber\u201d e os r\u00f3tulos de advert\u00eancia da Proposi\u00e7\u00e3o 65 s\u00e3o a forma como o estado garante que est\u00e1 divulgando a not\u00edcia.<\/p>\n\n\n\n<p>Queremos que voc\u00ea saiba que todos na MITY Inc. levam muito a s\u00e9rio a seguran\u00e7a de nossos produtos e de nossos clientes. Afinal, usamos nossos pr\u00f3prios produtos todos os dias! Estamos orgulhosos do que fazemos e queremos que voc\u00ea se sinta seguro ao usar e desfrutar de nossos produtos MITY.<\/p>\n\n\n\n<p>Obrigado,<\/p>\n\n\n\n<p>MITY Inc., subsidi\u00e1rias incluem: MityLite, Bertolini e Holsag<\/p>\n\n\n\n<p>Para mais informa\u00e7\u00f5es acesse<a href=\"https:\/\/www.p65warnings.ca.gov\/\">www.p65warnings.ca.gov<\/a>.<\/p>","protected":false},"excerpt":{"rendered":"<p>Seeing a Proposition 65 warning sticker on that shiny new MITY product you just unpacked can be a little disconcerting\u2014especially when you\u2019re not sure why it\u2019s there and what it means about your new purchase. So, we thought we\u2019d give you a little more info on why we include Prop 65 stickers on some of [&hellip;]<\/p>\n","protected":false},"author":2,"featured_media":0,"parent":0,"menu_order":0,"comment_status":"closed","ping_status":"closed","template":"content-page.php","meta":{"_acf_changed":false,"footnotes":""},"class_list":["post-558","page","type-page","status-publish","hentry"],"acf":[],"yoast_head":"<!-- This site is optimized with the Yoast SEO Premium plugin v24.2 (Yoast SEO v27.1.1) - https:\/\/yoast.com\/product\/yoast-seo-premium-wordpress\/ -->\n<title>Prop 65 | Bertolini Direct<\/title>\n<meta name=\"description\" content=\"Seeing a Proposition 65 warning sticker on that shiny new MITY product you just unpacked can be a little disconcerting\u2014especially when you\u2019re not sure why\" \/>\n<meta name=\"robots\" content=\"index, follow, max-snippet:-1, max-image-preview:large, max-video-preview:-1\" \/>\n<link rel=\"canonical\" href=\"https:\/\/bertolinidirect.com\/pt\/prop-65\/\" \/>\n<meta property=\"og:locale\" content=\"pt_BR\" \/>\n<meta property=\"og:type\" content=\"article\" \/>\n<meta property=\"og:title\" content=\"Prop 65\" \/>\n<meta property=\"og:description\" content=\"Seeing a Proposition 65 warning sticker on that shiny new MITY product you just unpacked can be a little disconcerting\u2014especially when you\u2019re not sure why\" \/>\n<meta property=\"og:url\" content=\"https:\/\/bertolinidirect.com\/pt\/prop-65\/\" \/>\n<meta property=\"og:site_name\" content=\"Bertolini Direct\" \/>\n<meta property=\"article:modified_time\" content=\"2024-05-14T17:19:01+00:00\" \/>\n<meta name=\"twitter:card\" content=\"summary_large_image\" \/>\n<script type=\"application\/ld+json\" class=\"yoast-schema-graph\">{\"@context\":\"https:\/\/schema.org\",\"@graph\":[{\"@type\":\"WebPage\",\"@id\":\"https:\/\/bertolinidirect.com\/pt\/prop-65\",\"url\":\"https:\/\/bertolinidirect.com\/pt\/prop-65\",\"name\":\"Prop 65 | Bertolini Direct\",\"isPartOf\":{\"@id\":\"https:\/\/bertolinidirect.com\/pt\/#website\"},\"datePublished\":\"2024-04-16T23:00:24+00:00\",\"dateModified\":\"2024-05-14T17:19:01+00:00\",\"description\":\"Seeing a Proposition 65 warning sticker on that shiny new MITY product you just unpacked can be a little disconcerting\u2014especially when you\u2019re not sure why\",\"breadcrumb\":{\"@id\":\"https:\/\/bertolinidirect.com\/pt\/prop-65#breadcrumb\"},\"inLanguage\":\"pt-BR\",\"potentialAction\":[{\"@type\":\"ReadAction\",\"target\":[\"https:\/\/bertolinidirect.com\/pt\/prop-65\"]}]},{\"@type\":\"BreadcrumbList\",\"@id\":\"https:\/\/bertolinidirect.com\/pt\/prop-65#breadcrumb\",\"itemListElement\":[{\"@type\":\"ListItem\",\"position\":1,\"name\":\"Home\",\"item\":\"https:\/\/bertolinidirect.com\/\"},{\"@type\":\"ListItem\",\"position\":2,\"name\":\"Prop 65\"}]},{\"@type\":\"WebSite\",\"@id\":\"https:\/\/bertolinidirect.com\/pt\/#website\",\"url\":\"https:\/\/bertolinidirect.com\/pt\/\",\"name\":\"Bertolini\",\"description\":\"\",\"potentialAction\":[{\"@type\":\"SearchAction\",\"target\":{\"@type\":\"EntryPoint\",\"urlTemplate\":\"https:\/\/bertolinidirect.com\/pt\/?s={search_term_string}\"},\"query-input\":{\"@type\":\"PropertyValueSpecification\",\"valueRequired\":true,\"valueName\":\"search_term_string\"}}],\"inLanguage\":\"pt-BR\"}]}<\/script>\n<!-- \/ Yoast SEO Premium plugin. -->","yoast_head_json":{"title":"Proposta 65 | Bertolini Direto","description":"Ver um adesivo de advert\u00eancia da Proposi\u00e7\u00e3o 65 naquele produto MITY novinho em folha que voc\u00ea acabou de desempacotar pode ser um pouco desconcertante - especialmente quando voc\u00ea n\u00e3o tem certeza do porqu\u00ea","robots":{"index":"index","follow":"follow","max-snippet":"max-snippet:-1","max-image-preview":"max-image-preview:large","max-video-preview":"max-video-preview:-1"},"canonical":"https:\/\/bertolinidirect.com\/pt\/prop-65\/","og_locale":"pt_BR","og_type":"article","og_title":"Prop 65","og_description":"Seeing a Proposition 65 warning sticker on that shiny new MITY product you just unpacked can be a little disconcerting\u2014especially when you\u2019re not sure why","og_url":"https:\/\/bertolinidirect.com\/pt\/prop-65\/","og_site_name":"Bertolini Direct","article_modified_time":"2024-05-14T17:19:01+00:00","twitter_card":"summary_large_image","schema":{"@context":"https:\/\/schema.org","@graph":[{"@type":"WebPage","@id":"https:\/\/bertolinidirect.com\/pt\/prop-65","url":"https:\/\/bertolinidirect.com\/pt\/prop-65","name":"Proposta 65 | Bertolini Direto","isPartOf":{"@id":"https:\/\/bertolinidirect.com\/pt\/#website"},"datePublished":"2024-04-16T23:00:24+00:00","dateModified":"2024-05-14T17:19:01+00:00","description":"Ver um adesivo de advert\u00eancia da Proposi\u00e7\u00e3o 65 naquele produto MITY novinho em folha que voc\u00ea acabou de desempacotar pode ser um pouco desconcertante - especialmente quando voc\u00ea n\u00e3o tem certeza do porqu\u00ea","breadcrumb":{"@id":"https:\/\/bertolinidirect.com\/pt\/prop-65#breadcrumb"},"inLanguage":"pt-BR","potentialAction":[{"@type":"ReadAction","target":["https:\/\/bertolinidirect.com\/pt\/prop-65"]}]},{"@type":"BreadcrumbList","@id":"https:\/\/bertolinidirect.com\/pt\/prop-65#breadcrumb","itemListElement":[{"@type":"ListItem","position":1,"name":"Home","item":"https:\/\/bertolinidirect.com\/"},{"@type":"ListItem","position":2,"name":"Prop 65"}]},{"@type":"WebSite","@id":"https:\/\/bertolinidirect.com\/pt\/#website","url":"https:\/\/bertolinidirect.com\/pt\/","name":"Bertolini","description":"","potentialAction":[{"@type":"SearchAction","target":{"@type":"EntryPoint","urlTemplate":"https:\/\/bertolinidirect.com\/pt\/?s={search_term_string}"},"query-input":{"@type":"PropertyValueSpecification","valueRequired":true,"valueName":"search_term_string"}}],"inLanguage":"pt-BR"}]}},"_links":{"self":[{"href":"https:\/\/bertolinidirect.com\/pt\/wp-json\/wp\/v2\/pages\/558","targetHints":{"allow":["GET"]}}],"collection":[{"href":"https:\/\/bertolinidirect.com\/pt\/wp-json\/wp\/v2\/pages"}],"about":[{"href":"https:\/\/bertolinidirect.com\/pt\/wp-json\/wp\/v2\/types\/page"}],"author":[{"embeddable":true,"href":"https:\/\/bertolinidirect.com\/pt\/wp-json\/wp\/v2\/users\/2"}],"replies":[{"embeddable":true,"href":"https:\/\/bertolinidirect.com\/pt\/wp-json\/wp\/v2\/comments?post=558"}],"version-history":[{"count":3,"href":"https:\/\/bertolinidirect.com\/pt\/wp-json\/wp\/v2\/pages\/558\/revisions"}],"predecessor-version":[{"id":1556,"href":"https:\/\/bertolinidirect.com\/pt\/wp-json\/wp\/v2\/pages\/558\/revisions\/1556"}],"wp:attachment":[{"href":"https:\/\/bertolinidirect.com\/pt\/wp-json\/wp\/v2\/media?parent=558"}],"curies":[{"name":"wp","href":"https:\/\/api.w.org\/{rel}","templated":true}]}}