{"id":547,"date":"2024-04-16T22:58:13","date_gmt":"2024-04-16T22:58:13","guid":{"rendered":"https:\/\/bertolinidirect.com\/?page_id=547"},"modified":"2026-04-20T22:38:31","modified_gmt":"2026-04-20T22:38:31","slug":"about","status":"publish","type":"page","link":"https:\/\/bertolinidirect.com\/pt\/about","title":{"rendered":"Sobre"},"content":{"rendered":"<h2 class=\"wp-block-heading\" id=\"h-industry-leading-warranty\">Garantia l\u00edder do setor<\/h2>\n\n\n\n<p>Na Bertolini, fabricamos cadeiras com materiais da mais alta qualidade \u2013 tecidos, espuma e molduras que realmente durar\u00e3o anos e anos. Isso torna mais f\u00e1cil ficarmos atr\u00e1s de cada cadeira que constru\u00edmos. Tamb\u00e9m aderimos a r\u00edgidos padr\u00f5es de fabrica\u00e7\u00e3o e design, o que nos permite oferecer com seguran\u00e7a uma das melhores garantias de produto do setor.<\/p>\n\n\n\n<h2 class=\"wp-block-heading\" id=\"h-commitment-to-excellence\">Compromisso com a Excel\u00eancia<\/h2>\n\n\n\n<p>Nosso compromisso com a excel\u00eancia \u00e9 refletido na qualidade dos materiais que usamos, em nossas t\u00e9cnicas inovadoras de montagem e no rigoroso processo de testes e inspe\u00e7\u00e3o pelos quais nossas cadeiras s\u00e3o submetidas. Garantimos que os melhores assentos de adora\u00e7\u00e3o sejam enviados de nossa f\u00e1brica, de n\u00f3s para voc\u00ea. Na Bertolini, temos orgulho de construir cadeiras de igreja que durar\u00e3o mais que qualquer outro produto do mercado.<\/p>\n\n\n\n<figure class=\"wp-block-embed is-type-video is-provider-youtube wp-block-embed-youtube wp-embed-aspect-16-9 wp-has-aspect-ratio\"><div class=\"wp-block-embed__wrapper\">\n<iframe loading=\"lazy\" title=\"Apresentando a nova e aprimorada cadeira da Igreja Bertolini Impressions\" width=\"500\" height=\"281\" src=\"https:\/\/www.youtube.com\/embed\/J277Sg5FBZI?feature=oembed\" frameborder=\"0\" allow=\"accelerometer; autoplay; clipboard-write; encrypted-media; gyroscope; picture-in-picture; web-share\" referrerpolicy=\"strict-origin-when-cross-origin\" allowfullscreen><\/iframe>\n<\/div><\/figure>\n\n\n\n<h2 class=\"wp-block-heading\" id=\"h-commitment-to-sustainability\">Compromisso com a Sustentabilidade<\/h2>\n\n\n\n<p>Como fabricante de mobili\u00e1rio, o nosso primeiro compromisso com a sustentabilidade \u00e9 a redu\u00e7\u00e3o do desperd\u00edcio e, para esse fim, estamos empenhados em fornecer cadeiras que durem anos de utiliza\u00e7\u00e3o intensa. Al\u00e9m disso, tomamos dezenas de outras medidas para construir cadeiras de igreja e outros assentos sustent\u00e1veis. As cadeiras Bertolini s\u00e3o fabricadas com estrutura de a\u00e7o recicl\u00e1vel 100%, espuma de base biol\u00f3gica e processo de revestimento com emiss\u00e3o zero.<\/p>\n\n\n\n<h2 class=\"wp-block-heading\" id=\"h-unrivaled-service\">Servi\u00e7o incompar\u00e1vel<\/h2>\n\n\n\n<p>Nossos clientes n\u00e3o apenas apreciam os produtos excepcionais que oferecemos, mas tamb\u00e9m apreciam o valor do atendimento ao cliente que oferecemos. \u00c9 o tipo de servi\u00e7o excelente que faz com que nossos clientes indiquem seus amigos e voltem.<\/p>\n\n\n\n<h2 class=\"wp-block-heading\" id=\"h-factory-direct-sales\">Vendas Diretas da F\u00e1brica<\/h2>\n\n\n\n<p>Trabalhar com nossos representantes de vendas diretas da f\u00e1brica acaba com os aborrecimentos decorrentes de lidar com um intermedi\u00e1rio. Nossa equipe est\u00e1 empenhada em garantir que voc\u00ea obtenha as cadeiras perfeitas para atender \u00e0s suas necessidades. Eles est\u00e3o entusiasmados em conhecer voc\u00ea e sua congrega\u00e7\u00e3o.<\/p>\n\n\n\n<h2 class=\"wp-block-heading\" id=\"h-about-our-parent-company\">Sobre nossa controladora<\/h2>\n\n\n\n<p>A MITY Inc. \u00e9 a empresa matriz destas marcas l\u00edderes do setor de m\u00f3veis dur\u00e1veis: MityLite, Bertolini e Broda\u00ae Seating.<\/p>\n\n\n\n<ul class=\"wp-block-list\">\n<li><a href=\"https:\/\/mitylite.com\">MityLite<\/a> Fabrica m\u00f3veis premiados para o mercado comercial global.<\/li>\n\n\n\n<li><a href=\"https:\/\/bertolinidirect.com\/pt\/\">Bertolini<\/a> Fabrica assentos confort\u00e1veis e dur\u00e1veis para o mercado de locais de culto.<\/li>\n\n\n\n<li><a href=\"https:\/\/brodaseating.com\">Assentos Broda<\/a> Oferece uma linha exclusiva de cadeiras de rodas com posicionamento inclin\u00e1vel no espa\u00e7o para uma ampla variedade de ambientes de sa\u00fade.<\/li>\n<\/ul>\n\n\n\n<p>A MITY Inc. est\u00e1 sediada em Orem, Utah, e possui unidades fabris adicionais em Kitchener, Ont\u00e1rio. Visite [link para o site]. <a href=\"https:\/\/mityinc.com\">mityinc.com<\/a> Para obter mais informa\u00e7\u00f5es.<\/p>","protected":false},"excerpt":{"rendered":"<p>Industry-Leading Warranty At Bertolini, we craft chairs from the highest quality materials\u2014fabrics, foam, and frames that will truly last for years and years. Doing so makes it easy for us to stand behind every chair we build.\u202fWe also adhere to strict manufacturing and design standards, which allows us to confidently offer one of the best [&hellip;]<\/p>\n","protected":false},"author":2,"featured_media":0,"parent":0,"menu_order":0,"comment_status":"closed","ping_status":"closed","template":"about.php","meta":{"_acf_changed":false,"footnotes":""},"class_list":["post-547","page","type-page","status-publish","hentry"],"acf":[],"yoast_head":"<!-- This site is optimized with the Yoast SEO Premium plugin v24.2 (Yoast SEO v27.4) - https:\/\/yoast.com\/product\/yoast-seo-premium-wordpress\/ -->\n<title>About | Bertolini Direct<\/title>\n<meta name=\"description\" content=\"Learn more about Bertolini\u2019s 60+ years of crafting durable, elegant church chairs. They build quality worship furniture to last. Explore now.\" \/>\n<meta name=\"robots\" content=\"index, follow, max-snippet:-1, max-image-preview:large, max-video-preview:-1\" \/>\n<link rel=\"canonical\" href=\"https:\/\/bertolinidirect.com\/pt\/about\/\" \/>\n<meta property=\"og:locale\" content=\"pt_BR\" \/>\n<meta property=\"og:type\" content=\"article\" \/>\n<meta property=\"og:title\" content=\"About\" \/>\n<meta property=\"og:description\" content=\"Learn more about Bertolini\u2019s 60+ years of crafting durable, elegant church chairs. They build quality worship furniture to last. Explore now.\" \/>\n<meta property=\"og:url\" content=\"https:\/\/bertolinidirect.com\/pt\/about\/\" \/>\n<meta property=\"og:site_name\" content=\"Bertolini Direct\" \/>\n<meta property=\"article:modified_time\" content=\"2026-04-20T22:38:31+00:00\" \/>\n<meta name=\"twitter:card\" content=\"summary_large_image\" \/>\n<script type=\"application\/ld+json\" class=\"yoast-schema-graph\">{\"@context\":\"https:\\\/\\\/schema.org\",\"@graph\":[{\"@type\":\"WebPage\",\"@id\":\"https:\\\/\\\/bertolinidirect.com\\\/pt\\\/about\",\"url\":\"https:\\\/\\\/bertolinidirect.com\\\/pt\\\/about\",\"name\":\"About | Bertolini Direct\",\"isPartOf\":{\"@id\":\"https:\\\/\\\/bertolinidirect.com\\\/pt\\\/#website\"},\"datePublished\":\"2024-04-16T22:58:13+00:00\",\"dateModified\":\"2026-04-20T22:38:31+00:00\",\"description\":\"Learn more about Bertolini\u2019s 60+ years of crafting durable, elegant church chairs. They build quality worship furniture to last. Explore now.\",\"breadcrumb\":{\"@id\":\"https:\\\/\\\/bertolinidirect.com\\\/pt\\\/about#breadcrumb\"},\"inLanguage\":\"pt-BR\",\"potentialAction\":[{\"@type\":\"ReadAction\",\"target\":[\"https:\\\/\\\/bertolinidirect.com\\\/pt\\\/about\"]}]},{\"@type\":\"BreadcrumbList\",\"@id\":\"https:\\\/\\\/bertolinidirect.com\\\/pt\\\/about#breadcrumb\",\"itemListElement\":[{\"@type\":\"ListItem\",\"position\":1,\"name\":\"Home\",\"item\":\"https:\\\/\\\/bertolinidirect.com\\\/\"},{\"@type\":\"ListItem\",\"position\":2,\"name\":\"About\"}]},{\"@type\":\"WebSite\",\"@id\":\"https:\\\/\\\/bertolinidirect.com\\\/pt\\\/#website\",\"url\":\"https:\\\/\\\/bertolinidirect.com\\\/pt\\\/\",\"name\":\"Bertolini\",\"description\":\"\",\"potentialAction\":[{\"@type\":\"SearchAction\",\"target\":{\"@type\":\"EntryPoint\",\"urlTemplate\":\"https:\\\/\\\/bertolinidirect.com\\\/pt\\\/?s={search_term_string}\"},\"query-input\":{\"@type\":\"PropertyValueSpecification\",\"valueRequired\":true,\"valueName\":\"search_term_string\"}}],\"inLanguage\":\"pt-BR\"}]}<\/script>\n<!-- \/ Yoast SEO Premium plugin. -->","yoast_head_json":{"title":"Sobre | Bertolini Direto","description":"Saiba mais sobre os mais de 60 anos de experi\u00eancia da Bertolini na fabrica\u00e7\u00e3o de cadeiras de igreja dur\u00e1veis e elegantes. Eles produzem mobili\u00e1rio religioso de qualidade para durar. Explore agora.","robots":{"index":"index","follow":"follow","max-snippet":"max-snippet:-1","max-image-preview":"max-image-preview:large","max-video-preview":"max-video-preview:-1"},"canonical":"https:\/\/bertolinidirect.com\/pt\/about\/","og_locale":"pt_BR","og_type":"article","og_title":"About","og_description":"Learn more about Bertolini\u2019s 60+ years of crafting durable, elegant church chairs. They build quality worship furniture to last. Explore now.","og_url":"https:\/\/bertolinidirect.com\/pt\/about\/","og_site_name":"Bertolini Direct","article_modified_time":"2026-04-20T22:38:31+00:00","twitter_card":"summary_large_image","schema":{"@context":"https:\/\/schema.org","@graph":[{"@type":"WebPage","@id":"https:\/\/bertolinidirect.com\/pt\/about","url":"https:\/\/bertolinidirect.com\/pt\/about","name":"Sobre | Bertolini Direto","isPartOf":{"@id":"https:\/\/bertolinidirect.com\/pt\/#website"},"datePublished":"2024-04-16T22:58:13+00:00","dateModified":"2026-04-20T22:38:31+00:00","description":"Saiba mais sobre os mais de 60 anos de experi\u00eancia da Bertolini na fabrica\u00e7\u00e3o de cadeiras de igreja dur\u00e1veis e elegantes. Eles produzem mobili\u00e1rio religioso de qualidade para durar. Explore agora.","breadcrumb":{"@id":"https:\/\/bertolinidirect.com\/pt\/about#breadcrumb"},"inLanguage":"pt-BR","potentialAction":[{"@type":"ReadAction","target":["https:\/\/bertolinidirect.com\/pt\/about"]}]},{"@type":"BreadcrumbList","@id":"https:\/\/bertolinidirect.com\/pt\/about#breadcrumb","itemListElement":[{"@type":"ListItem","position":1,"name":"Home","item":"https:\/\/bertolinidirect.com\/"},{"@type":"ListItem","position":2,"name":"About"}]},{"@type":"WebSite","@id":"https:\/\/bertolinidirect.com\/pt\/#website","url":"https:\/\/bertolinidirect.com\/pt\/","name":"Bertolini","description":"","potentialAction":[{"@type":"SearchAction","target":{"@type":"EntryPoint","urlTemplate":"https:\/\/bertolinidirect.com\/pt\/?s={search_term_string}"},"query-input":{"@type":"PropertyValueSpecification","valueRequired":true,"valueName":"search_term_string"}}],"inLanguage":"pt-BR"}]}},"_links":{"self":[{"href":"https:\/\/bertolinidirect.com\/pt\/wp-json\/wp\/v2\/pages\/547","targetHints":{"allow":["GET"]}}],"collection":[{"href":"https:\/\/bertolinidirect.com\/pt\/wp-json\/wp\/v2\/pages"}],"about":[{"href":"https:\/\/bertolinidirect.com\/pt\/wp-json\/wp\/v2\/types\/page"}],"author":[{"embeddable":true,"href":"https:\/\/bertolinidirect.com\/pt\/wp-json\/wp\/v2\/users\/2"}],"replies":[{"embeddable":true,"href":"https:\/\/bertolinidirect.com\/pt\/wp-json\/wp\/v2\/comments?post=547"}],"version-history":[{"count":5,"href":"https:\/\/bertolinidirect.com\/pt\/wp-json\/wp\/v2\/pages\/547\/revisions"}],"predecessor-version":[{"id":24818,"href":"https:\/\/bertolinidirect.com\/pt\/wp-json\/wp\/v2\/pages\/547\/revisions\/24818"}],"wp:attachment":[{"href":"https:\/\/bertolinidirect.com\/pt\/wp-json\/wp\/v2\/media?parent=547"}],"curies":[{"name":"wp","href":"https:\/\/api.w.org\/{rel}","templated":true}]}}