{"id":371,"date":"2024-04-02T16:48:00","date_gmt":"2024-04-02T16:48:00","guid":{"rendered":"https:\/\/bertolinidirect.com\/?page_id=371"},"modified":"2026-04-24T20:36:31","modified_gmt":"2026-04-24T20:36:31","slug":"installations","status":"publish","type":"page","link":"https:\/\/bertolinidirect.com\/pt\/installations","title":{"rendered":"Instala\u00e7\u00f5es"},"content":{"rendered":"<p>Est\u00e1 curioso para saber como as cadeiras Bertolini ficariam na sua igreja? Estas fotos de instala\u00e7\u00e3o mostram uma variedade de ideias de design para igrejas. Veja como nossas cadeiras se encaixam em santu\u00e1rios e espa\u00e7os de reuni\u00e3o. Observe como a sele\u00e7\u00e3o de tecidos e a disposi\u00e7\u00e3o dos assentos se combinam para criar uma apar\u00eancia e uma atmosfera distintas em cada igreja.<\/p>","protected":false},"excerpt":{"rendered":"<p>Est\u00e1 curioso para saber como as cadeiras Bertolini ficariam na sua igreja? Estas fotos de instala\u00e7\u00e3o mostram uma variedade de ideias de design para igrejas. Veja como nossas cadeiras se encaixam em santu\u00e1rios e espa\u00e7os de reuni\u00e3o. Observe como a sele\u00e7\u00e3o de tecidos e a disposi\u00e7\u00e3o dos assentos se combinam para criar uma apar\u00eancia e uma atmosfera distintas em cada igreja.<\/p>","protected":false},"author":2,"featured_media":0,"parent":0,"menu_order":0,"comment_status":"closed","ping_status":"closed","template":"installation-gallery.php","meta":{"_acf_changed":false,"footnotes":""},"class_list":["post-371","page","type-page","status-publish","hentry"],"acf":[],"yoast_head":"<!-- This site is optimized with the Yoast SEO Premium plugin v24.2 (Yoast SEO v27.4) - https:\/\/yoast.com\/product\/yoast-seo-premium-wordpress\/ -->\n<title>Church Design Ideas | Church Sanctuary Design Ideas | Bertolini<\/title>\n<meta name=\"description\" content=\"Get inspired with church design ideas from real spaces. Explore seating layouts &amp; styles that help create flexible worship environments.\" \/>\n<meta name=\"robots\" content=\"index, follow, max-snippet:-1, max-image-preview:large, max-video-preview:-1\" \/>\n<link rel=\"canonical\" href=\"https:\/\/bertolinidirect.com\/pt\/installations\/\" \/>\n<meta property=\"og:locale\" content=\"pt_BR\" \/>\n<meta property=\"og:type\" content=\"article\" \/>\n<meta property=\"og:title\" content=\"Installations\" \/>\n<meta property=\"og:description\" content=\"Get inspired with church design ideas from real spaces. Explore seating layouts &amp; styles that help create flexible worship environments.\" \/>\n<meta property=\"og:url\" content=\"https:\/\/bertolinidirect.com\/pt\/installations\/\" \/>\n<meta property=\"og:site_name\" content=\"Bertolini Direct\" \/>\n<meta property=\"article:modified_time\" content=\"2026-04-24T20:36:31+00:00\" \/>\n<meta name=\"twitter:card\" content=\"summary_large_image\" \/>\n<script type=\"application\/ld+json\" class=\"yoast-schema-graph\">{\"@context\":\"https:\\\/\\\/schema.org\",\"@graph\":[{\"@type\":\"WebPage\",\"@id\":\"https:\\\/\\\/bertolinidirect.com\\\/pt\\\/installations\",\"url\":\"https:\\\/\\\/bertolinidirect.com\\\/pt\\\/installations\",\"name\":\"Church Design Ideas | Church Sanctuary Design Ideas | Bertolini\",\"isPartOf\":{\"@id\":\"https:\\\/\\\/bertolinidirect.com\\\/pt\\\/#website\"},\"datePublished\":\"2024-04-02T16:48:00+00:00\",\"dateModified\":\"2026-04-24T20:36:31+00:00\",\"description\":\"Get inspired with church design ideas from real spaces. Explore seating layouts & styles that help create flexible worship environments.\",\"breadcrumb\":{\"@id\":\"https:\\\/\\\/bertolinidirect.com\\\/pt\\\/installations#breadcrumb\"},\"inLanguage\":\"pt-BR\",\"potentialAction\":[{\"@type\":\"ReadAction\",\"target\":[\"https:\\\/\\\/bertolinidirect.com\\\/pt\\\/installations\"]}]},{\"@type\":\"BreadcrumbList\",\"@id\":\"https:\\\/\\\/bertolinidirect.com\\\/pt\\\/installations#breadcrumb\",\"itemListElement\":[{\"@type\":\"ListItem\",\"position\":1,\"name\":\"Home\",\"item\":\"https:\\\/\\\/bertolinidirect.com\\\/\"},{\"@type\":\"ListItem\",\"position\":2,\"name\":\"Installations\"}]},{\"@type\":\"WebSite\",\"@id\":\"https:\\\/\\\/bertolinidirect.com\\\/pt\\\/#website\",\"url\":\"https:\\\/\\\/bertolinidirect.com\\\/pt\\\/\",\"name\":\"Bertolini\",\"description\":\"\",\"potentialAction\":[{\"@type\":\"SearchAction\",\"target\":{\"@type\":\"EntryPoint\",\"urlTemplate\":\"https:\\\/\\\/bertolinidirect.com\\\/pt\\\/?s={search_term_string}\"},\"query-input\":{\"@type\":\"PropertyValueSpecification\",\"valueRequired\":true,\"valueName\":\"search_term_string\"}}],\"inLanguage\":\"pt-BR\"}]}<\/script>\n<!-- \/ Yoast SEO Premium plugin. -->","yoast_head_json":{"title":"Ideias para o projeto de igrejas | Ideias para o projeto de santu\u00e1rios de igrejas | Bertolini","description":"Inspire-se com ideias de design de igrejas a partir de espa\u00e7os reais. Explore layouts e estilos de assentos que ajudam a criar ambientes de culto flex\u00edveis.","robots":{"index":"index","follow":"follow","max-snippet":"max-snippet:-1","max-image-preview":"max-image-preview:large","max-video-preview":"max-video-preview:-1"},"canonical":"https:\/\/bertolinidirect.com\/pt\/installations\/","og_locale":"pt_BR","og_type":"article","og_title":"Installations","og_description":"Get inspired with church design ideas from real spaces. Explore seating layouts & styles that help create flexible worship environments.","og_url":"https:\/\/bertolinidirect.com\/pt\/installations\/","og_site_name":"Bertolini Direct","article_modified_time":"2026-04-24T20:36:31+00:00","twitter_card":"summary_large_image","schema":{"@context":"https:\/\/schema.org","@graph":[{"@type":"WebPage","@id":"https:\/\/bertolinidirect.com\/pt\/installations","url":"https:\/\/bertolinidirect.com\/pt\/installations","name":"Ideias para o projeto de igrejas | Ideias para o projeto de santu\u00e1rios de igrejas | Bertolini","isPartOf":{"@id":"https:\/\/bertolinidirect.com\/pt\/#website"},"datePublished":"2024-04-02T16:48:00+00:00","dateModified":"2026-04-24T20:36:31+00:00","description":"Inspire-se com ideias de design de igrejas a partir de espa\u00e7os reais. Explore layouts e estilos de assentos que ajudam a criar ambientes de culto flex\u00edveis.","breadcrumb":{"@id":"https:\/\/bertolinidirect.com\/pt\/installations#breadcrumb"},"inLanguage":"pt-BR","potentialAction":[{"@type":"ReadAction","target":["https:\/\/bertolinidirect.com\/pt\/installations"]}]},{"@type":"BreadcrumbList","@id":"https:\/\/bertolinidirect.com\/pt\/installations#breadcrumb","itemListElement":[{"@type":"ListItem","position":1,"name":"Home","item":"https:\/\/bertolinidirect.com\/"},{"@type":"ListItem","position":2,"name":"Installations"}]},{"@type":"WebSite","@id":"https:\/\/bertolinidirect.com\/pt\/#website","url":"https:\/\/bertolinidirect.com\/pt\/","name":"Bertolini","description":"","potentialAction":[{"@type":"SearchAction","target":{"@type":"EntryPoint","urlTemplate":"https:\/\/bertolinidirect.com\/pt\/?s={search_term_string}"},"query-input":{"@type":"PropertyValueSpecification","valueRequired":true,"valueName":"search_term_string"}}],"inLanguage":"pt-BR"}]}},"_links":{"self":[{"href":"https:\/\/bertolinidirect.com\/pt\/wp-json\/wp\/v2\/pages\/371","targetHints":{"allow":["GET"]}}],"collection":[{"href":"https:\/\/bertolinidirect.com\/pt\/wp-json\/wp\/v2\/pages"}],"about":[{"href":"https:\/\/bertolinidirect.com\/pt\/wp-json\/wp\/v2\/types\/page"}],"author":[{"embeddable":true,"href":"https:\/\/bertolinidirect.com\/pt\/wp-json\/wp\/v2\/users\/2"}],"replies":[{"embeddable":true,"href":"https:\/\/bertolinidirect.com\/pt\/wp-json\/wp\/v2\/comments?post=371"}],"version-history":[{"count":19,"href":"https:\/\/bertolinidirect.com\/pt\/wp-json\/wp\/v2\/pages\/371\/revisions"}],"predecessor-version":[{"id":24886,"href":"https:\/\/bertolinidirect.com\/pt\/wp-json\/wp\/v2\/pages\/371\/revisions\/24886"}],"wp:attachment":[{"href":"https:\/\/bertolinidirect.com\/pt\/wp-json\/wp\/v2\/media?parent=371"}],"curies":[{"name":"wp","href":"https:\/\/api.w.org\/{rel}","templated":true}]}}