{"id":1557,"date":"2024-05-14T20:14:03","date_gmt":"2024-05-14T20:14:03","guid":{"rendered":"https:\/\/bertolinidirect.com\/?page_id=1557"},"modified":"2026-04-21T14:25:03","modified_gmt":"2026-04-21T14:25:03","slug":"locate","status":"publish","type":"page","link":"https:\/\/bertolinidirect.com\/pt\/locate","title":{"rendered":"Igrejas perto de voc\u00ea"},"content":{"rendered":"<p>Digite seu endere\u00e7o de e-mail abaixo para desbloquear o acesso ao nosso mapa interativo, que mostra igrejas perto de voc\u00ea com cadeiras Bertolini.<\/p>\n\n\n\n<p>Visite uma igreja para experimentar nossas cadeiras pessoalmente!<\/p>","protected":false},"excerpt":{"rendered":"<p>Insira seu endere\u00e7o de e-mail abaixo para desbloquear o acesso ao nosso mapa interativo, que mostra igrejas perto de voc\u00ea com cadeiras Bertolini. Visite uma igreja para experimentar nossas cadeiras pessoalmente!<\/p>","protected":false},"author":1,"featured_media":12064,"parent":0,"menu_order":0,"comment_status":"closed","ping_status":"closed","template":"locate-page.php","meta":{"_acf_changed":false,"footnotes":""},"class_list":["post-1557","page","type-page","status-publish","has-post-thumbnail","hentry"],"acf":[],"yoast_head":"<!-- This site is optimized with the Yoast SEO Premium plugin v24.2 (Yoast SEO v27.4) - https:\/\/yoast.com\/product\/yoast-seo-premium-wordpress\/ -->\n<title>Churches Near You | Bertolini Direct<\/title>\n<meta name=\"description\" content=\"See Bertolini furniture in the real world. Discover nearby churches using our seating and experience the look, comfort, and quality for yourself.\" \/>\n<meta name=\"robots\" content=\"index, follow, max-snippet:-1, max-image-preview:large, max-video-preview:-1\" \/>\n<link rel=\"canonical\" href=\"https:\/\/bertolinidirect.com\/pt\/locate\/\" \/>\n<meta property=\"og:locale\" content=\"pt_BR\" \/>\n<meta property=\"og:type\" content=\"article\" \/>\n<meta property=\"og:title\" content=\"Churches Near You\" \/>\n<meta property=\"og:description\" content=\"See Bertolini furniture in the real world. Discover nearby churches using our seating and experience the look, comfort, and quality for yourself.\" \/>\n<meta property=\"og:url\" content=\"https:\/\/bertolinidirect.com\/pt\/locate\/\" \/>\n<meta property=\"og:site_name\" content=\"Bertolini Direct\" \/>\n<meta property=\"article:modified_time\" content=\"2026-04-21T14:25:03+00:00\" \/>\n<meta property=\"og:image\" content=\"https:\/\/bertolinidirect.com\/wp-content\/uploads\/2024\/05\/church-map.png\" \/>\n\t<meta property=\"og:image:width\" content=\"688\" \/>\n\t<meta property=\"og:image:height\" content=\"509\" \/>\n\t<meta property=\"og:image:type\" content=\"image\/png\" \/>\n<meta name=\"twitter:card\" content=\"summary_large_image\" \/>\n<script type=\"application\/ld+json\" class=\"yoast-schema-graph\">{\"@context\":\"https:\\\/\\\/schema.org\",\"@graph\":[{\"@type\":\"WebPage\",\"@id\":\"https:\\\/\\\/bertolinidirect.com\\\/pt\\\/locate\",\"url\":\"https:\\\/\\\/bertolinidirect.com\\\/pt\\\/locate\",\"name\":\"Churches Near You | Bertolini Direct\",\"isPartOf\":{\"@id\":\"https:\\\/\\\/bertolinidirect.com\\\/pt\\\/#website\"},\"primaryImageOfPage\":{\"@id\":\"https:\\\/\\\/bertolinidirect.com\\\/pt\\\/locate#primaryimage\"},\"image\":{\"@id\":\"https:\\\/\\\/bertolinidirect.com\\\/pt\\\/locate#primaryimage\"},\"thumbnailUrl\":\"https:\\\/\\\/bertolinidirect.com\\\/wp-content\\\/uploads\\\/2024\\\/05\\\/church-map.png\",\"datePublished\":\"2024-05-14T20:14:03+00:00\",\"dateModified\":\"2026-04-21T14:25:03+00:00\",\"description\":\"See Bertolini furniture in the real world. Discover nearby churches using our seating and experience the look, comfort, and quality for yourself.\",\"breadcrumb\":{\"@id\":\"https:\\\/\\\/bertolinidirect.com\\\/pt\\\/locate#breadcrumb\"},\"inLanguage\":\"pt-BR\",\"potentialAction\":[{\"@type\":\"ReadAction\",\"target\":[\"https:\\\/\\\/bertolinidirect.com\\\/pt\\\/locate\"]}]},{\"@type\":\"ImageObject\",\"inLanguage\":\"pt-BR\",\"@id\":\"https:\\\/\\\/bertolinidirect.com\\\/pt\\\/locate#primaryimage\",\"url\":\"https:\\\/\\\/bertolinidirect.com\\\/wp-content\\\/uploads\\\/2024\\\/05\\\/church-map.png\",\"contentUrl\":\"https:\\\/\\\/bertolinidirect.com\\\/wp-content\\\/uploads\\\/2024\\\/05\\\/church-map.png\",\"width\":688,\"height\":509,\"caption\":\"Church Locator Map\"},{\"@type\":\"BreadcrumbList\",\"@id\":\"https:\\\/\\\/bertolinidirect.com\\\/pt\\\/locate#breadcrumb\",\"itemListElement\":[{\"@type\":\"ListItem\",\"position\":1,\"name\":\"Home\",\"item\":\"https:\\\/\\\/bertolinidirect.com\\\/\"},{\"@type\":\"ListItem\",\"position\":2,\"name\":\"Churches Near You\"}]},{\"@type\":\"WebSite\",\"@id\":\"https:\\\/\\\/bertolinidirect.com\\\/pt\\\/#website\",\"url\":\"https:\\\/\\\/bertolinidirect.com\\\/pt\\\/\",\"name\":\"Bertolini\",\"description\":\"\",\"potentialAction\":[{\"@type\":\"SearchAction\",\"target\":{\"@type\":\"EntryPoint\",\"urlTemplate\":\"https:\\\/\\\/bertolinidirect.com\\\/pt\\\/?s={search_term_string}\"},\"query-input\":{\"@type\":\"PropertyValueSpecification\",\"valueRequired\":true,\"valueName\":\"search_term_string\"}}],\"inLanguage\":\"pt-BR\"}]}<\/script>\n<!-- \/ Yoast SEO Premium plugin. -->","yoast_head_json":{"title":"Igrejas perto de voc\u00ea | Bertolini Direto","description":"See Bertolini furniture in the real world. Discover nearby churches using our seating and experience the look, comfort, and quality for yourself.","robots":{"index":"index","follow":"follow","max-snippet":"max-snippet:-1","max-image-preview":"max-image-preview:large","max-video-preview":"max-video-preview:-1"},"canonical":"https:\/\/bertolinidirect.com\/pt\/locate\/","og_locale":"pt_BR","og_type":"article","og_title":"Churches Near You","og_description":"See Bertolini furniture in the real world. Discover nearby churches using our seating and experience the look, comfort, and quality for yourself.","og_url":"https:\/\/bertolinidirect.com\/pt\/locate\/","og_site_name":"Bertolini Direct","article_modified_time":"2026-04-21T14:25:03+00:00","og_image":[{"width":688,"height":509,"url":"https:\/\/bertolinidirect.com\/wp-content\/uploads\/2024\/05\/church-map.png","type":"image\/png"}],"twitter_card":"summary_large_image","schema":{"@context":"https:\/\/schema.org","@graph":[{"@type":"WebPage","@id":"https:\/\/bertolinidirect.com\/pt\/locate","url":"https:\/\/bertolinidirect.com\/pt\/locate","name":"Igrejas perto de voc\u00ea | Bertolini Direto","isPartOf":{"@id":"https:\/\/bertolinidirect.com\/pt\/#website"},"primaryImageOfPage":{"@id":"https:\/\/bertolinidirect.com\/pt\/locate#primaryimage"},"image":{"@id":"https:\/\/bertolinidirect.com\/pt\/locate#primaryimage"},"thumbnailUrl":"https:\/\/bertolinidirect.com\/wp-content\/uploads\/2024\/05\/church-map.png","datePublished":"2024-05-14T20:14:03+00:00","dateModified":"2026-04-21T14:25:03+00:00","description":"See Bertolini furniture in the real world. Discover nearby churches using our seating and experience the look, comfort, and quality for yourself.","breadcrumb":{"@id":"https:\/\/bertolinidirect.com\/pt\/locate#breadcrumb"},"inLanguage":"pt-BR","potentialAction":[{"@type":"ReadAction","target":["https:\/\/bertolinidirect.com\/pt\/locate"]}]},{"@type":"ImageObject","inLanguage":"pt-BR","@id":"https:\/\/bertolinidirect.com\/pt\/locate#primaryimage","url":"https:\/\/bertolinidirect.com\/wp-content\/uploads\/2024\/05\/church-map.png","contentUrl":"https:\/\/bertolinidirect.com\/wp-content\/uploads\/2024\/05\/church-map.png","width":688,"height":509,"caption":"Church Locator Map"},{"@type":"BreadcrumbList","@id":"https:\/\/bertolinidirect.com\/pt\/locate#breadcrumb","itemListElement":[{"@type":"ListItem","position":1,"name":"Home","item":"https:\/\/bertolinidirect.com\/"},{"@type":"ListItem","position":2,"name":"Churches Near You"}]},{"@type":"WebSite","@id":"https:\/\/bertolinidirect.com\/pt\/#website","url":"https:\/\/bertolinidirect.com\/pt\/","name":"Bertolini","description":"","potentialAction":[{"@type":"SearchAction","target":{"@type":"EntryPoint","urlTemplate":"https:\/\/bertolinidirect.com\/pt\/?s={search_term_string}"},"query-input":{"@type":"PropertyValueSpecification","valueRequired":true,"valueName":"search_term_string"}}],"inLanguage":"pt-BR"}]}},"_links":{"self":[{"href":"https:\/\/bertolinidirect.com\/pt\/wp-json\/wp\/v2\/pages\/1557","targetHints":{"allow":["GET"]}}],"collection":[{"href":"https:\/\/bertolinidirect.com\/pt\/wp-json\/wp\/v2\/pages"}],"about":[{"href":"https:\/\/bertolinidirect.com\/pt\/wp-json\/wp\/v2\/types\/page"}],"author":[{"embeddable":true,"href":"https:\/\/bertolinidirect.com\/pt\/wp-json\/wp\/v2\/users\/1"}],"replies":[{"embeddable":true,"href":"https:\/\/bertolinidirect.com\/pt\/wp-json\/wp\/v2\/comments?post=1557"}],"version-history":[{"count":3,"href":"https:\/\/bertolinidirect.com\/pt\/wp-json\/wp\/v2\/pages\/1557\/revisions"}],"predecessor-version":[{"id":12065,"href":"https:\/\/bertolinidirect.com\/pt\/wp-json\/wp\/v2\/pages\/1557\/revisions\/12065"}],"wp:featuredmedia":[{"embeddable":true,"href":"https:\/\/bertolinidirect.com\/pt\/wp-json\/wp\/v2\/media\/12064"}],"wp:attachment":[{"href":"https:\/\/bertolinidirect.com\/pt\/wp-json\/wp\/v2\/media?parent=1557"}],"curies":[{"name":"wp","href":"https:\/\/api.w.org\/{rel}","templated":true}]}}