{"id":12,"date":"2024-01-02T18:57:19","date_gmt":"2024-01-02T18:57:19","guid":{"rendered":"https:\/\/bertolinidirect.com\/?page_id=12"},"modified":"2026-03-31T21:38:29","modified_gmt":"2026-03-31T21:38:29","slug":"home","status":"publish","type":"page","link":"https:\/\/bertolinidirect.com\/pt\/","title":{"rendered":"Lar"},"content":{"rendered":"","protected":false},"excerpt":{"rendered":"","protected":false},"author":1,"featured_media":0,"parent":0,"menu_order":0,"comment_status":"closed","ping_status":"closed","template":"","meta":{"_acf_changed":false,"footnotes":""},"class_list":["post-12","page","type-page","status-publish","hentry"],"acf":[],"yoast_head":"<!-- This site is optimized with the Yoast SEO Premium plugin v24.2 (Yoast SEO v27.1.1) - https:\/\/yoast.com\/product\/yoast-seo-premium-wordpress\/ -->\n<title>Bertolini Chairs for Your Church &amp; Worship Space<\/title>\n<meta name=\"description\" content=\"Bertolini stands behind every chair. With over 60 years in business, Bertolini offers high-quality, USA made chairs for your worship center!\" \/>\n<meta name=\"robots\" content=\"index, follow, max-snippet:-1, max-image-preview:large, max-video-preview:-1\" \/>\n<link rel=\"canonical\" href=\"https:\/\/bertolinidirect.com\/pt\/\" \/>\n<meta property=\"og:locale\" content=\"pt_BR\" \/>\n<meta property=\"og:type\" content=\"article\" \/>\n<meta property=\"og:title\" content=\"Home\" \/>\n<meta property=\"og:description\" content=\"Bertolini stands behind every chair. With over 60 years in business, Bertolini offers high-quality, USA made chairs for your worship center!\" \/>\n<meta property=\"og:url\" content=\"https:\/\/bertolinidirect.com\/pt\/\" \/>\n<meta property=\"og:site_name\" content=\"Bertolini Direct\" \/>\n<meta property=\"article:modified_time\" content=\"2026-03-31T21:38:29+00:00\" \/>\n<meta name=\"twitter:card\" content=\"summary_large_image\" \/>\n<script type=\"application\/ld+json\" class=\"yoast-schema-graph\">{\"@context\":\"https:\/\/schema.org\",\"@graph\":[{\"@type\":\"WebPage\",\"@id\":\"https:\/\/bertolinidirect.com\/pt\/\",\"url\":\"https:\/\/bertolinidirect.com\/pt\/\",\"name\":\"Bertolini Chairs for Your Church & Worship Space\",\"isPartOf\":{\"@id\":\"https:\/\/bertolinidirect.com\/pt\/#website\"},\"datePublished\":\"2024-01-02T18:57:19+00:00\",\"dateModified\":\"2026-03-31T21:38:29+00:00\",\"description\":\"Bertolini stands behind every chair. With over 60 years in business, Bertolini offers high-quality, USA made chairs for your worship center!\",\"breadcrumb\":{\"@id\":\"https:\/\/bertolinidirect.com\/pt\/#breadcrumb\"},\"inLanguage\":\"pt-BR\",\"potentialAction\":[{\"@type\":\"ReadAction\",\"target\":[\"https:\/\/bertolinidirect.com\/pt\/\"]}]},{\"@type\":\"BreadcrumbList\",\"@id\":\"https:\/\/bertolinidirect.com\/pt\/#breadcrumb\",\"itemListElement\":[{\"@type\":\"ListItem\",\"position\":1,\"name\":\"Home\",\"item\":\"https:\/\/bertolinidirect.com\/\"},{\"@type\":\"ListItem\",\"position\":2,\"name\":\"Home\"}]},{\"@type\":\"WebSite\",\"@id\":\"https:\/\/bertolinidirect.com\/pt\/#website\",\"url\":\"https:\/\/bertolinidirect.com\/pt\/\",\"name\":\"Bertolini\",\"description\":\"\",\"potentialAction\":[{\"@type\":\"SearchAction\",\"target\":{\"@type\":\"EntryPoint\",\"urlTemplate\":\"https:\/\/bertolinidirect.com\/pt\/?s={search_term_string}\"},\"query-input\":{\"@type\":\"PropertyValueSpecification\",\"valueRequired\":true,\"valueName\":\"search_term_string\"}}],\"inLanguage\":\"pt-BR\"}]}<\/script>\n<!-- \/ Yoast SEO Premium plugin. -->","yoast_head_json":{"title":"Cadeiras Bertolini para sua igreja e espa\u00e7o de adora\u00e7\u00e3o","description":"Bertolini est\u00e1 atr\u00e1s de cada cadeira. Com mais de 60 anos no mercado, a Bertolini oferece cadeiras de alta qualidade fabricadas nos EUA para o seu centro de culto!","robots":{"index":"index","follow":"follow","max-snippet":"max-snippet:-1","max-image-preview":"max-image-preview:large","max-video-preview":"max-video-preview:-1"},"canonical":"https:\/\/bertolinidirect.com\/pt\/","og_locale":"pt_BR","og_type":"article","og_title":"Home","og_description":"Bertolini stands behind every chair. With over 60 years in business, Bertolini offers high-quality, USA made chairs for your worship center!","og_url":"https:\/\/bertolinidirect.com\/pt\/","og_site_name":"Bertolini Direct","article_modified_time":"2026-03-31T21:38:29+00:00","twitter_card":"summary_large_image","schema":{"@context":"https:\/\/schema.org","@graph":[{"@type":"WebPage","@id":"https:\/\/bertolinidirect.com\/pt\/","url":"https:\/\/bertolinidirect.com\/pt\/","name":"Cadeiras Bertolini para sua igreja e espa\u00e7o de adora\u00e7\u00e3o","isPartOf":{"@id":"https:\/\/bertolinidirect.com\/pt\/#website"},"datePublished":"2024-01-02T18:57:19+00:00","dateModified":"2026-03-31T21:38:29+00:00","description":"Bertolini est\u00e1 atr\u00e1s de cada cadeira. Com mais de 60 anos no mercado, a Bertolini oferece cadeiras de alta qualidade fabricadas nos EUA para o seu centro de culto!","breadcrumb":{"@id":"https:\/\/bertolinidirect.com\/pt\/#breadcrumb"},"inLanguage":"pt-BR","potentialAction":[{"@type":"ReadAction","target":["https:\/\/bertolinidirect.com\/pt\/"]}]},{"@type":"BreadcrumbList","@id":"https:\/\/bertolinidirect.com\/pt\/#breadcrumb","itemListElement":[{"@type":"ListItem","position":1,"name":"Home","item":"https:\/\/bertolinidirect.com\/"},{"@type":"ListItem","position":2,"name":"Home"}]},{"@type":"WebSite","@id":"https:\/\/bertolinidirect.com\/pt\/#website","url":"https:\/\/bertolinidirect.com\/pt\/","name":"Bertolini","description":"","potentialAction":[{"@type":"SearchAction","target":{"@type":"EntryPoint","urlTemplate":"https:\/\/bertolinidirect.com\/pt\/?s={search_term_string}"},"query-input":{"@type":"PropertyValueSpecification","valueRequired":true,"valueName":"search_term_string"}}],"inLanguage":"pt-BR"}]}},"_links":{"self":[{"href":"https:\/\/bertolinidirect.com\/pt\/wp-json\/wp\/v2\/pages\/12","targetHints":{"allow":["GET"]}}],"collection":[{"href":"https:\/\/bertolinidirect.com\/pt\/wp-json\/wp\/v2\/pages"}],"about":[{"href":"https:\/\/bertolinidirect.com\/pt\/wp-json\/wp\/v2\/types\/page"}],"author":[{"embeddable":true,"href":"https:\/\/bertolinidirect.com\/pt\/wp-json\/wp\/v2\/users\/1"}],"replies":[{"embeddable":true,"href":"https:\/\/bertolinidirect.com\/pt\/wp-json\/wp\/v2\/comments?post=12"}],"version-history":[{"count":56,"href":"https:\/\/bertolinidirect.com\/pt\/wp-json\/wp\/v2\/pages\/12\/revisions"}],"predecessor-version":[{"id":24767,"href":"https:\/\/bertolinidirect.com\/pt\/wp-json\/wp\/v2\/pages\/12\/revisions\/24767"}],"wp:attachment":[{"href":"https:\/\/bertolinidirect.com\/pt\/wp-json\/wp\/v2\/media?parent=12"}],"curies":[{"name":"wp","href":"https:\/\/api.w.org\/{rel}","templated":true}]}}