{"id":347,"date":"2024-03-26T20:22:49","date_gmt":"2024-03-26T20:22:49","guid":{"rendered":"https:\/\/bertolinidirect.com\/?post_type=product&#038;p=347"},"modified":"2024-07-30T17:19:34","modified_gmt":"2024-07-30T17:19:34","slug":"coffee-cup-holder","status":"publish","type":"product","link":"https:\/\/bertolinidirect.com\/it\/products\/accessories\/coffee-cup-holder","title":{"rendered":"Portabicchieri da caff\u00e8"},"content":{"rendered":"<p>Non c&#039;\u00e8 niente come godersi le funzioni religiose con una tazza di caff\u00e8 fumante in una mattina d&#039;inverno. Aiuta la tua congregazione a concentrarsi sul servizio e la riscalda interiormente.<\/p>\n<p>Il portabicchieri si monta sullo schienale delle sedie Bertolini. Offre alla tua congregazione un posto comodo dove posizionare le tazze di caff\u00e8 durante i servizi. Questo accessorio include tutto l&#039;hardware per l&#039;installazione ed \u00e8 facile da montare sulle sedie della chiesa.<\/p>\n<p><em>Nota: questo accessorio \u00e8 progettato per funzionare con le sedie prodotte da Bertolini. Non possiamo garantire che funzioner\u00e0 con sedie di altri produttori. L&#039;utilizzo con sedie non specificate avviene a rischio e pericolo dell&#039;acquirente. I clienti con sedie Bertolini esistenti devono chiamare il servizio clienti per confermare che si adatteranno.<\/em><\/p>","protected":false},"excerpt":{"rendered":"<p>There\u2019s nothing like enjoying church services with a steaming cup of coffee on a winter morning. It helps your congregation focus on the service and warms them up inside. The Coffee Cup Holder mounts on the back of Bertolini chairs. It gives your congregation a convenient place to place coffee cups during services. This accessory [&hellip;]<\/p>\n","protected":false},"featured_media":348,"template":"","meta":{"_acf_changed":false},"product_brand":[],"product_cat":[52],"product_tag":[],"class_list":{"0":"post-347","1":"product","2":"type-product","3":"status-publish","4":"has-post-thumbnail","6":"product_cat-accessories","8":"first","9":"instock","10":"shipping-taxable","11":"purchasable","12":"product-type-simple"},"acf":[],"yoast_head":"<!-- This site is optimized with the Yoast SEO Premium plugin v24.2 (Yoast SEO v27.4) - https:\/\/yoast.com\/product\/yoast-seo-premium-wordpress\/ -->\n<title>Coffee Cup Holder | Bertolini Church Chair Accessories<\/title>\n<meta name=\"description\" content=\"The Coffee Cup Holder is designed to mount underneath your 20-inch wide church chair to provide a place for the person in the row behind to put their cup.\" \/>\n<meta name=\"robots\" content=\"index, follow, max-snippet:-1, max-image-preview:large, max-video-preview:-1\" \/>\n<link rel=\"canonical\" href=\"https:\/\/bertolinidirect.com\/it\/products\/accessories\/coffee-cup-holder\/\" \/>\n<meta property=\"og:locale\" content=\"it_IT\" \/>\n<meta property=\"og:type\" content=\"article\" \/>\n<meta property=\"og:title\" content=\"Coffee Cup Holder\" \/>\n<meta property=\"og:description\" content=\"The Coffee Cup Holder is designed to mount underneath your 20-inch wide church chair to provide a place for the person in the row behind to put their cup.\" \/>\n<meta property=\"og:url\" content=\"https:\/\/bertolinidirect.com\/it\/products\/accessories\/coffee-cup-holder\/\" \/>\n<meta property=\"og:site_name\" content=\"Bertolini Direct\" \/>\n<meta property=\"article:modified_time\" content=\"2024-07-30T17:19:34+00:00\" \/>\n<meta property=\"og:image\" content=\"https:\/\/bertolinidirect.com\/wp-content\/uploads\/2024\/03\/Bertolini_Accessories_CoffeeCupHolder.jpg\" \/>\n\t<meta property=\"og:image:width\" content=\"680\" \/>\n\t<meta property=\"og:image:height\" content=\"680\" \/>\n\t<meta property=\"og:image:type\" content=\"image\/jpeg\" \/>\n<meta name=\"twitter:card\" content=\"summary_large_image\" \/>\n<script type=\"application\/ld+json\" class=\"yoast-schema-graph\">{\"@context\":\"https:\\\/\\\/schema.org\",\"@graph\":[{\"@type\":\"WebPage\",\"@id\":\"https:\\\/\\\/bertolinidirect.com\\\/it\\\/products\\\/accessories\\\/coffee-cup-holder\",\"url\":\"https:\\\/\\\/bertolinidirect.com\\\/it\\\/products\\\/accessories\\\/coffee-cup-holder\",\"name\":\"Coffee Cup Holder | Bertolini Church Chair Accessories\",\"isPartOf\":{\"@id\":\"https:\\\/\\\/bertolinidirect.com\\\/it\\\/#website\"},\"primaryImageOfPage\":{\"@id\":\"https:\\\/\\\/bertolinidirect.com\\\/it\\\/products\\\/accessories\\\/coffee-cup-holder#primaryimage\"},\"image\":{\"@id\":\"https:\\\/\\\/bertolinidirect.com\\\/it\\\/products\\\/accessories\\\/coffee-cup-holder#primaryimage\"},\"thumbnailUrl\":\"https:\\\/\\\/bertolinidirect.com\\\/wp-content\\\/uploads\\\/2024\\\/03\\\/Bertolini_Accessories_CoffeeCupHolder.jpg\",\"datePublished\":\"2024-03-26T20:22:49+00:00\",\"dateModified\":\"2024-07-30T17:19:34+00:00\",\"description\":\"The Coffee Cup Holder is designed to mount underneath your 20-inch wide church chair to provide a place for the person in the row behind to put their cup.\",\"breadcrumb\":{\"@id\":\"https:\\\/\\\/bertolinidirect.com\\\/it\\\/products\\\/accessories\\\/coffee-cup-holder#breadcrumb\"},\"inLanguage\":\"it-IT\",\"potentialAction\":[{\"@type\":\"ReadAction\",\"target\":[\"https:\\\/\\\/bertolinidirect.com\\\/it\\\/products\\\/accessories\\\/coffee-cup-holder\"]}]},{\"@type\":\"ImageObject\",\"inLanguage\":\"it-IT\",\"@id\":\"https:\\\/\\\/bertolinidirect.com\\\/it\\\/products\\\/accessories\\\/coffee-cup-holder#primaryimage\",\"url\":\"https:\\\/\\\/bertolinidirect.com\\\/wp-content\\\/uploads\\\/2024\\\/03\\\/Bertolini_Accessories_CoffeeCupHolder.jpg\",\"contentUrl\":\"https:\\\/\\\/bertolinidirect.com\\\/wp-content\\\/uploads\\\/2024\\\/03\\\/Bertolini_Accessories_CoffeeCupHolder.jpg\",\"width\":680,\"height\":680,\"caption\":\"Coffee Cup Holder\"},{\"@type\":\"BreadcrumbList\",\"@id\":\"https:\\\/\\\/bertolinidirect.com\\\/it\\\/products\\\/accessories\\\/coffee-cup-holder#breadcrumb\",\"itemListElement\":[{\"@type\":\"ListItem\",\"position\":1,\"name\":\"Home\",\"item\":\"https:\\\/\\\/bertolinidirect.com\\\/\"},{\"@type\":\"ListItem\",\"position\":2,\"name\":\"Products\",\"item\":\"https:\\\/\\\/bertolinidirect.com\\\/products\"},{\"@type\":\"ListItem\",\"position\":3,\"name\":\"Accessories\",\"item\":\"https:\\\/\\\/bertolinidirect.com\\\/products\\\/accessories\"},{\"@type\":\"ListItem\",\"position\":4,\"name\":\"Coffee Cup Holder\"}]},{\"@type\":\"WebSite\",\"@id\":\"https:\\\/\\\/bertolinidirect.com\\\/it\\\/#website\",\"url\":\"https:\\\/\\\/bertolinidirect.com\\\/it\\\/\",\"name\":\"Bertolini\",\"description\":\"\",\"potentialAction\":[{\"@type\":\"SearchAction\",\"target\":{\"@type\":\"EntryPoint\",\"urlTemplate\":\"https:\\\/\\\/bertolinidirect.com\\\/it\\\/?s={search_term_string}\"},\"query-input\":{\"@type\":\"PropertyValueSpecification\",\"valueRequired\":true,\"valueName\":\"search_term_string\"}}],\"inLanguage\":\"it-IT\"}]}<\/script>\n<!-- \/ Yoast SEO Premium plugin. -->","yoast_head_json":{"title":"Portabicchieri da caff\u00e8 | Accessori per sedie Bertolini Church","description":"Il portabicchieri da caff\u00e8 \u00e8 progettato per essere montato sotto la sedia da chiesa larga 20 pollici per fornire alla persona nella fila dietro uno spazio dove appoggiare la tazza.","robots":{"index":"index","follow":"follow","max-snippet":"max-snippet:-1","max-image-preview":"max-image-preview:large","max-video-preview":"max-video-preview:-1"},"canonical":"https:\/\/bertolinidirect.com\/it\/products\/accessories\/coffee-cup-holder\/","og_locale":"it_IT","og_type":"article","og_title":"Coffee Cup Holder","og_description":"The Coffee Cup Holder is designed to mount underneath your 20-inch wide church chair to provide a place for the person in the row behind to put their cup.","og_url":"https:\/\/bertolinidirect.com\/it\/products\/accessories\/coffee-cup-holder\/","og_site_name":"Bertolini Direct","article_modified_time":"2024-07-30T17:19:34+00:00","og_image":[{"width":680,"height":680,"url":"https:\/\/bertolinidirect.com\/wp-content\/uploads\/2024\/03\/Bertolini_Accessories_CoffeeCupHolder.jpg","type":"image\/jpeg"}],"twitter_card":"summary_large_image","schema":{"@context":"https:\/\/schema.org","@graph":[{"@type":"WebPage","@id":"https:\/\/bertolinidirect.com\/it\/products\/accessories\/coffee-cup-holder","url":"https:\/\/bertolinidirect.com\/it\/products\/accessories\/coffee-cup-holder","name":"Portabicchieri da caff\u00e8 | Accessori per sedie Bertolini Church","isPartOf":{"@id":"https:\/\/bertolinidirect.com\/it\/#website"},"primaryImageOfPage":{"@id":"https:\/\/bertolinidirect.com\/it\/products\/accessories\/coffee-cup-holder#primaryimage"},"image":{"@id":"https:\/\/bertolinidirect.com\/it\/products\/accessories\/coffee-cup-holder#primaryimage"},"thumbnailUrl":"https:\/\/bertolinidirect.com\/wp-content\/uploads\/2024\/03\/Bertolini_Accessories_CoffeeCupHolder.jpg","datePublished":"2024-03-26T20:22:49+00:00","dateModified":"2024-07-30T17:19:34+00:00","description":"Il portabicchieri da caff\u00e8 \u00e8 progettato per essere montato sotto la sedia da chiesa larga 20 pollici per fornire alla persona nella fila dietro uno spazio dove appoggiare la tazza.","breadcrumb":{"@id":"https:\/\/bertolinidirect.com\/it\/products\/accessories\/coffee-cup-holder#breadcrumb"},"inLanguage":"it-IT","potentialAction":[{"@type":"ReadAction","target":["https:\/\/bertolinidirect.com\/it\/products\/accessories\/coffee-cup-holder"]}]},{"@type":"ImageObject","inLanguage":"it-IT","@id":"https:\/\/bertolinidirect.com\/it\/products\/accessories\/coffee-cup-holder#primaryimage","url":"https:\/\/bertolinidirect.com\/wp-content\/uploads\/2024\/03\/Bertolini_Accessories_CoffeeCupHolder.jpg","contentUrl":"https:\/\/bertolinidirect.com\/wp-content\/uploads\/2024\/03\/Bertolini_Accessories_CoffeeCupHolder.jpg","width":680,"height":680,"caption":"Coffee Cup Holder"},{"@type":"BreadcrumbList","@id":"https:\/\/bertolinidirect.com\/it\/products\/accessories\/coffee-cup-holder#breadcrumb","itemListElement":[{"@type":"ListItem","position":1,"name":"Home","item":"https:\/\/bertolinidirect.com\/"},{"@type":"ListItem","position":2,"name":"Products","item":"https:\/\/bertolinidirect.com\/products"},{"@type":"ListItem","position":3,"name":"Accessories","item":"https:\/\/bertolinidirect.com\/products\/accessories"},{"@type":"ListItem","position":4,"name":"Coffee Cup Holder"}]},{"@type":"WebSite","@id":"https:\/\/bertolinidirect.com\/it\/#website","url":"https:\/\/bertolinidirect.com\/it\/","name":"Bertolini","description":"","potentialAction":[{"@type":"SearchAction","target":{"@type":"EntryPoint","urlTemplate":"https:\/\/bertolinidirect.com\/it\/?s={search_term_string}"},"query-input":{"@type":"PropertyValueSpecification","valueRequired":true,"valueName":"search_term_string"}}],"inLanguage":"it-IT"}]}},"_links":{"self":[{"href":"https:\/\/bertolinidirect.com\/it\/wp-json\/wp\/v2\/product\/347","targetHints":{"allow":["GET"]}}],"collection":[{"href":"https:\/\/bertolinidirect.com\/it\/wp-json\/wp\/v2\/product"}],"about":[{"href":"https:\/\/bertolinidirect.com\/it\/wp-json\/wp\/v2\/types\/product"}],"wp:featuredmedia":[{"embeddable":true,"href":"https:\/\/bertolinidirect.com\/it\/wp-json\/wp\/v2\/media\/348"}],"wp:attachment":[{"href":"https:\/\/bertolinidirect.com\/it\/wp-json\/wp\/v2\/media?parent=347"}],"wp:term":[{"taxonomy":"product_brand","embeddable":true,"href":"https:\/\/bertolinidirect.com\/it\/wp-json\/wp\/v2\/product_brand?post=347"},{"taxonomy":"product_cat","embeddable":true,"href":"https:\/\/bertolinidirect.com\/it\/wp-json\/wp\/v2\/product_cat?post=347"},{"taxonomy":"product_tag","embeddable":true,"href":"https:\/\/bertolinidirect.com\/it\/wp-json\/wp\/v2\/product_tag?post=347"}],"curies":[{"name":"parola chiave","href":"https:\/\/api.w.org\/{rel}","templated":true}]}}