{"id":342,"date":"2024-03-26T20:03:18","date_gmt":"2024-03-26T20:03:18","guid":{"rendered":"https:\/\/bertolinidirect.com\/?post_type=product&#038;p=342"},"modified":"2026-04-30T22:44:04","modified_gmt":"2026-04-30T22:44:04","slug":"card-and-cup-holder","status":"publish","type":"product","link":"https:\/\/bertolinidirect.com\/it\/products\/accessories\/card-and-cup-holder","title":{"rendered":"Tasca porta carte e portabicchieri"},"content":{"rendered":"<p>Aggiungete funzionalit\u00e0 pratiche al vostro luogo di culto con tasche porta-carte (o porta-carte e porta-bicchieri) per le sedie della chiesa.<\/p>\n\n\n\n<p>Questo porta biglietti e portabicchieri offre spazio per due penne o matite, sei biglietti da visita, buste per donazioni, un calice per la comunione e altri materiali fino a 22,2 cm di larghezza. Un anello ribaltabile mantiene i calici per la comunione al sicuro e impedisce che i bicchieri di plastica schiacciati ingombrino la chiesa o l&#039;auditorium.<\/p>\n\n\n\n<p>Progettata per adattarsi sia agli schienali di sedie imbottite dritti che a quelli sagomati, la tasca si integra perfettamente con qualsiasi sedia da chiesa Bertolini.<\/p>\n\n\n\n<h2 class=\"wp-block-heading\" id=\"h-installation-instructions\">Istruzioni per l&#039;installazione<\/h2>\n\n\n\n<p>Utilizzate la guida di installazione di Bertolini per garantire un posizionamento e un montaggio corretti. <a href=\"https:\/\/bertolinidirect.com\/wp-content\/uploads\/2024\/07\/Card-Cup_Holder_Instructions.pdf\">Scarica i modelli di installazione<\/a>.<\/p>\n\n\n\n<p><em>Nota: questo accessorio \u00e8 progettato per l&#039;uso con le sedie Bertolini. La compatibilit\u00e0 con sedie di altri produttori non \u00e8 garantita. L&#039;utilizzo con sedie non specificate \u00e8 a rischio dell&#039;acquirente. Se si possiedono gi\u00e0 sedie Bertolini, si prega di contattare il servizio clienti per confermare la compatibilit\u00e0.<\/em><\/p>","protected":false},"excerpt":{"rendered":"<p>Add practical functionality to your sanctuary with church chair card pockets (or card and cup holders). This card and cup holder provides space for two pens or pencils, six business cards, donation envelopes, a communion cup, and other materials up to 8.75 inches (22.2 cm) wide. A flip-down loop keeps communion cups secure and helps [&hellip;]<\/p>\n","protected":false},"featured_media":346,"template":"","meta":{"_acf_changed":false},"product_brand":[],"product_cat":[52],"product_tag":[],"class_list":{"0":"post-342","1":"product","2":"type-product","3":"status-publish","4":"has-post-thumbnail","6":"product_cat-accessories","8":"first","9":"instock","10":"shipping-taxable","11":"purchasable","12":"product-type-simple"},"acf":[],"yoast_head":"<!-- This site is optimized with the Yoast SEO Premium plugin v24.2 (Yoast SEO v27.4) - https:\/\/yoast.com\/product\/yoast-seo-premium-wordpress\/ -->\n<title>Church Chair Card Pockets &amp; Cup Holder | Bertolini Direct<\/title>\n<meta name=\"description\" content=\"Keep your sanctuary organized with church chair card pockets. These cup holders are easy to install. They hold cards, envelopes, and communion cups securely.\" \/>\n<meta name=\"robots\" content=\"index, follow, max-snippet:-1, max-image-preview:large, max-video-preview:-1\" \/>\n<link rel=\"canonical\" href=\"https:\/\/bertolinidirect.com\/it\/products\/accessories\/card-and-cup-holder\/\" \/>\n<meta property=\"og:locale\" content=\"it_IT\" \/>\n<meta property=\"og:type\" content=\"article\" \/>\n<meta property=\"og:title\" content=\"Card and Cup Holder Pocket\" \/>\n<meta property=\"og:description\" content=\"Keep your sanctuary organized with church chair card pockets. These cup holders are easy to install. They hold cards, envelopes, and communion cups securely.\" \/>\n<meta property=\"og:url\" content=\"https:\/\/bertolinidirect.com\/it\/products\/accessories\/card-and-cup-holder\/\" \/>\n<meta property=\"og:site_name\" content=\"Bertolini Direct\" \/>\n<meta property=\"article:modified_time\" content=\"2026-04-30T22:44:04+00:00\" \/>\n<meta property=\"og:image\" content=\"https:\/\/staging.bertolinidirect.com\/wp-content\/uploads\/2024\/03\/Card-Pencil-Communion-Cup-Holder-1.jpg\" \/>\n\t<meta property=\"og:image:width\" content=\"680\" \/>\n\t<meta property=\"og:image:height\" content=\"680\" \/>\n\t<meta property=\"og:image:type\" content=\"image\/jpeg\" \/>\n<meta name=\"twitter:card\" content=\"summary_large_image\" \/>\n<script type=\"application\/ld+json\" class=\"yoast-schema-graph\">{\"@context\":\"https:\\\/\\\/schema.org\",\"@graph\":[{\"@type\":\"WebPage\",\"@id\":\"https:\\\/\\\/bertolinidirect.com\\\/it\\\/products\\\/accessories\\\/card-and-cup-holder\",\"url\":\"https:\\\/\\\/bertolinidirect.com\\\/it\\\/products\\\/accessories\\\/card-and-cup-holder\",\"name\":\"Church Chair Card Pockets & Cup Holder | Bertolini Direct\",\"isPartOf\":{\"@id\":\"https:\\\/\\\/bertolinidirect.com\\\/it\\\/#website\"},\"primaryImageOfPage\":{\"@id\":\"https:\\\/\\\/bertolinidirect.com\\\/it\\\/products\\\/accessories\\\/card-and-cup-holder#primaryimage\"},\"image\":{\"@id\":\"https:\\\/\\\/bertolinidirect.com\\\/it\\\/products\\\/accessories\\\/card-and-cup-holder#primaryimage\"},\"thumbnailUrl\":\"https:\\\/\\\/bertolinidirect.com\\\/wp-content\\\/uploads\\\/2024\\\/03\\\/Card-Pencil-Communion-Cup-Holder-1.jpg\",\"datePublished\":\"2024-03-26T20:03:18+00:00\",\"dateModified\":\"2026-04-30T22:44:04+00:00\",\"description\":\"Keep your sanctuary organized with church chair card pockets. These cup holders are easy to install. They hold cards, envelopes, and communion cups securely.\",\"breadcrumb\":{\"@id\":\"https:\\\/\\\/bertolinidirect.com\\\/it\\\/products\\\/accessories\\\/card-and-cup-holder#breadcrumb\"},\"inLanguage\":\"it-IT\",\"potentialAction\":[{\"@type\":\"ReadAction\",\"target\":[\"https:\\\/\\\/bertolinidirect.com\\\/it\\\/products\\\/accessories\\\/card-and-cup-holder\"]}]},{\"@type\":\"ImageObject\",\"inLanguage\":\"it-IT\",\"@id\":\"https:\\\/\\\/bertolinidirect.com\\\/it\\\/products\\\/accessories\\\/card-and-cup-holder#primaryimage\",\"url\":\"https:\\\/\\\/bertolinidirect.com\\\/wp-content\\\/uploads\\\/2024\\\/03\\\/Card-Pencil-Communion-Cup-Holder-1.jpg\",\"contentUrl\":\"https:\\\/\\\/bertolinidirect.com\\\/wp-content\\\/uploads\\\/2024\\\/03\\\/Card-Pencil-Communion-Cup-Holder-1.jpg\",\"width\":680,\"height\":680,\"caption\":\"Card and Cup Holder\"},{\"@type\":\"BreadcrumbList\",\"@id\":\"https:\\\/\\\/bertolinidirect.com\\\/it\\\/products\\\/accessories\\\/card-and-cup-holder#breadcrumb\",\"itemListElement\":[{\"@type\":\"ListItem\",\"position\":1,\"name\":\"Home\",\"item\":\"https:\\\/\\\/bertolinidirect.com\\\/\"},{\"@type\":\"ListItem\",\"position\":2,\"name\":\"Products\",\"item\":\"https:\\\/\\\/bertolinidirect.com\\\/products\"},{\"@type\":\"ListItem\",\"position\":3,\"name\":\"Accessories\",\"item\":\"https:\\\/\\\/bertolinidirect.com\\\/products\\\/accessories\"},{\"@type\":\"ListItem\",\"position\":4,\"name\":\"Card and Cup Holder Pocket\"}]},{\"@type\":\"WebSite\",\"@id\":\"https:\\\/\\\/bertolinidirect.com\\\/it\\\/#website\",\"url\":\"https:\\\/\\\/bertolinidirect.com\\\/it\\\/\",\"name\":\"Bertolini\",\"description\":\"\",\"potentialAction\":[{\"@type\":\"SearchAction\",\"target\":{\"@type\":\"EntryPoint\",\"urlTemplate\":\"https:\\\/\\\/bertolinidirect.com\\\/it\\\/?s={search_term_string}\"},\"query-input\":{\"@type\":\"PropertyValueSpecification\",\"valueRequired\":true,\"valueName\":\"search_term_string\"}}],\"inLanguage\":\"it-IT\"}]}<\/script>\n<!-- \/ Yoast SEO Premium plugin. -->","yoast_head_json":{"title":"Tasche porta carte e portabicchieri per sedie da chiesa | Bertolini Direct","description":"Mantieni il tuo santuario ordinato con i portacarte per sedie da chiesa. Questi portacarte sono facili da installare e tengono al sicuro carte, buste e calici per la comunione.","robots":{"index":"index","follow":"follow","max-snippet":"max-snippet:-1","max-image-preview":"max-image-preview:large","max-video-preview":"max-video-preview:-1"},"canonical":"https:\/\/bertolinidirect.com\/it\/products\/accessories\/card-and-cup-holder\/","og_locale":"it_IT","og_type":"article","og_title":"Card and Cup Holder Pocket","og_description":"Keep your sanctuary organized with church chair card pockets. These cup holders are easy to install. They hold cards, envelopes, and communion cups securely.","og_url":"https:\/\/bertolinidirect.com\/it\/products\/accessories\/card-and-cup-holder\/","og_site_name":"Bertolini Direct","article_modified_time":"2026-04-30T22:44:04+00:00","og_image":[{"width":680,"height":680,"url":"https:\/\/staging.bertolinidirect.com\/wp-content\/uploads\/2024\/03\/Card-Pencil-Communion-Cup-Holder-1.jpg","type":"image\/jpeg"}],"twitter_card":"summary_large_image","schema":{"@context":"https:\/\/schema.org","@graph":[{"@type":"WebPage","@id":"https:\/\/bertolinidirect.com\/it\/products\/accessories\/card-and-cup-holder","url":"https:\/\/bertolinidirect.com\/it\/products\/accessories\/card-and-cup-holder","name":"Tasche porta carte e portabicchieri per sedie da chiesa | Bertolini Direct","isPartOf":{"@id":"https:\/\/bertolinidirect.com\/it\/#website"},"primaryImageOfPage":{"@id":"https:\/\/bertolinidirect.com\/it\/products\/accessories\/card-and-cup-holder#primaryimage"},"image":{"@id":"https:\/\/bertolinidirect.com\/it\/products\/accessories\/card-and-cup-holder#primaryimage"},"thumbnailUrl":"https:\/\/bertolinidirect.com\/wp-content\/uploads\/2024\/03\/Card-Pencil-Communion-Cup-Holder-1.jpg","datePublished":"2024-03-26T20:03:18+00:00","dateModified":"2026-04-30T22:44:04+00:00","description":"Mantieni il tuo santuario ordinato con i portacarte per sedie da chiesa. Questi portacarte sono facili da installare e tengono al sicuro carte, buste e calici per la comunione.","breadcrumb":{"@id":"https:\/\/bertolinidirect.com\/it\/products\/accessories\/card-and-cup-holder#breadcrumb"},"inLanguage":"it-IT","potentialAction":[{"@type":"ReadAction","target":["https:\/\/bertolinidirect.com\/it\/products\/accessories\/card-and-cup-holder"]}]},{"@type":"ImageObject","inLanguage":"it-IT","@id":"https:\/\/bertolinidirect.com\/it\/products\/accessories\/card-and-cup-holder#primaryimage","url":"https:\/\/bertolinidirect.com\/wp-content\/uploads\/2024\/03\/Card-Pencil-Communion-Cup-Holder-1.jpg","contentUrl":"https:\/\/bertolinidirect.com\/wp-content\/uploads\/2024\/03\/Card-Pencil-Communion-Cup-Holder-1.jpg","width":680,"height":680,"caption":"Card and Cup Holder"},{"@type":"BreadcrumbList","@id":"https:\/\/bertolinidirect.com\/it\/products\/accessories\/card-and-cup-holder#breadcrumb","itemListElement":[{"@type":"ListItem","position":1,"name":"Home","item":"https:\/\/bertolinidirect.com\/"},{"@type":"ListItem","position":2,"name":"Products","item":"https:\/\/bertolinidirect.com\/products"},{"@type":"ListItem","position":3,"name":"Accessories","item":"https:\/\/bertolinidirect.com\/products\/accessories"},{"@type":"ListItem","position":4,"name":"Card and Cup Holder Pocket"}]},{"@type":"WebSite","@id":"https:\/\/bertolinidirect.com\/it\/#website","url":"https:\/\/bertolinidirect.com\/it\/","name":"Bertolini","description":"","potentialAction":[{"@type":"SearchAction","target":{"@type":"EntryPoint","urlTemplate":"https:\/\/bertolinidirect.com\/it\/?s={search_term_string}"},"query-input":{"@type":"PropertyValueSpecification","valueRequired":true,"valueName":"search_term_string"}}],"inLanguage":"it-IT"}]}},"_links":{"self":[{"href":"https:\/\/bertolinidirect.com\/it\/wp-json\/wp\/v2\/product\/342","targetHints":{"allow":["GET"]}}],"collection":[{"href":"https:\/\/bertolinidirect.com\/it\/wp-json\/wp\/v2\/product"}],"about":[{"href":"https:\/\/bertolinidirect.com\/it\/wp-json\/wp\/v2\/types\/product"}],"wp:featuredmedia":[{"embeddable":true,"href":"https:\/\/bertolinidirect.com\/it\/wp-json\/wp\/v2\/media\/346"}],"wp:attachment":[{"href":"https:\/\/bertolinidirect.com\/it\/wp-json\/wp\/v2\/media?parent=342"}],"wp:term":[{"taxonomy":"product_brand","embeddable":true,"href":"https:\/\/bertolinidirect.com\/it\/wp-json\/wp\/v2\/product_brand?post=342"},{"taxonomy":"product_cat","embeddable":true,"href":"https:\/\/bertolinidirect.com\/it\/wp-json\/wp\/v2\/product_cat?post=342"},{"taxonomy":"product_tag","embeddable":true,"href":"https:\/\/bertolinidirect.com\/it\/wp-json\/wp\/v2\/product_tag?post=342"}],"curies":[{"name":"parola chiave","href":"https:\/\/api.w.org\/{rel}","templated":true}]}}