{"id":24069,"date":"2025-09-22T19:55:20","date_gmt":"2025-09-22T19:55:20","guid":{"rendered":"https:\/\/bertolinidirect.com\/?post_type=product&#038;p=24069"},"modified":"2025-10-23T19:51:25","modified_gmt":"2025-10-23T19:51:25","slug":"hd-premier-stacking-chair","status":"publish","type":"product","link":"https:\/\/bertolinidirect.com\/it\/products\/chairs\/hd-premier-stacking-chair","title":{"rendered":"Sedia impilabile HD Premier"},"content":{"rendered":"<p>La sedia impilabile HD Premier \u00e8 il nostro modello di punta. Moderna e minimalista, la sedia impilabile HD Premier \u00e8 estremamente comoda, grazie alle superfici flessibili in tessuto a rete che sostengono il corpo con facilit\u00e0.<\/p>\n<p>L&#039;elegante struttura impilabile \u00e8 realizzata in robusto tondino d&#039;acciaio e presenta uno schienale curvo, che offre un comfort ancora maggiore. Sedute e schienali sono realizzati in tessuto traspirante Mesh di Grado 2 certificato OEKO-TEX\u00ae 100, lo standard del settore per i tessuti non irritanti.<\/p>\n<p>Pratica e dal profilo basso, questa sedia impilabile \u00e8 dotata di piedini 2 in 1 che proteggono il pavimento e di clip di aggancio integrate sui lati dei piedini per collegare le sedie in file. La sedia impilabile HD Premier \u00e8 ideale per eventi di ogni tipo, in aree polivalenti, tra cui sale per concerti e spettacoli, sale formazione, mense, biblioteche, sale per sedute sanitarie e altri luoghi pubblici.<\/p>\n<p><span class=\"TextRun SCXW109362997 BCX0\" lang=\"EN-US\" xml:lang=\"EN-US\" data-contrast=\"auto\"><span class=\"NormalTextRun SCXW109362997 BCX0\">UN <\/span><span class=\"NormalTextRun SCXW109362997 BCX0\">GRATUITO<\/span><span class=\"NormalTextRun SCXW109362997 BCX0\"> il carrello \u00e8 incluso con ogni pila di <\/span><span class=\"NormalTextRun SCXW109362997 BCX0\">3<\/span><span class=\"NormalTextRun SCXW109362997 BCX0\">0 sedie.<\/span><\/span><\/p>","protected":false},"excerpt":{"rendered":"<p>The HD Premier Stacking Chair is our highest-end model. Modern and minimalistic, the HD Premier Stacking Chair is extremely comfortable, thanks to flexible, mesh fabric surfaces that support the body with ease. The sleek, stackable frame is built with a solid steel rod and features a curved backrest, adding greater comfort. The seats and backrests [&hellip;]<\/p>\n","protected":false},"featured_media":24097,"template":"","meta":{"_acf_changed":false},"product_brand":[89],"product_cat":[22],"product_tag":[],"class_list":{"0":"post-24069","1":"product","2":"type-product","3":"status-publish","4":"has-post-thumbnail","6":"product_brand-hd-series","7":"product_cat-chairs","9":"first","10":"instock","11":"shipping-taxable","12":"purchasable","13":"product-type-simple"},"acf":[],"yoast_head":"<!-- This site is optimized with the Yoast SEO Premium plugin v24.2 (Yoast SEO v27.1.1) - https:\/\/yoast.com\/product\/yoast-seo-premium-wordpress\/ -->\n<title>HD Premier Stacking Chair | Mesh Event Seating | Bertolini Direct<\/title>\n<meta name=\"description\" content=\"Ergonomic mesh stacking chair with curved back, ganging clips &amp; free cart with 40 chairs. Ideal for events, offices &amp; high-traffic spaces.\" \/>\n<meta name=\"robots\" content=\"index, follow, max-snippet:-1, max-image-preview:large, max-video-preview:-1\" \/>\n<link rel=\"canonical\" href=\"https:\/\/bertolinidirect.com\/it\/products\/chairs\/hd-premier-stacking-chair\/\" \/>\n<meta property=\"og:locale\" content=\"it_IT\" \/>\n<meta property=\"og:type\" content=\"article\" \/>\n<meta property=\"og:title\" content=\"HD Premier Stacking Chair\" \/>\n<meta property=\"og:description\" content=\"Ergonomic mesh stacking chair with curved back, ganging clips &amp; free cart with 40 chairs. Ideal for events, offices &amp; high-traffic spaces.\" \/>\n<meta property=\"og:url\" content=\"https:\/\/bertolinidirect.com\/it\/products\/chairs\/hd-premier-stacking-chair\/\" \/>\n<meta property=\"og:site_name\" content=\"Bertolini Direct\" \/>\n<meta property=\"article:modified_time\" content=\"2025-10-23T19:51:25+00:00\" \/>\n<meta property=\"og:image\" content=\"https:\/\/bertolinidirect.com\/wp-content\/uploads\/2025\/09\/BERT_HD-Premier_SHADOWS.jpg\" \/>\n\t<meta property=\"og:image:width\" content=\"1024\" \/>\n\t<meta property=\"og:image:height\" content=\"1024\" \/>\n\t<meta property=\"og:image:type\" content=\"image\/jpeg\" \/>\n<meta name=\"twitter:card\" content=\"summary_large_image\" \/>\n<script type=\"application\/ld+json\" class=\"yoast-schema-graph\">{\"@context\":\"https:\/\/schema.org\",\"@graph\":[{\"@type\":\"WebPage\",\"@id\":\"https:\/\/bertolinidirect.com\/it\/products\/chairs\/hd-premier-stacking-chair\",\"url\":\"https:\/\/bertolinidirect.com\/it\/products\/chairs\/hd-premier-stacking-chair\",\"name\":\"HD Premier Stacking Chair | Mesh Event Seating | Bertolini Direct\",\"isPartOf\":{\"@id\":\"https:\/\/bertolinidirect.com\/it\/#website\"},\"primaryImageOfPage\":{\"@id\":\"https:\/\/bertolinidirect.com\/it\/products\/chairs\/hd-premier-stacking-chair#primaryimage\"},\"image\":{\"@id\":\"https:\/\/bertolinidirect.com\/it\/products\/chairs\/hd-premier-stacking-chair#primaryimage\"},\"thumbnailUrl\":\"https:\/\/bertolinidirect.com\/wp-content\/uploads\/2025\/09\/BERT_HD-Premier_SHADOWS.jpg\",\"datePublished\":\"2025-09-22T19:55:20+00:00\",\"dateModified\":\"2025-10-23T19:51:25+00:00\",\"description\":\"Ergonomic mesh stacking chair with curved back, ganging clips & free cart with 40 chairs. Ideal for events, offices & high-traffic spaces.\",\"breadcrumb\":{\"@id\":\"https:\/\/bertolinidirect.com\/it\/products\/chairs\/hd-premier-stacking-chair#breadcrumb\"},\"inLanguage\":\"it-IT\",\"potentialAction\":[{\"@type\":\"ReadAction\",\"target\":[\"https:\/\/bertolinidirect.com\/it\/products\/chairs\/hd-premier-stacking-chair\"]}]},{\"@type\":\"ImageObject\",\"inLanguage\":\"it-IT\",\"@id\":\"https:\/\/bertolinidirect.com\/it\/products\/chairs\/hd-premier-stacking-chair#primaryimage\",\"url\":\"https:\/\/bertolinidirect.com\/wp-content\/uploads\/2025\/09\/BERT_HD-Premier_SHADOWS.jpg\",\"contentUrl\":\"https:\/\/bertolinidirect.com\/wp-content\/uploads\/2025\/09\/BERT_HD-Premier_SHADOWS.jpg\",\"width\":1024,\"height\":1024,\"caption\":\"HD Premiere front and back studio image\"},{\"@type\":\"BreadcrumbList\",\"@id\":\"https:\/\/bertolinidirect.com\/it\/products\/chairs\/hd-premier-stacking-chair#breadcrumb\",\"itemListElement\":[{\"@type\":\"ListItem\",\"position\":1,\"name\":\"Home\",\"item\":\"https:\/\/bertolinidirect.com\/\"},{\"@type\":\"ListItem\",\"position\":2,\"name\":\"Products\",\"item\":\"https:\/\/bertolinidirect.com\/products\"},{\"@type\":\"ListItem\",\"position\":3,\"name\":\"Chairs\",\"item\":\"https:\/\/bertolinidirect.com\/products\/chairs\"},{\"@type\":\"ListItem\",\"position\":4,\"name\":\"HD Premier Stacking Chair\"}]},{\"@type\":\"WebSite\",\"@id\":\"https:\/\/bertolinidirect.com\/it\/#website\",\"url\":\"https:\/\/bertolinidirect.com\/it\/\",\"name\":\"Bertolini\",\"description\":\"\",\"potentialAction\":[{\"@type\":\"SearchAction\",\"target\":{\"@type\":\"EntryPoint\",\"urlTemplate\":\"https:\/\/bertolinidirect.com\/it\/?s={search_term_string}\"},\"query-input\":{\"@type\":\"PropertyValueSpecification\",\"valueRequired\":true,\"valueName\":\"search_term_string\"}}],\"inLanguage\":\"it-IT\"}]}<\/script>\n<!-- \/ Yoast SEO Premium plugin. -->","yoast_head_json":{"title":"Sedia impilabile HD Premier | Sedute per eventi in rete | Bertolini Direct","description":"Sedia ergonomica impilabile in rete con schienale curvo, ganci di aggancio e carrello gratuito con 40 sedie. Ideale per eventi, uffici e spazi ad alta frequentazione.","robots":{"index":"index","follow":"follow","max-snippet":"max-snippet:-1","max-image-preview":"max-image-preview:large","max-video-preview":"max-video-preview:-1"},"canonical":"https:\/\/bertolinidirect.com\/it\/products\/chairs\/hd-premier-stacking-chair\/","og_locale":"it_IT","og_type":"article","og_title":"HD Premier Stacking Chair","og_description":"Ergonomic mesh stacking chair with curved back, ganging clips & free cart with 40 chairs. Ideal for events, offices & high-traffic spaces.","og_url":"https:\/\/bertolinidirect.com\/it\/products\/chairs\/hd-premier-stacking-chair\/","og_site_name":"Bertolini Direct","article_modified_time":"2025-10-23T19:51:25+00:00","og_image":[{"width":1024,"height":1024,"url":"https:\/\/bertolinidirect.com\/wp-content\/uploads\/2025\/09\/BERT_HD-Premier_SHADOWS.jpg","type":"image\/jpeg"}],"twitter_card":"summary_large_image","schema":{"@context":"https:\/\/schema.org","@graph":[{"@type":"WebPage","@id":"https:\/\/bertolinidirect.com\/it\/products\/chairs\/hd-premier-stacking-chair","url":"https:\/\/bertolinidirect.com\/it\/products\/chairs\/hd-premier-stacking-chair","name":"Sedia impilabile HD Premier | Sedute per eventi in rete | Bertolini Direct","isPartOf":{"@id":"https:\/\/bertolinidirect.com\/it\/#website"},"primaryImageOfPage":{"@id":"https:\/\/bertolinidirect.com\/it\/products\/chairs\/hd-premier-stacking-chair#primaryimage"},"image":{"@id":"https:\/\/bertolinidirect.com\/it\/products\/chairs\/hd-premier-stacking-chair#primaryimage"},"thumbnailUrl":"https:\/\/bertolinidirect.com\/wp-content\/uploads\/2025\/09\/BERT_HD-Premier_SHADOWS.jpg","datePublished":"2025-09-22T19:55:20+00:00","dateModified":"2025-10-23T19:51:25+00:00","description":"Sedia ergonomica impilabile in rete con schienale curvo, ganci di aggancio e carrello gratuito con 40 sedie. Ideale per eventi, uffici e spazi ad alta frequentazione.","breadcrumb":{"@id":"https:\/\/bertolinidirect.com\/it\/products\/chairs\/hd-premier-stacking-chair#breadcrumb"},"inLanguage":"it-IT","potentialAction":[{"@type":"ReadAction","target":["https:\/\/bertolinidirect.com\/it\/products\/chairs\/hd-premier-stacking-chair"]}]},{"@type":"ImageObject","inLanguage":"it-IT","@id":"https:\/\/bertolinidirect.com\/it\/products\/chairs\/hd-premier-stacking-chair#primaryimage","url":"https:\/\/bertolinidirect.com\/wp-content\/uploads\/2025\/09\/BERT_HD-Premier_SHADOWS.jpg","contentUrl":"https:\/\/bertolinidirect.com\/wp-content\/uploads\/2025\/09\/BERT_HD-Premier_SHADOWS.jpg","width":1024,"height":1024,"caption":"HD Premiere front and back studio image"},{"@type":"BreadcrumbList","@id":"https:\/\/bertolinidirect.com\/it\/products\/chairs\/hd-premier-stacking-chair#breadcrumb","itemListElement":[{"@type":"ListItem","position":1,"name":"Home","item":"https:\/\/bertolinidirect.com\/"},{"@type":"ListItem","position":2,"name":"Products","item":"https:\/\/bertolinidirect.com\/products"},{"@type":"ListItem","position":3,"name":"Chairs","item":"https:\/\/bertolinidirect.com\/products\/chairs"},{"@type":"ListItem","position":4,"name":"HD Premier Stacking Chair"}]},{"@type":"WebSite","@id":"https:\/\/bertolinidirect.com\/it\/#website","url":"https:\/\/bertolinidirect.com\/it\/","name":"Bertolini","description":"","potentialAction":[{"@type":"SearchAction","target":{"@type":"EntryPoint","urlTemplate":"https:\/\/bertolinidirect.com\/it\/?s={search_term_string}"},"query-input":{"@type":"PropertyValueSpecification","valueRequired":true,"valueName":"search_term_string"}}],"inLanguage":"it-IT"}]}},"_links":{"self":[{"href":"https:\/\/bertolinidirect.com\/it\/wp-json\/wp\/v2\/product\/24069","targetHints":{"allow":["GET"]}}],"collection":[{"href":"https:\/\/bertolinidirect.com\/it\/wp-json\/wp\/v2\/product"}],"about":[{"href":"https:\/\/bertolinidirect.com\/it\/wp-json\/wp\/v2\/types\/product"}],"wp:featuredmedia":[{"embeddable":true,"href":"https:\/\/bertolinidirect.com\/it\/wp-json\/wp\/v2\/media\/24097"}],"wp:attachment":[{"href":"https:\/\/bertolinidirect.com\/it\/wp-json\/wp\/v2\/media?parent=24069"}],"wp:term":[{"taxonomy":"product_brand","embeddable":true,"href":"https:\/\/bertolinidirect.com\/it\/wp-json\/wp\/v2\/product_brand?post=24069"},{"taxonomy":"product_cat","embeddable":true,"href":"https:\/\/bertolinidirect.com\/it\/wp-json\/wp\/v2\/product_cat?post=24069"},{"taxonomy":"product_tag","embeddable":true,"href":"https:\/\/bertolinidirect.com\/it\/wp-json\/wp\/v2\/product_tag?post=24069"}],"curies":[{"name":"parola chiave","href":"https:\/\/api.w.org\/{rel}","templated":true}]}}