{"id":903,"date":"2023-11-16T21:38:00","date_gmt":"2023-11-16T21:38:00","guid":{"rendered":"https:\/\/bertolinidirect.com\/?page_id=903"},"modified":"2024-05-14T17:12:02","modified_gmt":"2024-05-14T17:12:02","slug":"new-ceo","status":"publish","type":"page","link":"https:\/\/bertolinidirect.com\/it\/press\/new-ceo","title":{"rendered":"MITY Inc d\u00e0 il benvenuto a un nuovo CEO"},"content":{"rendered":"<p><strong>OREM, Utah, 16 novembre 2023<\/strong><\/p>\n\n\n\n<p>Kevin McCoy \u00e8 stato nominato amministratore delegato (CEO) di MITY Inc, leader del mercato globale di arredi e attrezzature eccezionalmente durevoli per centri eventi, hotel e ristoranti, centri di residenza per anziani, chiese e altri mercati B2B.<\/p>\n\n\n\n<p>&quot;Sono grato per l&#039;opportunit\u00e0 di guidare un&#039;organizzazione con una storia cos\u00ec lunga e un record di successi&quot;, ha affermato McCoy. \u201c Negli ultimi 36 anni, MITY si \u00e8 guadagnata una reputazione in tutto il mondo per i mobili durevoli per gli spazi commerciali. Mentre andiamo avanti, il nostro obiettivo rimane quello di fornire soluzioni innovative ed eleganti che elevino funzionalit\u00e0 ed estetica\u201d.<\/p>\n\n\n\n<p>&quot;Credo fermamente che un&#039;azienda sia un gruppo di persone che lavorano verso un obiettivo comune e sono entusiasta di aggiungere la mia esperienza e competenza per contribuire a costruire sulle basi gettate dal team di MITY Inc.&quot;<\/p>\n\n\n\n<p>Con oltre 25 anni di esperienza, McCoy ha lavorato con marchi storici nel settore dell&#039;arredamento contract e ha una vasta esperienza nello sviluppo e nell&#039;implementazione di strategie e tattiche per organizzazioni multinazionali. Gli piace sviluppare persone, cultura e organizzazioni vincenti.<\/p>\n\n\n\n<p>McCoy ha lavorato con Kimball International per oltre 21 anni, di cui 16 anni con il marchio National Office Furniture, passando da rappresentante di vendita a New York a presidente dell&#039;azienda. In qualit\u00e0 di Presidente di National Office Furniture, McCoy \u00e8 stato determinante nel promuovere l&#039;efficienza operativa a livello aziendale nella produzione, nella catena di fornitura globale e nella distribuzione multicanale. Ha guidato le strategie globali dell&#039;azienda per elevare il design, implementare la sostenibilit\u00e0 e migliorare la tecnologia per posizionare National come un pensatore lungimirante nel settore, ottenendo vendite record anno dopo anno e ottenendo prestazioni finanziarie di riferimento.<\/p>\n\n\n\n<p>Pi\u00f9 recentemente, McCoy ha ricoperto il ruolo di CEO presso Polyvision, fornitore leader di CeramicSteel per prodotti per architettura, infrastrutture e uffici commerciali. In qualit\u00e0 di nuovo CEO di Mity Inc, McCoy si trasferir\u00e0 a Lehi, Utah e lavorer\u00e0 a tempo pieno dalla sede di Orem.<\/p>\n\n\n\n<p><strong>Informazioni su MITY Inc.<\/strong><\/p>\n\n\n\n<p>La famiglia di prodotti MITY comprende&nbsp;<a href=\"https:\/\/mitylite.com\/\">MityLite<\/a>,&nbsp;<a href=\"https:\/\/holsag.com\/\">Holsag<\/a>,&nbsp;<a href=\"https:\/\/bertolinidirect.com\/it\/\">Bertolini<\/a>, E&nbsp;<a href=\"https:\/\/brodaseating.com\/\">Broda<\/a>. MityLite produce mobili pluripremiati per il mercato commerciale. Holsag costruisce sedie in legno duro per i mercati degli anziani, della sanit\u00e0, dell&#039;istruzione, del governo e dell&#039;ospitalit\u00e0. Bertolini produce sedute comode e resistenti per il mercato del culto. Broda offre una linea unica di sedie a rotelle con posizionamento inclinabile nello spazio per la vita degli anziani e l&#039;assistenza sanitaria. MITY Inc ha sede a Orem, Utah e sedi di produzione e vendita a Lindsay, Ontario; Kitchener, Ontario; e St. Louis, Missouri. Visita mityinc.com per ulteriori informazioni.<\/p>","protected":false},"excerpt":{"rendered":"<p>OREM, Utah,\u202fNovember 16, 2023 Kevin McCoy\u202fhas been appointed chief executive officer (CEO) of MITY Inc, the global market leader of exceptionally durable furnishings and equipment for event centers, hotels and restaurants, senior living centers, churches, and other B2B markets. \u201cI am grateful for the opportunity to lead an organization with such a long history and [&hellip;]<\/p>\n","protected":false},"author":1,"featured_media":0,"parent":762,"menu_order":0,"comment_status":"closed","ping_status":"closed","template":"content-page.php","meta":{"_acf_changed":false,"footnotes":""},"class_list":["post-903","page","type-page","status-publish","hentry"],"acf":[],"yoast_head":"<!-- This site is optimized with the Yoast SEO Premium plugin v24.2 (Yoast SEO v27.1.1) - https:\/\/yoast.com\/product\/yoast-seo-premium-wordpress\/ -->\n<title>MITY Inc Welcomes a New CEO | Bertolini Direct<\/title>\n<meta name=\"description\" content=\"OREM, Utah,\u202fNovember 16, 2023 Kevin McCoy\u202fhas been appointed chief executive officer (CEO) of MITY Inc, the global market leader of exceptionally durable\" \/>\n<meta name=\"robots\" content=\"index, follow, max-snippet:-1, max-image-preview:large, max-video-preview:-1\" \/>\n<link rel=\"canonical\" href=\"https:\/\/bertolinidirect.com\/it\/press\/new-ceo\/\" \/>\n<meta property=\"og:locale\" content=\"it_IT\" \/>\n<meta property=\"og:type\" content=\"article\" \/>\n<meta property=\"og:title\" content=\"MITY Inc Welcomes a New CEO\" \/>\n<meta property=\"og:description\" content=\"OREM, Utah,\u202fNovember 16, 2023 Kevin McCoy\u202fhas been appointed chief executive officer (CEO) of MITY Inc, the global market leader of exceptionally durable\" \/>\n<meta property=\"og:url\" content=\"https:\/\/bertolinidirect.com\/it\/press\/new-ceo\/\" \/>\n<meta property=\"og:site_name\" content=\"Bertolini Direct\" \/>\n<meta property=\"article:modified_time\" content=\"2024-05-14T17:12:02+00:00\" \/>\n<meta name=\"twitter:card\" content=\"summary_large_image\" \/>\n<script type=\"application\/ld+json\" class=\"yoast-schema-graph\">{\"@context\":\"https:\/\/schema.org\",\"@graph\":[{\"@type\":\"WebPage\",\"@id\":\"https:\/\/bertolinidirect.com\/it\/press\/new-ceo\",\"url\":\"https:\/\/bertolinidirect.com\/it\/press\/new-ceo\",\"name\":\"MITY Inc Welcomes a New CEO | Bertolini Direct\",\"isPartOf\":{\"@id\":\"https:\/\/bertolinidirect.com\/it\/#website\"},\"datePublished\":\"2023-11-16T21:38:00+00:00\",\"dateModified\":\"2024-05-14T17:12:02+00:00\",\"description\":\"OREM, Utah,\u202fNovember 16, 2023 Kevin McCoy\u202fhas been appointed chief executive officer (CEO) of MITY Inc, the global market leader of exceptionally durable\",\"breadcrumb\":{\"@id\":\"https:\/\/bertolinidirect.com\/it\/press\/new-ceo#breadcrumb\"},\"inLanguage\":\"it-IT\",\"potentialAction\":[{\"@type\":\"ReadAction\",\"target\":[\"https:\/\/bertolinidirect.com\/it\/press\/new-ceo\"]}]},{\"@type\":\"BreadcrumbList\",\"@id\":\"https:\/\/bertolinidirect.com\/it\/press\/new-ceo#breadcrumb\",\"itemListElement\":[{\"@type\":\"ListItem\",\"position\":1,\"name\":\"Home\",\"item\":\"https:\/\/bertolinidirect.com\/\"},{\"@type\":\"ListItem\",\"position\":2,\"name\":\"Press &amp; News\",\"item\":\"https:\/\/bertolinidirect.com\/press\"},{\"@type\":\"ListItem\",\"position\":3,\"name\":\"MITY Inc Welcomes a New CEO\"}]},{\"@type\":\"WebSite\",\"@id\":\"https:\/\/bertolinidirect.com\/it\/#website\",\"url\":\"https:\/\/bertolinidirect.com\/it\/\",\"name\":\"Bertolini\",\"description\":\"\",\"potentialAction\":[{\"@type\":\"SearchAction\",\"target\":{\"@type\":\"EntryPoint\",\"urlTemplate\":\"https:\/\/bertolinidirect.com\/it\/?s={search_term_string}\"},\"query-input\":{\"@type\":\"PropertyValueSpecification\",\"valueRequired\":true,\"valueName\":\"search_term_string\"}}],\"inLanguage\":\"it-IT\"}]}<\/script>\n<!-- \/ Yoast SEO Premium plugin. -->","yoast_head_json":{"title":"MITY Inc d\u00e0 il benvenuto a un nuovo CEO | Bertolini Diretto","description":"OREM, Utah, 16 novembre 2023 Kevin McCoy \u00e8 stato nominato amministratore delegato (CEO) di MITY Inc, leader del mercato globale di materiali eccezionalmente durevoli","robots":{"index":"index","follow":"follow","max-snippet":"max-snippet:-1","max-image-preview":"max-image-preview:large","max-video-preview":"max-video-preview:-1"},"canonical":"https:\/\/bertolinidirect.com\/it\/press\/new-ceo\/","og_locale":"it_IT","og_type":"article","og_title":"MITY Inc Welcomes a New CEO","og_description":"OREM, Utah,\u202fNovember 16, 2023 Kevin McCoy\u202fhas been appointed chief executive officer (CEO) of MITY Inc, the global market leader of exceptionally durable","og_url":"https:\/\/bertolinidirect.com\/it\/press\/new-ceo\/","og_site_name":"Bertolini Direct","article_modified_time":"2024-05-14T17:12:02+00:00","twitter_card":"summary_large_image","schema":{"@context":"https:\/\/schema.org","@graph":[{"@type":"WebPage","@id":"https:\/\/bertolinidirect.com\/it\/press\/new-ceo","url":"https:\/\/bertolinidirect.com\/it\/press\/new-ceo","name":"MITY Inc d\u00e0 il benvenuto a un nuovo CEO | Bertolini Diretto","isPartOf":{"@id":"https:\/\/bertolinidirect.com\/it\/#website"},"datePublished":"2023-11-16T21:38:00+00:00","dateModified":"2024-05-14T17:12:02+00:00","description":"OREM, Utah, 16 novembre 2023 Kevin McCoy \u00e8 stato nominato amministratore delegato (CEO) di MITY Inc, leader del mercato globale di materiali eccezionalmente durevoli","breadcrumb":{"@id":"https:\/\/bertolinidirect.com\/it\/press\/new-ceo#breadcrumb"},"inLanguage":"it-IT","potentialAction":[{"@type":"ReadAction","target":["https:\/\/bertolinidirect.com\/it\/press\/new-ceo"]}]},{"@type":"BreadcrumbList","@id":"https:\/\/bertolinidirect.com\/it\/press\/new-ceo#breadcrumb","itemListElement":[{"@type":"ListItem","position":1,"name":"Home","item":"https:\/\/bertolinidirect.com\/"},{"@type":"ListItem","position":2,"name":"Press &amp; News","item":"https:\/\/bertolinidirect.com\/press"},{"@type":"ListItem","position":3,"name":"MITY Inc Welcomes a New CEO"}]},{"@type":"WebSite","@id":"https:\/\/bertolinidirect.com\/it\/#website","url":"https:\/\/bertolinidirect.com\/it\/","name":"Bertolini","description":"","potentialAction":[{"@type":"SearchAction","target":{"@type":"EntryPoint","urlTemplate":"https:\/\/bertolinidirect.com\/it\/?s={search_term_string}"},"query-input":{"@type":"PropertyValueSpecification","valueRequired":true,"valueName":"search_term_string"}}],"inLanguage":"it-IT"}]}},"_links":{"self":[{"href":"https:\/\/bertolinidirect.com\/it\/wp-json\/wp\/v2\/pages\/903","targetHints":{"allow":["GET"]}}],"collection":[{"href":"https:\/\/bertolinidirect.com\/it\/wp-json\/wp\/v2\/pages"}],"about":[{"href":"https:\/\/bertolinidirect.com\/it\/wp-json\/wp\/v2\/types\/page"}],"author":[{"embeddable":true,"href":"https:\/\/bertolinidirect.com\/it\/wp-json\/wp\/v2\/users\/1"}],"replies":[{"embeddable":true,"href":"https:\/\/bertolinidirect.com\/it\/wp-json\/wp\/v2\/comments?post=903"}],"version-history":[{"count":2,"href":"https:\/\/bertolinidirect.com\/it\/wp-json\/wp\/v2\/pages\/903\/revisions"}],"predecessor-version":[{"id":910,"href":"https:\/\/bertolinidirect.com\/it\/wp-json\/wp\/v2\/pages\/903\/revisions\/910"}],"up":[{"embeddable":true,"href":"https:\/\/bertolinidirect.com\/it\/wp-json\/wp\/v2\/pages\/762"}],"wp:attachment":[{"href":"https:\/\/bertolinidirect.com\/it\/wp-json\/wp\/v2\/media?parent=903"}],"curies":[{"name":"parola chiave","href":"https:\/\/api.w.org\/{rel}","templated":true}]}}