{"id":900,"date":"2019-08-28T21:37:00","date_gmt":"2019-08-28T21:37:00","guid":{"rendered":"https:\/\/bertolinidirect.com\/?page_id=900"},"modified":"2025-11-21T23:28:28","modified_gmt":"2025-11-21T23:28:28","slug":"launches-new-website","status":"publish","type":"page","link":"https:\/\/bertolinidirect.com\/it\/press\/launches-new-website","title":{"rendered":"Bertolini lancia il nuovo sito web e aggiorna le cattedre da chiesa"},"content":{"rendered":"<p><strong>Orem, Utah: 28 agosto 2019<\/strong><\/p>\n\n\n\n<p>Bertolini, produttore leader di sedie da chiesa impilabili, ha lanciato un nuovo sito web con una linea di prodotti e risorse aggiornate, bertolinidirect.com. Bertolini serve il mercato del culto da oltre 60 anni ed \u00e8 molto orgoglioso di avere l&#039;artigianato americano e l&#039;impegno per l&#039;innovazione. L&#039;azienda \u00e8 diventata un marchio di prodotti MITY Inc. nel dicembre del 2017.<\/p>\n\n\n\n<p>&quot;Questo nuovo sito Web rappresenta un importante passo avanti nel mantenere il nostro desiderio di fornire i migliori prodotti e servizi ai nostri clienti&quot;, afferma Tony R. Smith, CEO di MITY Inc. &quot;Il sito \u00e8 facile da navigare e ricco di strumenti e risorse per membri della comunit\u00e0 di culto\u201d.<\/p>\n\n\n\n<p>Il sito web include informazioni sugli aggiornamenti delle tre sedie da chiesa Bertolini pi\u00f9 popolari: Serie Impressions, Serie Millennia e Serie Essentials. I clienti troveranno anche strumenti per personalizzare virtualmente le sedie e selezionare i tessuti. Inoltre, gli utenti possono scaricare risorse che li aiutino a imparare come commercializzare con successo la comunit\u00e0, raccogliere fondi, creare decorazioni natalizie poco costose e altro ancora.<\/p>\n\n\n\n<p>&quot;Vogliamo rendere pi\u00f9 semplice per i nostri clienti servire le loro congregazioni e creare comunit\u00e0 ecclesiali sane&quot;, ha affermato Jeff Jones, direttore nazionale delle vendite religiose per MITY Inc. &quot;Per fare ci\u00f2 dobbiamo produrre le migliori sedie da chiesa rimanendo impegnati ai nostri valori. Ci\u00f2 include la realizzazione dei nostri prodotti negli Stati Uniti per arricchire le comunit\u00e0 locali, fornire lavoro ai lavoratori americani e offrire un servizio clienti straordinario\u201d.<\/p>\n\n\n\n<p>Scopri di pi\u00f9 su bertolinidirect.com.<\/p>\n\n\n\n<p><strong>A proposito di Bertolini<\/strong><\/p>\n\n\n\n<p>Bertolini si impegna a fornire sedie durevoli prodotte a Lawrenceburg, nel Tennessee. L&#039;azienda utilizza solo i migliori materiali provenienti da fornitori americani per costruire sedie durevoli e confortevoli per il mercato del culto. Bertolini si impegna a fornire ai clienti i migliori prodotti e programmi di garanzia attenendosi a un importante insieme di valori fondamentali: creare posti di lavoro per i lavoratori americani, sostenere le economie locali e seguire pratiche di lavoro eque. Ci\u00f2 rende facile per Bertolini stare dietro ogni sedia costruita negli ultimi 60 anni. La propriet\u00e0 di Bertolini \u00e8 stata trasferita alla societ\u00e0 madre, MITY Inc., il 30 dicembre 2017.<\/p>\n\n\n\n<p><strong>Informazioni sulla capogruppo Bertolini, MITY Inc.<\/strong><\/p>\n\n\n\n<p>MITY Inc. gestisce marchi di mobili durevoli per servire il mercato globale. I marchi dei prodotti MITY includono MityLite, Holsag, Bertolini e BRODA\u00ae Seating. MityLite produce prodotti di arredamento pluripremiati e dal design professionale per il mercato commerciale, compresi settori quali l&#039;ospitalit\u00e0, il governo e l&#039;istruzione. Holsag costruisce mobili per i mercati degli anziani, della sanit\u00e0, dell&#039;istruzione e dell&#039;ospitalit\u00e0. Bertolini produce sedute comode e resistenti per il mercato del culto. Broda offre una linea unica di sedie a rotelle con posizionamento inclinabile nello spazio per la vita degli anziani e l&#039;assistenza sanitaria. L&#039;azienda ha sede a Orem, Utah e ha attivit\u00e0 produttive a Lindsay, Ontario; Kitchener, Ontario; e Lawrenceburg, Tennessee. Visita mityinc.com per ulteriori informazioni.<\/p>","protected":false},"excerpt":{"rendered":"<p>Orem, Utah\u2014August 28, 2019 Bertolini, a leading manufacturer of stackable church chairs, has launched a new website with an updated product line and resources, bertolinidirect.com. Bertolini has been serving the worship market for more than 60 years, and they take great pride in having American craftsmanship and a commitment to innovation. The company became a [&hellip;]<\/p>\n","protected":false},"author":1,"featured_media":0,"parent":762,"menu_order":0,"comment_status":"closed","ping_status":"closed","template":"content-page.php","meta":{"_acf_changed":false,"footnotes":""},"class_list":["post-900","page","type-page","status-publish","hentry"],"acf":[],"yoast_head":"<!-- This site is optimized with the Yoast SEO Premium plugin v24.2 (Yoast SEO v27.4) - https:\/\/yoast.com\/product\/yoast-seo-premium-wordpress\/ -->\n<title>Bertolini Launches New Website and Updates Church Chairs<\/title>\n<meta name=\"description\" content=\"Orem, Utah\u2014August 28, 2019 Bertolini, a leading manufacturer of stackable church chairs, has launched a new website with an updated product line and\" \/>\n<meta name=\"robots\" content=\"index, follow, max-snippet:-1, max-image-preview:large, max-video-preview:-1\" \/>\n<link rel=\"canonical\" href=\"https:\/\/bertolinidirect.com\/it\/press\/launches-new-website\/\" \/>\n<meta property=\"og:locale\" content=\"it_IT\" \/>\n<meta property=\"og:type\" content=\"article\" \/>\n<meta property=\"og:title\" content=\"Bertolini Launches New Website and Updates Church Chairs\" \/>\n<meta property=\"og:description\" content=\"Orem, Utah\u2014August 28, 2019 Bertolini, a leading manufacturer of stackable church chairs, has launched a new website with an updated product line and\" \/>\n<meta property=\"og:url\" content=\"https:\/\/bertolinidirect.com\/it\/press\/launches-new-website\/\" \/>\n<meta property=\"og:site_name\" content=\"Bertolini Direct\" \/>\n<meta property=\"article:modified_time\" content=\"2025-11-21T23:28:28+00:00\" \/>\n<meta name=\"twitter:card\" content=\"summary_large_image\" \/>\n<script type=\"application\/ld+json\" class=\"yoast-schema-graph\">{\"@context\":\"https:\\\/\\\/schema.org\",\"@graph\":[{\"@type\":\"WebPage\",\"@id\":\"https:\\\/\\\/bertolinidirect.com\\\/it\\\/press\\\/launches-new-website\",\"url\":\"https:\\\/\\\/bertolinidirect.com\\\/it\\\/press\\\/launches-new-website\",\"name\":\"Bertolini Launches New Website and Updates Church Chairs\",\"isPartOf\":{\"@id\":\"https:\\\/\\\/bertolinidirect.com\\\/it\\\/#website\"},\"datePublished\":\"2019-08-28T21:37:00+00:00\",\"dateModified\":\"2025-11-21T23:28:28+00:00\",\"description\":\"Orem, Utah\u2014August 28, 2019 Bertolini, a leading manufacturer of stackable church chairs, has launched a new website with an updated product line and\",\"breadcrumb\":{\"@id\":\"https:\\\/\\\/bertolinidirect.com\\\/it\\\/press\\\/launches-new-website#breadcrumb\"},\"inLanguage\":\"it-IT\",\"potentialAction\":[{\"@type\":\"ReadAction\",\"target\":[\"https:\\\/\\\/bertolinidirect.com\\\/it\\\/press\\\/launches-new-website\"]}]},{\"@type\":\"BreadcrumbList\",\"@id\":\"https:\\\/\\\/bertolinidirect.com\\\/it\\\/press\\\/launches-new-website#breadcrumb\",\"itemListElement\":[{\"@type\":\"ListItem\",\"position\":1,\"name\":\"Home\",\"item\":\"https:\\\/\\\/bertolinidirect.com\\\/\"},{\"@type\":\"ListItem\",\"position\":2,\"name\":\"Press &amp; News\",\"item\":\"https:\\\/\\\/bertolinidirect.com\\\/press\"},{\"@type\":\"ListItem\",\"position\":3,\"name\":\"Bertolini Launches New Website and Updates Church Chairs\"}]},{\"@type\":\"WebSite\",\"@id\":\"https:\\\/\\\/bertolinidirect.com\\\/it\\\/#website\",\"url\":\"https:\\\/\\\/bertolinidirect.com\\\/it\\\/\",\"name\":\"Bertolini\",\"description\":\"\",\"potentialAction\":[{\"@type\":\"SearchAction\",\"target\":{\"@type\":\"EntryPoint\",\"urlTemplate\":\"https:\\\/\\\/bertolinidirect.com\\\/it\\\/?s={search_term_string}\"},\"query-input\":{\"@type\":\"PropertyValueSpecification\",\"valueRequired\":true,\"valueName\":\"search_term_string\"}}],\"inLanguage\":\"it-IT\"}]}<\/script>\n<!-- \/ Yoast SEO Premium plugin. -->","yoast_head_json":{"title":"Bertolini lancia il nuovo sito web e aggiorna le cattedre da chiesa","description":"Orem, Utah\u201428 agosto 2019 Bertolini, produttore leader di sedie da chiesa impilabili, ha lanciato un nuovo sito web con una linea di prodotti aggiornata e","robots":{"index":"index","follow":"follow","max-snippet":"max-snippet:-1","max-image-preview":"max-image-preview:large","max-video-preview":"max-video-preview:-1"},"canonical":"https:\/\/bertolinidirect.com\/it\/press\/launches-new-website\/","og_locale":"it_IT","og_type":"article","og_title":"Bertolini Launches New Website and Updates Church Chairs","og_description":"Orem, Utah\u2014August 28, 2019 Bertolini, a leading manufacturer of stackable church chairs, has launched a new website with an updated product line and","og_url":"https:\/\/bertolinidirect.com\/it\/press\/launches-new-website\/","og_site_name":"Bertolini Direct","article_modified_time":"2025-11-21T23:28:28+00:00","twitter_card":"summary_large_image","schema":{"@context":"https:\/\/schema.org","@graph":[{"@type":"WebPage","@id":"https:\/\/bertolinidirect.com\/it\/press\/launches-new-website","url":"https:\/\/bertolinidirect.com\/it\/press\/launches-new-website","name":"Bertolini lancia il nuovo sito web e aggiorna le cattedre da chiesa","isPartOf":{"@id":"https:\/\/bertolinidirect.com\/it\/#website"},"datePublished":"2019-08-28T21:37:00+00:00","dateModified":"2025-11-21T23:28:28+00:00","description":"Orem, Utah\u201428 agosto 2019 Bertolini, produttore leader di sedie da chiesa impilabili, ha lanciato un nuovo sito web con una linea di prodotti aggiornata e","breadcrumb":{"@id":"https:\/\/bertolinidirect.com\/it\/press\/launches-new-website#breadcrumb"},"inLanguage":"it-IT","potentialAction":[{"@type":"ReadAction","target":["https:\/\/bertolinidirect.com\/it\/press\/launches-new-website"]}]},{"@type":"BreadcrumbList","@id":"https:\/\/bertolinidirect.com\/it\/press\/launches-new-website#breadcrumb","itemListElement":[{"@type":"ListItem","position":1,"name":"Home","item":"https:\/\/bertolinidirect.com\/"},{"@type":"ListItem","position":2,"name":"Press &amp; News","item":"https:\/\/bertolinidirect.com\/press"},{"@type":"ListItem","position":3,"name":"Bertolini Launches New Website and Updates Church Chairs"}]},{"@type":"WebSite","@id":"https:\/\/bertolinidirect.com\/it\/#website","url":"https:\/\/bertolinidirect.com\/it\/","name":"Bertolini","description":"","potentialAction":[{"@type":"SearchAction","target":{"@type":"EntryPoint","urlTemplate":"https:\/\/bertolinidirect.com\/it\/?s={search_term_string}"},"query-input":{"@type":"PropertyValueSpecification","valueRequired":true,"valueName":"search_term_string"}}],"inLanguage":"it-IT"}]}},"_links":{"self":[{"href":"https:\/\/bertolinidirect.com\/it\/wp-json\/wp\/v2\/pages\/900","targetHints":{"allow":["GET"]}}],"collection":[{"href":"https:\/\/bertolinidirect.com\/it\/wp-json\/wp\/v2\/pages"}],"about":[{"href":"https:\/\/bertolinidirect.com\/it\/wp-json\/wp\/v2\/types\/page"}],"author":[{"embeddable":true,"href":"https:\/\/bertolinidirect.com\/it\/wp-json\/wp\/v2\/users\/1"}],"replies":[{"embeddable":true,"href":"https:\/\/bertolinidirect.com\/it\/wp-json\/wp\/v2\/comments?post=900"}],"version-history":[{"count":1,"href":"https:\/\/bertolinidirect.com\/it\/wp-json\/wp\/v2\/pages\/900\/revisions"}],"predecessor-version":[{"id":901,"href":"https:\/\/bertolinidirect.com\/it\/wp-json\/wp\/v2\/pages\/900\/revisions\/901"}],"up":[{"embeddable":true,"href":"https:\/\/bertolinidirect.com\/it\/wp-json\/wp\/v2\/pages\/762"}],"wp:attachment":[{"href":"https:\/\/bertolinidirect.com\/it\/wp-json\/wp\/v2\/media?parent=900"}],"curies":[{"name":"parola chiave","href":"https:\/\/api.w.org\/{rel}","templated":true}]}}