{"id":892,"date":"2018-01-02T21:33:00","date_gmt":"2018-01-02T21:33:00","guid":{"rendered":"https:\/\/bertolinidirect.com\/?page_id=892"},"modified":"2024-05-14T17:12:02","modified_gmt":"2024-05-14T17:12:02","slug":"mity-inc-aquires-bertolini","status":"publish","type":"page","link":"https:\/\/bertolinidirect.com\/it\/press\/mity-inc-aquires-bertolini","title":{"rendered":"MITY Inc. acquisisce Bertolini"},"content":{"rendered":"<p><strong>OREM, Utah \u2013 2 gennaio 2018<\/strong><\/p>\n\n\n\n<p>MITY Inc., la societ\u00e0 madre di marchi di mobili altamente durevoli tra cui MityLite\u00ae e Holsag\u2122, ha acquisito Bertolini Inc., un produttore privato di prodotti per sedute focalizzato sui mercati dell&#039;ospitalit\u00e0, delle assemblee pubbliche e del culto. Questa acquisizione si basa sull&#039;eredit\u00e0 di durabilit\u00e0 e innovazione di MITY Inc. e posiziona l&#039;organizzazione per fornire un&#039;offerta di prodotti pi\u00f9 ampia nei mercati chiave. Il trasferimento di propriet\u00e0 \u00e8 efficace dal 30 dicembre 2017.<\/p>\n\n\n\n<p>&quot;Bertolini era una scelta naturale per entrare a far parte della famiglia MITY&quot;, ha affermato il presidente e amministratore delegato di MITY Inc. John Dudash. \u201cL\u2019acquisizione di Bertolini offre espansione di prodotto e sinergie operative all\u2019interno di settori chiave, condividendo al tempo stesso i nostri valori fondamentali di qualit\u00e0, durata e impegno nei confronti dei clienti\u201d.<\/p>\n\n\n\n<p>Bertolini produce negli Stati Uniti da quasi 60 anni e rappresenta una forte aggiunta alla famiglia di prodotti MITY. Sono molto orgogliosi dell&#039;artigianato americano con un impegno per l&#039;innovazione, un servizio impareggiabile e un valore di prima classe.<\/p>\n\n\n\n<p>Jim Bertolini, proprietario e CEO di Bertolini, ha dichiarato: \u201cNon vediamo l&#039;ora di far parte della famiglia di marchi di alta qualit\u00e0 leader del settore di MITY Inc. in un&#039;operazione che ci consentir\u00e0 di promuovere l&#039;efficienza operativa e l&#039;accesso a risorse aggiuntive che guider\u00e0 la nostra crescita a lungo termine\u201d.<\/p>\n\n\n\n<p>Con sede a Orem, Utah, MITY Inc. \u00e8 la societ\u00e0 madre di&nbsp;<a href=\"https:\/\/mitylite.com\/\">MityLite<\/a>,&nbsp;<a href=\"https:\/\/holsag.com\/\">Holsag<\/a>,&nbsp;<a href=\"https:\/\/brodaseating.com\/\">Sedute BRODA\u00ae<\/a>, e la recente acquisizione di Bertolini Inc. MityLite \u00e8 un produttore di prodotti di arredamento pluripremiati e dal design professionale per il mercato commerciale globale. Holsag produce sedie e accessori per mobili destinati ai mercati della vita per anziani, della sanit\u00e0, dell&#039;istruzione e dell&#039;ospitalit\u00e0. BRODA offre una linea unica di sedie a rotelle con posizionamento inclinabile nello spazio che migliorano la vita delle persone da oltre 35 anni. XpressPort \u00e8 leader nei prodotti di stoccaggio e trasporto per i mercati delle assemblee pubbliche e dell&#039;ospitalit\u00e0. Bertolini \u00e8 un&#039;azienda produttrice di sedute impilabili eleganti, comode e resistenti.<\/p>","protected":false},"excerpt":{"rendered":"<p>OREM, Utah \u2014 January 2, 2018 MITY Inc., the parent company of highly durable furniture brands including MityLite\u00ae and Holsag\u2122, acquired Bertolini Inc., a privately owned manufacturer of seating products focused on hospitality, public assembly and worship markets. This acquisition builds on the MITY Inc. legacy of durability and innovation and positions the organization to [&hellip;]<\/p>\n","protected":false},"author":1,"featured_media":0,"parent":762,"menu_order":0,"comment_status":"closed","ping_status":"closed","template":"content-page.php","meta":{"_acf_changed":false,"footnotes":""},"class_list":["post-892","page","type-page","status-publish","hentry"],"acf":[],"yoast_head":"<!-- This site is optimized with the Yoast SEO Premium plugin v24.2 (Yoast SEO v27.1.1) - https:\/\/yoast.com\/product\/yoast-seo-premium-wordpress\/ -->\n<title>MITY Inc. Acquires Bertolini | Bertolini Direct<\/title>\n<meta name=\"description\" content=\"OREM, Utah \u2014 January 2, 2018 MITY Inc., the parent company of highly durable furniture brands including MityLite\u00ae and Holsag\u2122, acquired Bertolini Inc., a\" \/>\n<meta name=\"robots\" content=\"index, follow, max-snippet:-1, max-image-preview:large, max-video-preview:-1\" \/>\n<link rel=\"canonical\" href=\"https:\/\/bertolinidirect.com\/it\/press\/mity-inc-aquires-bertolini\/\" \/>\n<meta property=\"og:locale\" content=\"it_IT\" \/>\n<meta property=\"og:type\" content=\"article\" \/>\n<meta property=\"og:title\" content=\"MITY Inc. Acquires Bertolini\" \/>\n<meta property=\"og:description\" content=\"OREM, Utah \u2014 January 2, 2018 MITY Inc., the parent company of highly durable furniture brands including MityLite\u00ae and Holsag\u2122, acquired Bertolini Inc., a\" \/>\n<meta property=\"og:url\" content=\"https:\/\/bertolinidirect.com\/it\/press\/mity-inc-aquires-bertolini\/\" \/>\n<meta property=\"og:site_name\" content=\"Bertolini Direct\" \/>\n<meta property=\"article:modified_time\" content=\"2024-05-14T17:12:02+00:00\" \/>\n<meta name=\"twitter:card\" content=\"summary_large_image\" \/>\n<script type=\"application\/ld+json\" class=\"yoast-schema-graph\">{\"@context\":\"https:\/\/schema.org\",\"@graph\":[{\"@type\":\"WebPage\",\"@id\":\"https:\/\/bertolinidirect.com\/it\/press\/mity-inc-aquires-bertolini\",\"url\":\"https:\/\/bertolinidirect.com\/it\/press\/mity-inc-aquires-bertolini\",\"name\":\"MITY Inc. Acquires Bertolini | Bertolini Direct\",\"isPartOf\":{\"@id\":\"https:\/\/bertolinidirect.com\/it\/#website\"},\"datePublished\":\"2018-01-02T21:33:00+00:00\",\"dateModified\":\"2024-05-14T17:12:02+00:00\",\"description\":\"OREM, Utah \u2014 January 2, 2018 MITY Inc., the parent company of highly durable furniture brands including MityLite\u00ae and Holsag\u2122, acquired Bertolini Inc., a\",\"breadcrumb\":{\"@id\":\"https:\/\/bertolinidirect.com\/it\/press\/mity-inc-aquires-bertolini#breadcrumb\"},\"inLanguage\":\"it-IT\",\"potentialAction\":[{\"@type\":\"ReadAction\",\"target\":[\"https:\/\/bertolinidirect.com\/it\/press\/mity-inc-aquires-bertolini\"]}]},{\"@type\":\"BreadcrumbList\",\"@id\":\"https:\/\/bertolinidirect.com\/it\/press\/mity-inc-aquires-bertolini#breadcrumb\",\"itemListElement\":[{\"@type\":\"ListItem\",\"position\":1,\"name\":\"Home\",\"item\":\"https:\/\/bertolinidirect.com\/\"},{\"@type\":\"ListItem\",\"position\":2,\"name\":\"Press &amp; News\",\"item\":\"https:\/\/bertolinidirect.com\/press\"},{\"@type\":\"ListItem\",\"position\":3,\"name\":\"MITY Inc. Acquires Bertolini\"}]},{\"@type\":\"WebSite\",\"@id\":\"https:\/\/bertolinidirect.com\/it\/#website\",\"url\":\"https:\/\/bertolinidirect.com\/it\/\",\"name\":\"Bertolini\",\"description\":\"\",\"potentialAction\":[{\"@type\":\"SearchAction\",\"target\":{\"@type\":\"EntryPoint\",\"urlTemplate\":\"https:\/\/bertolinidirect.com\/it\/?s={search_term_string}\"},\"query-input\":{\"@type\":\"PropertyValueSpecification\",\"valueRequired\":true,\"valueName\":\"search_term_string\"}}],\"inLanguage\":\"it-IT\"}]}<\/script>\n<!-- \/ Yoast SEO Premium plugin. -->","yoast_head_json":{"title":"MITY Inc. acquisisce Bertolini | Bertolini Diretto","description":"OREM, Utah \u2014 2 gennaio 2018 MITY Inc., la societ\u00e0 madre di marchi di mobili altamente durevoli tra cui MityLite\u00ae e Holsag\u2122, ha acquisito Bertolini Inc., un&#039;azienda","robots":{"index":"index","follow":"follow","max-snippet":"max-snippet:-1","max-image-preview":"max-image-preview:large","max-video-preview":"max-video-preview:-1"},"canonical":"https:\/\/bertolinidirect.com\/it\/press\/mity-inc-aquires-bertolini\/","og_locale":"it_IT","og_type":"article","og_title":"MITY Inc. Acquires Bertolini","og_description":"OREM, Utah \u2014 January 2, 2018 MITY Inc., the parent company of highly durable furniture brands including MityLite\u00ae and Holsag\u2122, acquired Bertolini Inc., a","og_url":"https:\/\/bertolinidirect.com\/it\/press\/mity-inc-aquires-bertolini\/","og_site_name":"Bertolini Direct","article_modified_time":"2024-05-14T17:12:02+00:00","twitter_card":"summary_large_image","schema":{"@context":"https:\/\/schema.org","@graph":[{"@type":"WebPage","@id":"https:\/\/bertolinidirect.com\/it\/press\/mity-inc-aquires-bertolini","url":"https:\/\/bertolinidirect.com\/it\/press\/mity-inc-aquires-bertolini","name":"MITY Inc. acquisisce Bertolini | Bertolini Diretto","isPartOf":{"@id":"https:\/\/bertolinidirect.com\/it\/#website"},"datePublished":"2018-01-02T21:33:00+00:00","dateModified":"2024-05-14T17:12:02+00:00","description":"OREM, Utah \u2014 2 gennaio 2018 MITY Inc., la societ\u00e0 madre di marchi di mobili altamente durevoli tra cui MityLite\u00ae e Holsag\u2122, ha acquisito Bertolini Inc., un&#039;azienda","breadcrumb":{"@id":"https:\/\/bertolinidirect.com\/it\/press\/mity-inc-aquires-bertolini#breadcrumb"},"inLanguage":"it-IT","potentialAction":[{"@type":"ReadAction","target":["https:\/\/bertolinidirect.com\/it\/press\/mity-inc-aquires-bertolini"]}]},{"@type":"BreadcrumbList","@id":"https:\/\/bertolinidirect.com\/it\/press\/mity-inc-aquires-bertolini#breadcrumb","itemListElement":[{"@type":"ListItem","position":1,"name":"Home","item":"https:\/\/bertolinidirect.com\/"},{"@type":"ListItem","position":2,"name":"Press &amp; News","item":"https:\/\/bertolinidirect.com\/press"},{"@type":"ListItem","position":3,"name":"MITY Inc. Acquires Bertolini"}]},{"@type":"WebSite","@id":"https:\/\/bertolinidirect.com\/it\/#website","url":"https:\/\/bertolinidirect.com\/it\/","name":"Bertolini","description":"","potentialAction":[{"@type":"SearchAction","target":{"@type":"EntryPoint","urlTemplate":"https:\/\/bertolinidirect.com\/it\/?s={search_term_string}"},"query-input":{"@type":"PropertyValueSpecification","valueRequired":true,"valueName":"search_term_string"}}],"inLanguage":"it-IT"}]}},"_links":{"self":[{"href":"https:\/\/bertolinidirect.com\/it\/wp-json\/wp\/v2\/pages\/892","targetHints":{"allow":["GET"]}}],"collection":[{"href":"https:\/\/bertolinidirect.com\/it\/wp-json\/wp\/v2\/pages"}],"about":[{"href":"https:\/\/bertolinidirect.com\/it\/wp-json\/wp\/v2\/types\/page"}],"author":[{"embeddable":true,"href":"https:\/\/bertolinidirect.com\/it\/wp-json\/wp\/v2\/users\/1"}],"replies":[{"embeddable":true,"href":"https:\/\/bertolinidirect.com\/it\/wp-json\/wp\/v2\/comments?post=892"}],"version-history":[{"count":1,"href":"https:\/\/bertolinidirect.com\/it\/wp-json\/wp\/v2\/pages\/892\/revisions"}],"predecessor-version":[{"id":895,"href":"https:\/\/bertolinidirect.com\/it\/wp-json\/wp\/v2\/pages\/892\/revisions\/895"}],"up":[{"embeddable":true,"href":"https:\/\/bertolinidirect.com\/it\/wp-json\/wp\/v2\/pages\/762"}],"wp:attachment":[{"href":"https:\/\/bertolinidirect.com\/it\/wp-json\/wp\/v2\/media?parent=892"}],"curies":[{"name":"parola chiave","href":"https:\/\/api.w.org\/{rel}","templated":true}]}}