{"id":885,"date":"2015-06-05T21:26:00","date_gmt":"2015-06-05T21:26:00","guid":{"rendered":"https:\/\/bertolinidirect.com\/?page_id=885"},"modified":"2025-11-21T23:29:02","modified_gmt":"2025-11-21T23:29:02","slug":"customer-centric-delivery","status":"publish","type":"page","link":"https:\/\/bertolinidirect.com\/it\/press\/customer-centric-delivery","title":{"rendered":"Bertolini Incorporated presenta il programma di consegna incentrato sul cliente"},"content":{"rendered":"<p><strong>Chino, California, 5 giugno 2015<\/strong><\/p>\n\n\n\n<p>Bertolini Incorporated ha introdotto un quarto camion aziendale con un rimorchio da 53 piedi rivestito di coperta. Per celebrare il loro impegno per la soddisfazione del cliente 100%, la grafica del rimorchio progettata visivamente del camion afferma chiaramente &quot;We Stand Behind Every Chair We Build&quot; e utilizza le fotografie della vita reale dei loro dipendenti dedicati che lavorano nello stabilimento di produzione di Lawrenceburg, Tennessee .<\/p>\n\n\n\n<p>PROGRAMMA DI CONSEGNA BERTOLINI \u201cWE STAND BEHEVER EVERY CHAIR WE BUILD\u201d.<\/p>\n\n\n\n<p>Il programma di consegna Bertolini incentrato sul cliente offre ai clienti il vantaggio di non doversi preoccupare di scaricare le sedie dal rimorchio, come normalmente sarebbe richiesto con quelle spedite tramite i comuni vettori. Inoltre, questo programma di consegna incentrato sul cliente supporta il programma di sostenibilit\u00e0 di Bertolini; i clienti non devono preoccuparsi di riempire il cassonetto con il cartone poich\u00e9 l&#039;autista pu\u00f2 rimuovere l&#039;imballaggio protettivo in cartone ondulato per restituirlo alla fabbrica per essere riutilizzato per spedizioni future.<\/p>\n\n\n\n<p>Il trailer iniziale verr\u00e0 utilizzato principalmente per consegne programmate a settimane alterne alla vasta base di clienti negli stati di Georgia, Florida e Texas. Invece del processo di consegna standard utilizzato dai trasportatori comuni, il programma di consegna speciale di Bertolini offre ai propri clienti il vantaggio di consentire all&#039;autista di portare a piedi le pile di sedie imballate lungo la rampa del rimorchio fino alla porta di casa.<\/p>\n\n\n\n<p>Oltre a questo nuovo semirimorchio, Bertolini, Inc. dispone gi\u00e0 di due autocarri a cassone dritto in uso per consegne entro 250 miglia dallo stabilimento di Lawrenceburg. &quot;Bertolini prevede di continuare ad espandere il proprio programma di consegna incentrato sul cliente e di offrirlo a un numero maggiore di clienti in futuro con ulteriori rimorchi da 53 piedi rivestiti in coperta e percorsi di consegna che consentiranno spedizioni in pi\u00f9 stati&quot;, afferma Gary Daniels, direttore dello stabilimento di Lawrenceburg, TN.<\/p>","protected":false},"excerpt":{"rendered":"<p>Chino, CA\u2014June 05, 2015 Bertolini Incorporated introduced a fourth company truck with a blanket-lined 53 ft. trailer. In celebration of their commitment to 100% customer satisfaction, the truck\u2019s visually designed trailer graphics clearly state, \u201cWe Stand Behind Every Chair We Build\u201d and utilize the real-life photographs of their very own dedicated employees that work in [&hellip;]<\/p>\n","protected":false},"author":1,"featured_media":0,"parent":762,"menu_order":0,"comment_status":"closed","ping_status":"closed","template":"content-page.php","meta":{"_acf_changed":false,"footnotes":""},"class_list":["post-885","page","type-page","status-publish","hentry"],"acf":[],"yoast_head":"<!-- This site is optimized with the Yoast SEO Premium plugin v24.2 (Yoast SEO v27.4) - https:\/\/yoast.com\/product\/yoast-seo-premium-wordpress\/ -->\n<title>Bertolini Inc. Introduces Customer Centric Delivery Program<\/title>\n<meta name=\"description\" content=\"Chino, CA\u2014June 05, 2015 Bertolini Incorporated introduced a fourth company truck with a blanket-lined 53 ft. trailer. In celebration of their commitment\" \/>\n<meta name=\"robots\" content=\"index, follow, max-snippet:-1, max-image-preview:large, max-video-preview:-1\" \/>\n<link rel=\"canonical\" href=\"https:\/\/bertolinidirect.com\/it\/press\/customer-centric-delivery\/\" \/>\n<meta property=\"og:locale\" content=\"it_IT\" \/>\n<meta property=\"og:type\" content=\"article\" \/>\n<meta property=\"og:title\" content=\"Bertolini Incorporated Introduces Customer Centric Delivery Program\" \/>\n<meta property=\"og:description\" content=\"Chino, CA\u2014June 05, 2015 Bertolini Incorporated introduced a fourth company truck with a blanket-lined 53 ft. trailer. In celebration of their commitment\" \/>\n<meta property=\"og:url\" content=\"https:\/\/bertolinidirect.com\/it\/press\/customer-centric-delivery\/\" \/>\n<meta property=\"og:site_name\" content=\"Bertolini Direct\" \/>\n<meta property=\"article:modified_time\" content=\"2025-11-21T23:29:02+00:00\" \/>\n<meta name=\"twitter:card\" content=\"summary_large_image\" \/>\n<script type=\"application\/ld+json\" class=\"yoast-schema-graph\">{\"@context\":\"https:\\\/\\\/schema.org\",\"@graph\":[{\"@type\":\"WebPage\",\"@id\":\"https:\\\/\\\/bertolinidirect.com\\\/it\\\/press\\\/customer-centric-delivery\",\"url\":\"https:\\\/\\\/bertolinidirect.com\\\/it\\\/press\\\/customer-centric-delivery\",\"name\":\"Bertolini Inc. Introduces Customer Centric Delivery Program\",\"isPartOf\":{\"@id\":\"https:\\\/\\\/bertolinidirect.com\\\/it\\\/#website\"},\"datePublished\":\"2015-06-05T21:26:00+00:00\",\"dateModified\":\"2025-11-21T23:29:02+00:00\",\"description\":\"Chino, CA\u2014June 05, 2015 Bertolini Incorporated introduced a fourth company truck with a blanket-lined 53 ft. trailer. In celebration of their commitment\",\"breadcrumb\":{\"@id\":\"https:\\\/\\\/bertolinidirect.com\\\/it\\\/press\\\/customer-centric-delivery#breadcrumb\"},\"inLanguage\":\"it-IT\",\"potentialAction\":[{\"@type\":\"ReadAction\",\"target\":[\"https:\\\/\\\/bertolinidirect.com\\\/it\\\/press\\\/customer-centric-delivery\"]}]},{\"@type\":\"BreadcrumbList\",\"@id\":\"https:\\\/\\\/bertolinidirect.com\\\/it\\\/press\\\/customer-centric-delivery#breadcrumb\",\"itemListElement\":[{\"@type\":\"ListItem\",\"position\":1,\"name\":\"Home\",\"item\":\"https:\\\/\\\/bertolinidirect.com\\\/\"},{\"@type\":\"ListItem\",\"position\":2,\"name\":\"Press &amp; News\",\"item\":\"https:\\\/\\\/bertolinidirect.com\\\/press\"},{\"@type\":\"ListItem\",\"position\":3,\"name\":\"Bertolini Incorporated Introduces Customer Centric Delivery Program\"}]},{\"@type\":\"WebSite\",\"@id\":\"https:\\\/\\\/bertolinidirect.com\\\/it\\\/#website\",\"url\":\"https:\\\/\\\/bertolinidirect.com\\\/it\\\/\",\"name\":\"Bertolini\",\"description\":\"\",\"potentialAction\":[{\"@type\":\"SearchAction\",\"target\":{\"@type\":\"EntryPoint\",\"urlTemplate\":\"https:\\\/\\\/bertolinidirect.com\\\/it\\\/?s={search_term_string}\"},\"query-input\":{\"@type\":\"PropertyValueSpecification\",\"valueRequired\":true,\"valueName\":\"search_term_string\"}}],\"inLanguage\":\"it-IT\"}]}<\/script>\n<!-- \/ Yoast SEO Premium plugin. -->","yoast_head_json":{"title":"Bertolini Inc. presenta il programma di consegna incentrato sul cliente","description":"Chino, CA\u201405 giugno 2015 Bertolini Incorporated ha presentato un quarto camion aziendale con un rimorchio da 53 piedi rivestito di coperta. Per celebrare il loro impegno","robots":{"index":"index","follow":"follow","max-snippet":"max-snippet:-1","max-image-preview":"max-image-preview:large","max-video-preview":"max-video-preview:-1"},"canonical":"https:\/\/bertolinidirect.com\/it\/press\/customer-centric-delivery\/","og_locale":"it_IT","og_type":"article","og_title":"Bertolini Incorporated Introduces Customer Centric Delivery Program","og_description":"Chino, CA\u2014June 05, 2015 Bertolini Incorporated introduced a fourth company truck with a blanket-lined 53 ft. trailer. In celebration of their commitment","og_url":"https:\/\/bertolinidirect.com\/it\/press\/customer-centric-delivery\/","og_site_name":"Bertolini Direct","article_modified_time":"2025-11-21T23:29:02+00:00","twitter_card":"summary_large_image","schema":{"@context":"https:\/\/schema.org","@graph":[{"@type":"WebPage","@id":"https:\/\/bertolinidirect.com\/it\/press\/customer-centric-delivery","url":"https:\/\/bertolinidirect.com\/it\/press\/customer-centric-delivery","name":"Bertolini Inc. presenta il programma di consegna incentrato sul cliente","isPartOf":{"@id":"https:\/\/bertolinidirect.com\/it\/#website"},"datePublished":"2015-06-05T21:26:00+00:00","dateModified":"2025-11-21T23:29:02+00:00","description":"Chino, CA\u201405 giugno 2015 Bertolini Incorporated ha presentato un quarto camion aziendale con un rimorchio da 53 piedi rivestito di coperta. Per celebrare il loro impegno","breadcrumb":{"@id":"https:\/\/bertolinidirect.com\/it\/press\/customer-centric-delivery#breadcrumb"},"inLanguage":"it-IT","potentialAction":[{"@type":"ReadAction","target":["https:\/\/bertolinidirect.com\/it\/press\/customer-centric-delivery"]}]},{"@type":"BreadcrumbList","@id":"https:\/\/bertolinidirect.com\/it\/press\/customer-centric-delivery#breadcrumb","itemListElement":[{"@type":"ListItem","position":1,"name":"Home","item":"https:\/\/bertolinidirect.com\/"},{"@type":"ListItem","position":2,"name":"Press &amp; News","item":"https:\/\/bertolinidirect.com\/press"},{"@type":"ListItem","position":3,"name":"Bertolini Incorporated Introduces Customer Centric Delivery Program"}]},{"@type":"WebSite","@id":"https:\/\/bertolinidirect.com\/it\/#website","url":"https:\/\/bertolinidirect.com\/it\/","name":"Bertolini","description":"","potentialAction":[{"@type":"SearchAction","target":{"@type":"EntryPoint","urlTemplate":"https:\/\/bertolinidirect.com\/it\/?s={search_term_string}"},"query-input":{"@type":"PropertyValueSpecification","valueRequired":true,"valueName":"search_term_string"}}],"inLanguage":"it-IT"}]}},"_links":{"self":[{"href":"https:\/\/bertolinidirect.com\/it\/wp-json\/wp\/v2\/pages\/885","targetHints":{"allow":["GET"]}}],"collection":[{"href":"https:\/\/bertolinidirect.com\/it\/wp-json\/wp\/v2\/pages"}],"about":[{"href":"https:\/\/bertolinidirect.com\/it\/wp-json\/wp\/v2\/types\/page"}],"author":[{"embeddable":true,"href":"https:\/\/bertolinidirect.com\/it\/wp-json\/wp\/v2\/users\/1"}],"replies":[{"embeddable":true,"href":"https:\/\/bertolinidirect.com\/it\/wp-json\/wp\/v2\/comments?post=885"}],"version-history":[{"count":1,"href":"https:\/\/bertolinidirect.com\/it\/wp-json\/wp\/v2\/pages\/885\/revisions"}],"predecessor-version":[{"id":888,"href":"https:\/\/bertolinidirect.com\/it\/wp-json\/wp\/v2\/pages\/885\/revisions\/888"}],"up":[{"embeddable":true,"href":"https:\/\/bertolinidirect.com\/it\/wp-json\/wp\/v2\/pages\/762"}],"wp:attachment":[{"href":"https:\/\/bertolinidirect.com\/it\/wp-json\/wp\/v2\/media?parent=885"}],"curies":[{"name":"parola chiave","href":"https:\/\/api.w.org\/{rel}","templated":true}]}}