{"id":882,"date":"2015-05-15T21:25:00","date_gmt":"2015-05-15T21:25:00","guid":{"rendered":"https:\/\/bertolinidirect.com\/?page_id=882"},"modified":"2024-05-16T20:41:11","modified_gmt":"2024-05-16T20:41:11","slug":"millennia-chairs","status":"publish","type":"page","link":"https:\/\/bertolinidirect.com\/it\/press\/millennia-chairs","title":{"rendered":"Bertolini produce sedie Millennia su misura per la New Hope Church"},"content":{"rendered":"<p><strong>Chino, California, 15 maggio 2015<\/strong><\/p>\n\n\n\n<p>Gli ingegneri Bertolini hanno costruito sedie da chiesa di qualit\u00e0 superiore negli Stati Uniti e il loro impegno per l&#039;eccellenza si manifesta in tutti i loro prodotti. Con oltre 50 anni di esperienza, l&#039;azienda a conduzione familiare ha fornito sedute da chiesa di alta qualit\u00e0 a una variet\u00e0 di chiese e aziende. Dalla qualit\u00e0 dei materiali utilizzati, dalle tecniche di assemblaggio innovative e dal rigoroso processo di test, le migliori sedute per chiesa vanno direttamente da loro al cliente.<\/p>\n\n\n\n<p>Pi\u00f9 recentemente, Bertolini ha avuto la pi\u00f9 grande opportunit\u00e0 di produrre e costruire su misura le sedie Millennia per Hope Church. Situata a Grand Haven, nel Michigan, la storia di Hope Church \u00e8 iniziata nel 1935. Per quasi 8 anni, Tim Taylor \u00e8 stato pastore presso Hope Church e con il suo gruppo dirigente ministeriale la loro visione \u00e8 quella di continuare a svolgere missioni e portare il meglio al mondo. Comunit\u00e0. Hope Church offre una variet\u00e0 di opportunit\u00e0 educative e spirituali tra cui il servizio domenicale, il ministero dei bambini e degli studenti, eventi orientati alla famiglia e riunioni per piccoli gruppi. \u201cGrazie alle sedie Bertolini riusciamo a far sedere di pi\u00f9 e a dare da mangiare di pi\u00f9 ogni settimana! \u00c8 stata un&#039;ottima decisione per noi&quot;, afferma il pastore Tim Taylor.<\/p>\n\n\n\n<p>La sedia Bertolini scelta per Hope Church \u00e8 il modello Millennia 4015. La sedia Millennia 4015 fonde praticit\u00e0 e struttura collaudata nel tempo. Il solido telaio a circuito chiuso \u00e8 realizzato in acciaio al carbonio laminato a freddo calibro 16 calibro 1010 saldato con precisione con barra di torsione integrata. La raffinata lavorazione del bordo posteriore arrotolato, la schiuma di tipo commerciale, l&#039;area lombare passiva imbottita e un sedile anteriore elegantemente arrotolato sono i pochi grandi vantaggi di questa sedia da chiesa dallo stile personalizzato che incontra il comfort. Bertolini prende il telaio della sedia pi\u00f9 resistente del settore e lo abbina a un rivestimento a polvere ultra resistente. Viene applicato elettrostaticamente e cotto a oltre 400 gradi e testato in acqua salata per oltre 800 ore.<\/p>","protected":false},"excerpt":{"rendered":"<p>Chino, CA\u2014May 15, 2015 Bertolini engineers superior USA built church chairs and their commitment to excellence shows in all of their products. With over 50 years of experience, the family-owned business has provided high-quality premium church seating to a variety of churches and companies. From the quality of the materials they use, their innovative assembly [&hellip;]<\/p>\n","protected":false},"author":1,"featured_media":0,"parent":762,"menu_order":0,"comment_status":"closed","ping_status":"closed","template":"content-page.php","meta":{"_acf_changed":false,"footnotes":""},"class_list":["post-882","page","type-page","status-publish","hentry"],"acf":[],"yoast_head":"<!-- This site is optimized with the Yoast SEO Premium plugin v24.2 (Yoast SEO v27.1.1) - https:\/\/yoast.com\/product\/yoast-seo-premium-wordpress\/ -->\n<title>Bertolini Manufactures Millennia Chairs for New Hope Church<\/title>\n<meta name=\"description\" content=\"Chino, CA\u2014May 15, 2015 Bertolini engineers superior USA built church chairs and their commitment to excellence shows in all of their products. With over\" \/>\n<meta name=\"robots\" content=\"index, follow, max-snippet:-1, max-image-preview:large, max-video-preview:-1\" \/>\n<link rel=\"canonical\" href=\"https:\/\/bertolinidirect.com\/it\/press\/millennia-chairs\/\" \/>\n<meta property=\"og:locale\" content=\"it_IT\" \/>\n<meta property=\"og:type\" content=\"article\" \/>\n<meta property=\"og:title\" content=\"Bertolini Manufactures Custom Built Millennia Chairs for New Hope Church\" \/>\n<meta property=\"og:description\" content=\"Chino, CA\u2014May 15, 2015 Bertolini engineers superior USA built church chairs and their commitment to excellence shows in all of their products. With over\" \/>\n<meta property=\"og:url\" content=\"https:\/\/bertolinidirect.com\/it\/press\/millennia-chairs\/\" \/>\n<meta property=\"og:site_name\" content=\"Bertolini Direct\" \/>\n<meta property=\"article:modified_time\" content=\"2024-05-16T20:41:11+00:00\" \/>\n<meta name=\"twitter:card\" content=\"summary_large_image\" \/>\n<script type=\"application\/ld+json\" class=\"yoast-schema-graph\">{\"@context\":\"https:\/\/schema.org\",\"@graph\":[{\"@type\":\"WebPage\",\"@id\":\"https:\/\/bertolinidirect.com\/it\/press\/millennia-chairs\",\"url\":\"https:\/\/bertolinidirect.com\/it\/press\/millennia-chairs\",\"name\":\"Bertolini Manufactures Millennia Chairs for New Hope Church\",\"isPartOf\":{\"@id\":\"https:\/\/bertolinidirect.com\/it\/#website\"},\"datePublished\":\"2015-05-15T21:25:00+00:00\",\"dateModified\":\"2024-05-16T20:41:11+00:00\",\"description\":\"Chino, CA\u2014May 15, 2015 Bertolini engineers superior USA built church chairs and their commitment to excellence shows in all of their products. With over\",\"breadcrumb\":{\"@id\":\"https:\/\/bertolinidirect.com\/it\/press\/millennia-chairs#breadcrumb\"},\"inLanguage\":\"it-IT\",\"potentialAction\":[{\"@type\":\"ReadAction\",\"target\":[\"https:\/\/bertolinidirect.com\/it\/press\/millennia-chairs\"]}]},{\"@type\":\"BreadcrumbList\",\"@id\":\"https:\/\/bertolinidirect.com\/it\/press\/millennia-chairs#breadcrumb\",\"itemListElement\":[{\"@type\":\"ListItem\",\"position\":1,\"name\":\"Home\",\"item\":\"https:\/\/bertolinidirect.com\/\"},{\"@type\":\"ListItem\",\"position\":2,\"name\":\"Press &amp; News\",\"item\":\"https:\/\/bertolinidirect.com\/press\"},{\"@type\":\"ListItem\",\"position\":3,\"name\":\"Bertolini Manufactures Custom Built Millennia Chairs for New Hope Church\"}]},{\"@type\":\"WebSite\",\"@id\":\"https:\/\/bertolinidirect.com\/it\/#website\",\"url\":\"https:\/\/bertolinidirect.com\/it\/\",\"name\":\"Bertolini\",\"description\":\"\",\"potentialAction\":[{\"@type\":\"SearchAction\",\"target\":{\"@type\":\"EntryPoint\",\"urlTemplate\":\"https:\/\/bertolinidirect.com\/it\/?s={search_term_string}\"},\"query-input\":{\"@type\":\"PropertyValueSpecification\",\"valueRequired\":true,\"valueName\":\"search_term_string\"}}],\"inLanguage\":\"it-IT\"}]}<\/script>\n<!-- \/ Yoast SEO Premium plugin. -->","yoast_head_json":{"title":"Bertolini produce sedie Millennia per New Hope Church","description":"Chino, CA\u201415 maggio 2015 Gli ingegneri Bertolini hanno costruito sedie da chiesa negli Stati Uniti e il loro impegno per l&#039;eccellenza \u00e8 evidente in tutti i loro prodotti. Con oltre","robots":{"index":"index","follow":"follow","max-snippet":"max-snippet:-1","max-image-preview":"max-image-preview:large","max-video-preview":"max-video-preview:-1"},"canonical":"https:\/\/bertolinidirect.com\/it\/press\/millennia-chairs\/","og_locale":"it_IT","og_type":"article","og_title":"Bertolini Manufactures Custom Built Millennia Chairs for New Hope Church","og_description":"Chino, CA\u2014May 15, 2015 Bertolini engineers superior USA built church chairs and their commitment to excellence shows in all of their products. With over","og_url":"https:\/\/bertolinidirect.com\/it\/press\/millennia-chairs\/","og_site_name":"Bertolini Direct","article_modified_time":"2024-05-16T20:41:11+00:00","twitter_card":"summary_large_image","schema":{"@context":"https:\/\/schema.org","@graph":[{"@type":"WebPage","@id":"https:\/\/bertolinidirect.com\/it\/press\/millennia-chairs","url":"https:\/\/bertolinidirect.com\/it\/press\/millennia-chairs","name":"Bertolini produce sedie Millennia per New Hope Church","isPartOf":{"@id":"https:\/\/bertolinidirect.com\/it\/#website"},"datePublished":"2015-05-15T21:25:00+00:00","dateModified":"2024-05-16T20:41:11+00:00","description":"Chino, CA\u201415 maggio 2015 Gli ingegneri Bertolini hanno costruito sedie da chiesa negli Stati Uniti e il loro impegno per l&#039;eccellenza \u00e8 evidente in tutti i loro prodotti. Con oltre","breadcrumb":{"@id":"https:\/\/bertolinidirect.com\/it\/press\/millennia-chairs#breadcrumb"},"inLanguage":"it-IT","potentialAction":[{"@type":"ReadAction","target":["https:\/\/bertolinidirect.com\/it\/press\/millennia-chairs"]}]},{"@type":"BreadcrumbList","@id":"https:\/\/bertolinidirect.com\/it\/press\/millennia-chairs#breadcrumb","itemListElement":[{"@type":"ListItem","position":1,"name":"Home","item":"https:\/\/bertolinidirect.com\/"},{"@type":"ListItem","position":2,"name":"Press &amp; News","item":"https:\/\/bertolinidirect.com\/press"},{"@type":"ListItem","position":3,"name":"Bertolini Manufactures Custom Built Millennia Chairs for New Hope Church"}]},{"@type":"WebSite","@id":"https:\/\/bertolinidirect.com\/it\/#website","url":"https:\/\/bertolinidirect.com\/it\/","name":"Bertolini","description":"","potentialAction":[{"@type":"SearchAction","target":{"@type":"EntryPoint","urlTemplate":"https:\/\/bertolinidirect.com\/it\/?s={search_term_string}"},"query-input":{"@type":"PropertyValueSpecification","valueRequired":true,"valueName":"search_term_string"}}],"inLanguage":"it-IT"}]}},"_links":{"self":[{"href":"https:\/\/bertolinidirect.com\/it\/wp-json\/wp\/v2\/pages\/882","targetHints":{"allow":["GET"]}}],"collection":[{"href":"https:\/\/bertolinidirect.com\/it\/wp-json\/wp\/v2\/pages"}],"about":[{"href":"https:\/\/bertolinidirect.com\/it\/wp-json\/wp\/v2\/types\/page"}],"author":[{"embeddable":true,"href":"https:\/\/bertolinidirect.com\/it\/wp-json\/wp\/v2\/users\/1"}],"replies":[{"embeddable":true,"href":"https:\/\/bertolinidirect.com\/it\/wp-json\/wp\/v2\/comments?post=882"}],"version-history":[{"count":1,"href":"https:\/\/bertolinidirect.com\/it\/wp-json\/wp\/v2\/pages\/882\/revisions"}],"predecessor-version":[{"id":883,"href":"https:\/\/bertolinidirect.com\/it\/wp-json\/wp\/v2\/pages\/882\/revisions\/883"}],"up":[{"embeddable":true,"href":"https:\/\/bertolinidirect.com\/it\/wp-json\/wp\/v2\/pages\/762"}],"wp:attachment":[{"href":"https:\/\/bertolinidirect.com\/it\/wp-json\/wp\/v2\/media?parent=882"}],"curies":[{"name":"parola chiave","href":"https:\/\/api.w.org\/{rel}","templated":true}]}}