{"id":879,"date":"2014-11-06T21:24:00","date_gmt":"2014-11-06T21:24:00","guid":{"rendered":"https:\/\/bertolinidirect.com\/?page_id=879"},"modified":"2026-01-29T15:29:35","modified_gmt":"2026-01-29T15:29:35","slug":"2-million-impressions","status":"publish","type":"page","link":"https:\/\/bertolinidirect.com\/it\/press\/2-million-impressions","title":{"rendered":"Bertolini festeggia oltre 2 milioni di sedie da chiesa della serie Impressions\u2122 vendute"},"content":{"rendered":"<p><strong>Chino, California, 6 novembre 2014<\/strong><\/p>\n\n\n\n<p>Gli ingegneri Bertolini hanno costruito sedie da chiesa di qualit\u00e0 superiore negli Stati Uniti e il loro impegno per l&#039;eccellenza si manifesta in tutti i loro prodotti. Con oltre 50 anni di esperienza, l&#039;azienda a conduzione familiare ha fornito sedute da chiesa di alta qualit\u00e0 a una variet\u00e0 di chiese e aziende. Dalla qualit\u00e0 dei materiali utilizzati, dalle tecniche di assemblaggio innovative e dal rigoroso processo di test, le migliori sedute per chiesa vanno direttamente da loro al cliente.<\/p>\n\n\n\n<p>Pi\u00f9 recentemente, Bertolini ha celebrato il suo marchio con oltre 2 milioni di sedie da chiesa della serie Impressions\u2122 vendute. La sedia da chiesa della serie Impressions\u2122 \u00e8 stata progettata nel 2004 e solo i materiali della massima qualit\u00e0 vengono utilizzati nella sedia della serie Impressions\u2122, che si adatta al corpo per un comfort ottimale, mentre la struttura sana garantisce una durata straordinaria. Il design unico di Bertolini rende la sedia da chiesa della serie Impressions\u2122 l&#039;unica sedia da chiesa impilabile a banco esente da manutenzione disponibile. Il sedile Flex-Fit\u2122 e il sistema di fissaggio Fit-Tight\u2122 con tecnologia BosScrew\u2122 presentano un vero design ergonomico per un comfort di seduta ottimale e un&#039;incredibile durata.<\/p>\n\n\n\n<p>Tutti i modelli della serie Impressions\u2122 sono dotati di uno dei sistemi di supporto per la schiena pi\u00f9 resistenti e confortevoli di Bertolini. Lo schienale sagomato si integra perfettamente con la seduta Flex-Fit\u2122, caratterizzata da una forma a S, con l&#039;esclusiva imbottitura in schiuma da 2 libbre e la seduta anteriore imbottita di Bertolini, per offrire un comfort che dura tutto il giorno. La base dello schienale offre caratteristiche di comfort e supporto solitamente non presenti nelle sedute impilabili; la sua forma multi-contornata si adatta a persone di tutte le taglie e corporature, sostenendo la parte bassa della schiena e cullando delicatamente la parte superiore delle spalle. Bertolini completa la base dello schienale con la raffinata sartorialit\u00e0 e l&#039;imbottitura morbida necessarie per un comfort davvero ineguagliabile.<\/p>\n\n\n\n<p>Le sedie da chiesa della serie Impressions\u2122 di Bertolini sono costruite negli Stati Uniti. Sono di provenienza locale con componenti come acciaio statunitense riciclabile, imbottitura in schiuma di origine biologica e polimeri dei sedili riciclati postindustriali 30+%. Fornisce il telaio pi\u00f9 resistente del settore con acciaio laminato a freddo calibro 16 1010 con raggio e solido sistema di barre di torsione integrati. La finitura del telaio offre un rivestimento in polvere ultra resistente applicato elettrostaticamente e cotto a oltre 400 gradi, testato con acqua salata per oltre 800 ore.<\/p>\n\n\n\n<p>\u201c&quot;Consiglio spesso la serie Impressions\u2122; tutti amano il comfort, l&#039;eleganza e la resistenza che mettiamo in una sedia impilabile per banchi. La gente non riesce a smettere di parlare di quanto sia comoda! Sono questi i momenti in cui tutto il mio impegno viene ripagato; alla fine, per me si tratta di fornire il miglior strumento possibile alle chiese per raggiungere la propria comunit\u00e0 con maggiore successo&quot;, afferma Trevor White, Senior Product Specialist per la regione degli Stati Uniti orientali e del Canada.<\/p>","protected":false},"excerpt":{"rendered":"<p>Chino, CA\u2014November 06, 2014 Bertolini offers a large selection of superior USA built chairs. Their commitment to excellence shows in all of their products. From the quality of the materials they use, their innovative assembly techniques and rigorous testing process, the best church seating goes directly from them to the customer. With over 50 years [&hellip;]<\/p>\n","protected":false},"author":1,"featured_media":0,"parent":762,"menu_order":0,"comment_status":"closed","ping_status":"closed","template":"content-page.php","meta":{"_acf_changed":false,"footnotes":""},"class_list":["post-879","page","type-page","status-publish","hentry"],"acf":[],"yoast_head":"<!-- This site is optimized with the Yoast SEO Premium plugin v24.2 (Yoast SEO v27.1.1) - https:\/\/yoast.com\/product\/yoast-seo-premium-wordpress\/ -->\n<title>Bertolini Celebrates Over 2 Million Impressions\u2122 Church Chairs Sold<\/title>\n<meta name=\"description\" content=\"Chino, CA\u2014November 06, 2014 Bertolini offers a large selection of superior USA built chairs. Their commitment to excellence shows in all of their\" \/>\n<meta name=\"robots\" content=\"index, follow, max-snippet:-1, max-image-preview:large, max-video-preview:-1\" \/>\n<link rel=\"canonical\" href=\"https:\/\/bertolinidirect.com\/it\/press\/2-million-impressions\/\" \/>\n<meta property=\"og:locale\" content=\"it_IT\" \/>\n<meta property=\"og:type\" content=\"article\" \/>\n<meta property=\"og:title\" content=\"Bertolini Celebrates Over 2 Million Impressions\u2122 Series Church Chairs Sold\" \/>\n<meta property=\"og:description\" content=\"Chino, CA\u2014November 06, 2014 Bertolini offers a large selection of superior USA built chairs. Their commitment to excellence shows in all of their\" \/>\n<meta property=\"og:url\" content=\"https:\/\/bertolinidirect.com\/it\/press\/2-million-impressions\/\" \/>\n<meta property=\"og:site_name\" content=\"Bertolini Direct\" \/>\n<meta property=\"article:modified_time\" content=\"2026-01-29T15:29:35+00:00\" \/>\n<meta name=\"twitter:card\" content=\"summary_large_image\" \/>\n<script type=\"application\/ld+json\" class=\"yoast-schema-graph\">{\"@context\":\"https:\/\/schema.org\",\"@graph\":[{\"@type\":\"WebPage\",\"@id\":\"https:\/\/bertolinidirect.com\/it\/press\/2-million-impressions\",\"url\":\"https:\/\/bertolinidirect.com\/it\/press\/2-million-impressions\",\"name\":\"Bertolini Celebrates Over 2 Million Impressions\u2122 Church Chairs Sold\",\"isPartOf\":{\"@id\":\"https:\/\/bertolinidirect.com\/it\/#website\"},\"datePublished\":\"2014-11-06T21:24:00+00:00\",\"dateModified\":\"2026-01-29T15:29:35+00:00\",\"description\":\"Chino, CA\u2014November 06, 2014 Bertolini offers a large selection of superior USA built chairs. Their commitment to excellence shows in all of their\",\"breadcrumb\":{\"@id\":\"https:\/\/bertolinidirect.com\/it\/press\/2-million-impressions#breadcrumb\"},\"inLanguage\":\"it-IT\",\"potentialAction\":[{\"@type\":\"ReadAction\",\"target\":[\"https:\/\/bertolinidirect.com\/it\/press\/2-million-impressions\"]}]},{\"@type\":\"BreadcrumbList\",\"@id\":\"https:\/\/bertolinidirect.com\/it\/press\/2-million-impressions#breadcrumb\",\"itemListElement\":[{\"@type\":\"ListItem\",\"position\":1,\"name\":\"Home\",\"item\":\"https:\/\/bertolinidirect.com\/\"},{\"@type\":\"ListItem\",\"position\":2,\"name\":\"Press &amp; News\",\"item\":\"https:\/\/bertolinidirect.com\/press\"},{\"@type\":\"ListItem\",\"position\":3,\"name\":\"Bertolini Celebrates Over 2 Million Impressions\u2122 Series Church Chairs Sold\"}]},{\"@type\":\"WebSite\",\"@id\":\"https:\/\/bertolinidirect.com\/it\/#website\",\"url\":\"https:\/\/bertolinidirect.com\/it\/\",\"name\":\"Bertolini\",\"description\":\"\",\"potentialAction\":[{\"@type\":\"SearchAction\",\"target\":{\"@type\":\"EntryPoint\",\"urlTemplate\":\"https:\/\/bertolinidirect.com\/it\/?s={search_term_string}\"},\"query-input\":{\"@type\":\"PropertyValueSpecification\",\"valueRequired\":true,\"valueName\":\"search_term_string\"}}],\"inLanguage\":\"it-IT\"}]}<\/script>\n<!-- \/ Yoast SEO Premium plugin. -->","yoast_head_json":{"title":"Bertolini festeggia oltre 2 milioni di sedie da chiesa della serie Impressions\u2122 vendute","description":"Chino, CA\u201405 settembre 2014 Bertolini offre un&#039;ampia selezione di sedie di qualit\u00e0 superiore costruite negli Stati Uniti. Il loro impegno per l&#039;eccellenza si manifesta in tutti loro","robots":{"index":"index","follow":"follow","max-snippet":"max-snippet:-1","max-image-preview":"max-image-preview:large","max-video-preview":"max-video-preview:-1"},"canonical":"https:\/\/bertolinidirect.com\/it\/press\/2-million-impressions\/","og_locale":"it_IT","og_type":"article","og_title":"Bertolini Celebrates Over 2 Million Impressions\u2122 Series Church Chairs Sold","og_description":"Chino, CA\u2014November 06, 2014 Bertolini offers a large selection of superior USA built chairs. Their commitment to excellence shows in all of their","og_url":"https:\/\/bertolinidirect.com\/it\/press\/2-million-impressions\/","og_site_name":"Bertolini Direct","article_modified_time":"2026-01-29T15:29:35+00:00","twitter_card":"summary_large_image","schema":{"@context":"https:\/\/schema.org","@graph":[{"@type":"WebPage","@id":"https:\/\/bertolinidirect.com\/it\/press\/2-million-impressions","url":"https:\/\/bertolinidirect.com\/it\/press\/2-million-impressions","name":"Bertolini festeggia oltre 2 milioni di sedie da chiesa della serie Impressions\u2122 vendute","isPartOf":{"@id":"https:\/\/bertolinidirect.com\/it\/#website"},"datePublished":"2014-11-06T21:24:00+00:00","dateModified":"2026-01-29T15:29:35+00:00","description":"Chino, CA\u201405 settembre 2014 Bertolini offre un&#039;ampia selezione di sedie di qualit\u00e0 superiore costruite negli Stati Uniti. Il loro impegno per l&#039;eccellenza si manifesta in tutti loro","breadcrumb":{"@id":"https:\/\/bertolinidirect.com\/it\/press\/2-million-impressions#breadcrumb"},"inLanguage":"it-IT","potentialAction":[{"@type":"ReadAction","target":["https:\/\/bertolinidirect.com\/it\/press\/2-million-impressions"]}]},{"@type":"BreadcrumbList","@id":"https:\/\/bertolinidirect.com\/it\/press\/2-million-impressions#breadcrumb","itemListElement":[{"@type":"ListItem","position":1,"name":"Home","item":"https:\/\/bertolinidirect.com\/"},{"@type":"ListItem","position":2,"name":"Press &amp; News","item":"https:\/\/bertolinidirect.com\/press"},{"@type":"ListItem","position":3,"name":"Bertolini Celebrates Over 2 Million Impressions\u2122 Series Church Chairs Sold"}]},{"@type":"WebSite","@id":"https:\/\/bertolinidirect.com\/it\/#website","url":"https:\/\/bertolinidirect.com\/it\/","name":"Bertolini","description":"","potentialAction":[{"@type":"SearchAction","target":{"@type":"EntryPoint","urlTemplate":"https:\/\/bertolinidirect.com\/it\/?s={search_term_string}"},"query-input":{"@type":"PropertyValueSpecification","valueRequired":true,"valueName":"search_term_string"}}],"inLanguage":"it-IT"}]}},"_links":{"self":[{"href":"https:\/\/bertolinidirect.com\/it\/wp-json\/wp\/v2\/pages\/879","targetHints":{"allow":["GET"]}}],"collection":[{"href":"https:\/\/bertolinidirect.com\/it\/wp-json\/wp\/v2\/pages"}],"about":[{"href":"https:\/\/bertolinidirect.com\/it\/wp-json\/wp\/v2\/types\/page"}],"author":[{"embeddable":true,"href":"https:\/\/bertolinidirect.com\/it\/wp-json\/wp\/v2\/users\/1"}],"replies":[{"embeddable":true,"href":"https:\/\/bertolinidirect.com\/it\/wp-json\/wp\/v2\/comments?post=879"}],"version-history":[{"count":2,"href":"https:\/\/bertolinidirect.com\/it\/wp-json\/wp\/v2\/pages\/879\/revisions"}],"predecessor-version":[{"id":24695,"href":"https:\/\/bertolinidirect.com\/it\/wp-json\/wp\/v2\/pages\/879\/revisions\/24695"}],"up":[{"embeddable":true,"href":"https:\/\/bertolinidirect.com\/it\/wp-json\/wp\/v2\/pages\/762"}],"wp:attachment":[{"href":"https:\/\/bertolinidirect.com\/it\/wp-json\/wp\/v2\/media?parent=879"}],"curies":[{"name":"parola chiave","href":"https:\/\/api.w.org\/{rel}","templated":true}]}}