{"id":875,"date":"2014-09-05T21:22:00","date_gmt":"2014-09-05T21:22:00","guid":{"rendered":"https:\/\/bertolinidirect.com\/?page_id=875"},"modified":"2024-05-16T20:38:30","modified_gmt":"2024-05-16T20:38:30","slug":"postureflex-chairs","status":"publish","type":"page","link":"https:\/\/bertolinidirect.com\/it\/press\/postureflex-chairs","title":{"rendered":"Bertolini produce sedie Postureflex personalizzate per Chabad di North Hollywood"},"content":{"rendered":"<p><strong>Chino, California, 5 settembre 2014<\/strong><\/p>\n\n\n\n<p>Gli ingegneri Bertolini hanno costruito sedie da chiesa di qualit\u00e0 superiore negli Stati Uniti e il loro impegno per l&#039;eccellenza si manifesta in tutti i loro prodotti. Con oltre 50 anni di esperienza, l&#039;azienda a conduzione familiare ha fornito sedute da chiesa di alta qualit\u00e0 a una variet\u00e0 di chiese e aziende. Dalla qualit\u00e0 dei materiali utilizzati, dalle tecniche di assemblaggio innovative e dal rigoroso processo di test, le migliori sedute per chiesa vanno direttamente da loro al cliente.<\/p>\n\n\n\n<p>Pi\u00f9 recentemente, Bertolini ha avuto la pi\u00f9 grande opportunit\u00e0 di produrre e costruire su misura le sedie Postureflex per Chabad di North Hollywood. \u201c\u00c8 stato un piacere lavorare con Chabad di North Hollywood: sempre gentile e professionale. Sapevano fin dall&#039;inizio di volere l&#039;eleganza e la sedia Bertolini che hanno selezionato ha un tocco di eleganza come nessun&#039;altra&quot;, afferma Carol Brown, Senior Product Specialist.<\/p>\n\n\n\n<p>Chabad di North Hollywood \u00e8 diventato un centro popolare per la comunit\u00e0 ebraica di ogni provenienza che vuole saperne di pi\u00f9 sulle proprie radici ebraiche. Situato a North Hollywood, in California, Chabad offre un&#039;ampia variet\u00e0 di opportunit\u00e0 educative e spirituali, tra cui lezioni e conferenze sulla Torah, cene Shabbaton e una serie di attivit\u00e0 familiari e sociali.<\/p>\n\n\n\n<p>La sedia Bertolini scelta per Chabad di North Hollywood \u00e8 il modello Postureflex 91682. La sedia Postureflex\u2122 SFB (Steel Frame Back) 91682 ottiene i suoi spunti stilistici unici combinando i tradizionali schienali sagomati con una colonna vertebrale center-flex per produrre un look distintivo. Questa sedia impilabile unisce il comfort di una colonna vertebrale center-flex e di uno schienale sagomato con le caratteristiche ergonomiche del sedile in polimero Flex-Fit\u2122 brevettato da Bertolini e una generosa porzione di esclusiva schiuma BLU di grado commerciale per offrire un comfort di seduta senza compromessi. Sotto il suo esterno liscio si trova la struttura di seduta pi\u00f9 durevole e sostenibile del settore. Bertolini prende il telaio della sedia pi\u00f9 resistente del settore e aggiunge il sedile Flex-Fit\u2122 a manutenzione ZERO con la tecnologia BosScrew\u2122 per una durata solida come la roccia. Tutto ci\u00f2 produce una sedia straordinaria che dura pi\u00f9 a lungo e necessita di essere sostituita meno spesso. Ultimo ma non meno importante, la finitura del telaio offre un rivestimento in polvere ultra resistente applicato elettrostaticamente e cotto a oltre 400 gradi, testato in acqua salata per oltre 800 ore.<\/p>\n\n\n\n<p>Bertolini \u00e8 leader nel design nell&#039;uso del design di sedie ergonomicamente corretto e nella sua tecnologia di progettazione di sedili Flex fit per le chiese. Le loro sedie sono leggere e resistenti. La loro esperienza nella produzione di sedute impilabili di qualit\u00e0 e l&#039;impegno per un servizio clienti di qualit\u00e0 superiore conquistano l&#039;apprezzamento delle congregazioni di tutto il mondo.<\/p>","protected":false},"excerpt":{"rendered":"<p>Chino, CA\u2014September 05, 2014 Bertolini offers a large selection of superior USA built chairs. Their commitment to excellence shows in all of their products. From the quality of the materials they use, their innovative assembly techniques and rigorous testing process, the best church seating goes directly from them to the customer. With over 50 years [&hellip;]<\/p>\n","protected":false},"author":1,"featured_media":0,"parent":762,"menu_order":0,"comment_status":"closed","ping_status":"closed","template":"content-page.php","meta":{"_acf_changed":false,"footnotes":""},"class_list":["post-875","page","type-page","status-publish","hentry"],"acf":[],"yoast_head":"<!-- This site is optimized with the Yoast SEO Premium plugin v24.2 (Yoast SEO v27.4) - https:\/\/yoast.com\/product\/yoast-seo-premium-wordpress\/ -->\n<title>Bertolini Manufactures Postureflex Chairs For North Hollywood<\/title>\n<meta name=\"description\" content=\"Chino, CA\u2014September 05, 2014 Bertolini offers a large selection of superior USA built chairs. Their commitment to excellence shows in all of their\" \/>\n<meta name=\"robots\" content=\"index, follow, max-snippet:-1, max-image-preview:large, max-video-preview:-1\" \/>\n<link rel=\"canonical\" href=\"https:\/\/bertolinidirect.com\/it\/press\/postureflex-chairs\/\" \/>\n<meta property=\"og:locale\" content=\"it_IT\" \/>\n<meta property=\"og:type\" content=\"article\" \/>\n<meta property=\"og:title\" content=\"Bertolini Manufactures Custom Built Postureflex Chairs For Chabad of North Hollywood\" \/>\n<meta property=\"og:description\" content=\"Chino, CA\u2014September 05, 2014 Bertolini offers a large selection of superior USA built chairs. Their commitment to excellence shows in all of their\" \/>\n<meta property=\"og:url\" content=\"https:\/\/bertolinidirect.com\/it\/press\/postureflex-chairs\/\" \/>\n<meta property=\"og:site_name\" content=\"Bertolini Direct\" \/>\n<meta property=\"article:modified_time\" content=\"2024-05-16T20:38:30+00:00\" \/>\n<meta name=\"twitter:card\" content=\"summary_large_image\" \/>\n<script type=\"application\/ld+json\" class=\"yoast-schema-graph\">{\"@context\":\"https:\\\/\\\/schema.org\",\"@graph\":[{\"@type\":\"WebPage\",\"@id\":\"https:\\\/\\\/bertolinidirect.com\\\/it\\\/press\\\/postureflex-chairs\",\"url\":\"https:\\\/\\\/bertolinidirect.com\\\/it\\\/press\\\/postureflex-chairs\",\"name\":\"Bertolini Manufactures Postureflex Chairs For North Hollywood\",\"isPartOf\":{\"@id\":\"https:\\\/\\\/bertolinidirect.com\\\/it\\\/#website\"},\"datePublished\":\"2014-09-05T21:22:00+00:00\",\"dateModified\":\"2024-05-16T20:38:30+00:00\",\"description\":\"Chino, CA\u2014September 05, 2014 Bertolini offers a large selection of superior USA built chairs. Their commitment to excellence shows in all of their\",\"breadcrumb\":{\"@id\":\"https:\\\/\\\/bertolinidirect.com\\\/it\\\/press\\\/postureflex-chairs#breadcrumb\"},\"inLanguage\":\"it-IT\",\"potentialAction\":[{\"@type\":\"ReadAction\",\"target\":[\"https:\\\/\\\/bertolinidirect.com\\\/it\\\/press\\\/postureflex-chairs\"]}]},{\"@type\":\"BreadcrumbList\",\"@id\":\"https:\\\/\\\/bertolinidirect.com\\\/it\\\/press\\\/postureflex-chairs#breadcrumb\",\"itemListElement\":[{\"@type\":\"ListItem\",\"position\":1,\"name\":\"Home\",\"item\":\"https:\\\/\\\/bertolinidirect.com\\\/\"},{\"@type\":\"ListItem\",\"position\":2,\"name\":\"Press &amp; News\",\"item\":\"https:\\\/\\\/bertolinidirect.com\\\/press\"},{\"@type\":\"ListItem\",\"position\":3,\"name\":\"Bertolini Manufactures Custom Built Postureflex Chairs For Chabad of North Hollywood\"}]},{\"@type\":\"WebSite\",\"@id\":\"https:\\\/\\\/bertolinidirect.com\\\/it\\\/#website\",\"url\":\"https:\\\/\\\/bertolinidirect.com\\\/it\\\/\",\"name\":\"Bertolini\",\"description\":\"\",\"potentialAction\":[{\"@type\":\"SearchAction\",\"target\":{\"@type\":\"EntryPoint\",\"urlTemplate\":\"https:\\\/\\\/bertolinidirect.com\\\/it\\\/?s={search_term_string}\"},\"query-input\":{\"@type\":\"PropertyValueSpecification\",\"valueRequired\":true,\"valueName\":\"search_term_string\"}}],\"inLanguage\":\"it-IT\"}]}<\/script>\n<!-- \/ Yoast SEO Premium plugin. -->","yoast_head_json":{"title":"Bertolini produce sedie Postureflex per North Hollywood","description":"Chino, CA\u201405 settembre 2014 Bertolini offre un&#039;ampia selezione di sedie di qualit\u00e0 superiore costruite negli Stati Uniti. Il loro impegno per l&#039;eccellenza si manifesta in tutti loro","robots":{"index":"index","follow":"follow","max-snippet":"max-snippet:-1","max-image-preview":"max-image-preview:large","max-video-preview":"max-video-preview:-1"},"canonical":"https:\/\/bertolinidirect.com\/it\/press\/postureflex-chairs\/","og_locale":"it_IT","og_type":"article","og_title":"Bertolini Manufactures Custom Built Postureflex Chairs For Chabad of North Hollywood","og_description":"Chino, CA\u2014September 05, 2014 Bertolini offers a large selection of superior USA built chairs. Their commitment to excellence shows in all of their","og_url":"https:\/\/bertolinidirect.com\/it\/press\/postureflex-chairs\/","og_site_name":"Bertolini Direct","article_modified_time":"2024-05-16T20:38:30+00:00","twitter_card":"summary_large_image","schema":{"@context":"https:\/\/schema.org","@graph":[{"@type":"WebPage","@id":"https:\/\/bertolinidirect.com\/it\/press\/postureflex-chairs","url":"https:\/\/bertolinidirect.com\/it\/press\/postureflex-chairs","name":"Bertolini produce sedie Postureflex per North Hollywood","isPartOf":{"@id":"https:\/\/bertolinidirect.com\/it\/#website"},"datePublished":"2014-09-05T21:22:00+00:00","dateModified":"2024-05-16T20:38:30+00:00","description":"Chino, CA\u201405 settembre 2014 Bertolini offre un&#039;ampia selezione di sedie di qualit\u00e0 superiore costruite negli Stati Uniti. Il loro impegno per l&#039;eccellenza si manifesta in tutti loro","breadcrumb":{"@id":"https:\/\/bertolinidirect.com\/it\/press\/postureflex-chairs#breadcrumb"},"inLanguage":"it-IT","potentialAction":[{"@type":"ReadAction","target":["https:\/\/bertolinidirect.com\/it\/press\/postureflex-chairs"]}]},{"@type":"BreadcrumbList","@id":"https:\/\/bertolinidirect.com\/it\/press\/postureflex-chairs#breadcrumb","itemListElement":[{"@type":"ListItem","position":1,"name":"Home","item":"https:\/\/bertolinidirect.com\/"},{"@type":"ListItem","position":2,"name":"Press &amp; News","item":"https:\/\/bertolinidirect.com\/press"},{"@type":"ListItem","position":3,"name":"Bertolini Manufactures Custom Built Postureflex Chairs For Chabad of North Hollywood"}]},{"@type":"WebSite","@id":"https:\/\/bertolinidirect.com\/it\/#website","url":"https:\/\/bertolinidirect.com\/it\/","name":"Bertolini","description":"","potentialAction":[{"@type":"SearchAction","target":{"@type":"EntryPoint","urlTemplate":"https:\/\/bertolinidirect.com\/it\/?s={search_term_string}"},"query-input":{"@type":"PropertyValueSpecification","valueRequired":true,"valueName":"search_term_string"}}],"inLanguage":"it-IT"}]}},"_links":{"self":[{"href":"https:\/\/bertolinidirect.com\/it\/wp-json\/wp\/v2\/pages\/875","targetHints":{"allow":["GET"]}}],"collection":[{"href":"https:\/\/bertolinidirect.com\/it\/wp-json\/wp\/v2\/pages"}],"about":[{"href":"https:\/\/bertolinidirect.com\/it\/wp-json\/wp\/v2\/types\/page"}],"author":[{"embeddable":true,"href":"https:\/\/bertolinidirect.com\/it\/wp-json\/wp\/v2\/users\/1"}],"replies":[{"embeddable":true,"href":"https:\/\/bertolinidirect.com\/it\/wp-json\/wp\/v2\/comments?post=875"}],"version-history":[{"count":1,"href":"https:\/\/bertolinidirect.com\/it\/wp-json\/wp\/v2\/pages\/875\/revisions"}],"predecessor-version":[{"id":876,"href":"https:\/\/bertolinidirect.com\/it\/wp-json\/wp\/v2\/pages\/875\/revisions\/876"}],"up":[{"embeddable":true,"href":"https:\/\/bertolinidirect.com\/it\/wp-json\/wp\/v2\/pages\/762"}],"wp:attachment":[{"href":"https:\/\/bertolinidirect.com\/it\/wp-json\/wp\/v2\/media?parent=875"}],"curies":[{"name":"parola chiave","href":"https:\/\/api.w.org\/{rel}","templated":true}]}}