{"id":867,"date":"2014-06-12T21:19:00","date_gmt":"2014-06-12T21:19:00","guid":{"rendered":"https:\/\/bertolinidirect.com\/?page_id=867"},"modified":"2025-11-21T23:19:10","modified_gmt":"2025-11-21T23:19:10","slug":"card-pencil-holder","status":"publish","type":"page","link":"https:\/\/bertolinidirect.com\/it\/press\/card-pencil-holder","title":{"rendered":"Bertolini rilascia un portapenne per carte in attesa di brevetto"},"content":{"rendered":"<p><strong>Chino, California, 12 giugno 2014<\/strong><\/p>\n\n\n\n<p>Bertolini \u00e8 orgogliosa di presentare la sua ultima innovazione negli accessori per sedie da chiesa, il portamatite in attesa di brevetto con dispenser per biglietti da visita integrato e portabicchieri da comunione retrattile. Mentre i portapenne in cartoncino esistono gi\u00e0 da tempo, Bertolini ha adottato un approccio nuovo e ha creato un accessorio per sedia da chiesa davvero innovativo ed estremamente funzionale.<\/p>\n\n\n\n<p>Il portabicchieri da comunione si abbassa per contenere le tazze da comunione e si solleva per mantenere un profilo sottile che non interferisce con l&#039;impilabilit\u00e0 della sedia da chiesa. Di fronte al portabicchieri da comunione ci sono due slot per matite per contenere matite o penne standard, da golf e pi\u00f9 grandi. Lo scomparto principale ha molto spazio e pu\u00f2 contenere opuscoli grandi di dimensioni 8,5 x 11, opuscoli pi\u00f9 piccoli e persino buste. Per le chiese che utilizzano inviti formato biglietto da visita \u00e8 disponibile uno slot dedicato per mantenere tali inviti ordinati e accessibili. &quot;Progettata e prodotta negli Stati Uniti, Bertolini ha ideato un altro prodotto vincente per le sedie da chiesa&quot;, afferma Chuck Horn, presidente di Bertolini Incorporated.<\/p>\n\n\n\n<p>Il portabicchieri per comunione con matita e cartoncino aggiuntivo \u00e8 ora disponibile. Bertolini fornisce al cliente la descrizione del prodotto, le specifiche, i tempi di consegna e le informazioni sulla garanzia. \u00c8 inoltre disponibile un video dimostrativo per consentire al cliente di essere guidato con istruzioni passo passo su come installare il portapenne in cartoncino sullo schienale della sedia della chiesa. Questo prodotto ha un numero di brevetto in attesa e deve essere presentato come segue: Brevetto in attesa US61\/904,933.<\/p>\n\n\n\n<p>Bertolini \u00e8 leader nel design nell&#039;uso del design di sedie ergonomicamente corretto e nella sua tecnologia di progettazione di sedili Flex fit per le chiese. Le loro sedie sono leggere e resistenti. La loro esperienza nella produzione di sedute impilabili di qualit\u00e0 e l&#039;impegno per un servizio clienti di qualit\u00e0 superiore conquistano l&#039;apprezzamento delle congregazioni di tutto il mondo.<\/p>","protected":false},"excerpt":{"rendered":"<p>Chino, CA\u2014June 12, 2014 Bertolini is proud to introduce its latest innovative in church chair accessories, the patent pending card pencil holder with integrated business card dispenser and retractable communion cup holder. While card pencil holders have been around for a while, Bertolini has taken a fresh approach and created a church chair accessory that [&hellip;]<\/p>\n","protected":false},"author":1,"featured_media":0,"parent":762,"menu_order":0,"comment_status":"closed","ping_status":"closed","template":"content-page.php","meta":{"_acf_changed":false,"footnotes":""},"class_list":["post-867","page","type-page","status-publish","hentry"],"acf":[],"yoast_head":"<!-- This site is optimized with the Yoast SEO Premium plugin v24.2 (Yoast SEO v27.1.1) - https:\/\/yoast.com\/product\/yoast-seo-premium-wordpress\/ -->\n<title>Bertolini Releases a Patent Pending Card Pencil Holder<\/title>\n<meta name=\"description\" content=\"Chino, CA\u2014June 12, 2014 Bertolini is proud to introduce its latest innovative in church chair accessories, the patent pending card pencil holder with\" \/>\n<meta name=\"robots\" content=\"index, follow, max-snippet:-1, max-image-preview:large, max-video-preview:-1\" \/>\n<link rel=\"canonical\" href=\"https:\/\/bertolinidirect.com\/it\/press\/card-pencil-holder\/\" \/>\n<meta property=\"og:locale\" content=\"it_IT\" \/>\n<meta property=\"og:type\" content=\"article\" \/>\n<meta property=\"og:title\" content=\"Bertolini Releases a Patent Pending Card Pencil Holder\" \/>\n<meta property=\"og:description\" content=\"Chino, CA\u2014June 12, 2014 Bertolini is proud to introduce its latest innovative in church chair accessories, the patent pending card pencil holder with\" \/>\n<meta property=\"og:url\" content=\"https:\/\/bertolinidirect.com\/it\/press\/card-pencil-holder\/\" \/>\n<meta property=\"og:site_name\" content=\"Bertolini Direct\" \/>\n<meta property=\"article:modified_time\" content=\"2025-11-21T23:19:10+00:00\" \/>\n<meta name=\"twitter:card\" content=\"summary_large_image\" \/>\n<script type=\"application\/ld+json\" class=\"yoast-schema-graph\">{\"@context\":\"https:\/\/schema.org\",\"@graph\":[{\"@type\":\"WebPage\",\"@id\":\"https:\/\/bertolinidirect.com\/it\/press\/card-pencil-holder\",\"url\":\"https:\/\/bertolinidirect.com\/it\/press\/card-pencil-holder\",\"name\":\"Bertolini Releases a Patent Pending Card Pencil Holder\",\"isPartOf\":{\"@id\":\"https:\/\/bertolinidirect.com\/it\/#website\"},\"datePublished\":\"2014-06-12T21:19:00+00:00\",\"dateModified\":\"2025-11-21T23:19:10+00:00\",\"description\":\"Chino, CA\u2014June 12, 2014 Bertolini is proud to introduce its latest innovative in church chair accessories, the patent pending card pencil holder with\",\"breadcrumb\":{\"@id\":\"https:\/\/bertolinidirect.com\/it\/press\/card-pencil-holder#breadcrumb\"},\"inLanguage\":\"it-IT\",\"potentialAction\":[{\"@type\":\"ReadAction\",\"target\":[\"https:\/\/bertolinidirect.com\/it\/press\/card-pencil-holder\"]}]},{\"@type\":\"BreadcrumbList\",\"@id\":\"https:\/\/bertolinidirect.com\/it\/press\/card-pencil-holder#breadcrumb\",\"itemListElement\":[{\"@type\":\"ListItem\",\"position\":1,\"name\":\"Home\",\"item\":\"https:\/\/bertolinidirect.com\/\"},{\"@type\":\"ListItem\",\"position\":2,\"name\":\"Press &amp; News\",\"item\":\"https:\/\/bertolinidirect.com\/press\"},{\"@type\":\"ListItem\",\"position\":3,\"name\":\"Bertolini Releases a Patent Pending Card Pencil Holder\"}]},{\"@type\":\"WebSite\",\"@id\":\"https:\/\/bertolinidirect.com\/it\/#website\",\"url\":\"https:\/\/bertolinidirect.com\/it\/\",\"name\":\"Bertolini\",\"description\":\"\",\"potentialAction\":[{\"@type\":\"SearchAction\",\"target\":{\"@type\":\"EntryPoint\",\"urlTemplate\":\"https:\/\/bertolinidirect.com\/it\/?s={search_term_string}\"},\"query-input\":{\"@type\":\"PropertyValueSpecification\",\"valueRequired\":true,\"valueName\":\"search_term_string\"}}],\"inLanguage\":\"it-IT\"}]}<\/script>\n<!-- \/ Yoast SEO Premium plugin. -->","yoast_head_json":{"title":"Bertolini rilascia un portapenne per carte in attesa di brevetto","description":"Chino, CA\u201412 giugno 2014 Bertolini \u00e8 orgogliosa di presentare la sua ultima innovazione negli accessori per sedie da chiesa, il portapenne in attesa di brevetto con","robots":{"index":"index","follow":"follow","max-snippet":"max-snippet:-1","max-image-preview":"max-image-preview:large","max-video-preview":"max-video-preview:-1"},"canonical":"https:\/\/bertolinidirect.com\/it\/press\/card-pencil-holder\/","og_locale":"it_IT","og_type":"article","og_title":"Bertolini Releases a Patent Pending Card Pencil Holder","og_description":"Chino, CA\u2014June 12, 2014 Bertolini is proud to introduce its latest innovative in church chair accessories, the patent pending card pencil holder with","og_url":"https:\/\/bertolinidirect.com\/it\/press\/card-pencil-holder\/","og_site_name":"Bertolini Direct","article_modified_time":"2025-11-21T23:19:10+00:00","twitter_card":"summary_large_image","schema":{"@context":"https:\/\/schema.org","@graph":[{"@type":"WebPage","@id":"https:\/\/bertolinidirect.com\/it\/press\/card-pencil-holder","url":"https:\/\/bertolinidirect.com\/it\/press\/card-pencil-holder","name":"Bertolini rilascia un portapenne per carte in attesa di brevetto","isPartOf":{"@id":"https:\/\/bertolinidirect.com\/it\/#website"},"datePublished":"2014-06-12T21:19:00+00:00","dateModified":"2025-11-21T23:19:10+00:00","description":"Chino, CA\u201412 giugno 2014 Bertolini \u00e8 orgogliosa di presentare la sua ultima innovazione negli accessori per sedie da chiesa, il portapenne in attesa di brevetto con","breadcrumb":{"@id":"https:\/\/bertolinidirect.com\/it\/press\/card-pencil-holder#breadcrumb"},"inLanguage":"it-IT","potentialAction":[{"@type":"ReadAction","target":["https:\/\/bertolinidirect.com\/it\/press\/card-pencil-holder"]}]},{"@type":"BreadcrumbList","@id":"https:\/\/bertolinidirect.com\/it\/press\/card-pencil-holder#breadcrumb","itemListElement":[{"@type":"ListItem","position":1,"name":"Home","item":"https:\/\/bertolinidirect.com\/"},{"@type":"ListItem","position":2,"name":"Press &amp; News","item":"https:\/\/bertolinidirect.com\/press"},{"@type":"ListItem","position":3,"name":"Bertolini Releases a Patent Pending Card Pencil Holder"}]},{"@type":"WebSite","@id":"https:\/\/bertolinidirect.com\/it\/#website","url":"https:\/\/bertolinidirect.com\/it\/","name":"Bertolini","description":"","potentialAction":[{"@type":"SearchAction","target":{"@type":"EntryPoint","urlTemplate":"https:\/\/bertolinidirect.com\/it\/?s={search_term_string}"},"query-input":{"@type":"PropertyValueSpecification","valueRequired":true,"valueName":"search_term_string"}}],"inLanguage":"it-IT"}]}},"_links":{"self":[{"href":"https:\/\/bertolinidirect.com\/it\/wp-json\/wp\/v2\/pages\/867","targetHints":{"allow":["GET"]}}],"collection":[{"href":"https:\/\/bertolinidirect.com\/it\/wp-json\/wp\/v2\/pages"}],"about":[{"href":"https:\/\/bertolinidirect.com\/it\/wp-json\/wp\/v2\/types\/page"}],"author":[{"embeddable":true,"href":"https:\/\/bertolinidirect.com\/it\/wp-json\/wp\/v2\/users\/1"}],"replies":[{"embeddable":true,"href":"https:\/\/bertolinidirect.com\/it\/wp-json\/wp\/v2\/comments?post=867"}],"version-history":[{"count":1,"href":"https:\/\/bertolinidirect.com\/it\/wp-json\/wp\/v2\/pages\/867\/revisions"}],"predecessor-version":[{"id":868,"href":"https:\/\/bertolinidirect.com\/it\/wp-json\/wp\/v2\/pages\/867\/revisions\/868"}],"up":[{"embeddable":true,"href":"https:\/\/bertolinidirect.com\/it\/wp-json\/wp\/v2\/pages\/762"}],"wp:attachment":[{"href":"https:\/\/bertolinidirect.com\/it\/wp-json\/wp\/v2\/media?parent=867"}],"curies":[{"name":"parola chiave","href":"https:\/\/api.w.org\/{rel}","templated":true}]}}