{"id":863,"date":"2014-03-22T21:16:00","date_gmt":"2014-03-22T21:16:00","guid":{"rendered":"https:\/\/bertolinidirect.com\/?page_id=863"},"modified":"2026-01-29T15:39:40","modified_gmt":"2026-01-29T15:39:40","slug":"sustainability-training","status":"publish","type":"page","link":"https:\/\/bertolinidirect.com\/it\/press\/sustainability-training","title":{"rendered":"Bertolini lancia un programma di formazione sulla sostenibilit\u00e0 per i dipendenti"},"content":{"rendered":"<p><strong>Chino, California, 22 marzo 2014<\/strong><\/p>\n\n\n\n<p>Bertolini Inc. ha fatto un grande passo avanti con il lancio del programma di formazione sulla sostenibilit\u00e0 per i dipendenti. La loro prima sessione di formazione si \u00e8 tenuta presso la sede aziendale a Chino, in California. Questa \u00e8 stata una prova per lanciare il programma a livello aziendale. La prima sessione di formazione \u00e8 stata una panoramica di successo sulla Sostenibilit\u00e0 di ogni sedia Bertolini su misura.<\/p>\n\n\n\n<p>Ogni sedia Bertolini, realizzata su misura, \u00e8 realizzata con materiali di provenienza locale. Dal telaio in acciaio laminato a freddo calibro 16, prodotto in acciaio riciclabile 100% di fabbricazione americana, al sedile FLEX-FIT\u2122 stampato a soffiaggio in attesa di brevetto, prodotto con materiali riciclati post-industriali da 30 a 50%, fino all&#039;originale base dello schienale Ergo-V realizzata con polimeri ABS riciclati pre-consumo\/post-industriali. Bertolini Inc. collabora inoltre con uno dei principali produttori americani di imbottiture in schiuma, utilizzando i suoi prodotti in schiuma a base biologica. Questi prodotti in schiuma hanno un impatto ambientale inferiore rispetto alle schiume tradizionali realizzate con derivati del petrolio, sono completamente riciclabili, privi del controverso PBDE (eteri di difenile polibromurato) e sono prodotti senza l&#039;uso di fluorocarburi clorurati.<\/p>\n\n\n\n<p>Il programma di formazione prevede risorse interne approfondite e si svolger\u00e0 su base trimestrale. I dipendenti verranno formati su:<\/p>\n\n\n\n<ul class=\"wp-block-list\">\n<li>Iniziative per diventare verdi<\/li>\n\n\n\n<li>Politica ambientale<\/li>\n\n\n\n<li>Programma di riciclo<\/li>\n\n\n\n<li>Programma di fine vita del prodotto<\/li>\n\n\n\n<li>Politica di responsabilit\u00e0 sociale e<\/li>\n\n\n\n<li>Dai un suggerimento sostenibile<\/li>\n<\/ul>\n\n\n\n<p>Bertolini Inc. incoraggia i propri dipendenti a essere creativi e a presentare le loro idee migliori. In tal modo, come azienda, creeranno un domani pi\u00f9 sostenibile.<\/p>\n\n\n\n<p>&quot;L&#039;obiettivo della nostra azienda \u00e8 aumentare la consapevolezza e ridurre le nostre emissioni di carbonio impegnandoci a utilizzare le risorse per creare una forza lavoro sana e istruita, prendersi cura dell&#039;ambiente per il futuro e sostenere missioni in tutto il mondo&quot;, afferma Jeff Sladick, Direttore di Vendite per la Divisione Hospitality di Bertolini Inc.<\/p>","protected":false},"excerpt":{"rendered":"<p>Chino, CA\u2014March 22, 2014 Bertolini Inc. has made a big leap forward with the launch of their Sustainability Training Program for Employees. Their first training session was held at their corporate headquarters in Chino, CA. This was a trial for launching the program company wide. The first training session was a successful overview of the [&hellip;]<\/p>\n","protected":false},"author":1,"featured_media":0,"parent":762,"menu_order":0,"comment_status":"closed","ping_status":"closed","template":"content-page.php","meta":{"_acf_changed":false,"footnotes":""},"class_list":["post-863","page","type-page","status-publish","hentry"],"acf":[],"yoast_head":"<!-- This site is optimized with the Yoast SEO Premium plugin v24.2 (Yoast SEO v27.4) - https:\/\/yoast.com\/product\/yoast-seo-premium-wordpress\/ -->\n<title>Bertolini Launches Sustainability Training Program for Employees<\/title>\n<meta name=\"description\" content=\"Chino, CA\u2014March 22, 2014 Bertolini Inc. has made a big leap forward with the launch of their Sustainability Training Program for Employees. Their first\" \/>\n<meta name=\"robots\" content=\"index, follow, max-snippet:-1, max-image-preview:large, max-video-preview:-1\" \/>\n<link rel=\"canonical\" href=\"https:\/\/bertolinidirect.com\/it\/press\/sustainability-training\/\" \/>\n<meta property=\"og:locale\" content=\"it_IT\" \/>\n<meta property=\"og:type\" content=\"article\" \/>\n<meta property=\"og:title\" content=\"Bertolini Launches Sustainability Training Program for Employees\" \/>\n<meta property=\"og:description\" content=\"Chino, CA\u2014March 22, 2014 Bertolini Inc. has made a big leap forward with the launch of their Sustainability Training Program for Employees. Their first\" \/>\n<meta property=\"og:url\" content=\"https:\/\/bertolinidirect.com\/it\/press\/sustainability-training\/\" \/>\n<meta property=\"og:site_name\" content=\"Bertolini Direct\" \/>\n<meta property=\"article:modified_time\" content=\"2026-01-29T15:39:40+00:00\" \/>\n<meta name=\"twitter:card\" content=\"summary_large_image\" \/>\n<script type=\"application\/ld+json\" class=\"yoast-schema-graph\">{\"@context\":\"https:\\\/\\\/schema.org\",\"@graph\":[{\"@type\":\"WebPage\",\"@id\":\"https:\\\/\\\/bertolinidirect.com\\\/it\\\/press\\\/sustainability-training\",\"url\":\"https:\\\/\\\/bertolinidirect.com\\\/it\\\/press\\\/sustainability-training\",\"name\":\"Bertolini Launches Sustainability Training Program for Employees\",\"isPartOf\":{\"@id\":\"https:\\\/\\\/bertolinidirect.com\\\/it\\\/#website\"},\"datePublished\":\"2014-03-22T21:16:00+00:00\",\"dateModified\":\"2026-01-29T15:39:40+00:00\",\"description\":\"Chino, CA\u2014March 22, 2014 Bertolini Inc. has made a big leap forward with the launch of their Sustainability Training Program for Employees. Their first\",\"breadcrumb\":{\"@id\":\"https:\\\/\\\/bertolinidirect.com\\\/it\\\/press\\\/sustainability-training#breadcrumb\"},\"inLanguage\":\"it-IT\",\"potentialAction\":[{\"@type\":\"ReadAction\",\"target\":[\"https:\\\/\\\/bertolinidirect.com\\\/it\\\/press\\\/sustainability-training\"]}]},{\"@type\":\"BreadcrumbList\",\"@id\":\"https:\\\/\\\/bertolinidirect.com\\\/it\\\/press\\\/sustainability-training#breadcrumb\",\"itemListElement\":[{\"@type\":\"ListItem\",\"position\":1,\"name\":\"Home\",\"item\":\"https:\\\/\\\/bertolinidirect.com\\\/\"},{\"@type\":\"ListItem\",\"position\":2,\"name\":\"Press &amp; News\",\"item\":\"https:\\\/\\\/bertolinidirect.com\\\/press\"},{\"@type\":\"ListItem\",\"position\":3,\"name\":\"Bertolini Launches Sustainability Training Program for Employees\"}]},{\"@type\":\"WebSite\",\"@id\":\"https:\\\/\\\/bertolinidirect.com\\\/it\\\/#website\",\"url\":\"https:\\\/\\\/bertolinidirect.com\\\/it\\\/\",\"name\":\"Bertolini\",\"description\":\"\",\"potentialAction\":[{\"@type\":\"SearchAction\",\"target\":{\"@type\":\"EntryPoint\",\"urlTemplate\":\"https:\\\/\\\/bertolinidirect.com\\\/it\\\/?s={search_term_string}\"},\"query-input\":{\"@type\":\"PropertyValueSpecification\",\"valueRequired\":true,\"valueName\":\"search_term_string\"}}],\"inLanguage\":\"it-IT\"}]}<\/script>\n<!-- \/ Yoast SEO Premium plugin. -->","yoast_head_json":{"title":"Bertolini lancia un programma di formazione sulla sostenibilit\u00e0 per i dipendenti","description":"Chino, CA\u201422 marzo 2014 Bertolini Inc. ha fatto un grande passo avanti con il lancio del programma di formazione sulla sostenibilit\u00e0 per i dipendenti. Il loro primo","robots":{"index":"index","follow":"follow","max-snippet":"max-snippet:-1","max-image-preview":"max-image-preview:large","max-video-preview":"max-video-preview:-1"},"canonical":"https:\/\/bertolinidirect.com\/it\/press\/sustainability-training\/","og_locale":"it_IT","og_type":"article","og_title":"Bertolini Launches Sustainability Training Program for Employees","og_description":"Chino, CA\u2014March 22, 2014 Bertolini Inc. has made a big leap forward with the launch of their Sustainability Training Program for Employees. Their first","og_url":"https:\/\/bertolinidirect.com\/it\/press\/sustainability-training\/","og_site_name":"Bertolini Direct","article_modified_time":"2026-01-29T15:39:40+00:00","twitter_card":"summary_large_image","schema":{"@context":"https:\/\/schema.org","@graph":[{"@type":"WebPage","@id":"https:\/\/bertolinidirect.com\/it\/press\/sustainability-training","url":"https:\/\/bertolinidirect.com\/it\/press\/sustainability-training","name":"Bertolini lancia un programma di formazione sulla sostenibilit\u00e0 per i dipendenti","isPartOf":{"@id":"https:\/\/bertolinidirect.com\/it\/#website"},"datePublished":"2014-03-22T21:16:00+00:00","dateModified":"2026-01-29T15:39:40+00:00","description":"Chino, CA\u201422 marzo 2014 Bertolini Inc. ha fatto un grande passo avanti con il lancio del programma di formazione sulla sostenibilit\u00e0 per i dipendenti. Il loro primo","breadcrumb":{"@id":"https:\/\/bertolinidirect.com\/it\/press\/sustainability-training#breadcrumb"},"inLanguage":"it-IT","potentialAction":[{"@type":"ReadAction","target":["https:\/\/bertolinidirect.com\/it\/press\/sustainability-training"]}]},{"@type":"BreadcrumbList","@id":"https:\/\/bertolinidirect.com\/it\/press\/sustainability-training#breadcrumb","itemListElement":[{"@type":"ListItem","position":1,"name":"Home","item":"https:\/\/bertolinidirect.com\/"},{"@type":"ListItem","position":2,"name":"Press &amp; News","item":"https:\/\/bertolinidirect.com\/press"},{"@type":"ListItem","position":3,"name":"Bertolini Launches Sustainability Training Program for Employees"}]},{"@type":"WebSite","@id":"https:\/\/bertolinidirect.com\/it\/#website","url":"https:\/\/bertolinidirect.com\/it\/","name":"Bertolini","description":"","potentialAction":[{"@type":"SearchAction","target":{"@type":"EntryPoint","urlTemplate":"https:\/\/bertolinidirect.com\/it\/?s={search_term_string}"},"query-input":{"@type":"PropertyValueSpecification","valueRequired":true,"valueName":"search_term_string"}}],"inLanguage":"it-IT"}]}},"_links":{"self":[{"href":"https:\/\/bertolinidirect.com\/it\/wp-json\/wp\/v2\/pages\/863","targetHints":{"allow":["GET"]}}],"collection":[{"href":"https:\/\/bertolinidirect.com\/it\/wp-json\/wp\/v2\/pages"}],"about":[{"href":"https:\/\/bertolinidirect.com\/it\/wp-json\/wp\/v2\/types\/page"}],"author":[{"embeddable":true,"href":"https:\/\/bertolinidirect.com\/it\/wp-json\/wp\/v2\/users\/1"}],"replies":[{"embeddable":true,"href":"https:\/\/bertolinidirect.com\/it\/wp-json\/wp\/v2\/comments?post=863"}],"version-history":[{"count":3,"href":"https:\/\/bertolinidirect.com\/it\/wp-json\/wp\/v2\/pages\/863\/revisions"}],"predecessor-version":[{"id":24706,"href":"https:\/\/bertolinidirect.com\/it\/wp-json\/wp\/v2\/pages\/863\/revisions\/24706"}],"up":[{"embeddable":true,"href":"https:\/\/bertolinidirect.com\/it\/wp-json\/wp\/v2\/pages\/762"}],"wp:attachment":[{"href":"https:\/\/bertolinidirect.com\/it\/wp-json\/wp\/v2\/media?parent=863"}],"curies":[{"name":"parola chiave","href":"https:\/\/api.w.org\/{rel}","templated":true}]}}