{"id":856,"date":"2013-09-10T21:13:00","date_gmt":"2013-09-10T21:13:00","guid":{"rendered":"https:\/\/bertolinidirect.com\/?page_id=856"},"modified":"2024-05-16T20:36:14","modified_gmt":"2024-05-16T20:36:14","slug":"new-consumer-alert","status":"publish","type":"page","link":"https:\/\/bertolinidirect.com\/it\/press\/new-consumer-alert","title":{"rendered":"Bertolini ha annunciato un nuovo avviso ai consumatori su cosa sapere prima di acquistare una sedia da chiesa importata"},"content":{"rendered":"<p><strong>Chino, California, 10 settembre 2013<\/strong><\/p>\n\n\n\n<p>Il mercato delle sedie da chiesa oggi \u00e8 invaso da sedie di importazione di bassa qualit\u00e0 vendute via Internet da fabbriche asiatiche scarsamente regolamentate. Le pi\u00f9 apprezzate tra le sedie low cost arrivano smontate. Il consumatore deve installare i dorsi prima dell&#039;uso.<\/p>\n\n\n\n<p>La maggior parte delle sedie da chiesa vendute oggi che sono inferiori a $40 e anche alcune di quelle con un prezzo pi\u00f9 alto vengono importate dalle regioni dell&#039;Asia. La qualit\u00e0 di queste sedie varia a seconda del produttore e dei controlli messi in atto dal broker o dall&#039;importatore. Mentre una piccola minoranza \u00e8 di qualit\u00e0 accettabile, la maggior parte \u00e8 progettata per superare il processo di vendita e il primo anno di utilizzo prima di crollare. Usano materiali di bassa qualit\u00e0 come schiume con riempitivi, tessuti leggeri, vernici di qualit\u00e0 inferiore e componenti fabbricati a buon mercato per garantire che il prezzo pagato dall&#039;intermediario rimanga estremamente basso e il loro margine molto alto. Le chiese che acquistano tali sedie scoprono presto di aver ricevuto una sedia molto meno di quanto avevano pagato. Un consumer alert realizzato per le chiese da Bertolini discute i fatti su cosa sapere prima di acquistare sedie da chiesa importate e le aziende che le vendono.<\/p>\n\n\n\n<p>Ecco i rischi tipici associati all&#039;acquisto di una sedia da chiesa importata da un rivenditore online:<\/p>\n\n\n\n<ul class=\"wp-block-list\">\n<li>Possono avere finiture che contengono piombo<\/li>\n\n\n\n<li>Spesso sono realizzati con materiali discutibili<\/li>\n\n\n\n<li>Mancano di attenzione ai dettagli che creano qualit\u00e0 estetica<\/li>\n\n\n\n<li>Potrebbero contenere schiuma non conforme alle norme antincendio locali<\/li>\n\n\n\n<li>Non sono regolamentati per la salute e la sicurezza<\/li>\n\n\n\n<li>Possono contenere formaldeide e creare emissioni di gas dannose<\/li>\n\n\n\n<li>Potrebbe essere difficile abbinarli, sostituirli o ottenerne l&#039;assistenza<\/li>\n<\/ul>\n\n\n\n<p>L\u2019impatto ambientale negativo delle sedie importate \u00e8 spaventoso. La Cina rimane il pi\u00f9 grande emettitore di gas serra nel mondo. Le fabbriche cinesi hanno pessimi risultati in termini di sicurezza dei dipendenti, e non \u00e8 tutto. Il rischio che un consumatore corre con i prodotti fabbricati in Cina \u00e8 la mancanza di regolamentazione (formaldeide, piombo, ecc.) e la mancanza di qualit\u00e0 costante. Se questi rischi costituiscano un problema dipende davvero dall\u2019azienda che importa il prodotto. Hanno l&#039;integrit\u00e0 necessaria per prendersi cura del benessere dei propri clienti o si tratta solo di massimizzare i profitti minimizzando i costi a spese del cliente? Esiste una reale differenza tra le sedie prodotte negli USA e quelle importate da altri luoghi? S\u00ec, c&#039;\u00e8 rischio per la salute, qualit\u00e0, orgoglio della lavorazione e garanzia del prodotto.<\/p>\n\n\n\n<p>&quot;Noi di Bertolini Inc. consigliamo vivamente al consumatore di effettuare ricerche approfondite e porre domande prima di acquistare sedie per la propria struttura&quot;, afferma Chuck Horn, Presidente di Bertolini Inc.<\/p>","protected":false},"excerpt":{"rendered":"<p>Chino, CA\u2014September 10, 2013 The church chair market today is flooded with low-quality import chairs sold via the internet from poorly regulated factories in Asia. The most popular of the low-cost chairs arrive unassembled. A consumer has to install the backs prior to use. Most church chairs sold today that are less than $40 and [&hellip;]<\/p>\n","protected":false},"author":1,"featured_media":0,"parent":762,"menu_order":0,"comment_status":"closed","ping_status":"closed","template":"content-page.php","meta":{"_acf_changed":false,"footnotes":""},"class_list":["post-856","page","type-page","status-publish","hentry"],"acf":[],"yoast_head":"<!-- This site is optimized with the Yoast SEO Premium plugin v24.2 (Yoast SEO v27.4) - https:\/\/yoast.com\/product\/yoast-seo-premium-wordpress\/ -->\n<title>What to Know Before Purchasing Imported Church Chair<\/title>\n<meta name=\"description\" content=\"Chino, CA\u2014September 10, 2013 The church chair market today is flooded with low-quality import chairs sold via the internet from poorly regulated factories\" \/>\n<meta name=\"robots\" content=\"index, follow, max-snippet:-1, max-image-preview:large, max-video-preview:-1\" \/>\n<link rel=\"canonical\" href=\"https:\/\/bertolinidirect.com\/it\/press\/new-consumer-alert\/\" \/>\n<meta property=\"og:locale\" content=\"it_IT\" \/>\n<meta property=\"og:type\" content=\"article\" \/>\n<meta property=\"og:title\" content=\"Bertolini Announced a New Consumer Alert on What to Know Before Purchasing Imported Church Chair\" \/>\n<meta property=\"og:description\" content=\"Chino, CA\u2014September 10, 2013 The church chair market today is flooded with low-quality import chairs sold via the internet from poorly regulated factories\" \/>\n<meta property=\"og:url\" content=\"https:\/\/bertolinidirect.com\/it\/press\/new-consumer-alert\/\" \/>\n<meta property=\"og:site_name\" content=\"Bertolini Direct\" \/>\n<meta property=\"article:modified_time\" content=\"2024-05-16T20:36:14+00:00\" \/>\n<meta name=\"twitter:card\" content=\"summary_large_image\" \/>\n<script type=\"application\/ld+json\" class=\"yoast-schema-graph\">{\"@context\":\"https:\\\/\\\/schema.org\",\"@graph\":[{\"@type\":\"WebPage\",\"@id\":\"https:\\\/\\\/bertolinidirect.com\\\/it\\\/press\\\/new-consumer-alert\",\"url\":\"https:\\\/\\\/bertolinidirect.com\\\/it\\\/press\\\/new-consumer-alert\",\"name\":\"What to Know Before Purchasing Imported Church Chair\",\"isPartOf\":{\"@id\":\"https:\\\/\\\/bertolinidirect.com\\\/it\\\/#website\"},\"datePublished\":\"2013-09-10T21:13:00+00:00\",\"dateModified\":\"2024-05-16T20:36:14+00:00\",\"description\":\"Chino, CA\u2014September 10, 2013 The church chair market today is flooded with low-quality import chairs sold via the internet from poorly regulated factories\",\"breadcrumb\":{\"@id\":\"https:\\\/\\\/bertolinidirect.com\\\/it\\\/press\\\/new-consumer-alert#breadcrumb\"},\"inLanguage\":\"it-IT\",\"potentialAction\":[{\"@type\":\"ReadAction\",\"target\":[\"https:\\\/\\\/bertolinidirect.com\\\/it\\\/press\\\/new-consumer-alert\"]}]},{\"@type\":\"BreadcrumbList\",\"@id\":\"https:\\\/\\\/bertolinidirect.com\\\/it\\\/press\\\/new-consumer-alert#breadcrumb\",\"itemListElement\":[{\"@type\":\"ListItem\",\"position\":1,\"name\":\"Home\",\"item\":\"https:\\\/\\\/bertolinidirect.com\\\/\"},{\"@type\":\"ListItem\",\"position\":2,\"name\":\"Press &amp; News\",\"item\":\"https:\\\/\\\/bertolinidirect.com\\\/press\"},{\"@type\":\"ListItem\",\"position\":3,\"name\":\"Bertolini Announced a New Consumer Alert on What to Know Before Purchasing Imported Church Chair\"}]},{\"@type\":\"WebSite\",\"@id\":\"https:\\\/\\\/bertolinidirect.com\\\/it\\\/#website\",\"url\":\"https:\\\/\\\/bertolinidirect.com\\\/it\\\/\",\"name\":\"Bertolini\",\"description\":\"\",\"potentialAction\":[{\"@type\":\"SearchAction\",\"target\":{\"@type\":\"EntryPoint\",\"urlTemplate\":\"https:\\\/\\\/bertolinidirect.com\\\/it\\\/?s={search_term_string}\"},\"query-input\":{\"@type\":\"PropertyValueSpecification\",\"valueRequired\":true,\"valueName\":\"search_term_string\"}}],\"inLanguage\":\"it-IT\"}]}<\/script>\n<!-- \/ Yoast SEO Premium plugin. -->","yoast_head_json":{"title":"Cosa sapere prima di acquistare una sedia da chiesa importata","description":"Chino, California, 10 settembre 2013 Oggi il mercato delle sedie da chiesa \u00e8 invaso da sedie importate di bassa qualit\u00e0 vendute via Internet da fabbriche scarsamente regolamentate","robots":{"index":"index","follow":"follow","max-snippet":"max-snippet:-1","max-image-preview":"max-image-preview:large","max-video-preview":"max-video-preview:-1"},"canonical":"https:\/\/bertolinidirect.com\/it\/press\/new-consumer-alert\/","og_locale":"it_IT","og_type":"article","og_title":"Bertolini Announced a New Consumer Alert on What to Know Before Purchasing Imported Church Chair","og_description":"Chino, CA\u2014September 10, 2013 The church chair market today is flooded with low-quality import chairs sold via the internet from poorly regulated factories","og_url":"https:\/\/bertolinidirect.com\/it\/press\/new-consumer-alert\/","og_site_name":"Bertolini Direct","article_modified_time":"2024-05-16T20:36:14+00:00","twitter_card":"summary_large_image","schema":{"@context":"https:\/\/schema.org","@graph":[{"@type":"WebPage","@id":"https:\/\/bertolinidirect.com\/it\/press\/new-consumer-alert","url":"https:\/\/bertolinidirect.com\/it\/press\/new-consumer-alert","name":"Cosa sapere prima di acquistare una sedia da chiesa importata","isPartOf":{"@id":"https:\/\/bertolinidirect.com\/it\/#website"},"datePublished":"2013-09-10T21:13:00+00:00","dateModified":"2024-05-16T20:36:14+00:00","description":"Chino, California, 10 settembre 2013 Oggi il mercato delle sedie da chiesa \u00e8 invaso da sedie importate di bassa qualit\u00e0 vendute via Internet da fabbriche scarsamente regolamentate","breadcrumb":{"@id":"https:\/\/bertolinidirect.com\/it\/press\/new-consumer-alert#breadcrumb"},"inLanguage":"it-IT","potentialAction":[{"@type":"ReadAction","target":["https:\/\/bertolinidirect.com\/it\/press\/new-consumer-alert"]}]},{"@type":"BreadcrumbList","@id":"https:\/\/bertolinidirect.com\/it\/press\/new-consumer-alert#breadcrumb","itemListElement":[{"@type":"ListItem","position":1,"name":"Home","item":"https:\/\/bertolinidirect.com\/"},{"@type":"ListItem","position":2,"name":"Press &amp; News","item":"https:\/\/bertolinidirect.com\/press"},{"@type":"ListItem","position":3,"name":"Bertolini Announced a New Consumer Alert on What to Know Before Purchasing Imported Church Chair"}]},{"@type":"WebSite","@id":"https:\/\/bertolinidirect.com\/it\/#website","url":"https:\/\/bertolinidirect.com\/it\/","name":"Bertolini","description":"","potentialAction":[{"@type":"SearchAction","target":{"@type":"EntryPoint","urlTemplate":"https:\/\/bertolinidirect.com\/it\/?s={search_term_string}"},"query-input":{"@type":"PropertyValueSpecification","valueRequired":true,"valueName":"search_term_string"}}],"inLanguage":"it-IT"}]}},"_links":{"self":[{"href":"https:\/\/bertolinidirect.com\/it\/wp-json\/wp\/v2\/pages\/856","targetHints":{"allow":["GET"]}}],"collection":[{"href":"https:\/\/bertolinidirect.com\/it\/wp-json\/wp\/v2\/pages"}],"about":[{"href":"https:\/\/bertolinidirect.com\/it\/wp-json\/wp\/v2\/types\/page"}],"author":[{"embeddable":true,"href":"https:\/\/bertolinidirect.com\/it\/wp-json\/wp\/v2\/users\/1"}],"replies":[{"embeddable":true,"href":"https:\/\/bertolinidirect.com\/it\/wp-json\/wp\/v2\/comments?post=856"}],"version-history":[{"count":1,"href":"https:\/\/bertolinidirect.com\/it\/wp-json\/wp\/v2\/pages\/856\/revisions"}],"predecessor-version":[{"id":857,"href":"https:\/\/bertolinidirect.com\/it\/wp-json\/wp\/v2\/pages\/856\/revisions\/857"}],"up":[{"embeddable":true,"href":"https:\/\/bertolinidirect.com\/it\/wp-json\/wp\/v2\/pages\/762"}],"wp:attachment":[{"href":"https:\/\/bertolinidirect.com\/it\/wp-json\/wp\/v2\/media?parent=856"}],"curies":[{"name":"parola chiave","href":"https:\/\/api.w.org\/{rel}","templated":true}]}}